{"id":182,"date":"2023-04-07T08:37:43","date_gmt":"2023-04-07T08:37:43","guid":{"rendered":"https:\/\/flor-dessins.fr\/?page_id=182"},"modified":"2023-09-16T11:15:19","modified_gmt":"2023-09-16T11:15:19","slug":"nos-entreprises-partenaires","status":"publish","type":"page","link":"https:\/\/flor-dessins.fr\/?page_id=182","title":{"rendered":"Nos entreprises partenaires"},"content":{"rendered":"<h2>Nos entreprises partenaires<\/h2>\n<h2><a href=\"https:\/\/kimopet.fr\/\">KIMO PET WORLD<\/a><\/h2>\n<p>\t\t\t\t\t\t\t\t\t\t\t\t\t\t\t<img decoding=\"async\" width=\"501\" height=\"501\" src=\"https:\/\/flor-dessins.fr\/wp-content\/uploads\/2023\/09\/F360B734-0460-48E7-B66D-EFD34BFE728F.png\" alt=\"\" loading=\"lazy\" srcset=\"https:\/\/flor-dessins.fr\/wp-content\/uploads\/2023\/09\/F360B734-0460-48E7-B66D-EFD34BFE728F.png 501w, https:\/\/flor-dessins.fr\/wp-content\/uploads\/2023\/09\/F360B734-0460-48E7-B66D-EFD34BFE728F-300x300.png 300w, https:\/\/flor-dessins.fr\/wp-content\/uploads\/2023\/09\/F360B734-0460-48E7-B66D-EFD34BFE728F-150x150.png 150w, https:\/\/flor-dessins.fr\/wp-content\/uploads\/2023\/09\/F360B734-0460-48E7-B66D-EFD34BFE728F-80x80.png 80w, https:\/\/flor-dessins.fr\/wp-content\/uploads\/2023\/09\/F360B734-0460-48E7-B66D-EFD34BFE728F-100x100.png 100w\" sizes=\"auto, (max-width: 501px) 100vw, 501px\" \/>\t\t\t\t\t\t\t\t\t\t\t\t\t\t\t<\/p>\n<p>Dans toutes vos commandes de produits personnalis\u00e9s mettant en avant votre animal de compagnie, KIMO vous offre une d\u00e9licieuse friandise pour votre fid\u00e8le ami. Kimopet est une entreprise sp\u00e9cialis\u00e9e dans le bien-\u00eatre et l&rsquo;occupation de vos animaux de compagnie, qu&rsquo;il s&rsquo;agisse de chiens ou de chats. Toute leur gamme de friandises est enti\u00e8rement naturelle, exempte d&rsquo;additifs et de conservateurs, et provient de sources non li\u00e9es \u00e0 l&rsquo;\u00e9levage intensif. En plus des friandises, vous trouverez \u00e9galement des jeux d&rsquo;intelligence et d&rsquo;occupation, ainsi que des gamelles d&rsquo;enrichissement pour divertir et stimuler vos compagnons \u00e0 quatre pattes.<\/p>\n<p>Fiona, la g\u00e9rante de l&rsquo;entreprise, est profond\u00e9ment soucieuse de pr\u00e9server l&rsquo;environnement \u00e0 son \u00e9chelle. Elle a mis en place un service de seconde main pour encourager la r\u00e9utilisation de produits. Actuellement, vous pouvez collectionner les magnets de la team KIMO avec chaque commande pass\u00e9e sur kimopet.fr. ( illustrations que j&rsquo;ai moi-m\u00eame r\u00e9alis\u00e9es.)<\/p>\n<p>Ayant personnellement test\u00e9 cette boutique depuis ses d\u00e9buts, je ne peux que vous la recommander chaudement.<\/p>\n<p>Flor a \u00e9galement r\u00e9alis\u00e9 les \u00e9tiquettes NOUKI :<\/p>\n<p>\t\t\t\t\t\t\t\t\t\t\t\t\t\t\t<img decoding=\"async\" width=\"768\" height=\"768\" src=\"https:\/\/flor-dessins.fr\/wp-content\/uploads\/2023\/09\/52140A0D-96A5-4E4B-A271-B9B95981E8F2.webp\" alt=\"\" loading=\"lazy\" srcset=\"https:\/\/flor-dessins.fr\/wp-content\/uploads\/2023\/09\/52140A0D-96A5-4E4B-A271-B9B95981E8F2.webp 768w, https:\/\/flor-dessins.fr\/wp-content\/uploads\/2023\/09\/52140A0D-96A5-4E4B-A271-B9B95981E8F2-300x300.webp 300w, https:\/\/flor-dessins.fr\/wp-content\/uploads\/2023\/09\/52140A0D-96A5-4E4B-A271-B9B95981E8F2-150x150.webp 150w, https:\/\/flor-dessins.fr\/wp-content\/uploads\/2023\/09\/52140A0D-96A5-4E4B-A271-B9B95981E8F2-80x80.webp 80w, https:\/\/flor-dessins.fr\/wp-content\/uploads\/2023\/09\/52140A0D-96A5-4E4B-A271-B9B95981E8F2-500x500.webp 500w, https:\/\/flor-dessins.fr\/wp-content\/uploads\/2023\/09\/52140A0D-96A5-4E4B-A271-B9B95981E8F2-100x100.webp 100w\" sizes=\"auto, (max-width: 768px) 100vw, 768px\" \/>\t\t\t\t\t\t\t\t\t\t\t\t\t\t\t<\/p>\n<h2><a href=\"https:\/\/lekdigital.fr\/\">LE K DIGITAL<\/a><\/h2>\n<p>\t\t\t\t\t\t\t\t\t\t\t\t\t\t\t<img decoding=\"async\" width=\"1024\" height=\"1024\" src=\"https:\/\/flor-dessins.fr\/wp-content\/uploads\/2023\/09\/image_6483441-12-1024x1024.jpg\" alt=\"\" loading=\"lazy\" srcset=\"https:\/\/flor-dessins.fr\/wp-content\/uploads\/2023\/09\/image_6483441-12-1024x1024.jpg 1024w, https:\/\/flor-dessins.fr\/wp-content\/uploads\/2023\/09\/image_6483441-12-300x300.jpg 300w, https:\/\/flor-dessins.fr\/wp-content\/uploads\/2023\/09\/image_6483441-12-150x150.jpg 150w, https:\/\/flor-dessins.fr\/wp-content\/uploads\/2023\/09\/image_6483441-12-768x768.jpg 768w, https:\/\/flor-dessins.fr\/wp-content\/uploads\/2023\/09\/image_6483441-12-80x80.jpg 80w, https:\/\/flor-dessins.fr\/wp-content\/uploads\/2023\/09\/image_6483441-12-500x500.jpg 500w, https:\/\/flor-dessins.fr\/wp-content\/uploads\/2023\/09\/image_6483441-12-100x100.jpg 100w, https:\/\/flor-dessins.fr\/wp-content\/uploads\/2023\/09\/image_6483441-12.jpg 1080w\" sizes=\"auto, (max-width: 1024px) 100vw, 1024px\" \/>\t\t\t\t\t\t\t\t\t\t\t\t\t\t\t<\/p>\n<p>Le K digital est une entreprise sp\u00e9cialis\u00e9e dans la communication digitale, mettant l&rsquo;accent sur la cr\u00e9ation de contenu, la conception d&rsquo;identit\u00e9s visuelles, et le marketing digital au service de toutes les entreprises.<\/p>\n<p>En ce qui concerne FLOR, Le K digital a collabor\u00e9 avec moi-m\u00eame pour concevoir l&rsquo;identit\u00e9 visuelle de la marque. Dans chacune de vos commandes, vous trouverez un flyer de remerciement enti\u00e8rement imagin\u00e9 par l&rsquo;\u00e9quipe du K digital.<\/p>\n<p>De plus, nos cartes de visite, notre feed Instagram, notre palette de couleurs, ainsi que nos typographies ont \u00e9t\u00e9 con\u00e7us avec soin par l&rsquo;\u00e9quipe du K digital.<\/p>\n","protected":false},"excerpt":{"rendered":"<p>Nos entreprises partenaires KIMO PET WORLD Dans toutes vos commandes de produits personnalis\u00e9s mettant en avant votre animal de compagnie, KIMO vous offre une d\u00e9licieuse friandise pour votre fid\u00e8le ami. Kimopet est une entreprise sp\u00e9cialis\u00e9e dans le bien-\u00eatre et l&rsquo;occupation de vos animaux de compagnie, qu&rsquo;il s&rsquo;agisse de chiens ou de chats. Toute leur gamme [&hellip;]<\/p>\n","protected":false},"author":1,"featured_media":0,"parent":0,"menu_order":0,"comment_status":"closed","ping_status":"closed","template":"","meta":{"_monsterinsights_skip_tracking":false,"_monsterinsights_sitenote_active":false,"_monsterinsights_sitenote_note":"","_monsterinsights_sitenote_category":0,"site-sidebar-layout":"no-sidebar","site-content-layout":"page-builder","ast-site-content-layout":"default","site-content-style":"default","site-sidebar-style":"default","ast-global-header-display":"","ast-banner-title-visibility":"","ast-main-header-display":"","ast-hfb-above-header-display":"","ast-hfb-below-header-display":"","ast-hfb-mobile-header-display":"","site-post-title":"disabled","ast-breadcrumbs-content":"","ast-featured-img":"disabled","footer-sml-layout":"","ast-disable-related-posts":"","theme-transparent-header-meta":"","adv-header-id-meta":"","stick-header-meta":"","header-above-stick-meta":"","header-main-stick-meta":"","header-below-stick-meta":"","astra-migrate-meta-layouts":"default","ast-page-background-enabled":"default","ast-page-background-meta":{"desktop":{"background-color":"var(--ast-global-color-4)","background-image":"","background-repeat":"repeat","background-position":"center center","background-size":"auto","background-attachment":"scroll","background-type":"","background-media":"","overlay-type":"","overlay-color":"","overlay-opacity":"","overlay-gradient":""},"tablet":{"background-color":"","background-image":"","background-repeat":"repeat","background-position":"center center","background-size":"auto","background-attachment":"scroll","background-type":"","background-media":"","overlay-type":"","overlay-color":"","overlay-opacity":"","overlay-gradient":""},"mobile":{"background-color":"","background-image":"","background-repeat":"repeat","background-position":"center center","background-size":"auto","background-attachment":"scroll","background-type":"","background-media":"","overlay-type":"","overlay-color":"","overlay-opacity":"","overlay-gradient":""}},"ast-content-background-meta":{"desktop":{"background-color":"var(--ast-global-color-5)","background-image":"","background-repeat":"repeat","background-position":"center center","background-size":"auto","background-attachment":"scroll","background-type":"","background-media":"","overlay-type":"","overlay-color":"","overlay-opacity":"","overlay-gradient":""},"tablet":{"background-color":"var(--ast-global-color-5)","background-image":"","background-repeat":"repeat","background-position":"center center","background-size":"auto","background-attachment":"scroll","background-type":"","background-media":"","overlay-type":"","overlay-color":"","overlay-opacity":"","overlay-gradient":""},"mobile":{"background-color":"var(--ast-global-color-5)","background-image":"","background-repeat":"repeat","background-position":"center center","background-size":"auto","background-attachment":"scroll","background-type":"","background-media":"","overlay-type":"","overlay-color":"","overlay-opacity":"","overlay-gradient":""}},"_glsr_average":0,"_glsr_ranking":0,"_glsr_reviews":0,"footnotes":""},"class_list":["post-182","page","type-page","status-publish","hentry","fpd-variation-needed"],"yoast_head":"<!-- This site is optimized with the Yoast SEO plugin v27.3 - https:\/\/yoast.com\/product\/yoast-seo-wordpress\/ -->\n<title>Nos entreprises partenaires -<\/title>\n<meta name=\"robots\" content=\"index, follow, max-snippet:-1, max-image-preview:large, max-video-preview:-1\" \/>\n<link rel=\"canonical\" href=\"https:\/\/flor-dessins.fr\/?page_id=182\" \/>\n<meta property=\"og:locale\" content=\"fr_FR\" \/>\n<meta property=\"og:type\" content=\"article\" \/>\n<meta property=\"og:title\" content=\"Nos entreprises partenaires -\" \/>\n<meta property=\"og:description\" content=\"Nos entreprises partenaires KIMO PET WORLD Dans toutes vos commandes de produits personnalis\u00e9s mettant en avant votre animal de compagnie, KIMO vous offre une d\u00e9licieuse friandise pour votre fid\u00e8le ami. Kimopet est une entreprise sp\u00e9cialis\u00e9e dans le bien-\u00eatre et l&rsquo;occupation de vos animaux de compagnie, qu&rsquo;il s&rsquo;agisse de chiens ou de chats. Toute leur gamme [&hellip;]\" \/>\n<meta property=\"og:url\" content=\"https:\/\/flor-dessins.fr\/?page_id=182\" \/>\n<meta property=\"article:modified_time\" content=\"2023-09-16T11:15:19+00:00\" \/>\n<meta property=\"og:image\" content=\"https:\/\/flor-dessins.fr\/wp-content\/uploads\/2023\/09\/F360B734-0460-48E7-B66D-EFD34BFE728F.png\" \/>\n<meta name=\"twitter:card\" content=\"summary_large_image\" \/>\n<meta name=\"twitter:label1\" content=\"Dur\u00e9e de lecture estim\u00e9e\" \/>\n\t<meta name=\"twitter:data1\" content=\"2 minutes\" \/>\n<script type=\"application\/ld+json\" class=\"yoast-schema-graph\">{\"@context\":\"https:\\\/\\\/schema.org\",\"@graph\":[{\"@type\":\"WebPage\",\"@id\":\"https:\\\/\\\/flor-dessins.fr\\\/?page_id=182\",\"url\":\"https:\\\/\\\/flor-dessins.fr\\\/?page_id=182\",\"name\":\"Nos entreprises partenaires -\",\"isPartOf\":{\"@id\":\"https:\\\/\\\/flor-dessins.fr\\\/#website\"},\"primaryImageOfPage\":{\"@id\":\"https:\\\/\\\/flor-dessins.fr\\\/?page_id=182#primaryimage\"},\"image\":{\"@id\":\"https:\\\/\\\/flor-dessins.fr\\\/?page_id=182#primaryimage\"},\"thumbnailUrl\":\"https:\\\/\\\/flor-dessins.fr\\\/wp-content\\\/uploads\\\/2023\\\/09\\\/F360B734-0460-48E7-B66D-EFD34BFE728F.png\",\"datePublished\":\"2023-04-07T08:37:43+00:00\",\"dateModified\":\"2023-09-16T11:15:19+00:00\",\"breadcrumb\":{\"@id\":\"https:\\\/\\\/flor-dessins.fr\\\/?page_id=182#breadcrumb\"},\"inLanguage\":\"fr-FR\",\"potentialAction\":[{\"@type\":\"ReadAction\",\"target\":[\"https:\\\/\\\/flor-dessins.fr\\\/?page_id=182\"]}]},{\"@type\":\"ImageObject\",\"inLanguage\":\"fr-FR\",\"@id\":\"https:\\\/\\\/flor-dessins.fr\\\/?page_id=182#primaryimage\",\"url\":\"https:\\\/\\\/flor-dessins.fr\\\/wp-content\\\/uploads\\\/2023\\\/09\\\/F360B734-0460-48E7-B66D-EFD34BFE728F.png\",\"contentUrl\":\"https:\\\/\\\/flor-dessins.fr\\\/wp-content\\\/uploads\\\/2023\\\/09\\\/F360B734-0460-48E7-B66D-EFD34BFE728F.png\",\"width\":501,\"height\":501},{\"@type\":\"BreadcrumbList\",\"@id\":\"https:\\\/\\\/flor-dessins.fr\\\/?page_id=182#breadcrumb\",\"itemListElement\":[{\"@type\":\"ListItem\",\"position\":1,\"name\":\"Accueil\",\"item\":\"https:\\\/\\\/flor-dessins.fr\\\/\"},{\"@type\":\"ListItem\",\"position\":2,\"name\":\"Nos entreprises partenaires\"}]},{\"@type\":\"WebSite\",\"@id\":\"https:\\\/\\\/flor-dessins.fr\\\/#website\",\"url\":\"https:\\\/\\\/flor-dessins.fr\\\/\",\"name\":\"\",\"description\":\"LA COULEUR DE VOS SOUVENIRS\",\"potentialAction\":[{\"@type\":\"SearchAction\",\"target\":{\"@type\":\"EntryPoint\",\"urlTemplate\":\"https:\\\/\\\/flor-dessins.fr\\\/?s={search_term_string}\"},\"query-input\":{\"@type\":\"PropertyValueSpecification\",\"valueRequired\":true,\"valueName\":\"search_term_string\"}}],\"inLanguage\":\"fr-FR\"}]}<\/script>\n<!-- \/ Yoast SEO plugin. -->","yoast_head_json":{"title":"Nos entreprises partenaires -","robots":{"index":"index","follow":"follow","max-snippet":"max-snippet:-1","max-image-preview":"max-image-preview:large","max-video-preview":"max-video-preview:-1"},"canonical":"https:\/\/flor-dessins.fr\/?page_id=182","og_locale":"fr_FR","og_type":"article","og_title":"Nos entreprises partenaires -","og_description":"Nos entreprises partenaires KIMO PET WORLD Dans toutes vos commandes de produits personnalis\u00e9s mettant en avant votre animal de compagnie, KIMO vous offre une d\u00e9licieuse friandise pour votre fid\u00e8le ami. Kimopet est une entreprise sp\u00e9cialis\u00e9e dans le bien-\u00eatre et l&rsquo;occupation de vos animaux de compagnie, qu&rsquo;il s&rsquo;agisse de chiens ou de chats. Toute leur gamme [&hellip;]","og_url":"https:\/\/flor-dessins.fr\/?page_id=182","article_modified_time":"2023-09-16T11:15:19+00:00","og_image":[{"url":"https:\/\/flor-dessins.fr\/wp-content\/uploads\/2023\/09\/F360B734-0460-48E7-B66D-EFD34BFE728F.png","type":"","width":"","height":""}],"twitter_card":"summary_large_image","twitter_misc":{"Dur\u00e9e de lecture estim\u00e9e":"2 minutes"},"schema":{"@context":"https:\/\/schema.org","@graph":[{"@type":"WebPage","@id":"https:\/\/flor-dessins.fr\/?page_id=182","url":"https:\/\/flor-dessins.fr\/?page_id=182","name":"Nos entreprises partenaires -","isPartOf":{"@id":"https:\/\/flor-dessins.fr\/#website"},"primaryImageOfPage":{"@id":"https:\/\/flor-dessins.fr\/?page_id=182#primaryimage"},"image":{"@id":"https:\/\/flor-dessins.fr\/?page_id=182#primaryimage"},"thumbnailUrl":"https:\/\/flor-dessins.fr\/wp-content\/uploads\/2023\/09\/F360B734-0460-48E7-B66D-EFD34BFE728F.png","datePublished":"2023-04-07T08:37:43+00:00","dateModified":"2023-09-16T11:15:19+00:00","breadcrumb":{"@id":"https:\/\/flor-dessins.fr\/?page_id=182#breadcrumb"},"inLanguage":"fr-FR","potentialAction":[{"@type":"ReadAction","target":["https:\/\/flor-dessins.fr\/?page_id=182"]}]},{"@type":"ImageObject","inLanguage":"fr-FR","@id":"https:\/\/flor-dessins.fr\/?page_id=182#primaryimage","url":"https:\/\/flor-dessins.fr\/wp-content\/uploads\/2023\/09\/F360B734-0460-48E7-B66D-EFD34BFE728F.png","contentUrl":"https:\/\/flor-dessins.fr\/wp-content\/uploads\/2023\/09\/F360B734-0460-48E7-B66D-EFD34BFE728F.png","width":501,"height":501},{"@type":"BreadcrumbList","@id":"https:\/\/flor-dessins.fr\/?page_id=182#breadcrumb","itemListElement":[{"@type":"ListItem","position":1,"name":"Accueil","item":"https:\/\/flor-dessins.fr\/"},{"@type":"ListItem","position":2,"name":"Nos entreprises partenaires"}]},{"@type":"WebSite","@id":"https:\/\/flor-dessins.fr\/#website","url":"https:\/\/flor-dessins.fr\/","name":"","description":"LA COULEUR DE VOS SOUVENIRS","potentialAction":[{"@type":"SearchAction","target":{"@type":"EntryPoint","urlTemplate":"https:\/\/flor-dessins.fr\/?s={search_term_string}"},"query-input":{"@type":"PropertyValueSpecification","valueRequired":true,"valueName":"search_term_string"}}],"inLanguage":"fr-FR"}]}},"jetpack_sharing_enabled":true,"_links":{"self":[{"href":"https:\/\/flor-dessins.fr\/index.php?rest_route=\/wp\/v2\/pages\/182","targetHints":{"allow":["GET"]}}],"collection":[{"href":"https:\/\/flor-dessins.fr\/index.php?rest_route=\/wp\/v2\/pages"}],"about":[{"href":"https:\/\/flor-dessins.fr\/index.php?rest_route=\/wp\/v2\/types\/page"}],"author":[{"embeddable":true,"href":"https:\/\/flor-dessins.fr\/index.php?rest_route=\/wp\/v2\/users\/1"}],"replies":[{"embeddable":true,"href":"https:\/\/flor-dessins.fr\/index.php?rest_route=%2Fwp%2Fv2%2Fcomments&post=182"}],"version-history":[{"count":46,"href":"https:\/\/flor-dessins.fr\/index.php?rest_route=\/wp\/v2\/pages\/182\/revisions"}],"predecessor-version":[{"id":1091,"href":"https:\/\/flor-dessins.fr\/index.php?rest_route=\/wp\/v2\/pages\/182\/revisions\/1091"}],"wp:attachment":[{"href":"https:\/\/flor-dessins.fr\/index.php?rest_route=%2Fwp%2Fv2%2Fmedia&parent=182"}],"curies":[{"name":"wp","href":"https:\/\/api.w.org\/{rel}","templated":true}]}}