{"id":6457,"date":"2025-04-22T11:39:50","date_gmt":"2025-04-22T11:39:50","guid":{"rendered":"https:\/\/flor-dessins.fr\/?page_id=6457"},"modified":"2025-04-23T19:45:33","modified_gmt":"2025-04-23T19:45:33","slug":"devis-personnalise","status":"publish","type":"page","link":"https:\/\/flor-dessins.fr\/?page_id=6457","title":{"rendered":"Projet personnalis\u00e9"},"content":{"rendered":"<h2>Projet personnalis\u00e9<\/h2>\n<p>\t\t\t\t\t\t\t\t\t\t\t\t\t\t\t<img loading=\"lazy\" decoding=\"async\" width=\"864\" height=\"1080\" src=\"https:\/\/flor-dessins.fr\/wp-content\/uploads\/2025\/04\/4e4e5c7e-d996-4345-b897-1d1eb7ae7f4a-864x1080.jpg\" alt=\"\" srcset=\"https:\/\/flor-dessins.fr\/wp-content\/uploads\/2025\/04\/4e4e5c7e-d996-4345-b897-1d1eb7ae7f4a-864x1080.jpg 864w, https:\/\/flor-dessins.fr\/wp-content\/uploads\/2025\/04\/4e4e5c7e-d996-4345-b897-1d1eb7ae7f4a-640x800.jpg 640w, https:\/\/flor-dessins.fr\/wp-content\/uploads\/2025\/04\/4e4e5c7e-d996-4345-b897-1d1eb7ae7f4a-768x960.jpg 768w, https:\/\/flor-dessins.fr\/wp-content\/uploads\/2025\/04\/4e4e5c7e-d996-4345-b897-1d1eb7ae7f4a-64x80.jpg 64w, https:\/\/flor-dessins.fr\/wp-content\/uploads\/2025\/04\/4e4e5c7e-d996-4345-b897-1d1eb7ae7f4a-240x300.jpg 240w, https:\/\/flor-dessins.fr\/wp-content\/uploads\/2025\/04\/4e4e5c7e-d996-4345-b897-1d1eb7ae7f4a-800x1000.jpg 800w, https:\/\/flor-dessins.fr\/wp-content\/uploads\/2025\/04\/4e4e5c7e-d996-4345-b897-1d1eb7ae7f4a.jpg 1080w\" sizes=\"auto, (max-width: 864px) 100vw, 864px\" \/>\t\t\t\t\t\t\t\t\t\t\t\t\t\t\t<\/p>\n<h2>commander vos textiles personnalis\u00e9s<\/h2>\n<p><a href=\"https:\/\/flor-dessins.fr\/?page_id=1095\" target=\"_blank\">Cliquer ici <\/a><\/p>\n","protected":false},"excerpt":{"rendered":"<p>Projet personnalis\u00e9 commander vos textiles personnalis\u00e9s Cliquer ici<\/p>\n","protected":false},"author":1,"featured_media":0,"parent":0,"menu_order":0,"comment_status":"closed","ping_status":"closed","template":"","meta":{"_monsterinsights_skip_tracking":false,"_monsterinsights_sitenote_active":false,"_monsterinsights_sitenote_note":"","_monsterinsights_sitenote_category":0,"site-sidebar-layout":"no-sidebar","site-content-layout":"page-builder","ast-site-content-layout":"full-width-container","site-content-style":"default","site-sidebar-style":"default","ast-global-header-display":"","ast-banner-title-visibility":"","ast-main-header-display":"","ast-hfb-above-header-display":"","ast-hfb-below-header-display":"","ast-hfb-mobile-header-display":"","site-post-title":"disabled","ast-breadcrumbs-content":"","ast-featured-img":"disabled","footer-sml-layout":"","ast-disable-related-posts":"","theme-transparent-header-meta":"","adv-header-id-meta":"","stick-header-meta":"","header-above-stick-meta":"","header-main-stick-meta":"","header-below-stick-meta":"","astra-migrate-meta-layouts":"set","ast-page-background-enabled":"default","ast-page-background-meta":{"desktop":{"background-color":"var(--ast-global-color-4)","background-image":"","background-repeat":"repeat","background-position":"center center","background-size":"auto","background-attachment":"scroll","background-type":"","background-media":"","overlay-type":"","overlay-color":"","overlay-opacity":"","overlay-gradient":""},"tablet":{"background-color":"","background-image":"","background-repeat":"repeat","background-position":"center center","background-size":"auto","background-attachment":"scroll","background-type":"","background-media":"","overlay-type":"","overlay-color":"","overlay-opacity":"","overlay-gradient":""},"mobile":{"background-color":"","background-image":"","background-repeat":"repeat","background-position":"center center","background-size":"auto","background-attachment":"scroll","background-type":"","background-media":"","overlay-type":"","overlay-color":"","overlay-opacity":"","overlay-gradient":""}},"ast-content-background-meta":{"desktop":{"background-color":"var(--ast-global-color-5)","background-image":"","background-repeat":"repeat","background-position":"center center","background-size":"auto","background-attachment":"scroll","background-type":"","background-media":"","overlay-type":"","overlay-color":"","overlay-opacity":"","overlay-gradient":""},"tablet":{"background-color":"var(--ast-global-color-5)","background-image":"","background-repeat":"repeat","background-position":"center center","background-size":"auto","background-attachment":"scroll","background-type":"","background-media":"","overlay-type":"","overlay-color":"","overlay-opacity":"","overlay-gradient":""},"mobile":{"background-color":"var(--ast-global-color-5)","background-image":"","background-repeat":"repeat","background-position":"center center","background-size":"auto","background-attachment":"scroll","background-type":"","background-media":"","overlay-type":"","overlay-color":"","overlay-opacity":"","overlay-gradient":""}},"_glsr_average":0,"_glsr_ranking":0,"_glsr_reviews":0,"footnotes":""},"class_list":["post-6457","page","type-page","status-publish","hentry","fpd-variation-needed"],"yoast_head":"<!-- This site is optimized with the Yoast SEO plugin v27.3 - https:\/\/yoast.com\/product\/yoast-seo-wordpress\/ -->\n<title>Projet personnalis\u00e9 -<\/title>\n<meta name=\"robots\" content=\"index, follow, max-snippet:-1, max-image-preview:large, max-video-preview:-1\" \/>\n<link rel=\"canonical\" href=\"https:\/\/flor-dessins.fr\/?page_id=6457\" \/>\n<meta property=\"og:locale\" content=\"fr_FR\" \/>\n<meta property=\"og:type\" content=\"article\" \/>\n<meta property=\"og:title\" content=\"Projet personnalis\u00e9 -\" \/>\n<meta property=\"og:description\" content=\"Projet personnalis\u00e9 commander vos textiles personnalis\u00e9s Cliquer ici\" \/>\n<meta property=\"og:url\" content=\"https:\/\/flor-dessins.fr\/?page_id=6457\" \/>\n<meta property=\"article:modified_time\" content=\"2025-04-23T19:45:33+00:00\" \/>\n<meta property=\"og:image\" content=\"https:\/\/flor-dessins.fr\/wp-content\/uploads\/2025\/04\/4e4e5c7e-d996-4345-b897-1d1eb7ae7f4a.jpg\" \/>\n\t<meta property=\"og:image:width\" content=\"1080\" \/>\n\t<meta property=\"og:image:height\" content=\"1350\" \/>\n\t<meta property=\"og:image:type\" content=\"image\/jpeg\" \/>\n<meta name=\"twitter:card\" content=\"summary_large_image\" \/>\n<meta name=\"twitter:label1\" content=\"Dur\u00e9e de lecture estim\u00e9e\" \/>\n\t<meta name=\"twitter:data1\" content=\"1 minute\" \/>\n<script type=\"application\/ld+json\" class=\"yoast-schema-graph\">{\"@context\":\"https:\\\/\\\/schema.org\",\"@graph\":[{\"@type\":\"WebPage\",\"@id\":\"https:\\\/\\\/flor-dessins.fr\\\/?page_id=6457\",\"url\":\"https:\\\/\\\/flor-dessins.fr\\\/?page_id=6457\",\"name\":\"Projet personnalis\u00e9 -\",\"isPartOf\":{\"@id\":\"https:\\\/\\\/flor-dessins.fr\\\/#website\"},\"primaryImageOfPage\":{\"@id\":\"https:\\\/\\\/flor-dessins.fr\\\/?page_id=6457#primaryimage\"},\"image\":{\"@id\":\"https:\\\/\\\/flor-dessins.fr\\\/?page_id=6457#primaryimage\"},\"thumbnailUrl\":\"https:\\\/\\\/flor-dessins.fr\\\/wp-content\\\/uploads\\\/2025\\\/04\\\/4e4e5c7e-d996-4345-b897-1d1eb7ae7f4a-864x1080.jpg\",\"datePublished\":\"2025-04-22T11:39:50+00:00\",\"dateModified\":\"2025-04-23T19:45:33+00:00\",\"breadcrumb\":{\"@id\":\"https:\\\/\\\/flor-dessins.fr\\\/?page_id=6457#breadcrumb\"},\"inLanguage\":\"fr-FR\",\"potentialAction\":[{\"@type\":\"ReadAction\",\"target\":[\"https:\\\/\\\/flor-dessins.fr\\\/?page_id=6457\"]}]},{\"@type\":\"ImageObject\",\"inLanguage\":\"fr-FR\",\"@id\":\"https:\\\/\\\/flor-dessins.fr\\\/?page_id=6457#primaryimage\",\"url\":\"https:\\\/\\\/flor-dessins.fr\\\/wp-content\\\/uploads\\\/2025\\\/04\\\/4e4e5c7e-d996-4345-b897-1d1eb7ae7f4a.jpg\",\"contentUrl\":\"https:\\\/\\\/flor-dessins.fr\\\/wp-content\\\/uploads\\\/2025\\\/04\\\/4e4e5c7e-d996-4345-b897-1d1eb7ae7f4a.jpg\",\"width\":1080,\"height\":1350},{\"@type\":\"BreadcrumbList\",\"@id\":\"https:\\\/\\\/flor-dessins.fr\\\/?page_id=6457#breadcrumb\",\"itemListElement\":[{\"@type\":\"ListItem\",\"position\":1,\"name\":\"Accueil\",\"item\":\"https:\\\/\\\/flor-dessins.fr\\\/\"},{\"@type\":\"ListItem\",\"position\":2,\"name\":\"Projet personnalis\u00e9\"}]},{\"@type\":\"WebSite\",\"@id\":\"https:\\\/\\\/flor-dessins.fr\\\/#website\",\"url\":\"https:\\\/\\\/flor-dessins.fr\\\/\",\"name\":\"\",\"description\":\"LA COULEUR DE VOS SOUVENIRS\",\"potentialAction\":[{\"@type\":\"SearchAction\",\"target\":{\"@type\":\"EntryPoint\",\"urlTemplate\":\"https:\\\/\\\/flor-dessins.fr\\\/?s={search_term_string}\"},\"query-input\":{\"@type\":\"PropertyValueSpecification\",\"valueRequired\":true,\"valueName\":\"search_term_string\"}}],\"inLanguage\":\"fr-FR\"}]}<\/script>\n<!-- \/ Yoast SEO plugin. -->","yoast_head_json":{"title":"Projet personnalis\u00e9 -","robots":{"index":"index","follow":"follow","max-snippet":"max-snippet:-1","max-image-preview":"max-image-preview:large","max-video-preview":"max-video-preview:-1"},"canonical":"https:\/\/flor-dessins.fr\/?page_id=6457","og_locale":"fr_FR","og_type":"article","og_title":"Projet personnalis\u00e9 -","og_description":"Projet personnalis\u00e9 commander vos textiles personnalis\u00e9s Cliquer ici","og_url":"https:\/\/flor-dessins.fr\/?page_id=6457","article_modified_time":"2025-04-23T19:45:33+00:00","og_image":[{"width":1080,"height":1350,"url":"https:\/\/flor-dessins.fr\/wp-content\/uploads\/2025\/04\/4e4e5c7e-d996-4345-b897-1d1eb7ae7f4a.jpg","type":"image\/jpeg"}],"twitter_card":"summary_large_image","twitter_misc":{"Dur\u00e9e de lecture estim\u00e9e":"1 minute"},"schema":{"@context":"https:\/\/schema.org","@graph":[{"@type":"WebPage","@id":"https:\/\/flor-dessins.fr\/?page_id=6457","url":"https:\/\/flor-dessins.fr\/?page_id=6457","name":"Projet personnalis\u00e9 -","isPartOf":{"@id":"https:\/\/flor-dessins.fr\/#website"},"primaryImageOfPage":{"@id":"https:\/\/flor-dessins.fr\/?page_id=6457#primaryimage"},"image":{"@id":"https:\/\/flor-dessins.fr\/?page_id=6457#primaryimage"},"thumbnailUrl":"https:\/\/flor-dessins.fr\/wp-content\/uploads\/2025\/04\/4e4e5c7e-d996-4345-b897-1d1eb7ae7f4a-864x1080.jpg","datePublished":"2025-04-22T11:39:50+00:00","dateModified":"2025-04-23T19:45:33+00:00","breadcrumb":{"@id":"https:\/\/flor-dessins.fr\/?page_id=6457#breadcrumb"},"inLanguage":"fr-FR","potentialAction":[{"@type":"ReadAction","target":["https:\/\/flor-dessins.fr\/?page_id=6457"]}]},{"@type":"ImageObject","inLanguage":"fr-FR","@id":"https:\/\/flor-dessins.fr\/?page_id=6457#primaryimage","url":"https:\/\/flor-dessins.fr\/wp-content\/uploads\/2025\/04\/4e4e5c7e-d996-4345-b897-1d1eb7ae7f4a.jpg","contentUrl":"https:\/\/flor-dessins.fr\/wp-content\/uploads\/2025\/04\/4e4e5c7e-d996-4345-b897-1d1eb7ae7f4a.jpg","width":1080,"height":1350},{"@type":"BreadcrumbList","@id":"https:\/\/flor-dessins.fr\/?page_id=6457#breadcrumb","itemListElement":[{"@type":"ListItem","position":1,"name":"Accueil","item":"https:\/\/flor-dessins.fr\/"},{"@type":"ListItem","position":2,"name":"Projet personnalis\u00e9"}]},{"@type":"WebSite","@id":"https:\/\/flor-dessins.fr\/#website","url":"https:\/\/flor-dessins.fr\/","name":"","description":"LA COULEUR DE VOS SOUVENIRS","potentialAction":[{"@type":"SearchAction","target":{"@type":"EntryPoint","urlTemplate":"https:\/\/flor-dessins.fr\/?s={search_term_string}"},"query-input":{"@type":"PropertyValueSpecification","valueRequired":true,"valueName":"search_term_string"}}],"inLanguage":"fr-FR"}]}},"jetpack_sharing_enabled":true,"_links":{"self":[{"href":"https:\/\/flor-dessins.fr\/index.php?rest_route=\/wp\/v2\/pages\/6457","targetHints":{"allow":["GET"]}}],"collection":[{"href":"https:\/\/flor-dessins.fr\/index.php?rest_route=\/wp\/v2\/pages"}],"about":[{"href":"https:\/\/flor-dessins.fr\/index.php?rest_route=\/wp\/v2\/types\/page"}],"author":[{"embeddable":true,"href":"https:\/\/flor-dessins.fr\/index.php?rest_route=\/wp\/v2\/users\/1"}],"replies":[{"embeddable":true,"href":"https:\/\/flor-dessins.fr\/index.php?rest_route=%2Fwp%2Fv2%2Fcomments&post=6457"}],"version-history":[{"count":11,"href":"https:\/\/flor-dessins.fr\/index.php?rest_route=\/wp\/v2\/pages\/6457\/revisions"}],"predecessor-version":[{"id":6620,"href":"https:\/\/flor-dessins.fr\/index.php?rest_route=\/wp\/v2\/pages\/6457\/revisions\/6620"}],"wp:attachment":[{"href":"https:\/\/flor-dessins.fr\/index.php?rest_route=%2Fwp%2Fv2%2Fmedia&parent=6457"}],"curies":[{"name":"wp","href":"https:\/\/api.w.org\/{rel}","templated":true}]}}