{"id":10388,"date":"2025-09-05T12:17:40","date_gmt":"2025-09-05T12:17:40","guid":{"rendered":"https:\/\/flor-dessins.fr\/?post_type=product&#038;p=10388"},"modified":"2026-04-09T11:49:35","modified_gmt":"2026-04-09T11:49:35","slug":"mug-emaille","status":"publish","type":"product","link":"https:\/\/flor-dessins.fr\/?product=mug-emaille","title":{"rendered":"Mug \u00e9maill\u00e9"},"content":{"rendered":"<p><strong>Chez FLOR<\/strong> , nous croyons en la magie des moments simples de la vie, et quoi de mieux pour les c\u00e9l\u00e9brer que de les graver sur des mugs personnalis\u00e9s ?<\/p>\n<p>Que ce soit pour vous-m\u00eame ou pour offrir en cadeau \u00e0 un \u00eatre cher, nos mugs sont con\u00e7us pour apporter une touche sp\u00e9ciale \u00e0 chaque instant.<\/p>\n<p><strong>Les visuels ne seront pas imprim\u00e9s sur l&rsquo;int\u00e9gralit\u00e9 du MUG un marge en haut, en bas et sur les c\u00f4t\u00e9s est n\u00e9cessaire.\u00a0<\/strong><\/p>\n<p>ATTENTION : Le mug ne passe pas au micro-ondes<\/p>\n","protected":false},"excerpt":{"rendered":"<p><strong>Chez FLOR<\/strong> , nous croyons en la magie des moments simples de la vie, et quoi de mieux pour les c\u00e9l\u00e9brer que de les graver sur des mugs personnalis\u00e9s ?<\/p>\n<p>Que ce soit pour vous-m\u00eame ou pour offrir en cadeau \u00e0 un \u00eatre cher, nos mugs sont con\u00e7us pour apporter une touche sp\u00e9ciale \u00e0 chaque instant.<\/p>\n<p><strong>Les visuels ne seront pas imprim\u00e9s sur l&rsquo;int\u00e9gralit\u00e9 du MUG un marge en haut, en bas et sur les c\u00f4t\u00e9s est n\u00e9cessaire.\u00a0<\/strong><\/p>\n<p>ATTENTION : Le mug ne passe pas au micro-ondes<\/p>\n","protected":false},"featured_media":9001,"template":"","meta":{"_monsterinsights_skip_tracking":false,"_monsterinsights_sitenote_active":false,"_monsterinsights_sitenote_note":"","_monsterinsights_sitenote_category":0,"site-sidebar-layout":"default","site-content-layout":"","ast-site-content-layout":"default","site-content-style":"default","site-sidebar-style":"default","ast-global-header-display":"","ast-banner-title-visibility":"","ast-main-header-display":"","ast-hfb-above-header-display":"","ast-hfb-below-header-display":"","ast-hfb-mobile-header-display":"","site-post-title":"","ast-breadcrumbs-content":"","ast-featured-img":"","footer-sml-layout":"","ast-disable-related-posts":"","theme-transparent-header-meta":"default","adv-header-id-meta":"","stick-header-meta":"","header-above-stick-meta":"","header-main-stick-meta":"","header-below-stick-meta":"","astra-migrate-meta-layouts":"set","ast-page-background-enabled":"default","ast-page-background-meta":{"desktop":{"background-color":"var(--ast-global-color-4)","background-image":"","background-repeat":"repeat","background-position":"center center","background-size":"auto","background-attachment":"scroll","background-type":"","background-media":"","overlay-type":"","overlay-color":"","overlay-opacity":"","overlay-gradient":""},"tablet":{"background-color":"","background-image":"","background-repeat":"repeat","background-position":"center center","background-size":"auto","background-attachment":"scroll","background-type":"","background-media":"","overlay-type":"","overlay-color":"","overlay-opacity":"","overlay-gradient":""},"mobile":{"background-color":"","background-image":"","background-repeat":"repeat","background-position":"center center","background-size":"auto","background-attachment":"scroll","background-type":"","background-media":"","overlay-type":"","overlay-color":"","overlay-opacity":"","overlay-gradient":""}},"ast-content-background-meta":{"desktop":{"background-color":"var(--ast-global-color-5)","background-image":"","background-repeat":"repeat","background-position":"center center","background-size":"auto","background-attachment":"scroll","background-type":"","background-media":"","overlay-type":"","overlay-color":"","overlay-opacity":"","overlay-gradient":""},"tablet":{"background-color":"var(--ast-global-color-5)","background-image":"","background-repeat":"repeat","background-position":"center center","background-size":"auto","background-attachment":"scroll","background-type":"","background-media":"","overlay-type":"","overlay-color":"","overlay-opacity":"","overlay-gradient":""},"mobile":{"background-color":"var(--ast-global-color-5)","background-image":"","background-repeat":"repeat","background-position":"center center","background-size":"auto","background-attachment":"scroll","background-type":"","background-media":"","overlay-type":"","overlay-color":"","overlay-opacity":"","overlay-gradient":""}},"_glsr_average":0,"_glsr_ranking":0,"_glsr_reviews":0},"product_brand":[],"product_cat":[141],"product_tag":[],"class_list":{"0":"post-10388","1":"product","2":"type-product","3":"status-publish","4":"has-post-thumbnail","6":"product_cat-mug","7":"product_shipping_class-colissimo","8":"desktop-align-center","9":"tablet-align-left","10":"mobile-align-left","11":"fpd-variation-needed","13":"first","14":"instock","15":"shipping-taxable","16":"purchasable","17":"product-type-simple"},"yoast_head":"<!-- This site is optimized with the Yoast SEO plugin v27.3 - https:\/\/yoast.com\/product\/yoast-seo-wordpress\/ -->\n<title>Mug \u00e9maill\u00e9 -<\/title>\n<meta name=\"robots\" content=\"index, follow, max-snippet:-1, max-image-preview:large, max-video-preview:-1\" \/>\n<link rel=\"canonical\" href=\"https:\/\/flor-dessins.fr\/?product=mug-emaille\" \/>\n<meta property=\"og:locale\" content=\"fr_FR\" \/>\n<meta property=\"og:type\" content=\"article\" \/>\n<meta property=\"og:title\" content=\"Mug \u00e9maill\u00e9 -\" \/>\n<meta property=\"og:description\" content=\"Chez FLOR , nous croyons en la magie des moments simples de la vie, et quoi de mieux pour les c\u00e9l\u00e9brer que de les graver sur des mugs personnalis\u00e9s ?  Que ce soit pour vous-m\u00eame ou pour offrir en cadeau \u00e0 un \u00eatre cher, nos mugs sont con\u00e7us pour apporter une touche sp\u00e9ciale \u00e0 chaque instant.  Les visuels ne seront pas imprim\u00e9s sur l&#039;int\u00e9gralit\u00e9 du MUG un marge en haut, en bas et sur les c\u00f4t\u00e9s est n\u00e9cessaire.\u00a0  ATTENTION : Le mug ne passe pas au micro-ondes\" \/>\n<meta property=\"og:url\" content=\"https:\/\/flor-dessins.fr\/?product=mug-emaille\" \/>\n<meta property=\"article:modified_time\" content=\"2026-04-09T11:49:35+00:00\" \/>\n<meta property=\"og:image\" content=\"https:\/\/flor-dessins.fr\/wp-content\/uploads\/2025\/09\/image-mug-emaille-prodtuit.jpg.jpeg\" \/>\n\t<meta property=\"og:image:width\" content=\"709\" \/>\n\t<meta property=\"og:image:height\" content=\"710\" \/>\n\t<meta property=\"og:image:type\" content=\"image\/jpeg\" \/>\n<meta name=\"twitter:card\" content=\"summary_large_image\" \/>\n<meta name=\"twitter:label1\" content=\"Dur\u00e9e de lecture estim\u00e9e\" \/>\n\t<meta name=\"twitter:data1\" content=\"1 minute\" \/>\n<script type=\"application\/ld+json\" class=\"yoast-schema-graph\">{\"@context\":\"https:\\\/\\\/schema.org\",\"@graph\":[{\"@type\":\"WebPage\",\"@id\":\"https:\\\/\\\/flor-dessins.fr\\\/?product=mug-emaille\",\"url\":\"https:\\\/\\\/flor-dessins.fr\\\/?product=mug-emaille\",\"name\":\"Mug \u00e9maill\u00e9 -\",\"isPartOf\":{\"@id\":\"https:\\\/\\\/flor-dessins.fr\\\/#website\"},\"primaryImageOfPage\":{\"@id\":\"https:\\\/\\\/flor-dessins.fr\\\/?product=mug-emaille#primaryimage\"},\"image\":{\"@id\":\"https:\\\/\\\/flor-dessins.fr\\\/?product=mug-emaille#primaryimage\"},\"thumbnailUrl\":\"https:\\\/\\\/flor-dessins.fr\\\/wp-content\\\/uploads\\\/2025\\\/09\\\/image-mug-emaille-prodtuit.jpg.jpeg\",\"datePublished\":\"2025-09-05T12:17:40+00:00\",\"dateModified\":\"2026-04-09T11:49:35+00:00\",\"breadcrumb\":{\"@id\":\"https:\\\/\\\/flor-dessins.fr\\\/?product=mug-emaille#breadcrumb\"},\"inLanguage\":\"fr-FR\",\"potentialAction\":[{\"@type\":\"ReadAction\",\"target\":[\"https:\\\/\\\/flor-dessins.fr\\\/?product=mug-emaille\"]}]},{\"@type\":\"ImageObject\",\"inLanguage\":\"fr-FR\",\"@id\":\"https:\\\/\\\/flor-dessins.fr\\\/?product=mug-emaille#primaryimage\",\"url\":\"https:\\\/\\\/flor-dessins.fr\\\/wp-content\\\/uploads\\\/2025\\\/09\\\/image-mug-emaille-prodtuit.jpg.jpeg\",\"contentUrl\":\"https:\\\/\\\/flor-dessins.fr\\\/wp-content\\\/uploads\\\/2025\\\/09\\\/image-mug-emaille-prodtuit.jpg.jpeg\",\"width\":709,\"height\":710},{\"@type\":\"BreadcrumbList\",\"@id\":\"https:\\\/\\\/flor-dessins.fr\\\/?product=mug-emaille#breadcrumb\",\"itemListElement\":[{\"@type\":\"ListItem\",\"position\":1,\"name\":\"Accueil\",\"item\":\"https:\\\/\\\/flor-dessins.fr\\\/\"},{\"@type\":\"ListItem\",\"position\":2,\"name\":\"Boutique\",\"item\":\"https:\\\/\\\/flor-dessins.fr\\\/?page_id=5\"},{\"@type\":\"ListItem\",\"position\":3,\"name\":\"Mug \u00e9maill\u00e9\"}]},{\"@type\":\"WebSite\",\"@id\":\"https:\\\/\\\/flor-dessins.fr\\\/#website\",\"url\":\"https:\\\/\\\/flor-dessins.fr\\\/\",\"name\":\"\",\"description\":\"LA COULEUR DE VOS SOUVENIRS\",\"potentialAction\":[{\"@type\":\"SearchAction\",\"target\":{\"@type\":\"EntryPoint\",\"urlTemplate\":\"https:\\\/\\\/flor-dessins.fr\\\/?s={search_term_string}\"},\"query-input\":{\"@type\":\"PropertyValueSpecification\",\"valueRequired\":true,\"valueName\":\"search_term_string\"}}],\"inLanguage\":\"fr-FR\"}]}<\/script>\n<!-- \/ Yoast SEO plugin. -->","yoast_head_json":{"title":"Mug \u00e9maill\u00e9 -","robots":{"index":"index","follow":"follow","max-snippet":"max-snippet:-1","max-image-preview":"max-image-preview:large","max-video-preview":"max-video-preview:-1"},"canonical":"https:\/\/flor-dessins.fr\/?product=mug-emaille","og_locale":"fr_FR","og_type":"article","og_title":"Mug \u00e9maill\u00e9 -","og_description":"Chez FLOR , nous croyons en la magie des moments simples de la vie, et quoi de mieux pour les c\u00e9l\u00e9brer que de les graver sur des mugs personnalis\u00e9s ?  Que ce soit pour vous-m\u00eame ou pour offrir en cadeau \u00e0 un \u00eatre cher, nos mugs sont con\u00e7us pour apporter une touche sp\u00e9ciale \u00e0 chaque instant.  Les visuels ne seront pas imprim\u00e9s sur l'int\u00e9gralit\u00e9 du MUG un marge en haut, en bas et sur les c\u00f4t\u00e9s est n\u00e9cessaire.\u00a0  ATTENTION : Le mug ne passe pas au micro-ondes","og_url":"https:\/\/flor-dessins.fr\/?product=mug-emaille","article_modified_time":"2026-04-09T11:49:35+00:00","og_image":[{"width":709,"height":710,"url":"https:\/\/flor-dessins.fr\/wp-content\/uploads\/2025\/09\/image-mug-emaille-prodtuit.jpg.jpeg","type":"image\/jpeg"}],"twitter_card":"summary_large_image","twitter_misc":{"Dur\u00e9e de lecture estim\u00e9e":"1 minute"},"schema":{"@context":"https:\/\/schema.org","@graph":[{"@type":"WebPage","@id":"https:\/\/flor-dessins.fr\/?product=mug-emaille","url":"https:\/\/flor-dessins.fr\/?product=mug-emaille","name":"Mug \u00e9maill\u00e9 -","isPartOf":{"@id":"https:\/\/flor-dessins.fr\/#website"},"primaryImageOfPage":{"@id":"https:\/\/flor-dessins.fr\/?product=mug-emaille#primaryimage"},"image":{"@id":"https:\/\/flor-dessins.fr\/?product=mug-emaille#primaryimage"},"thumbnailUrl":"https:\/\/flor-dessins.fr\/wp-content\/uploads\/2025\/09\/image-mug-emaille-prodtuit.jpg.jpeg","datePublished":"2025-09-05T12:17:40+00:00","dateModified":"2026-04-09T11:49:35+00:00","breadcrumb":{"@id":"https:\/\/flor-dessins.fr\/?product=mug-emaille#breadcrumb"},"inLanguage":"fr-FR","potentialAction":[{"@type":"ReadAction","target":["https:\/\/flor-dessins.fr\/?product=mug-emaille"]}]},{"@type":"ImageObject","inLanguage":"fr-FR","@id":"https:\/\/flor-dessins.fr\/?product=mug-emaille#primaryimage","url":"https:\/\/flor-dessins.fr\/wp-content\/uploads\/2025\/09\/image-mug-emaille-prodtuit.jpg.jpeg","contentUrl":"https:\/\/flor-dessins.fr\/wp-content\/uploads\/2025\/09\/image-mug-emaille-prodtuit.jpg.jpeg","width":709,"height":710},{"@type":"BreadcrumbList","@id":"https:\/\/flor-dessins.fr\/?product=mug-emaille#breadcrumb","itemListElement":[{"@type":"ListItem","position":1,"name":"Accueil","item":"https:\/\/flor-dessins.fr\/"},{"@type":"ListItem","position":2,"name":"Boutique","item":"https:\/\/flor-dessins.fr\/?page_id=5"},{"@type":"ListItem","position":3,"name":"Mug \u00e9maill\u00e9"}]},{"@type":"WebSite","@id":"https:\/\/flor-dessins.fr\/#website","url":"https:\/\/flor-dessins.fr\/","name":"","description":"LA COULEUR DE VOS SOUVENIRS","potentialAction":[{"@type":"SearchAction","target":{"@type":"EntryPoint","urlTemplate":"https:\/\/flor-dessins.fr\/?s={search_term_string}"},"query-input":{"@type":"PropertyValueSpecification","valueRequired":true,"valueName":"search_term_string"}}],"inLanguage":"fr-FR"}]}},"jetpack_sharing_enabled":true,"_links":{"self":[{"href":"https:\/\/flor-dessins.fr\/index.php?rest_route=\/wp\/v2\/product\/10388","targetHints":{"allow":["GET"]}}],"collection":[{"href":"https:\/\/flor-dessins.fr\/index.php?rest_route=\/wp\/v2\/product"}],"about":[{"href":"https:\/\/flor-dessins.fr\/index.php?rest_route=\/wp\/v2\/types\/product"}],"wp:featuredmedia":[{"embeddable":true,"href":"https:\/\/flor-dessins.fr\/index.php?rest_route=\/wp\/v2\/media\/9001"}],"wp:attachment":[{"href":"https:\/\/flor-dessins.fr\/index.php?rest_route=%2Fwp%2Fv2%2Fmedia&parent=10388"}],"wp:term":[{"taxonomy":"product_brand","embeddable":true,"href":"https:\/\/flor-dessins.fr\/index.php?rest_route=%2Fwp%2Fv2%2Fproduct_brand&post=10388"},{"taxonomy":"product_cat","embeddable":true,"href":"https:\/\/flor-dessins.fr\/index.php?rest_route=%2Fwp%2Fv2%2Fproduct_cat&post=10388"},{"taxonomy":"product_tag","embeddable":true,"href":"https:\/\/flor-dessins.fr\/index.php?rest_route=%2Fwp%2Fv2%2Fproduct_tag&post=10388"}],"curies":[{"name":"wp","href":"https:\/\/api.w.org\/{rel}","templated":true}]}}