{"id":10863,"date":"2025-09-22T16:12:50","date_gmt":"2025-09-22T16:12:50","guid":{"rendered":"https:\/\/flor-dessins.fr\/?post_type=product&#038;p=10863"},"modified":"2026-04-07T11:05:18","modified_gmt":"2026-04-07T11:05:18","slug":"debardeur-sport-femme","status":"publish","type":"product","link":"https:\/\/flor-dessins.fr\/?product=debardeur-sport-femme","title":{"rendered":"D\u00e9bardeur sport femme"},"content":{"rendered":"<h3 class=\"\" data-start=\"4728\" data-end=\"4787\">D\u00e9bardeur sport femme <a class=\"blue\" title=\"Voir tous les articles de la marque PROACT\" href=\"https:\/\/www.lamaisonduteeshirt.com\/m-37-proact\"><span class=\"blue very-small\">ProAct<\/span><\/a><\/h3>\n<p><strong> Pr\u00e9-commande du 16\/03\/26 au 23\/03\/26<\/strong><\/p>\n<p class=\"\" data-start=\"4788\" data-end=\"5105\">\ud83d\udcac <strong data-start=\"4791\" data-end=\"4819\">Exprime-toi avec style !<\/strong><strong><br \/>\nEnvie d\u2019un d\u00e9bardeur unique ? Optez pour la<\/strong><strong data-start=\"4871\" data-end=\"4895\"> personnalisation<\/strong><strong> et affiche le message qui te ressemble. Ton d\u00e9bardeur devient une pi\u00e8ce vraiment \u00e0 ton image.<\/strong><\/p>\n<p class=\"\" data-start=\"4788\" data-end=\"5105\"><strong><br \/>\n<\/strong>\ud83c\udfa8<strong> Plusieurs couleurs au choix \u2013 c\u2019est toi la styliste !<\/strong><\/p>\n<p class=\"\" data-start=\"5107\" data-end=\"5228\"><strong data-start=\"5107\" data-end=\"5124\">Composition :<\/strong><strong> 100% polyester. <\/strong><\/p>\n<p class=\"\" data-start=\"5107\" data-end=\"5228\"><strong>Tissu l\u00e9ger \u00e0 s\u00e9chage rapide. <\/strong><\/p>\n<p class=\"\" data-start=\"5107\" data-end=\"5228\"><strong>Dos nageur. <\/strong><\/p>\n<p class=\"\" data-start=\"5107\" data-end=\"5228\"><strong>Biais \u00e0 l&rsquo;encolure et aux emmanchures. <\/strong><\/p>\n<p class=\"\" data-start=\"5107\" data-end=\"5228\"><strong>Finition double aiguille au bas du v\u00eatement. <\/strong><\/p>\n<p class=\"\" data-start=\"5107\" data-end=\"5228\"><strong>Grammage :\u00a0140g\/m\u00b2<br \/>\n<\/strong><\/p>\n<p class=\"\" data-start=\"5230\" data-end=\"5369\"><strong data-start=\"5230\" data-end=\"5255\">Tailles disponibles :<\/strong><strong> XS \u00e0 XL (femme)<br \/>\n<\/strong><strong><br \/>\n<em data-start=\"5317\" data-end=\"5369\">N\u2019h\u00e9sitez pas \u00e0 consulter notre guide des tailles.<\/em><\/strong><\/p>\n<p class=\"\" data-start=\"5371\" data-end=\"5734\"><strong data-start=\"5371\" data-end=\"5397\">Conseils d\u2019entretien :<\/strong><strong><br \/>\n\u2013 Il est conseill\u00e9 pour pr\u00e9server le design de retourner votre textile.<br \/>\n\u2013 Lavage \u00e0 la main (m\u00e9thode de lavage la plus douce)<br \/>\n\u2013 En machine, optez pour un lavage \u00e0 30\u00b0C pour \u00e9viter toute d\u00e9formation.<br \/>\n\u2013 <\/strong><strong data-start=\"5606\" data-end=\"5629\">PAS de s\u00e8che-linge.<\/strong><strong><br \/>\n<em data-start=\"5632\" data-end=\"5734\">N\u2019oubliez pas de consulter l\u2019\u00e9tiquette de vos v\u00eatements, elle contient des instructions importantes.<\/em><\/strong><\/p>\n","protected":false},"excerpt":{"rendered":"<h3 class=\"\" data-start=\"4728\" data-end=\"4787\">D\u00e9bardeur sport femme <a class=\"blue\" title=\"Voir tous les articles de la marque PROACT\" href=\"https:\/\/www.lamaisonduteeshirt.com\/m-37-proact\"><span class=\"blue very-small\">ProAct<\/span><\/a><\/h3>\n<p><strong> Pr\u00e9-commande du 16\/03\/26 au 23\/03\/26<\/strong><\/p>\n<p class=\"\" data-start=\"4788\" data-end=\"5105\">\ud83d\udcac <strong data-start=\"4791\" data-end=\"4819\">Exprime-toi avec style !<\/strong><strong><br \/>\nEnvie d\u2019un d\u00e9bardeur unique ? Optez pour la<\/strong><strong data-start=\"4871\" data-end=\"4895\"> personnalisation<\/strong><strong> et affiche le message qui te ressemble. Ton d\u00e9bardeur devient une pi\u00e8ce vraiment \u00e0 ton image.<\/strong><\/p>\n<p class=\"\" data-start=\"4788\" data-end=\"5105\"><strong><br \/>\n<\/strong>\ud83c\udfa8<strong> Plusieurs couleurs au choix \u2013 c\u2019est toi la styliste !<\/strong><\/p>\n<p class=\"\" data-start=\"5107\" data-end=\"5228\"><strong data-start=\"5107\" data-end=\"5124\">Composition :<\/strong><strong> 100% polyester. <\/strong><\/p>\n<p class=\"\" data-start=\"5107\" data-end=\"5228\"><strong>Tissu l\u00e9ger \u00e0 s\u00e9chage rapide. <\/strong><\/p>\n<p class=\"\" data-start=\"5107\" data-end=\"5228\"><strong>Dos nageur. <\/strong><\/p>\n<p class=\"\" data-start=\"5107\" data-end=\"5228\"><strong>Biais \u00e0 l&rsquo;encolure et aux emmanchures. <\/strong><\/p>\n<p class=\"\" data-start=\"5107\" data-end=\"5228\"><strong>Finition double aiguille au bas du v\u00eatement. <\/strong><\/p>\n<p class=\"\" data-start=\"5107\" data-end=\"5228\"><strong>Grammage :\u00a0140g\/m\u00b2<br \/>\n<\/strong><\/p>\n<p class=\"\" data-start=\"5230\" data-end=\"5369\"><strong data-start=\"5230\" data-end=\"5255\">Tailles disponibles :<\/strong><strong> XS \u00e0 XL (femme)<br \/>\n<\/strong><strong><br \/>\n<em data-start=\"5317\" data-end=\"5369\">N\u2019h\u00e9sitez pas \u00e0 consulter notre guide des tailles.<\/em><\/strong><\/p>\n<p class=\"\" data-start=\"5371\" data-end=\"5734\"><strong data-start=\"5371\" data-end=\"5397\">Conseils d\u2019entretien :<\/strong><strong><br \/>\n\u2013 Il est conseill\u00e9 pour pr\u00e9server le design de retourner votre textile.<br \/>\n\u2013 Lavage \u00e0 la main (m\u00e9thode de lavage la plus douce)<br \/>\n\u2013 En machine, optez pour un lavage \u00e0 30\u00b0C pour \u00e9viter toute d\u00e9formation.<br \/>\n\u2013 <\/strong><strong data-start=\"5606\" data-end=\"5629\">PAS de s\u00e8che-linge.<\/strong><strong><br \/>\n<em data-start=\"5632\" data-end=\"5734\">N\u2019oubliez pas de consulter l\u2019\u00e9tiquette de vos v\u00eatements, elle contient des instructions importantes.<\/em><\/strong><\/p>\n","protected":false},"featured_media":10894,"template":"","meta":{"_monsterinsights_skip_tracking":false,"_monsterinsights_sitenote_active":false,"_monsterinsights_sitenote_note":"","_monsterinsights_sitenote_category":0,"site-sidebar-layout":"default","site-content-layout":"","ast-site-content-layout":"default","site-content-style":"default","site-sidebar-style":"default","ast-global-header-display":"","ast-banner-title-visibility":"","ast-main-header-display":"","ast-hfb-above-header-display":"","ast-hfb-below-header-display":"","ast-hfb-mobile-header-display":"","site-post-title":"","ast-breadcrumbs-content":"","ast-featured-img":"","footer-sml-layout":"","ast-disable-related-posts":"","theme-transparent-header-meta":"default","adv-header-id-meta":"","stick-header-meta":"","header-above-stick-meta":"","header-main-stick-meta":"","header-below-stick-meta":"","astra-migrate-meta-layouts":"set","ast-page-background-enabled":"default","ast-page-background-meta":{"desktop":{"background-color":"var(--ast-global-color-4)","background-image":"","background-repeat":"repeat","background-position":"center center","background-size":"auto","background-attachment":"scroll","background-type":"","background-media":"","overlay-type":"","overlay-color":"","overlay-opacity":"","overlay-gradient":""},"tablet":{"background-color":"","background-image":"","background-repeat":"repeat","background-position":"center center","background-size":"auto","background-attachment":"scroll","background-type":"","background-media":"","overlay-type":"","overlay-color":"","overlay-opacity":"","overlay-gradient":""},"mobile":{"background-color":"","background-image":"","background-repeat":"repeat","background-position":"center center","background-size":"auto","background-attachment":"scroll","background-type":"","background-media":"","overlay-type":"","overlay-color":"","overlay-opacity":"","overlay-gradient":""}},"ast-content-background-meta":{"desktop":{"background-color":"var(--ast-global-color-5)","background-image":"","background-repeat":"repeat","background-position":"center center","background-size":"auto","background-attachment":"scroll","background-type":"","background-media":"","overlay-type":"","overlay-color":"","overlay-opacity":"","overlay-gradient":""},"tablet":{"background-color":"var(--ast-global-color-5)","background-image":"","background-repeat":"repeat","background-position":"center center","background-size":"auto","background-attachment":"scroll","background-type":"","background-media":"","overlay-type":"","overlay-color":"","overlay-opacity":"","overlay-gradient":""},"mobile":{"background-color":"var(--ast-global-color-5)","background-image":"","background-repeat":"repeat","background-position":"center center","background-size":"auto","background-attachment":"scroll","background-type":"","background-media":"","overlay-type":"","overlay-color":"","overlay-opacity":"","overlay-gradient":""}},"_glsr_average":0,"_glsr_ranking":0,"_glsr_reviews":0},"product_brand":[],"product_cat":[122],"product_tag":[],"class_list":{"0":"post-10863","1":"product","2":"type-product","3":"status-publish","4":"has-post-thumbnail","6":"product_cat-vetements-personnalises","7":"product_shipping_class-colissimo","8":"desktop-align-center","9":"tablet-align-left","10":"mobile-align-left","11":"fpd-variation-needed","13":"first","14":"outofstock","15":"shipping-taxable","16":"purchasable","17":"product-type-variable"},"yoast_head":"<!-- This site is optimized with the Yoast SEO plugin v27.3 - https:\/\/yoast.com\/product\/yoast-seo-wordpress\/ -->\n<title>D\u00e9bardeur sport femme -<\/title>\n<meta name=\"description\" content=\"Crop Top Femme \u00e0 personnaliser. Envie d\u2019un crop top unique ? Optez pour la personnalisation et affiche le message qui te ressemble. Ton crop top devient une pi\u00e8ce vraiment \u00e0 ton image.\" \/>\n<meta name=\"robots\" content=\"index, follow, max-snippet:-1, max-image-preview:large, max-video-preview:-1\" \/>\n<link rel=\"canonical\" href=\"https:\/\/flor-dessins.fr\/?product=debardeur-sport-femme\" \/>\n<meta property=\"og:locale\" content=\"fr_FR\" \/>\n<meta property=\"og:type\" content=\"article\" \/>\n<meta property=\"og:title\" content=\"D\u00e9bardeur sport femme -\" \/>\n<meta property=\"og:description\" content=\"Crop Top Femme \u00e0 personnaliser. Envie d\u2019un crop top unique ? Optez pour la personnalisation et affiche le message qui te ressemble. Ton crop top devient une pi\u00e8ce vraiment \u00e0 ton image.\" \/>\n<meta property=\"og:url\" content=\"https:\/\/flor-dessins.fr\/?product=debardeur-sport-femme\" \/>\n<meta property=\"article:modified_time\" content=\"2026-04-07T11:05:18+00:00\" \/>\n<meta property=\"og:image\" content=\"https:\/\/flor-dessins.fr\/wp-content\/uploads\/2025\/09\/Debardeur-sport-femme-ProAct.jpg\" \/>\n\t<meta property=\"og:image:width\" content=\"1478\" \/>\n\t<meta property=\"og:image:height\" content=\"1478\" \/>\n\t<meta property=\"og:image:type\" content=\"image\/jpeg\" \/>\n<meta name=\"twitter:card\" content=\"summary_large_image\" \/>\n<meta name=\"twitter:label1\" content=\"Dur\u00e9e de lecture estim\u00e9e\" \/>\n\t<meta name=\"twitter:data1\" content=\"1 minute\" \/>\n<script type=\"application\/ld+json\" class=\"yoast-schema-graph\">{\"@context\":\"https:\\\/\\\/schema.org\",\"@graph\":[{\"@type\":\"WebPage\",\"@id\":\"https:\\\/\\\/flor-dessins.fr\\\/?product=debardeur-sport-femme\",\"url\":\"https:\\\/\\\/flor-dessins.fr\\\/?product=debardeur-sport-femme\",\"name\":\"D\u00e9bardeur sport femme -\",\"isPartOf\":{\"@id\":\"https:\\\/\\\/flor-dessins.fr\\\/#website\"},\"primaryImageOfPage\":{\"@id\":\"https:\\\/\\\/flor-dessins.fr\\\/?product=debardeur-sport-femme#primaryimage\"},\"image\":{\"@id\":\"https:\\\/\\\/flor-dessins.fr\\\/?product=debardeur-sport-femme#primaryimage\"},\"thumbnailUrl\":\"https:\\\/\\\/flor-dessins.fr\\\/wp-content\\\/uploads\\\/2025\\\/09\\\/Debardeur-sport-femme-ProAct.jpg\",\"datePublished\":\"2025-09-22T16:12:50+00:00\",\"dateModified\":\"2026-04-07T11:05:18+00:00\",\"description\":\"Crop Top Femme \u00e0 personnaliser. Envie d\u2019un crop top unique ? Optez pour la personnalisation et affiche le message qui te ressemble. Ton crop top devient une pi\u00e8ce vraiment \u00e0 ton image.\",\"breadcrumb\":{\"@id\":\"https:\\\/\\\/flor-dessins.fr\\\/?product=debardeur-sport-femme#breadcrumb\"},\"inLanguage\":\"fr-FR\",\"potentialAction\":[{\"@type\":\"ReadAction\",\"target\":[\"https:\\\/\\\/flor-dessins.fr\\\/?product=debardeur-sport-femme\"]}]},{\"@type\":\"ImageObject\",\"inLanguage\":\"fr-FR\",\"@id\":\"https:\\\/\\\/flor-dessins.fr\\\/?product=debardeur-sport-femme#primaryimage\",\"url\":\"https:\\\/\\\/flor-dessins.fr\\\/wp-content\\\/uploads\\\/2025\\\/09\\\/Debardeur-sport-femme-ProAct.jpg\",\"contentUrl\":\"https:\\\/\\\/flor-dessins.fr\\\/wp-content\\\/uploads\\\/2025\\\/09\\\/Debardeur-sport-femme-ProAct.jpg\",\"width\":1478,\"height\":1478,\"caption\":\"D\u00e9bardeur sport femme ProAct\"},{\"@type\":\"BreadcrumbList\",\"@id\":\"https:\\\/\\\/flor-dessins.fr\\\/?product=debardeur-sport-femme#breadcrumb\",\"itemListElement\":[{\"@type\":\"ListItem\",\"position\":1,\"name\":\"Accueil\",\"item\":\"https:\\\/\\\/flor-dessins.fr\\\/\"},{\"@type\":\"ListItem\",\"position\":2,\"name\":\"Boutique\",\"item\":\"https:\\\/\\\/flor-dessins.fr\\\/?page_id=5\"},{\"@type\":\"ListItem\",\"position\":3,\"name\":\"D\u00e9bardeur sport femme\"}]},{\"@type\":\"WebSite\",\"@id\":\"https:\\\/\\\/flor-dessins.fr\\\/#website\",\"url\":\"https:\\\/\\\/flor-dessins.fr\\\/\",\"name\":\"\",\"description\":\"LA COULEUR DE VOS SOUVENIRS\",\"potentialAction\":[{\"@type\":\"SearchAction\",\"target\":{\"@type\":\"EntryPoint\",\"urlTemplate\":\"https:\\\/\\\/flor-dessins.fr\\\/?s={search_term_string}\"},\"query-input\":{\"@type\":\"PropertyValueSpecification\",\"valueRequired\":true,\"valueName\":\"search_term_string\"}}],\"inLanguage\":\"fr-FR\"}]}<\/script>\n<!-- \/ Yoast SEO plugin. -->","yoast_head_json":{"title":"D\u00e9bardeur sport femme -","description":"Crop Top Femme \u00e0 personnaliser. Envie d\u2019un crop top unique ? Optez pour la personnalisation et affiche le message qui te ressemble. Ton crop top devient une pi\u00e8ce vraiment \u00e0 ton image.","robots":{"index":"index","follow":"follow","max-snippet":"max-snippet:-1","max-image-preview":"max-image-preview:large","max-video-preview":"max-video-preview:-1"},"canonical":"https:\/\/flor-dessins.fr\/?product=debardeur-sport-femme","og_locale":"fr_FR","og_type":"article","og_title":"D\u00e9bardeur sport femme -","og_description":"Crop Top Femme \u00e0 personnaliser. Envie d\u2019un crop top unique ? Optez pour la personnalisation et affiche le message qui te ressemble. Ton crop top devient une pi\u00e8ce vraiment \u00e0 ton image.","og_url":"https:\/\/flor-dessins.fr\/?product=debardeur-sport-femme","article_modified_time":"2026-04-07T11:05:18+00:00","og_image":[{"width":1478,"height":1478,"url":"https:\/\/flor-dessins.fr\/wp-content\/uploads\/2025\/09\/Debardeur-sport-femme-ProAct.jpg","type":"image\/jpeg"}],"twitter_card":"summary_large_image","twitter_misc":{"Dur\u00e9e de lecture estim\u00e9e":"1 minute"},"schema":{"@context":"https:\/\/schema.org","@graph":[{"@type":"WebPage","@id":"https:\/\/flor-dessins.fr\/?product=debardeur-sport-femme","url":"https:\/\/flor-dessins.fr\/?product=debardeur-sport-femme","name":"D\u00e9bardeur sport femme -","isPartOf":{"@id":"https:\/\/flor-dessins.fr\/#website"},"primaryImageOfPage":{"@id":"https:\/\/flor-dessins.fr\/?product=debardeur-sport-femme#primaryimage"},"image":{"@id":"https:\/\/flor-dessins.fr\/?product=debardeur-sport-femme#primaryimage"},"thumbnailUrl":"https:\/\/flor-dessins.fr\/wp-content\/uploads\/2025\/09\/Debardeur-sport-femme-ProAct.jpg","datePublished":"2025-09-22T16:12:50+00:00","dateModified":"2026-04-07T11:05:18+00:00","description":"Crop Top Femme \u00e0 personnaliser. Envie d\u2019un crop top unique ? Optez pour la personnalisation et affiche le message qui te ressemble. Ton crop top devient une pi\u00e8ce vraiment \u00e0 ton image.","breadcrumb":{"@id":"https:\/\/flor-dessins.fr\/?product=debardeur-sport-femme#breadcrumb"},"inLanguage":"fr-FR","potentialAction":[{"@type":"ReadAction","target":["https:\/\/flor-dessins.fr\/?product=debardeur-sport-femme"]}]},{"@type":"ImageObject","inLanguage":"fr-FR","@id":"https:\/\/flor-dessins.fr\/?product=debardeur-sport-femme#primaryimage","url":"https:\/\/flor-dessins.fr\/wp-content\/uploads\/2025\/09\/Debardeur-sport-femme-ProAct.jpg","contentUrl":"https:\/\/flor-dessins.fr\/wp-content\/uploads\/2025\/09\/Debardeur-sport-femme-ProAct.jpg","width":1478,"height":1478,"caption":"D\u00e9bardeur sport femme ProAct"},{"@type":"BreadcrumbList","@id":"https:\/\/flor-dessins.fr\/?product=debardeur-sport-femme#breadcrumb","itemListElement":[{"@type":"ListItem","position":1,"name":"Accueil","item":"https:\/\/flor-dessins.fr\/"},{"@type":"ListItem","position":2,"name":"Boutique","item":"https:\/\/flor-dessins.fr\/?page_id=5"},{"@type":"ListItem","position":3,"name":"D\u00e9bardeur sport femme"}]},{"@type":"WebSite","@id":"https:\/\/flor-dessins.fr\/#website","url":"https:\/\/flor-dessins.fr\/","name":"","description":"LA COULEUR DE VOS SOUVENIRS","potentialAction":[{"@type":"SearchAction","target":{"@type":"EntryPoint","urlTemplate":"https:\/\/flor-dessins.fr\/?s={search_term_string}"},"query-input":{"@type":"PropertyValueSpecification","valueRequired":true,"valueName":"search_term_string"}}],"inLanguage":"fr-FR"}]}},"jetpack_sharing_enabled":true,"_links":{"self":[{"href":"https:\/\/flor-dessins.fr\/index.php?rest_route=\/wp\/v2\/product\/10863","targetHints":{"allow":["GET"]}}],"collection":[{"href":"https:\/\/flor-dessins.fr\/index.php?rest_route=\/wp\/v2\/product"}],"about":[{"href":"https:\/\/flor-dessins.fr\/index.php?rest_route=\/wp\/v2\/types\/product"}],"wp:featuredmedia":[{"embeddable":true,"href":"https:\/\/flor-dessins.fr\/index.php?rest_route=\/wp\/v2\/media\/10894"}],"wp:attachment":[{"href":"https:\/\/flor-dessins.fr\/index.php?rest_route=%2Fwp%2Fv2%2Fmedia&parent=10863"}],"wp:term":[{"taxonomy":"product_brand","embeddable":true,"href":"https:\/\/flor-dessins.fr\/index.php?rest_route=%2Fwp%2Fv2%2Fproduct_brand&post=10863"},{"taxonomy":"product_cat","embeddable":true,"href":"https:\/\/flor-dessins.fr\/index.php?rest_route=%2Fwp%2Fv2%2Fproduct_cat&post=10863"},{"taxonomy":"product_tag","embeddable":true,"href":"https:\/\/flor-dessins.fr\/index.php?rest_route=%2Fwp%2Fv2%2Fproduct_tag&post=10863"}],"curies":[{"name":"wp","href":"https:\/\/api.w.org\/{rel}","templated":true}]}}