{"id":11226,"date":"2025-09-23T11:31:36","date_gmt":"2025-09-23T11:31:36","guid":{"rendered":"https:\/\/flor-dessins.fr\/?post_type=product&#038;p=11226"},"modified":"2026-04-07T17:51:08","modified_gmt":"2026-04-07T17:51:08","slug":"totbag-personnalisable","status":"publish","type":"product","link":"https:\/\/flor-dessins.fr\/?product=totbag-personnalisable","title":{"rendered":"Totebag personnalisable"},"content":{"rendered":"<p><strong>DISPONIBLE SEULEMENT COULEUR : beige naturel ! <\/strong><\/p>\n<p><strong>Ce sac est le choix optimal pour r\u00e9pondre \u00e0 votre besoin de tote-bags polyvalents en coton.<\/strong><\/p>\n<p><strong>Il se place parmi nos meilleurs ventes de sacs shopping.<\/strong><\/p>\n<p><strong>Le toteBag s&rsquo;adapte parfaitement \u00e0 diverses occasions, que ce soit pour des \u00e9v\u00e9nements promotionnels, des cadeaux d&rsquo;entreprise ou des campagnes publicitaires.<\/strong><\/p>\n<p><strong>Sa capacit\u00e9 g\u00e9n\u00e9reuse et sa robustesse en font un compagnon polyvalent pour votre groupe, tout en t\u00e9moignant de votre engagement envers des pratiques responsables.<\/strong><\/p>\n<p><strong>Les poign\u00e9es renforc\u00e9es garantissent un transport facile et confortable, m\u00eame lorsque le sac est charg\u00e9.<\/strong><\/p>\n<p><strong>En bref :<br \/>\n&#8211; 140 g\/m\u00b2<br \/>\n&#8211; 100% coton<br \/>\n&#8211; Lavage \u00e0 la main \u00e0 l&rsquo;eau ti\u00e8de uniquement<br \/>\n&#8211; Poign\u00e9e longue (70 cm)<br \/>\n&#8211; Point croix \u00e0 la poign\u00e9e pour plus de maintien<br \/>\n&#8211; Coutures repli\u00e9es pour pr\u00e9venir du r\u00e9tr\u00e9cissement<br \/>\n&#8211; Dimensions: 38 x 42 cm<br \/>\n&#8211; Convient \u00e0 la broderie, la s\u00e9rigraphie et au transfert<br \/>\n&#8211; Surface d impression: 30 x 30 cm<\/strong><\/p>\n<p><strong>Ce sac r\u00e9utilisable contribue \u00e0 r\u00e9duire l&rsquo;utilisation de sacs en plastique jetables, favorisant ainsi des pratiques plus respectueuses de l&rsquo;environnement.<\/strong><\/p>\n<p><strong>Grammage :&nbsp;140g\/m\u00b2<\/strong><\/p>\n","protected":false},"excerpt":{"rendered":"<p><strong>DISPONIBLE SEULEMENT COULEUR : beige naturel ! <\/strong><\/p>\n<p><strong>Ce sac est le choix optimal pour r\u00e9pondre \u00e0 votre besoin de tote-bags polyvalents en coton.<\/strong><\/p>\n<p><strong>Il se place parmi nos meilleurs ventes de sacs shopping.<\/strong><\/p>\n<p><strong>Le toteBag s&rsquo;adapte parfaitement \u00e0 diverses occasions, que ce soit pour des \u00e9v\u00e9nements promotionnels, des cadeaux d&rsquo;entreprise ou des campagnes publicitaires.<\/strong><\/p>\n<p><strong>Sa capacit\u00e9 g\u00e9n\u00e9reuse et sa robustesse en font un compagnon polyvalent pour votre groupe, tout en t\u00e9moignant de votre engagement envers des pratiques responsables.<\/strong><\/p>\n<p><strong>Les poign\u00e9es renforc\u00e9es garantissent un transport facile et confortable, m\u00eame lorsque le sac est charg\u00e9.<\/strong><\/p>\n<p><strong>En bref :<br \/>\n&#8211; 140 g\/m\u00b2<br \/>\n&#8211; 100% coton<br \/>\n&#8211; Lavage \u00e0 la main \u00e0 l&rsquo;eau ti\u00e8de uniquement<br \/>\n&#8211; Poign\u00e9e longue (70 cm)<br \/>\n&#8211; Point croix \u00e0 la poign\u00e9e pour plus de maintien<br \/>\n&#8211; Coutures repli\u00e9es pour pr\u00e9venir du r\u00e9tr\u00e9cissement<br \/>\n&#8211; Dimensions: 38 x 42 cm<br \/>\n&#8211; Convient \u00e0 la broderie, la s\u00e9rigraphie et au transfert<br \/>\n&#8211; Surface d impression: 30 x 30 cm<\/strong><\/p>\n<p><strong>Ce sac r\u00e9utilisable contribue \u00e0 r\u00e9duire l&rsquo;utilisation de sacs en plastique jetables, favorisant ainsi des pratiques plus respectueuses de l&rsquo;environnement.<\/strong><\/p>\n<p><strong>Grammage :&nbsp;140g\/m\u00b2<\/strong><\/p>\n","protected":false},"featured_media":11225,"template":"","meta":{"_monsterinsights_skip_tracking":false,"_monsterinsights_sitenote_active":false,"_monsterinsights_sitenote_note":"","_monsterinsights_sitenote_category":0,"site-sidebar-layout":"default","site-content-layout":"","ast-site-content-layout":"default","site-content-style":"default","site-sidebar-style":"default","ast-global-header-display":"","ast-banner-title-visibility":"","ast-main-header-display":"","ast-hfb-above-header-display":"","ast-hfb-below-header-display":"","ast-hfb-mobile-header-display":"","site-post-title":"","ast-breadcrumbs-content":"","ast-featured-img":"","footer-sml-layout":"","ast-disable-related-posts":"","theme-transparent-header-meta":"default","adv-header-id-meta":"","stick-header-meta":"","header-above-stick-meta":"","header-main-stick-meta":"","header-below-stick-meta":"","astra-migrate-meta-layouts":"set","ast-page-background-enabled":"default","ast-page-background-meta":{"desktop":{"background-color":"var(--ast-global-color-4)","background-image":"","background-repeat":"repeat","background-position":"center center","background-size":"auto","background-attachment":"scroll","background-type":"","background-media":"","overlay-type":"","overlay-color":"","overlay-opacity":"","overlay-gradient":""},"tablet":{"background-color":"","background-image":"","background-repeat":"repeat","background-position":"center center","background-size":"auto","background-attachment":"scroll","background-type":"","background-media":"","overlay-type":"","overlay-color":"","overlay-opacity":"","overlay-gradient":""},"mobile":{"background-color":"","background-image":"","background-repeat":"repeat","background-position":"center center","background-size":"auto","background-attachment":"scroll","background-type":"","background-media":"","overlay-type":"","overlay-color":"","overlay-opacity":"","overlay-gradient":""}},"ast-content-background-meta":{"desktop":{"background-color":"var(--ast-global-color-5)","background-image":"","background-repeat":"repeat","background-position":"center center","background-size":"auto","background-attachment":"scroll","background-type":"","background-media":"","overlay-type":"","overlay-color":"","overlay-opacity":"","overlay-gradient":""},"tablet":{"background-color":"var(--ast-global-color-5)","background-image":"","background-repeat":"repeat","background-position":"center center","background-size":"auto","background-attachment":"scroll","background-type":"","background-media":"","overlay-type":"","overlay-color":"","overlay-opacity":"","overlay-gradient":""},"mobile":{"background-color":"var(--ast-global-color-5)","background-image":"","background-repeat":"repeat","background-position":"center center","background-size":"auto","background-attachment":"scroll","background-type":"","background-media":"","overlay-type":"","overlay-color":"","overlay-opacity":"","overlay-gradient":""}},"_glsr_average":0,"_glsr_ranking":0,"_glsr_reviews":0},"product_brand":[],"product_cat":[125],"product_tag":[],"class_list":{"0":"post-11226","1":"product","2":"type-product","3":"status-publish","4":"has-post-thumbnail","6":"product_cat-sacs-pochettes-et-rangements-personnalises","7":"product_shipping_class-colissimo","8":"desktop-align-center","9":"tablet-align-left","10":"mobile-align-left","11":"fpd-variation-needed","13":"first","14":"instock","15":"shipping-taxable","16":"purchasable","17":"product-type-simple"},"yoast_head":"<!-- This site is optimized with the Yoast SEO plugin v27.3 - https:\/\/yoast.com\/product\/yoast-seo-wordpress\/ -->\n<title>Totebag personnalisable -<\/title>\n<meta name=\"robots\" content=\"index, follow, max-snippet:-1, max-image-preview:large, max-video-preview:-1\" \/>\n<link rel=\"canonical\" href=\"https:\/\/flor-dessins.fr\/?product=totbag-personnalisable\" \/>\n<meta property=\"og:locale\" content=\"fr_FR\" \/>\n<meta property=\"og:type\" content=\"article\" \/>\n<meta property=\"og:title\" content=\"Totebag personnalisable -\" \/>\n<meta property=\"og:description\" content=\"DISPONIBLE SEULEMENT COULEUR : beige naturel !  Ce sac est le choix optimal pour r\u00e9pondre \u00e0 votre besoin de tote-bags polyvalents en coton. Il se place parmi nos meilleurs ventes de sacs shopping. Le toteBag s&#039;adapte parfaitement \u00e0 diverses occasions, que ce soit pour des \u00e9v\u00e9nements promotionnels, des cadeaux d&#039;entreprise ou des campagnes publicitaires. Sa capacit\u00e9 g\u00e9n\u00e9reuse et sa robustesse en font un compagnon polyvalent pour votre groupe, tout en t\u00e9moignant de votre engagement envers des pratiques responsables. Les poign\u00e9es renforc\u00e9es garantissent un transport facile et confortable, m\u00eame lorsque le sac est charg\u00e9. En bref : - 140 g\/m\u00b2 - 100% coton - Lavage \u00e0 la main \u00e0 l&#039;eau ti\u00e8de uniquement - Poign\u00e9e longue (70 cm) - Point croix \u00e0 la poign\u00e9e pour plus de maintien - Coutures repli\u00e9es pour pr\u00e9venir du r\u00e9tr\u00e9cissement - Dimensions: 38 x 42 cm - Convient \u00e0 la broderie, la s\u00e9rigraphie et au transfert - Surface d impression: 30 x 30 cm Ce sac r\u00e9utilisable contribue \u00e0 r\u00e9duire l&#039;utilisation de sacs en plastique jetables, favorisant ainsi des pratiques plus respectueuses de l&#039;environnement. Grammage :&nbsp;140g\/m\u00b2\" \/>\n<meta property=\"og:url\" content=\"https:\/\/flor-dessins.fr\/?product=totbag-personnalisable\" \/>\n<meta property=\"article:modified_time\" content=\"2026-04-07T17:51:08+00:00\" \/>\n<meta property=\"og:image\" content=\"https:\/\/flor-dessins.fr\/wp-content\/uploads\/2025\/09\/image-produit-4.jpg\" \/>\n\t<meta property=\"og:image:width\" content=\"1478\" \/>\n\t<meta property=\"og:image:height\" content=\"1478\" \/>\n\t<meta property=\"og:image:type\" content=\"image\/jpeg\" \/>\n<meta name=\"twitter:card\" content=\"summary_large_image\" \/>\n<meta name=\"twitter:label1\" content=\"Dur\u00e9e de lecture estim\u00e9e\" \/>\n\t<meta name=\"twitter:data1\" content=\"2 minutes\" \/>\n<script type=\"application\/ld+json\" class=\"yoast-schema-graph\">{\"@context\":\"https:\\\/\\\/schema.org\",\"@graph\":[{\"@type\":\"WebPage\",\"@id\":\"https:\\\/\\\/flor-dessins.fr\\\/?product=totbag-personnalisable\",\"url\":\"https:\\\/\\\/flor-dessins.fr\\\/?product=totbag-personnalisable\",\"name\":\"Totebag personnalisable -\",\"isPartOf\":{\"@id\":\"https:\\\/\\\/flor-dessins.fr\\\/#website\"},\"primaryImageOfPage\":{\"@id\":\"https:\\\/\\\/flor-dessins.fr\\\/?product=totbag-personnalisable#primaryimage\"},\"image\":{\"@id\":\"https:\\\/\\\/flor-dessins.fr\\\/?product=totbag-personnalisable#primaryimage\"},\"thumbnailUrl\":\"https:\\\/\\\/flor-dessins.fr\\\/wp-content\\\/uploads\\\/2025\\\/09\\\/image-produit-4.jpg\",\"datePublished\":\"2025-09-23T11:31:36+00:00\",\"dateModified\":\"2026-04-07T17:51:08+00:00\",\"breadcrumb\":{\"@id\":\"https:\\\/\\\/flor-dessins.fr\\\/?product=totbag-personnalisable#breadcrumb\"},\"inLanguage\":\"fr-FR\",\"potentialAction\":[{\"@type\":\"ReadAction\",\"target\":[\"https:\\\/\\\/flor-dessins.fr\\\/?product=totbag-personnalisable\"]}]},{\"@type\":\"ImageObject\",\"inLanguage\":\"fr-FR\",\"@id\":\"https:\\\/\\\/flor-dessins.fr\\\/?product=totbag-personnalisable#primaryimage\",\"url\":\"https:\\\/\\\/flor-dessins.fr\\\/wp-content\\\/uploads\\\/2025\\\/09\\\/image-produit-4.jpg\",\"contentUrl\":\"https:\\\/\\\/flor-dessins.fr\\\/wp-content\\\/uploads\\\/2025\\\/09\\\/image-produit-4.jpg\",\"width\":1478,\"height\":1478},{\"@type\":\"BreadcrumbList\",\"@id\":\"https:\\\/\\\/flor-dessins.fr\\\/?product=totbag-personnalisable#breadcrumb\",\"itemListElement\":[{\"@type\":\"ListItem\",\"position\":1,\"name\":\"Accueil\",\"item\":\"https:\\\/\\\/flor-dessins.fr\\\/\"},{\"@type\":\"ListItem\",\"position\":2,\"name\":\"Boutique\",\"item\":\"https:\\\/\\\/flor-dessins.fr\\\/?page_id=5\"},{\"@type\":\"ListItem\",\"position\":3,\"name\":\"Totebag personnalisable\"}]},{\"@type\":\"WebSite\",\"@id\":\"https:\\\/\\\/flor-dessins.fr\\\/#website\",\"url\":\"https:\\\/\\\/flor-dessins.fr\\\/\",\"name\":\"\",\"description\":\"LA COULEUR DE VOS SOUVENIRS\",\"potentialAction\":[{\"@type\":\"SearchAction\",\"target\":{\"@type\":\"EntryPoint\",\"urlTemplate\":\"https:\\\/\\\/flor-dessins.fr\\\/?s={search_term_string}\"},\"query-input\":{\"@type\":\"PropertyValueSpecification\",\"valueRequired\":true,\"valueName\":\"search_term_string\"}}],\"inLanguage\":\"fr-FR\"}]}<\/script>\n<!-- \/ Yoast SEO plugin. -->","yoast_head_json":{"title":"Totebag personnalisable -","robots":{"index":"index","follow":"follow","max-snippet":"max-snippet:-1","max-image-preview":"max-image-preview:large","max-video-preview":"max-video-preview:-1"},"canonical":"https:\/\/flor-dessins.fr\/?product=totbag-personnalisable","og_locale":"fr_FR","og_type":"article","og_title":"Totebag personnalisable -","og_description":"DISPONIBLE SEULEMENT COULEUR : beige naturel !  Ce sac est le choix optimal pour r\u00e9pondre \u00e0 votre besoin de tote-bags polyvalents en coton. Il se place parmi nos meilleurs ventes de sacs shopping. Le toteBag s'adapte parfaitement \u00e0 diverses occasions, que ce soit pour des \u00e9v\u00e9nements promotionnels, des cadeaux d'entreprise ou des campagnes publicitaires. Sa capacit\u00e9 g\u00e9n\u00e9reuse et sa robustesse en font un compagnon polyvalent pour votre groupe, tout en t\u00e9moignant de votre engagement envers des pratiques responsables. Les poign\u00e9es renforc\u00e9es garantissent un transport facile et confortable, m\u00eame lorsque le sac est charg\u00e9. En bref : - 140 g\/m\u00b2 - 100% coton - Lavage \u00e0 la main \u00e0 l'eau ti\u00e8de uniquement - Poign\u00e9e longue (70 cm) - Point croix \u00e0 la poign\u00e9e pour plus de maintien - Coutures repli\u00e9es pour pr\u00e9venir du r\u00e9tr\u00e9cissement - Dimensions: 38 x 42 cm - Convient \u00e0 la broderie, la s\u00e9rigraphie et au transfert - Surface d impression: 30 x 30 cm Ce sac r\u00e9utilisable contribue \u00e0 r\u00e9duire l'utilisation de sacs en plastique jetables, favorisant ainsi des pratiques plus respectueuses de l'environnement. Grammage :&nbsp;140g\/m\u00b2","og_url":"https:\/\/flor-dessins.fr\/?product=totbag-personnalisable","article_modified_time":"2026-04-07T17:51:08+00:00","og_image":[{"width":1478,"height":1478,"url":"https:\/\/flor-dessins.fr\/wp-content\/uploads\/2025\/09\/image-produit-4.jpg","type":"image\/jpeg"}],"twitter_card":"summary_large_image","twitter_misc":{"Dur\u00e9e de lecture estim\u00e9e":"2 minutes"},"schema":{"@context":"https:\/\/schema.org","@graph":[{"@type":"WebPage","@id":"https:\/\/flor-dessins.fr\/?product=totbag-personnalisable","url":"https:\/\/flor-dessins.fr\/?product=totbag-personnalisable","name":"Totebag personnalisable -","isPartOf":{"@id":"https:\/\/flor-dessins.fr\/#website"},"primaryImageOfPage":{"@id":"https:\/\/flor-dessins.fr\/?product=totbag-personnalisable#primaryimage"},"image":{"@id":"https:\/\/flor-dessins.fr\/?product=totbag-personnalisable#primaryimage"},"thumbnailUrl":"https:\/\/flor-dessins.fr\/wp-content\/uploads\/2025\/09\/image-produit-4.jpg","datePublished":"2025-09-23T11:31:36+00:00","dateModified":"2026-04-07T17:51:08+00:00","breadcrumb":{"@id":"https:\/\/flor-dessins.fr\/?product=totbag-personnalisable#breadcrumb"},"inLanguage":"fr-FR","potentialAction":[{"@type":"ReadAction","target":["https:\/\/flor-dessins.fr\/?product=totbag-personnalisable"]}]},{"@type":"ImageObject","inLanguage":"fr-FR","@id":"https:\/\/flor-dessins.fr\/?product=totbag-personnalisable#primaryimage","url":"https:\/\/flor-dessins.fr\/wp-content\/uploads\/2025\/09\/image-produit-4.jpg","contentUrl":"https:\/\/flor-dessins.fr\/wp-content\/uploads\/2025\/09\/image-produit-4.jpg","width":1478,"height":1478},{"@type":"BreadcrumbList","@id":"https:\/\/flor-dessins.fr\/?product=totbag-personnalisable#breadcrumb","itemListElement":[{"@type":"ListItem","position":1,"name":"Accueil","item":"https:\/\/flor-dessins.fr\/"},{"@type":"ListItem","position":2,"name":"Boutique","item":"https:\/\/flor-dessins.fr\/?page_id=5"},{"@type":"ListItem","position":3,"name":"Totebag personnalisable"}]},{"@type":"WebSite","@id":"https:\/\/flor-dessins.fr\/#website","url":"https:\/\/flor-dessins.fr\/","name":"","description":"LA COULEUR DE VOS SOUVENIRS","potentialAction":[{"@type":"SearchAction","target":{"@type":"EntryPoint","urlTemplate":"https:\/\/flor-dessins.fr\/?s={search_term_string}"},"query-input":{"@type":"PropertyValueSpecification","valueRequired":true,"valueName":"search_term_string"}}],"inLanguage":"fr-FR"}]}},"jetpack_sharing_enabled":true,"_links":{"self":[{"href":"https:\/\/flor-dessins.fr\/index.php?rest_route=\/wp\/v2\/product\/11226","targetHints":{"allow":["GET"]}}],"collection":[{"href":"https:\/\/flor-dessins.fr\/index.php?rest_route=\/wp\/v2\/product"}],"about":[{"href":"https:\/\/flor-dessins.fr\/index.php?rest_route=\/wp\/v2\/types\/product"}],"wp:featuredmedia":[{"embeddable":true,"href":"https:\/\/flor-dessins.fr\/index.php?rest_route=\/wp\/v2\/media\/11225"}],"wp:attachment":[{"href":"https:\/\/flor-dessins.fr\/index.php?rest_route=%2Fwp%2Fv2%2Fmedia&parent=11226"}],"wp:term":[{"taxonomy":"product_brand","embeddable":true,"href":"https:\/\/flor-dessins.fr\/index.php?rest_route=%2Fwp%2Fv2%2Fproduct_brand&post=11226"},{"taxonomy":"product_cat","embeddable":true,"href":"https:\/\/flor-dessins.fr\/index.php?rest_route=%2Fwp%2Fv2%2Fproduct_cat&post=11226"},{"taxonomy":"product_tag","embeddable":true,"href":"https:\/\/flor-dessins.fr\/index.php?rest_route=%2Fwp%2Fv2%2Fproduct_tag&post=11226"}],"curies":[{"name":"wp","href":"https:\/\/api.w.org\/{rel}","templated":true}]}}