{"id":11836,"date":"2026-02-14T21:20:22","date_gmt":"2026-02-14T21:20:22","guid":{"rendered":"https:\/\/flor-dessins.fr\/?post_type=product&#038;p=11836"},"modified":"2026-04-07T17:46:17","modified_gmt":"2026-04-07T17:46:17","slug":"tablier-de-cuisine","status":"publish","type":"product","link":"https:\/\/flor-dessins.fr\/?product=tablier-de-cuisine","title":{"rendered":"Tablier de cuisine"},"content":{"rendered":"<p><strong data-start=\"70\" data-end=\"110\"><img decoding=\"async\" class=\"emoji\" role=\"img\" src=\"https:\/\/s.w.org\/images\/core\/emoji\/17.0.2\/svg\/1f4ac.svg\" alt=\"\ud83d\udcac\" \/>\u00a0Exprime-toi avec style !<br \/>\nEnvie d\u2019un tablier unique ? Optez pour la personnalisation et affiche le message qui te ressemble. Ton tablier devient une pi\u00e8ce vraiment \u00e0 ton image.<\/strong><br \/>\nCe tablier est disponible dans une palette de couleurs vari\u00e9es, il combine \u00e0 la perfection style et fonctionnalit\u00e9, offrant une solution raffin\u00e9e pour pr\u00e9server vos v\u00eatements tout en restant op\u00e9rationnel.<br \/>\nSa longueur sous genoux assure une protection optimale contre les \u00e9claboussures et les salissures.<br \/>\nFacile \u00e0 ajuster, le tablier se noue \u00e0 l&rsquo;arri\u00e8re gr\u00e2ce \u00e0 deux lani\u00e8res, assurant un maintien s\u00fbr et personnalis\u00e9.<br \/>\nL&rsquo;encolure droite conf\u00e8re une allure professionnelle.<br \/>\nFabriqu\u00e9 \u00e0 partir de coton non bross\u00e9 \u00e0 100%. Grammage :\u00a0180g\/m\u00b2<\/p>\n","protected":false},"excerpt":{"rendered":"<p><strong data-start=\"70\" data-end=\"110\"><img decoding=\"async\" class=\"emoji\" role=\"img\" src=\"https:\/\/s.w.org\/images\/core\/emoji\/17.0.2\/svg\/1f4ac.svg\" alt=\"\ud83d\udcac\" \/>\u00a0Exprime-toi avec style !<br \/>\nEnvie d\u2019un tablier unique ? Optez pour la personnalisation et affiche le message qui te ressemble. Ton tablier devient une pi\u00e8ce vraiment \u00e0 ton image.<\/strong><br \/>\nCe tablier est disponible dans une palette de couleurs vari\u00e9es, il combine \u00e0 la perfection style et fonctionnalit\u00e9, offrant une solution raffin\u00e9e pour pr\u00e9server vos v\u00eatements tout en restant op\u00e9rationnel.<br \/>\nSa longueur sous genoux assure une protection optimale contre les \u00e9claboussures et les salissures.<br \/>\nFacile \u00e0 ajuster, le tablier se noue \u00e0 l&rsquo;arri\u00e8re gr\u00e2ce \u00e0 deux lani\u00e8res, assurant un maintien s\u00fbr et personnalis\u00e9.<br \/>\nL&rsquo;encolure droite conf\u00e8re une allure professionnelle.<br \/>\nFabriqu\u00e9 \u00e0 partir de coton non bross\u00e9 \u00e0 100%. Grammage :\u00a0180g\/m\u00b2<\/p>\n","protected":false},"featured_media":11928,"template":"","meta":{"_monsterinsights_skip_tracking":false,"_monsterinsights_sitenote_active":false,"_monsterinsights_sitenote_note":"","_monsterinsights_sitenote_category":0,"site-sidebar-layout":"default","site-content-layout":"","ast-site-content-layout":"default","site-content-style":"default","site-sidebar-style":"default","ast-global-header-display":"","ast-banner-title-visibility":"","ast-main-header-display":"","ast-hfb-above-header-display":"","ast-hfb-below-header-display":"","ast-hfb-mobile-header-display":"","site-post-title":"","ast-breadcrumbs-content":"","ast-featured-img":"","footer-sml-layout":"","ast-disable-related-posts":"","theme-transparent-header-meta":"default","adv-header-id-meta":"","stick-header-meta":"","header-above-stick-meta":"","header-main-stick-meta":"","header-below-stick-meta":"","astra-migrate-meta-layouts":"set","ast-page-background-enabled":"default","ast-page-background-meta":{"desktop":{"background-color":"var(--ast-global-color-4)","background-image":"","background-repeat":"repeat","background-position":"center center","background-size":"auto","background-attachment":"scroll","background-type":"","background-media":"","overlay-type":"","overlay-color":"","overlay-opacity":"","overlay-gradient":""},"tablet":{"background-color":"","background-image":"","background-repeat":"repeat","background-position":"center center","background-size":"auto","background-attachment":"scroll","background-type":"","background-media":"","overlay-type":"","overlay-color":"","overlay-opacity":"","overlay-gradient":""},"mobile":{"background-color":"","background-image":"","background-repeat":"repeat","background-position":"center center","background-size":"auto","background-attachment":"scroll","background-type":"","background-media":"","overlay-type":"","overlay-color":"","overlay-opacity":"","overlay-gradient":""}},"ast-content-background-meta":{"desktop":{"background-color":"var(--ast-global-color-5)","background-image":"","background-repeat":"repeat","background-position":"center center","background-size":"auto","background-attachment":"scroll","background-type":"","background-media":"","overlay-type":"","overlay-color":"","overlay-opacity":"","overlay-gradient":""},"tablet":{"background-color":"var(--ast-global-color-5)","background-image":"","background-repeat":"repeat","background-position":"center center","background-size":"auto","background-attachment":"scroll","background-type":"","background-media":"","overlay-type":"","overlay-color":"","overlay-opacity":"","overlay-gradient":""},"mobile":{"background-color":"var(--ast-global-color-5)","background-image":"","background-repeat":"repeat","background-position":"center center","background-size":"auto","background-attachment":"scroll","background-type":"","background-media":"","overlay-type":"","overlay-color":"","overlay-opacity":"","overlay-gradient":""}},"_glsr_average":0,"_glsr_ranking":0,"_glsr_reviews":0},"product_brand":[],"product_cat":[180,122],"product_tag":[],"class_list":{"0":"post-11836","1":"product","2":"type-product","3":"status-publish","4":"has-post-thumbnail","6":"product_cat-a-personnaliser","7":"product_cat-vetements-personnalises","8":"product_shipping_class-colissimo","9":"desktop-align-center","10":"tablet-align-left","11":"mobile-align-left","12":"fpd-variation-needed","14":"first","15":"outofstock","16":"shipping-taxable","17":"purchasable","18":"product-type-variable"},"yoast_head":"<!-- This site is optimized with the Yoast SEO plugin v27.3 - https:\/\/yoast.com\/product\/yoast-seo-wordpress\/ -->\n<title>Tablier de cuisine -<\/title>\n<meta name=\"robots\" content=\"index, follow, max-snippet:-1, max-image-preview:large, max-video-preview:-1\" \/>\n<link rel=\"canonical\" href=\"https:\/\/flor-dessins.fr\/?product=tablier-de-cuisine\" \/>\n<meta property=\"og:locale\" content=\"fr_FR\" \/>\n<meta property=\"og:type\" content=\"article\" \/>\n<meta property=\"og:title\" content=\"Tablier de cuisine -\" \/>\n<meta property=\"og:description\" content=\"\u00a0Exprime-toi avec style ! Envie d\u2019un tablier unique ? Optez pour la personnalisation et affiche le message qui te ressemble. Ton tablier devient une pi\u00e8ce vraiment \u00e0 ton image. Ce tablier est disponible dans une palette de couleurs vari\u00e9es, il combine \u00e0 la perfection style et fonctionnalit\u00e9, offrant une solution raffin\u00e9e pour pr\u00e9server vos v\u00eatements tout en restant op\u00e9rationnel. Sa longueur sous genoux assure une protection optimale contre les \u00e9claboussures et les salissures. Facile \u00e0 ajuster, le tablier se noue \u00e0 l&#039;arri\u00e8re gr\u00e2ce \u00e0 deux lani\u00e8res, assurant un maintien s\u00fbr et personnalis\u00e9. L&#039;encolure droite conf\u00e8re une allure professionnelle. Fabriqu\u00e9 \u00e0 partir de coton non bross\u00e9 \u00e0 100%. Grammage :\u00a0180g\/m\u00b2\" \/>\n<meta property=\"og:url\" content=\"https:\/\/flor-dessins.fr\/?product=tablier-de-cuisine\" \/>\n<meta property=\"article:modified_time\" content=\"2026-04-07T17:46:17+00:00\" \/>\n<meta property=\"og:image\" content=\"https:\/\/flor-dessins.fr\/wp-content\/uploads\/2026\/02\/Sans-titre-1-9.jpg\" \/>\n\t<meta property=\"og:image:width\" content=\"2000\" \/>\n\t<meta property=\"og:image:height\" content=\"2000\" \/>\n\t<meta property=\"og:image:type\" content=\"image\/jpeg\" \/>\n<meta name=\"twitter:card\" content=\"summary_large_image\" \/>\n<meta name=\"twitter:label1\" content=\"Dur\u00e9e de lecture estim\u00e9e\" \/>\n\t<meta name=\"twitter:data1\" content=\"1 minute\" \/>\n<script type=\"application\/ld+json\" class=\"yoast-schema-graph\">{\"@context\":\"https:\\\/\\\/schema.org\",\"@graph\":[{\"@type\":\"WebPage\",\"@id\":\"https:\\\/\\\/flor-dessins.fr\\\/?product=tablier-de-cuisine\",\"url\":\"https:\\\/\\\/flor-dessins.fr\\\/?product=tablier-de-cuisine\",\"name\":\"Tablier de cuisine -\",\"isPartOf\":{\"@id\":\"https:\\\/\\\/flor-dessins.fr\\\/#website\"},\"primaryImageOfPage\":{\"@id\":\"https:\\\/\\\/flor-dessins.fr\\\/?product=tablier-de-cuisine#primaryimage\"},\"image\":{\"@id\":\"https:\\\/\\\/flor-dessins.fr\\\/?product=tablier-de-cuisine#primaryimage\"},\"thumbnailUrl\":\"https:\\\/\\\/flor-dessins.fr\\\/wp-content\\\/uploads\\\/2026\\\/02\\\/Sans-titre-1-9.jpg\",\"datePublished\":\"2026-02-14T21:20:22+00:00\",\"dateModified\":\"2026-04-07T17:46:17+00:00\",\"breadcrumb\":{\"@id\":\"https:\\\/\\\/flor-dessins.fr\\\/?product=tablier-de-cuisine#breadcrumb\"},\"inLanguage\":\"fr-FR\",\"potentialAction\":[{\"@type\":\"ReadAction\",\"target\":[\"https:\\\/\\\/flor-dessins.fr\\\/?product=tablier-de-cuisine\"]}]},{\"@type\":\"ImageObject\",\"inLanguage\":\"fr-FR\",\"@id\":\"https:\\\/\\\/flor-dessins.fr\\\/?product=tablier-de-cuisine#primaryimage\",\"url\":\"https:\\\/\\\/flor-dessins.fr\\\/wp-content\\\/uploads\\\/2026\\\/02\\\/Sans-titre-1-9.jpg\",\"contentUrl\":\"https:\\\/\\\/flor-dessins.fr\\\/wp-content\\\/uploads\\\/2026\\\/02\\\/Sans-titre-1-9.jpg\",\"width\":2000,\"height\":2000},{\"@type\":\"BreadcrumbList\",\"@id\":\"https:\\\/\\\/flor-dessins.fr\\\/?product=tablier-de-cuisine#breadcrumb\",\"itemListElement\":[{\"@type\":\"ListItem\",\"position\":1,\"name\":\"Accueil\",\"item\":\"https:\\\/\\\/flor-dessins.fr\\\/\"},{\"@type\":\"ListItem\",\"position\":2,\"name\":\"Boutique\",\"item\":\"https:\\\/\\\/flor-dessins.fr\\\/?page_id=5\"},{\"@type\":\"ListItem\",\"position\":3,\"name\":\"Tablier de cuisine\"}]},{\"@type\":\"WebSite\",\"@id\":\"https:\\\/\\\/flor-dessins.fr\\\/#website\",\"url\":\"https:\\\/\\\/flor-dessins.fr\\\/\",\"name\":\"\",\"description\":\"LA COULEUR DE VOS SOUVENIRS\",\"potentialAction\":[{\"@type\":\"SearchAction\",\"target\":{\"@type\":\"EntryPoint\",\"urlTemplate\":\"https:\\\/\\\/flor-dessins.fr\\\/?s={search_term_string}\"},\"query-input\":{\"@type\":\"PropertyValueSpecification\",\"valueRequired\":true,\"valueName\":\"search_term_string\"}}],\"inLanguage\":\"fr-FR\"}]}<\/script>\n<!-- \/ Yoast SEO plugin. -->","yoast_head_json":{"title":"Tablier de cuisine -","robots":{"index":"index","follow":"follow","max-snippet":"max-snippet:-1","max-image-preview":"max-image-preview:large","max-video-preview":"max-video-preview:-1"},"canonical":"https:\/\/flor-dessins.fr\/?product=tablier-de-cuisine","og_locale":"fr_FR","og_type":"article","og_title":"Tablier de cuisine -","og_description":"\u00a0Exprime-toi avec style ! Envie d\u2019un tablier unique ? Optez pour la personnalisation et affiche le message qui te ressemble. Ton tablier devient une pi\u00e8ce vraiment \u00e0 ton image. Ce tablier est disponible dans une palette de couleurs vari\u00e9es, il combine \u00e0 la perfection style et fonctionnalit\u00e9, offrant une solution raffin\u00e9e pour pr\u00e9server vos v\u00eatements tout en restant op\u00e9rationnel. Sa longueur sous genoux assure une protection optimale contre les \u00e9claboussures et les salissures. Facile \u00e0 ajuster, le tablier se noue \u00e0 l'arri\u00e8re gr\u00e2ce \u00e0 deux lani\u00e8res, assurant un maintien s\u00fbr et personnalis\u00e9. L'encolure droite conf\u00e8re une allure professionnelle. Fabriqu\u00e9 \u00e0 partir de coton non bross\u00e9 \u00e0 100%. Grammage :\u00a0180g\/m\u00b2","og_url":"https:\/\/flor-dessins.fr\/?product=tablier-de-cuisine","article_modified_time":"2026-04-07T17:46:17+00:00","og_image":[{"width":2000,"height":2000,"url":"https:\/\/flor-dessins.fr\/wp-content\/uploads\/2026\/02\/Sans-titre-1-9.jpg","type":"image\/jpeg"}],"twitter_card":"summary_large_image","twitter_misc":{"Dur\u00e9e de lecture estim\u00e9e":"1 minute"},"schema":{"@context":"https:\/\/schema.org","@graph":[{"@type":"WebPage","@id":"https:\/\/flor-dessins.fr\/?product=tablier-de-cuisine","url":"https:\/\/flor-dessins.fr\/?product=tablier-de-cuisine","name":"Tablier de cuisine -","isPartOf":{"@id":"https:\/\/flor-dessins.fr\/#website"},"primaryImageOfPage":{"@id":"https:\/\/flor-dessins.fr\/?product=tablier-de-cuisine#primaryimage"},"image":{"@id":"https:\/\/flor-dessins.fr\/?product=tablier-de-cuisine#primaryimage"},"thumbnailUrl":"https:\/\/flor-dessins.fr\/wp-content\/uploads\/2026\/02\/Sans-titre-1-9.jpg","datePublished":"2026-02-14T21:20:22+00:00","dateModified":"2026-04-07T17:46:17+00:00","breadcrumb":{"@id":"https:\/\/flor-dessins.fr\/?product=tablier-de-cuisine#breadcrumb"},"inLanguage":"fr-FR","potentialAction":[{"@type":"ReadAction","target":["https:\/\/flor-dessins.fr\/?product=tablier-de-cuisine"]}]},{"@type":"ImageObject","inLanguage":"fr-FR","@id":"https:\/\/flor-dessins.fr\/?product=tablier-de-cuisine#primaryimage","url":"https:\/\/flor-dessins.fr\/wp-content\/uploads\/2026\/02\/Sans-titre-1-9.jpg","contentUrl":"https:\/\/flor-dessins.fr\/wp-content\/uploads\/2026\/02\/Sans-titre-1-9.jpg","width":2000,"height":2000},{"@type":"BreadcrumbList","@id":"https:\/\/flor-dessins.fr\/?product=tablier-de-cuisine#breadcrumb","itemListElement":[{"@type":"ListItem","position":1,"name":"Accueil","item":"https:\/\/flor-dessins.fr\/"},{"@type":"ListItem","position":2,"name":"Boutique","item":"https:\/\/flor-dessins.fr\/?page_id=5"},{"@type":"ListItem","position":3,"name":"Tablier de cuisine"}]},{"@type":"WebSite","@id":"https:\/\/flor-dessins.fr\/#website","url":"https:\/\/flor-dessins.fr\/","name":"","description":"LA COULEUR DE VOS SOUVENIRS","potentialAction":[{"@type":"SearchAction","target":{"@type":"EntryPoint","urlTemplate":"https:\/\/flor-dessins.fr\/?s={search_term_string}"},"query-input":{"@type":"PropertyValueSpecification","valueRequired":true,"valueName":"search_term_string"}}],"inLanguage":"fr-FR"}]}},"jetpack_sharing_enabled":true,"_links":{"self":[{"href":"https:\/\/flor-dessins.fr\/index.php?rest_route=\/wp\/v2\/product\/11836","targetHints":{"allow":["GET"]}}],"collection":[{"href":"https:\/\/flor-dessins.fr\/index.php?rest_route=\/wp\/v2\/product"}],"about":[{"href":"https:\/\/flor-dessins.fr\/index.php?rest_route=\/wp\/v2\/types\/product"}],"wp:featuredmedia":[{"embeddable":true,"href":"https:\/\/flor-dessins.fr\/index.php?rest_route=\/wp\/v2\/media\/11928"}],"wp:attachment":[{"href":"https:\/\/flor-dessins.fr\/index.php?rest_route=%2Fwp%2Fv2%2Fmedia&parent=11836"}],"wp:term":[{"taxonomy":"product_brand","embeddable":true,"href":"https:\/\/flor-dessins.fr\/index.php?rest_route=%2Fwp%2Fv2%2Fproduct_brand&post=11836"},{"taxonomy":"product_cat","embeddable":true,"href":"https:\/\/flor-dessins.fr\/index.php?rest_route=%2Fwp%2Fv2%2Fproduct_cat&post=11836"},{"taxonomy":"product_tag","embeddable":true,"href":"https:\/\/flor-dessins.fr\/index.php?rest_route=%2Fwp%2Fv2%2Fproduct_tag&post=11836"}],"curies":[{"name":"wp","href":"https:\/\/api.w.org\/{rel}","templated":true}]}}