{"id":11843,"date":"2026-02-14T21:56:48","date_gmt":"2026-02-14T21:56:48","guid":{"rendered":"https:\/\/flor-dessins.fr\/?post_type=product&#038;p=11843"},"modified":"2026-04-07T17:41:55","modified_gmt":"2026-04-07T17:41:55","slug":"casquette-patch","status":"publish","type":"product","link":"https:\/\/flor-dessins.fr\/?product=casquette-patch","title":{"rendered":"Casquette avec patch d\u00e9tachable"},"content":{"rendered":"<p><strong data-start=\"70\" data-end=\"110\">Pr\u00e9-commande du 16\/03\/26 au 23\/03\/26<\/strong><\/p>\n<p><strong data-start=\"70\" data-end=\"110\"><img decoding=\"async\" class=\"emoji\" role=\"img\" src=\"https:\/\/s.w.org\/images\/core\/emoji\/17.0.2\/svg\/1f4ac.svg\" alt=\"\ud83d\udcac\" \/>\u00a0Exprime-toi avec style !<br \/>\nEnvie d\u2019une casquette unique ? Optez pour la personnalisation et affiche le message qui te ressemble. Ta casquette devient une pi\u00e8ce vraiment \u00e0 ton image.<\/strong><\/p>\n<p><strong>POUR LA PERSONNALISATION DE CETTE CASQUETTE + DES PATCHS SUPPLEMENTAIRES N&rsquo;HESITEZ PAS A ME CONTACTER VIA L&rsquo;ADRESSE MAIL : contact@flor-dessins.fr<\/strong><\/p>\n<p><strong data-start=\"70\" data-end=\"110\">Casquette avec patch amovible<\/strong><br data-start=\"110\" data-end=\"113\" \/>Casquette dot\u00e9e d\u2019une visi\u00e8re pr\u00e9-courb\u00e9e. Elle est \u00e9quip\u00e9e d\u2019un empi\u00e8cement arri\u00e8re avec fermeture Rip-Strip\u2122 pour un ajustement facile et pr\u00e9cis. Les \u0153illets cousus assurent une bonne ventilation.<\/p>\n<p>Taille unique &#8211; 185 g\/m\u00b2 &#8211; 100% coton serg\u00e9 &#8211; Genre : Unisexe &#8211; Visi\u00e8re fabriqu\u00e9e en poly\u00e9thyl\u00e8ne recycl\u00e9, un mat\u00e9riau l\u00e9ger, souple et r\u00e9sistant.<\/p>\n<p data-start=\"61\" data-end=\"266\">Tu peux \u00e9galement choisir d\u2019ajouter plusieurs patchs afin de cr\u00e9er une casquette unique, personnalisable \u00e0 l\u2019infini et adaptable \u00e0 chaque occasion.<br \/>\nAvec son patch amovible, cette casquette te permet de changer de style en un clin d\u2019\u0153il. Une seule casquette, plusieurs patchs : il te suffit de les interchanger pour modifier le design selon tes envies.<\/p>\n<p data-start=\"268\" data-end=\"415\" data-is-last-node=\"\" data-is-only-node=\"\">\n","protected":false},"excerpt":{"rendered":"<p><strong data-start=\"70\" data-end=\"110\">Pr\u00e9-commande du 16\/03\/26 au 23\/03\/26<\/strong><\/p>\n<p><strong data-start=\"70\" data-end=\"110\"><img decoding=\"async\" class=\"emoji\" role=\"img\" src=\"https:\/\/s.w.org\/images\/core\/emoji\/17.0.2\/svg\/1f4ac.svg\" alt=\"\ud83d\udcac\" \/>\u00a0Exprime-toi avec style !<br \/>\nEnvie d\u2019une casquette unique ? Optez pour la personnalisation et affiche le message qui te ressemble. Ta casquette devient une pi\u00e8ce vraiment \u00e0 ton image.<\/strong><\/p>\n<p><strong>POUR LA PERSONNALISATION DE CETTE CASQUETTE + DES PATCHS SUPPLEMENTAIRES N&rsquo;HESITEZ PAS A ME CONTACTER VIA L&rsquo;ADRESSE MAIL : contact@flor-dessins.fr<\/strong><\/p>\n<p><strong data-start=\"70\" data-end=\"110\">Casquette avec patch amovible<\/strong><br data-start=\"110\" data-end=\"113\" \/>Casquette dot\u00e9e d\u2019une visi\u00e8re pr\u00e9-courb\u00e9e. Elle est \u00e9quip\u00e9e d\u2019un empi\u00e8cement arri\u00e8re avec fermeture Rip-Strip\u2122 pour un ajustement facile et pr\u00e9cis. Les \u0153illets cousus assurent une bonne ventilation.<\/p>\n<p>Taille unique &#8211; 185 g\/m\u00b2 &#8211; 100% coton serg\u00e9 &#8211; Genre : Unisexe &#8211; Visi\u00e8re fabriqu\u00e9e en poly\u00e9thyl\u00e8ne recycl\u00e9, un mat\u00e9riau l\u00e9ger, souple et r\u00e9sistant.<\/p>\n<p data-start=\"61\" data-end=\"266\">Tu peux \u00e9galement choisir d\u2019ajouter plusieurs patchs afin de cr\u00e9er une casquette unique, personnalisable \u00e0 l\u2019infini et adaptable \u00e0 chaque occasion.<br \/>\nAvec son patch amovible, cette casquette te permet de changer de style en un clin d\u2019\u0153il. Une seule casquette, plusieurs patchs : il te suffit de les interchanger pour modifier le design selon tes envies.<\/p>\n<p data-start=\"268\" data-end=\"415\" data-is-last-node=\"\" data-is-only-node=\"\">\n","protected":false},"featured_media":11916,"template":"","meta":{"_monsterinsights_skip_tracking":false,"_monsterinsights_sitenote_active":false,"_monsterinsights_sitenote_note":"","_monsterinsights_sitenote_category":0,"site-sidebar-layout":"default","site-content-layout":"","ast-site-content-layout":"default","site-content-style":"default","site-sidebar-style":"default","ast-global-header-display":"","ast-banner-title-visibility":"","ast-main-header-display":"","ast-hfb-above-header-display":"","ast-hfb-below-header-display":"","ast-hfb-mobile-header-display":"","site-post-title":"","ast-breadcrumbs-content":"","ast-featured-img":"","footer-sml-layout":"","ast-disable-related-posts":"","theme-transparent-header-meta":"default","adv-header-id-meta":"","stick-header-meta":"","header-above-stick-meta":"","header-main-stick-meta":"","header-below-stick-meta":"","astra-migrate-meta-layouts":"set","ast-page-background-enabled":"default","ast-page-background-meta":{"desktop":{"background-color":"var(--ast-global-color-4)","background-image":"","background-repeat":"repeat","background-position":"center center","background-size":"auto","background-attachment":"scroll","background-type":"","background-media":"","overlay-type":"","overlay-color":"","overlay-opacity":"","overlay-gradient":""},"tablet":{"background-color":"","background-image":"","background-repeat":"repeat","background-position":"center center","background-size":"auto","background-attachment":"scroll","background-type":"","background-media":"","overlay-type":"","overlay-color":"","overlay-opacity":"","overlay-gradient":""},"mobile":{"background-color":"","background-image":"","background-repeat":"repeat","background-position":"center center","background-size":"auto","background-attachment":"scroll","background-type":"","background-media":"","overlay-type":"","overlay-color":"","overlay-opacity":"","overlay-gradient":""}},"ast-content-background-meta":{"desktop":{"background-color":"var(--ast-global-color-5)","background-image":"","background-repeat":"repeat","background-position":"center center","background-size":"auto","background-attachment":"scroll","background-type":"","background-media":"","overlay-type":"","overlay-color":"","overlay-opacity":"","overlay-gradient":""},"tablet":{"background-color":"var(--ast-global-color-5)","background-image":"","background-repeat":"repeat","background-position":"center center","background-size":"auto","background-attachment":"scroll","background-type":"","background-media":"","overlay-type":"","overlay-color":"","overlay-opacity":"","overlay-gradient":""},"mobile":{"background-color":"var(--ast-global-color-5)","background-image":"","background-repeat":"repeat","background-position":"center center","background-size":"auto","background-attachment":"scroll","background-type":"","background-media":"","overlay-type":"","overlay-color":"","overlay-opacity":"","overlay-gradient":""}},"_glsr_average":0,"_glsr_ranking":0,"_glsr_reviews":0},"product_brand":[],"product_cat":[180,122],"product_tag":[],"class_list":{"0":"post-11843","1":"product","2":"type-product","3":"status-publish","4":"has-post-thumbnail","6":"product_cat-a-personnaliser","7":"product_cat-vetements-personnalises","8":"product_shipping_class-colissimo","9":"desktop-align-center","10":"tablet-align-left","11":"mobile-align-left","12":"fpd-variation-needed","14":"first","15":"outofstock","16":"shipping-taxable","17":"purchasable","18":"product-type-variable"},"yoast_head":"<!-- This site is optimized with the Yoast SEO plugin v27.3 - https:\/\/yoast.com\/product\/yoast-seo-wordpress\/ -->\n<title>Casquette avec patch d\u00e9tachable -<\/title>\n<meta name=\"robots\" content=\"index, follow, max-snippet:-1, max-image-preview:large, max-video-preview:-1\" \/>\n<link rel=\"canonical\" href=\"https:\/\/flor-dessins.fr\/?product=casquette-patch\" \/>\n<meta property=\"og:locale\" content=\"fr_FR\" \/>\n<meta property=\"og:type\" content=\"article\" \/>\n<meta property=\"og:title\" content=\"Casquette avec patch d\u00e9tachable -\" \/>\n<meta property=\"og:description\" content=\"Pr\u00e9-commande du 16\/03\/26 au 23\/03\/26  \u00a0Exprime-toi avec style ! Envie d\u2019une casquette unique ? Optez pour la personnalisation et affiche le message qui te ressemble. Ta casquette devient une pi\u00e8ce vraiment \u00e0 ton image.  POUR LA PERSONNALISATION DE CETTE CASQUETTE + DES PATCHS SUPPLEMENTAIRES N&#039;HESITEZ PAS A ME CONTACTER VIA L&#039;ADRESSE MAIL : contact@flor-dessins.fr  Casquette avec patch amovibleCasquette dot\u00e9e d\u2019une visi\u00e8re pr\u00e9-courb\u00e9e. Elle est \u00e9quip\u00e9e d\u2019un empi\u00e8cement arri\u00e8re avec fermeture Rip-Strip\u2122 pour un ajustement facile et pr\u00e9cis. Les \u0153illets cousus assurent une bonne ventilation.  Taille unique - 185 g\/m\u00b2 - 100% coton serg\u00e9 - Genre : Unisexe - Visi\u00e8re fabriqu\u00e9e en poly\u00e9thyl\u00e8ne recycl\u00e9, un mat\u00e9riau l\u00e9ger, souple et r\u00e9sistant. Tu peux \u00e9galement choisir d\u2019ajouter plusieurs patchs afin de cr\u00e9er une casquette unique, personnalisable \u00e0 l\u2019infini et adaptable \u00e0 chaque occasion. Avec son patch amovible, cette casquette te permet de changer de style en un clin d\u2019\u0153il. Une seule casquette, plusieurs patchs : il te suffit de les interchanger pour modifier le design selon tes envies.\" \/>\n<meta property=\"og:url\" content=\"https:\/\/flor-dessins.fr\/?product=casquette-patch\" \/>\n<meta property=\"article:modified_time\" content=\"2026-04-07T17:41:55+00:00\" \/>\n<meta property=\"og:image\" content=\"https:\/\/flor-dessins.fr\/wp-content\/uploads\/2026\/02\/Sans-titre-1-1.jpg\" \/>\n\t<meta property=\"og:image:width\" content=\"2000\" \/>\n\t<meta property=\"og:image:height\" content=\"2000\" \/>\n\t<meta property=\"og:image:type\" content=\"image\/jpeg\" \/>\n<meta name=\"twitter:card\" content=\"summary_large_image\" \/>\n<meta name=\"twitter:label1\" content=\"Dur\u00e9e de lecture estim\u00e9e\" \/>\n\t<meta name=\"twitter:data1\" content=\"2 minutes\" \/>\n<script type=\"application\/ld+json\" class=\"yoast-schema-graph\">{\"@context\":\"https:\\\/\\\/schema.org\",\"@graph\":[{\"@type\":\"WebPage\",\"@id\":\"https:\\\/\\\/flor-dessins.fr\\\/?product=casquette-patch\",\"url\":\"https:\\\/\\\/flor-dessins.fr\\\/?product=casquette-patch\",\"name\":\"Casquette avec patch d\u00e9tachable -\",\"isPartOf\":{\"@id\":\"https:\\\/\\\/flor-dessins.fr\\\/#website\"},\"primaryImageOfPage\":{\"@id\":\"https:\\\/\\\/flor-dessins.fr\\\/?product=casquette-patch#primaryimage\"},\"image\":{\"@id\":\"https:\\\/\\\/flor-dessins.fr\\\/?product=casquette-patch#primaryimage\"},\"thumbnailUrl\":\"https:\\\/\\\/flor-dessins.fr\\\/wp-content\\\/uploads\\\/2026\\\/02\\\/Sans-titre-1-1.jpg\",\"datePublished\":\"2026-02-14T21:56:48+00:00\",\"dateModified\":\"2026-04-07T17:41:55+00:00\",\"breadcrumb\":{\"@id\":\"https:\\\/\\\/flor-dessins.fr\\\/?product=casquette-patch#breadcrumb\"},\"inLanguage\":\"fr-FR\",\"potentialAction\":[{\"@type\":\"ReadAction\",\"target\":[\"https:\\\/\\\/flor-dessins.fr\\\/?product=casquette-patch\"]}]},{\"@type\":\"ImageObject\",\"inLanguage\":\"fr-FR\",\"@id\":\"https:\\\/\\\/flor-dessins.fr\\\/?product=casquette-patch#primaryimage\",\"url\":\"https:\\\/\\\/flor-dessins.fr\\\/wp-content\\\/uploads\\\/2026\\\/02\\\/Sans-titre-1-1.jpg\",\"contentUrl\":\"https:\\\/\\\/flor-dessins.fr\\\/wp-content\\\/uploads\\\/2026\\\/02\\\/Sans-titre-1-1.jpg\",\"width\":2000,\"height\":2000},{\"@type\":\"BreadcrumbList\",\"@id\":\"https:\\\/\\\/flor-dessins.fr\\\/?product=casquette-patch#breadcrumb\",\"itemListElement\":[{\"@type\":\"ListItem\",\"position\":1,\"name\":\"Accueil\",\"item\":\"https:\\\/\\\/flor-dessins.fr\\\/\"},{\"@type\":\"ListItem\",\"position\":2,\"name\":\"Boutique\",\"item\":\"https:\\\/\\\/flor-dessins.fr\\\/?page_id=5\"},{\"@type\":\"ListItem\",\"position\":3,\"name\":\"Casquette avec patch d\u00e9tachable\"}]},{\"@type\":\"WebSite\",\"@id\":\"https:\\\/\\\/flor-dessins.fr\\\/#website\",\"url\":\"https:\\\/\\\/flor-dessins.fr\\\/\",\"name\":\"\",\"description\":\"LA COULEUR DE VOS SOUVENIRS\",\"potentialAction\":[{\"@type\":\"SearchAction\",\"target\":{\"@type\":\"EntryPoint\",\"urlTemplate\":\"https:\\\/\\\/flor-dessins.fr\\\/?s={search_term_string}\"},\"query-input\":{\"@type\":\"PropertyValueSpecification\",\"valueRequired\":true,\"valueName\":\"search_term_string\"}}],\"inLanguage\":\"fr-FR\"}]}<\/script>\n<!-- \/ Yoast SEO plugin. -->","yoast_head_json":{"title":"Casquette avec patch d\u00e9tachable -","robots":{"index":"index","follow":"follow","max-snippet":"max-snippet:-1","max-image-preview":"max-image-preview:large","max-video-preview":"max-video-preview:-1"},"canonical":"https:\/\/flor-dessins.fr\/?product=casquette-patch","og_locale":"fr_FR","og_type":"article","og_title":"Casquette avec patch d\u00e9tachable -","og_description":"Pr\u00e9-commande du 16\/03\/26 au 23\/03\/26  \u00a0Exprime-toi avec style ! Envie d\u2019une casquette unique ? Optez pour la personnalisation et affiche le message qui te ressemble. Ta casquette devient une pi\u00e8ce vraiment \u00e0 ton image.  POUR LA PERSONNALISATION DE CETTE CASQUETTE + DES PATCHS SUPPLEMENTAIRES N'HESITEZ PAS A ME CONTACTER VIA L'ADRESSE MAIL : contact@flor-dessins.fr  Casquette avec patch amovibleCasquette dot\u00e9e d\u2019une visi\u00e8re pr\u00e9-courb\u00e9e. Elle est \u00e9quip\u00e9e d\u2019un empi\u00e8cement arri\u00e8re avec fermeture Rip-Strip\u2122 pour un ajustement facile et pr\u00e9cis. Les \u0153illets cousus assurent une bonne ventilation.  Taille unique - 185 g\/m\u00b2 - 100% coton serg\u00e9 - Genre : Unisexe - Visi\u00e8re fabriqu\u00e9e en poly\u00e9thyl\u00e8ne recycl\u00e9, un mat\u00e9riau l\u00e9ger, souple et r\u00e9sistant. Tu peux \u00e9galement choisir d\u2019ajouter plusieurs patchs afin de cr\u00e9er une casquette unique, personnalisable \u00e0 l\u2019infini et adaptable \u00e0 chaque occasion. Avec son patch amovible, cette casquette te permet de changer de style en un clin d\u2019\u0153il. Une seule casquette, plusieurs patchs : il te suffit de les interchanger pour modifier le design selon tes envies.","og_url":"https:\/\/flor-dessins.fr\/?product=casquette-patch","article_modified_time":"2026-04-07T17:41:55+00:00","og_image":[{"width":2000,"height":2000,"url":"https:\/\/flor-dessins.fr\/wp-content\/uploads\/2026\/02\/Sans-titre-1-1.jpg","type":"image\/jpeg"}],"twitter_card":"summary_large_image","twitter_misc":{"Dur\u00e9e de lecture estim\u00e9e":"2 minutes"},"schema":{"@context":"https:\/\/schema.org","@graph":[{"@type":"WebPage","@id":"https:\/\/flor-dessins.fr\/?product=casquette-patch","url":"https:\/\/flor-dessins.fr\/?product=casquette-patch","name":"Casquette avec patch d\u00e9tachable -","isPartOf":{"@id":"https:\/\/flor-dessins.fr\/#website"},"primaryImageOfPage":{"@id":"https:\/\/flor-dessins.fr\/?product=casquette-patch#primaryimage"},"image":{"@id":"https:\/\/flor-dessins.fr\/?product=casquette-patch#primaryimage"},"thumbnailUrl":"https:\/\/flor-dessins.fr\/wp-content\/uploads\/2026\/02\/Sans-titre-1-1.jpg","datePublished":"2026-02-14T21:56:48+00:00","dateModified":"2026-04-07T17:41:55+00:00","breadcrumb":{"@id":"https:\/\/flor-dessins.fr\/?product=casquette-patch#breadcrumb"},"inLanguage":"fr-FR","potentialAction":[{"@type":"ReadAction","target":["https:\/\/flor-dessins.fr\/?product=casquette-patch"]}]},{"@type":"ImageObject","inLanguage":"fr-FR","@id":"https:\/\/flor-dessins.fr\/?product=casquette-patch#primaryimage","url":"https:\/\/flor-dessins.fr\/wp-content\/uploads\/2026\/02\/Sans-titre-1-1.jpg","contentUrl":"https:\/\/flor-dessins.fr\/wp-content\/uploads\/2026\/02\/Sans-titre-1-1.jpg","width":2000,"height":2000},{"@type":"BreadcrumbList","@id":"https:\/\/flor-dessins.fr\/?product=casquette-patch#breadcrumb","itemListElement":[{"@type":"ListItem","position":1,"name":"Accueil","item":"https:\/\/flor-dessins.fr\/"},{"@type":"ListItem","position":2,"name":"Boutique","item":"https:\/\/flor-dessins.fr\/?page_id=5"},{"@type":"ListItem","position":3,"name":"Casquette avec patch d\u00e9tachable"}]},{"@type":"WebSite","@id":"https:\/\/flor-dessins.fr\/#website","url":"https:\/\/flor-dessins.fr\/","name":"","description":"LA COULEUR DE VOS SOUVENIRS","potentialAction":[{"@type":"SearchAction","target":{"@type":"EntryPoint","urlTemplate":"https:\/\/flor-dessins.fr\/?s={search_term_string}"},"query-input":{"@type":"PropertyValueSpecification","valueRequired":true,"valueName":"search_term_string"}}],"inLanguage":"fr-FR"}]}},"jetpack_sharing_enabled":true,"_links":{"self":[{"href":"https:\/\/flor-dessins.fr\/index.php?rest_route=\/wp\/v2\/product\/11843","targetHints":{"allow":["GET"]}}],"collection":[{"href":"https:\/\/flor-dessins.fr\/index.php?rest_route=\/wp\/v2\/product"}],"about":[{"href":"https:\/\/flor-dessins.fr\/index.php?rest_route=\/wp\/v2\/types\/product"}],"wp:featuredmedia":[{"embeddable":true,"href":"https:\/\/flor-dessins.fr\/index.php?rest_route=\/wp\/v2\/media\/11916"}],"wp:attachment":[{"href":"https:\/\/flor-dessins.fr\/index.php?rest_route=%2Fwp%2Fv2%2Fmedia&parent=11843"}],"wp:term":[{"taxonomy":"product_brand","embeddable":true,"href":"https:\/\/flor-dessins.fr\/index.php?rest_route=%2Fwp%2Fv2%2Fproduct_brand&post=11843"},{"taxonomy":"product_cat","embeddable":true,"href":"https:\/\/flor-dessins.fr\/index.php?rest_route=%2Fwp%2Fv2%2Fproduct_cat&post=11843"},{"taxonomy":"product_tag","embeddable":true,"href":"https:\/\/flor-dessins.fr\/index.php?rest_route=%2Fwp%2Fv2%2Fproduct_tag&post=11843"}],"curies":[{"name":"wp","href":"https:\/\/api.w.org\/{rel}","templated":true}]}}