{"id":11864,"date":"2026-02-14T22:29:49","date_gmt":"2026-02-14T22:29:49","guid":{"rendered":"https:\/\/flor-dessins.fr\/?post_type=product&#038;p=11864"},"modified":"2026-04-07T17:44:04","modified_gmt":"2026-04-07T17:44:04","slug":"sweat-enfant","status":"publish","type":"product","link":"https:\/\/flor-dessins.fr\/?product=sweat-enfant","title":{"rendered":"Sweat-shirt enfant \u00e0 capuche"},"content":{"rendered":"<p class=\"\" data-start=\"4788\" data-end=\"5105\">Pr\u00e9-commande du 16\/03\/26 au 23\/03\/26<\/p>\n<p class=\"\" data-start=\"4788\" data-end=\"5105\"><strong data-start=\"4791\" data-end=\"4819\">Exprime-toi avec style !<\/strong><strong><br \/>\nEnvie d\u2019un sweat \u00e0 capuche pour votre enfant ? Optez pour la<\/strong><strong data-start=\"4871\" data-end=\"4895\">\u00a0personnalisation<\/strong><strong> et affiche le message qui te ressemble. Ton sweat devient une pi\u00e8ce vraiment \u00e0 ton image.<\/strong><\/p>\n<p data-start=\"4788\" data-end=\"5105\">Le sweat \u00e0 capuche enfant dispose de manches mont\u00e9es et d&rsquo;une coupe cousue. Il inclut une poche kangourou et une capuche doubl\u00e9e. Un bord c\u00f4te 1&#215;1 est pr\u00e9sent aux poignets et \u00e0 la base, ainsi qu&rsquo;une demi-lune bande propret\u00e9 jersey dans l&rsquo;encolure. La coupe est d\u00e9contract\u00e9e.<\/p>\n<p>Composition 80% coton 20% polyester recycl\u00e9. Gris chin\u00e9 73% coton 20% polyester recycl\u00e9 7% viscose.<\/p>\n<p>&#8211; Manches mont\u00e9es<br \/>\n&#8211; Bord c\u00f4te 1&#215;1 poignets, base<br \/>\n&#8211; Capuche doubl\u00e9e<br \/>\n&#8211; Poche kangourou Grammage :\u00a0280g\/m\u00b2<\/p>\n","protected":false},"excerpt":{"rendered":"<p class=\"\" data-start=\"4788\" data-end=\"5105\">Pr\u00e9-commande du 16\/03\/26 au 23\/03\/26<\/p>\n<p class=\"\" data-start=\"4788\" data-end=\"5105\"><img decoding=\"async\" class=\"emoji\" role=\"img\" src=\"https:\/\/s.w.org\/images\/core\/emoji\/17.0.2\/svg\/1f4ac.svg\" alt=\"\ud83d\udcac\" \/>\u00a0<strong data-start=\"4791\" data-end=\"4819\">Exprime-toi avec style !<\/strong><strong><br \/>\nEnvie d\u2019un sweat \u00e0 capuche pour votre enfant ? Optez pour la<\/strong><strong data-start=\"4871\" data-end=\"4895\">\u00a0personnalisation<\/strong><strong> et affiche le message qui te ressemble. Ton sweat devient une pi\u00e8ce vraiment \u00e0 ton image.<\/strong><\/p>\n<p data-start=\"4788\" data-end=\"5105\">Le sweat \u00e0 capuche enfant dispose de manches mont\u00e9es et d&rsquo;une coupe cousue. Il inclut une poche kangourou et une capuche doubl\u00e9e. Un bord c\u00f4te 1&#215;1 est pr\u00e9sent aux poignets et \u00e0 la base, ainsi qu&rsquo;une demi-lune bande propret\u00e9 jersey dans l&rsquo;encolure. La coupe est d\u00e9contract\u00e9e.<\/p>\n<p>Composition 80% coton 20% polyester recycl\u00e9. Gris chin\u00e9 73% coton 20% polyester recycl\u00e9 7% viscose.<\/p>\n<p>&#8211; Manches mont\u00e9es<br \/>\n&#8211; Bord c\u00f4te 1&#215;1 poignets, base<br \/>\n&#8211; Capuche doubl\u00e9e<br \/>\n&#8211; Poche kangourou Grammage :\u00a0280g\/m\u00b2<\/p>\n","protected":false},"featured_media":11927,"template":"","meta":{"_monsterinsights_skip_tracking":false,"_monsterinsights_sitenote_active":false,"_monsterinsights_sitenote_note":"","_monsterinsights_sitenote_category":0,"site-sidebar-layout":"default","site-content-layout":"","ast-site-content-layout":"default","site-content-style":"default","site-sidebar-style":"default","ast-global-header-display":"","ast-banner-title-visibility":"","ast-main-header-display":"","ast-hfb-above-header-display":"","ast-hfb-below-header-display":"","ast-hfb-mobile-header-display":"","site-post-title":"","ast-breadcrumbs-content":"","ast-featured-img":"","footer-sml-layout":"","ast-disable-related-posts":"","theme-transparent-header-meta":"default","adv-header-id-meta":"","stick-header-meta":"","header-above-stick-meta":"","header-main-stick-meta":"","header-below-stick-meta":"","astra-migrate-meta-layouts":"set","ast-page-background-enabled":"default","ast-page-background-meta":{"desktop":{"background-color":"var(--ast-global-color-4)","background-image":"","background-repeat":"repeat","background-position":"center center","background-size":"auto","background-attachment":"scroll","background-type":"","background-media":"","overlay-type":"","overlay-color":"","overlay-opacity":"","overlay-gradient":""},"tablet":{"background-color":"","background-image":"","background-repeat":"repeat","background-position":"center center","background-size":"auto","background-attachment":"scroll","background-type":"","background-media":"","overlay-type":"","overlay-color":"","overlay-opacity":"","overlay-gradient":""},"mobile":{"background-color":"","background-image":"","background-repeat":"repeat","background-position":"center center","background-size":"auto","background-attachment":"scroll","background-type":"","background-media":"","overlay-type":"","overlay-color":"","overlay-opacity":"","overlay-gradient":""}},"ast-content-background-meta":{"desktop":{"background-color":"var(--ast-global-color-5)","background-image":"","background-repeat":"repeat","background-position":"center center","background-size":"auto","background-attachment":"scroll","background-type":"","background-media":"","overlay-type":"","overlay-color":"","overlay-opacity":"","overlay-gradient":""},"tablet":{"background-color":"var(--ast-global-color-5)","background-image":"","background-repeat":"repeat","background-position":"center center","background-size":"auto","background-attachment":"scroll","background-type":"","background-media":"","overlay-type":"","overlay-color":"","overlay-opacity":"","overlay-gradient":""},"mobile":{"background-color":"var(--ast-global-color-5)","background-image":"","background-repeat":"repeat","background-position":"center center","background-size":"auto","background-attachment":"scroll","background-type":"","background-media":"","overlay-type":"","overlay-color":"","overlay-opacity":"","overlay-gradient":""}},"_glsr_average":0,"_glsr_ranking":0,"_glsr_reviews":0},"product_brand":[],"product_cat":[180,122],"product_tag":[],"class_list":{"0":"post-11864","1":"product","2":"type-product","3":"status-publish","4":"has-post-thumbnail","6":"product_cat-a-personnaliser","7":"product_cat-vetements-personnalises","8":"product_shipping_class-colissimo","9":"desktop-align-center","10":"tablet-align-left","11":"mobile-align-left","12":"fpd-variation-needed","14":"first","15":"outofstock","16":"shipping-taxable","17":"purchasable","18":"product-type-variable"},"yoast_head":"<!-- This site is optimized with the Yoast SEO plugin v27.3 - https:\/\/yoast.com\/product\/yoast-seo-wordpress\/ -->\n<title>Sweat-shirt enfant \u00e0 capuche -<\/title>\n<meta name=\"robots\" content=\"index, follow, max-snippet:-1, max-image-preview:large, max-video-preview:-1\" \/>\n<link rel=\"canonical\" href=\"https:\/\/flor-dessins.fr\/?product=sweat-enfant\" \/>\n<meta property=\"og:locale\" content=\"fr_FR\" \/>\n<meta property=\"og:type\" content=\"article\" \/>\n<meta property=\"og:title\" content=\"Sweat-shirt enfant \u00e0 capuche -\" \/>\n<meta property=\"og:description\" content=\"Pr\u00e9-commande du 16\/03\/26 au 23\/03\/26 \u00a0Exprime-toi avec style ! Envie d\u2019un sweat \u00e0 capuche pour votre enfant ? Optez pour la\u00a0personnalisation et affiche le message qui te ressemble. Ton sweat devient une pi\u00e8ce vraiment \u00e0 ton image. Le sweat \u00e0 capuche enfant dispose de manches mont\u00e9es et d&#039;une coupe cousue. Il inclut une poche kangourou et une capuche doubl\u00e9e. Un bord c\u00f4te 1x1 est pr\u00e9sent aux poignets et \u00e0 la base, ainsi qu&#039;une demi-lune bande propret\u00e9 jersey dans l&#039;encolure. La coupe est d\u00e9contract\u00e9e. Composition 80% coton 20% polyester recycl\u00e9. Gris chin\u00e9 73% coton 20% polyester recycl\u00e9 7% viscose.  - Manches mont\u00e9es - Bord c\u00f4te 1x1 poignets, base - Capuche doubl\u00e9e - Poche kangourou Grammage :\u00a0280g\/m\u00b2\" \/>\n<meta property=\"og:url\" content=\"https:\/\/flor-dessins.fr\/?product=sweat-enfant\" \/>\n<meta property=\"article:modified_time\" content=\"2026-04-07T17:44:04+00:00\" \/>\n<meta property=\"og:image\" content=\"https:\/\/flor-dessins.fr\/wp-content\/uploads\/2026\/02\/Sans-titre-1-8.jpg\" \/>\n\t<meta property=\"og:image:width\" content=\"2000\" \/>\n\t<meta property=\"og:image:height\" content=\"2000\" \/>\n\t<meta property=\"og:image:type\" content=\"image\/jpeg\" \/>\n<meta name=\"twitter:card\" content=\"summary_large_image\" \/>\n<meta name=\"twitter:label1\" content=\"Dur\u00e9e de lecture estim\u00e9e\" \/>\n\t<meta name=\"twitter:data1\" content=\"1 minute\" \/>\n<script type=\"application\/ld+json\" class=\"yoast-schema-graph\">{\"@context\":\"https:\\\/\\\/schema.org\",\"@graph\":[{\"@type\":\"WebPage\",\"@id\":\"https:\\\/\\\/flor-dessins.fr\\\/?product=sweat-enfant\",\"url\":\"https:\\\/\\\/flor-dessins.fr\\\/?product=sweat-enfant\",\"name\":\"Sweat-shirt enfant \u00e0 capuche -\",\"isPartOf\":{\"@id\":\"https:\\\/\\\/flor-dessins.fr\\\/#website\"},\"primaryImageOfPage\":{\"@id\":\"https:\\\/\\\/flor-dessins.fr\\\/?product=sweat-enfant#primaryimage\"},\"image\":{\"@id\":\"https:\\\/\\\/flor-dessins.fr\\\/?product=sweat-enfant#primaryimage\"},\"thumbnailUrl\":\"https:\\\/\\\/flor-dessins.fr\\\/wp-content\\\/uploads\\\/2026\\\/02\\\/Sans-titre-1-8.jpg\",\"datePublished\":\"2026-02-14T22:29:49+00:00\",\"dateModified\":\"2026-04-07T17:44:04+00:00\",\"breadcrumb\":{\"@id\":\"https:\\\/\\\/flor-dessins.fr\\\/?product=sweat-enfant#breadcrumb\"},\"inLanguage\":\"fr-FR\",\"potentialAction\":[{\"@type\":\"ReadAction\",\"target\":[\"https:\\\/\\\/flor-dessins.fr\\\/?product=sweat-enfant\"]}]},{\"@type\":\"ImageObject\",\"inLanguage\":\"fr-FR\",\"@id\":\"https:\\\/\\\/flor-dessins.fr\\\/?product=sweat-enfant#primaryimage\",\"url\":\"https:\\\/\\\/flor-dessins.fr\\\/wp-content\\\/uploads\\\/2026\\\/02\\\/Sans-titre-1-8.jpg\",\"contentUrl\":\"https:\\\/\\\/flor-dessins.fr\\\/wp-content\\\/uploads\\\/2026\\\/02\\\/Sans-titre-1-8.jpg\",\"width\":2000,\"height\":2000},{\"@type\":\"BreadcrumbList\",\"@id\":\"https:\\\/\\\/flor-dessins.fr\\\/?product=sweat-enfant#breadcrumb\",\"itemListElement\":[{\"@type\":\"ListItem\",\"position\":1,\"name\":\"Accueil\",\"item\":\"https:\\\/\\\/flor-dessins.fr\\\/\"},{\"@type\":\"ListItem\",\"position\":2,\"name\":\"Boutique\",\"item\":\"https:\\\/\\\/flor-dessins.fr\\\/?page_id=5\"},{\"@type\":\"ListItem\",\"position\":3,\"name\":\"Sweat-shirt enfant \u00e0 capuche\"}]},{\"@type\":\"WebSite\",\"@id\":\"https:\\\/\\\/flor-dessins.fr\\\/#website\",\"url\":\"https:\\\/\\\/flor-dessins.fr\\\/\",\"name\":\"\",\"description\":\"LA COULEUR DE VOS SOUVENIRS\",\"potentialAction\":[{\"@type\":\"SearchAction\",\"target\":{\"@type\":\"EntryPoint\",\"urlTemplate\":\"https:\\\/\\\/flor-dessins.fr\\\/?s={search_term_string}\"},\"query-input\":{\"@type\":\"PropertyValueSpecification\",\"valueRequired\":true,\"valueName\":\"search_term_string\"}}],\"inLanguage\":\"fr-FR\"}]}<\/script>\n<!-- \/ Yoast SEO plugin. -->","yoast_head_json":{"title":"Sweat-shirt enfant \u00e0 capuche -","robots":{"index":"index","follow":"follow","max-snippet":"max-snippet:-1","max-image-preview":"max-image-preview:large","max-video-preview":"max-video-preview:-1"},"canonical":"https:\/\/flor-dessins.fr\/?product=sweat-enfant","og_locale":"fr_FR","og_type":"article","og_title":"Sweat-shirt enfant \u00e0 capuche -","og_description":"Pr\u00e9-commande du 16\/03\/26 au 23\/03\/26 \u00a0Exprime-toi avec style ! Envie d\u2019un sweat \u00e0 capuche pour votre enfant ? Optez pour la\u00a0personnalisation et affiche le message qui te ressemble. Ton sweat devient une pi\u00e8ce vraiment \u00e0 ton image. Le sweat \u00e0 capuche enfant dispose de manches mont\u00e9es et d'une coupe cousue. Il inclut une poche kangourou et une capuche doubl\u00e9e. Un bord c\u00f4te 1x1 est pr\u00e9sent aux poignets et \u00e0 la base, ainsi qu'une demi-lune bande propret\u00e9 jersey dans l'encolure. La coupe est d\u00e9contract\u00e9e. Composition 80% coton 20% polyester recycl\u00e9. Gris chin\u00e9 73% coton 20% polyester recycl\u00e9 7% viscose.  - Manches mont\u00e9es - Bord c\u00f4te 1x1 poignets, base - Capuche doubl\u00e9e - Poche kangourou Grammage :\u00a0280g\/m\u00b2","og_url":"https:\/\/flor-dessins.fr\/?product=sweat-enfant","article_modified_time":"2026-04-07T17:44:04+00:00","og_image":[{"width":2000,"height":2000,"url":"https:\/\/flor-dessins.fr\/wp-content\/uploads\/2026\/02\/Sans-titre-1-8.jpg","type":"image\/jpeg"}],"twitter_card":"summary_large_image","twitter_misc":{"Dur\u00e9e de lecture estim\u00e9e":"1 minute"},"schema":{"@context":"https:\/\/schema.org","@graph":[{"@type":"WebPage","@id":"https:\/\/flor-dessins.fr\/?product=sweat-enfant","url":"https:\/\/flor-dessins.fr\/?product=sweat-enfant","name":"Sweat-shirt enfant \u00e0 capuche -","isPartOf":{"@id":"https:\/\/flor-dessins.fr\/#website"},"primaryImageOfPage":{"@id":"https:\/\/flor-dessins.fr\/?product=sweat-enfant#primaryimage"},"image":{"@id":"https:\/\/flor-dessins.fr\/?product=sweat-enfant#primaryimage"},"thumbnailUrl":"https:\/\/flor-dessins.fr\/wp-content\/uploads\/2026\/02\/Sans-titre-1-8.jpg","datePublished":"2026-02-14T22:29:49+00:00","dateModified":"2026-04-07T17:44:04+00:00","breadcrumb":{"@id":"https:\/\/flor-dessins.fr\/?product=sweat-enfant#breadcrumb"},"inLanguage":"fr-FR","potentialAction":[{"@type":"ReadAction","target":["https:\/\/flor-dessins.fr\/?product=sweat-enfant"]}]},{"@type":"ImageObject","inLanguage":"fr-FR","@id":"https:\/\/flor-dessins.fr\/?product=sweat-enfant#primaryimage","url":"https:\/\/flor-dessins.fr\/wp-content\/uploads\/2026\/02\/Sans-titre-1-8.jpg","contentUrl":"https:\/\/flor-dessins.fr\/wp-content\/uploads\/2026\/02\/Sans-titre-1-8.jpg","width":2000,"height":2000},{"@type":"BreadcrumbList","@id":"https:\/\/flor-dessins.fr\/?product=sweat-enfant#breadcrumb","itemListElement":[{"@type":"ListItem","position":1,"name":"Accueil","item":"https:\/\/flor-dessins.fr\/"},{"@type":"ListItem","position":2,"name":"Boutique","item":"https:\/\/flor-dessins.fr\/?page_id=5"},{"@type":"ListItem","position":3,"name":"Sweat-shirt enfant \u00e0 capuche"}]},{"@type":"WebSite","@id":"https:\/\/flor-dessins.fr\/#website","url":"https:\/\/flor-dessins.fr\/","name":"","description":"LA COULEUR DE VOS SOUVENIRS","potentialAction":[{"@type":"SearchAction","target":{"@type":"EntryPoint","urlTemplate":"https:\/\/flor-dessins.fr\/?s={search_term_string}"},"query-input":{"@type":"PropertyValueSpecification","valueRequired":true,"valueName":"search_term_string"}}],"inLanguage":"fr-FR"}]}},"jetpack_sharing_enabled":true,"_links":{"self":[{"href":"https:\/\/flor-dessins.fr\/index.php?rest_route=\/wp\/v2\/product\/11864","targetHints":{"allow":["GET"]}}],"collection":[{"href":"https:\/\/flor-dessins.fr\/index.php?rest_route=\/wp\/v2\/product"}],"about":[{"href":"https:\/\/flor-dessins.fr\/index.php?rest_route=\/wp\/v2\/types\/product"}],"wp:featuredmedia":[{"embeddable":true,"href":"https:\/\/flor-dessins.fr\/index.php?rest_route=\/wp\/v2\/media\/11927"}],"wp:attachment":[{"href":"https:\/\/flor-dessins.fr\/index.php?rest_route=%2Fwp%2Fv2%2Fmedia&parent=11864"}],"wp:term":[{"taxonomy":"product_brand","embeddable":true,"href":"https:\/\/flor-dessins.fr\/index.php?rest_route=%2Fwp%2Fv2%2Fproduct_brand&post=11864"},{"taxonomy":"product_cat","embeddable":true,"href":"https:\/\/flor-dessins.fr\/index.php?rest_route=%2Fwp%2Fv2%2Fproduct_cat&post=11864"},{"taxonomy":"product_tag","embeddable":true,"href":"https:\/\/flor-dessins.fr\/index.php?rest_route=%2Fwp%2Fv2%2Fproduct_tag&post=11864"}],"curies":[{"name":"wp","href":"https:\/\/api.w.org\/{rel}","templated":true}]}}