{"id":12269,"date":"2026-03-13T16:11:56","date_gmt":"2026-03-13T16:11:56","guid":{"rendered":"https:\/\/flor-dessins.fr\/?post_type=product&#038;p=12269"},"modified":"2026-04-07T17:47:28","modified_gmt":"2026-04-07T17:47:28","slug":"t-shirt-femme","status":"publish","type":"product","link":"https:\/\/flor-dessins.fr\/?product=t-shirt-femme","title":{"rendered":"T-shirt femme"},"content":{"rendered":"<h3 class=\"\" data-start=\"4728\" data-end=\"4787\"><strong data-start=\"4732\" data-end=\"4785\">Tee Shirt Femme<\/strong><\/h3>\n<p><strong> Pr\u00e9-commande du 16\/03\/26 au 23\/03\/26<\/strong><\/p>\n<p class=\"\" data-start=\"4788\" data-end=\"5105\"><img decoding=\"async\" class=\"emoji\" role=\"img\" src=\"https:\/\/s.w.org\/images\/core\/emoji\/17.0.2\/svg\/1f4ac.svg\" alt=\"\ud83d\udcac\" \/>\u00a0<strong data-start=\"4791\" data-end=\"4819\">Exprime-toi avec style !<\/strong><strong><br \/>\nEnvie d\u2019un tee shirt femme unique ? Optez pour la<\/strong><strong data-start=\"4871\" data-end=\"4895\">\u00a0personnalisation<\/strong><strong> et affiche le message qui te ressemble. Ton tee-shirt devient une pi\u00e8ce vraiment \u00e0 ton image.<\/strong><\/p>\n<p class=\"\" data-start=\"4788\" data-end=\"5105\"><strong><br \/>\n<\/strong><img decoding=\"async\" class=\"emoji\" role=\"img\" src=\"https:\/\/s.w.org\/images\/core\/emoji\/17.0.2\/svg\/1f3a8.svg\" alt=\"\ud83c\udfa8\" \/><strong>\u00a0Plusieurs couleurs au choix \u2013 c\u2019est toi la styliste !<\/strong><\/p>\n<p class=\"\" data-start=\"5107\" data-end=\"5228\"><strong>Composition :<\/strong><br \/>\n<strong>&#8211; Col avec bord c\u00f4te 100% coton<\/strong><br \/>\n<strong>&#8211; Col rond<\/strong><br \/>\n<strong>&#8211; Bande de propret\u00e9 au col<\/strong><br \/>\n<strong>&#8211; Coupe ajust\u00e9e<\/strong><br \/>\n<strong>&#8211; Tubulaire<\/strong><\/p>\n<p class=\"\" data-start=\"5230\" data-end=\"5369\"><strong data-start=\"5230\" data-end=\"5255\">Tailles disponibles :<\/strong><strong> Du XS au 3XL<br \/>\n<\/strong><strong><em data-start=\"5317\" data-end=\"5369\">N\u2019h\u00e9sitez pas \u00e0 consulter notre guide des tailles.<\/em><\/strong><\/p>\n<p class=\"\" data-start=\"5371\" data-end=\"5734\"><strong data-start=\"5371\" data-end=\"5397\">Conseils d\u2019entretien :<\/strong><strong><br \/>\n\u2013 Il est conseill\u00e9 pour pr\u00e9server le design de retourner votre textile.<br \/>\n\u2013 Lavage \u00e0 la main (m\u00e9thode de lavage la plus douce)<br \/>\n\u2013 En machine, optez pour un lavage \u00e0 30\u00b0C pour \u00e9viter toute d\u00e9formation.<br \/>\n\u2013\u00a0<\/strong><strong data-start=\"5606\" data-end=\"5629\">PAS de s\u00e8che-linge.<\/strong><strong><br \/>\n<em data-start=\"5632\" data-end=\"5734\">N\u2019oubliez pas de consulter l\u2019\u00e9tiquette de vos v\u00eatements, elle contient des instructions importantes.<\/em><\/strong><\/p>\n","protected":false},"excerpt":{"rendered":"<h3 class=\"\" data-start=\"4728\" data-end=\"4787\"><strong data-start=\"4732\" data-end=\"4785\">Tee Shirt Femme<\/strong><\/h3>\n<p><strong> Pr\u00e9-commande du 16\/03\/26 au 23\/03\/26<\/strong><\/p>\n<p class=\"\" data-start=\"4788\" data-end=\"5105\"><img decoding=\"async\" class=\"emoji\" role=\"img\" src=\"https:\/\/s.w.org\/images\/core\/emoji\/17.0.2\/svg\/1f4ac.svg\" alt=\"\ud83d\udcac\" \/>\u00a0<strong data-start=\"4791\" data-end=\"4819\">Exprime-toi avec style !<\/strong><strong><br \/>\nEnvie d\u2019un tee shirt femme unique ? Optez pour la<\/strong><strong data-start=\"4871\" data-end=\"4895\">\u00a0personnalisation<\/strong><strong> et affiche le message qui te ressemble. Ton tee-shirt devient une pi\u00e8ce vraiment \u00e0 ton image.<\/strong><\/p>\n<p class=\"\" data-start=\"4788\" data-end=\"5105\"><strong><br \/>\n<\/strong><img decoding=\"async\" class=\"emoji\" role=\"img\" src=\"https:\/\/s.w.org\/images\/core\/emoji\/17.0.2\/svg\/1f3a8.svg\" alt=\"\ud83c\udfa8\" \/><strong>\u00a0Plusieurs couleurs au choix \u2013 c\u2019est toi la styliste !<\/strong><\/p>\n<p class=\"\" data-start=\"5107\" data-end=\"5228\"><strong>Composition :<\/strong><br \/>\n<strong>&#8211; Col avec bord c\u00f4te 100% coton<\/strong><br \/>\n<strong>&#8211; Col rond<\/strong><br \/>\n<strong>&#8211; Bande de propret\u00e9 au col<\/strong><br \/>\n<strong>&#8211; Coupe ajust\u00e9e<\/strong><br \/>\n<strong>&#8211; Tubulaire<\/strong><\/p>\n<p class=\"\" data-start=\"5230\" data-end=\"5369\"><strong data-start=\"5230\" data-end=\"5255\">Tailles disponibles :<\/strong><strong> Du XS au 3XL<br \/>\n<\/strong><strong><em data-start=\"5317\" data-end=\"5369\">N\u2019h\u00e9sitez pas \u00e0 consulter notre guide des tailles.<\/em><\/strong><\/p>\n<p class=\"\" data-start=\"5371\" data-end=\"5734\"><strong data-start=\"5371\" data-end=\"5397\">Conseils d\u2019entretien :<\/strong><strong><br \/>\n\u2013 Il est conseill\u00e9 pour pr\u00e9server le design de retourner votre textile.<br \/>\n\u2013 Lavage \u00e0 la main (m\u00e9thode de lavage la plus douce)<br \/>\n\u2013 En machine, optez pour un lavage \u00e0 30\u00b0C pour \u00e9viter toute d\u00e9formation.<br \/>\n\u2013\u00a0<\/strong><strong data-start=\"5606\" data-end=\"5629\">PAS de s\u00e8che-linge.<\/strong><strong><br \/>\n<em data-start=\"5632\" data-end=\"5734\">N\u2019oubliez pas de consulter l\u2019\u00e9tiquette de vos v\u00eatements, elle contient des instructions importantes.<\/em><\/strong><\/p>\n","protected":false},"featured_media":12347,"template":"","meta":{"_monsterinsights_skip_tracking":false,"_monsterinsights_sitenote_active":false,"_monsterinsights_sitenote_note":"","_monsterinsights_sitenote_category":0,"site-sidebar-layout":"default","site-content-layout":"","ast-site-content-layout":"default","site-content-style":"default","site-sidebar-style":"default","ast-global-header-display":"","ast-banner-title-visibility":"","ast-main-header-display":"","ast-hfb-above-header-display":"","ast-hfb-below-header-display":"","ast-hfb-mobile-header-display":"","site-post-title":"","ast-breadcrumbs-content":"","ast-featured-img":"","footer-sml-layout":"","ast-disable-related-posts":"","theme-transparent-header-meta":"default","adv-header-id-meta":"","stick-header-meta":"","header-above-stick-meta":"","header-main-stick-meta":"","header-below-stick-meta":"","astra-migrate-meta-layouts":"set","ast-page-background-enabled":"default","ast-page-background-meta":{"desktop":{"background-color":"var(--ast-global-color-4)","background-image":"","background-repeat":"repeat","background-position":"center center","background-size":"auto","background-attachment":"scroll","background-type":"","background-media":"","overlay-type":"","overlay-color":"","overlay-opacity":"","overlay-gradient":""},"tablet":{"background-color":"","background-image":"","background-repeat":"repeat","background-position":"center center","background-size":"auto","background-attachment":"scroll","background-type":"","background-media":"","overlay-type":"","overlay-color":"","overlay-opacity":"","overlay-gradient":""},"mobile":{"background-color":"","background-image":"","background-repeat":"repeat","background-position":"center center","background-size":"auto","background-attachment":"scroll","background-type":"","background-media":"","overlay-type":"","overlay-color":"","overlay-opacity":"","overlay-gradient":""}},"ast-content-background-meta":{"desktop":{"background-color":"var(--ast-global-color-5)","background-image":"","background-repeat":"repeat","background-position":"center center","background-size":"auto","background-attachment":"scroll","background-type":"","background-media":"","overlay-type":"","overlay-color":"","overlay-opacity":"","overlay-gradient":""},"tablet":{"background-color":"var(--ast-global-color-5)","background-image":"","background-repeat":"repeat","background-position":"center center","background-size":"auto","background-attachment":"scroll","background-type":"","background-media":"","overlay-type":"","overlay-color":"","overlay-opacity":"","overlay-gradient":""},"mobile":{"background-color":"var(--ast-global-color-5)","background-image":"","background-repeat":"repeat","background-position":"center center","background-size":"auto","background-attachment":"scroll","background-type":"","background-media":"","overlay-type":"","overlay-color":"","overlay-opacity":"","overlay-gradient":""}},"_glsr_average":0,"_glsr_ranking":0,"_glsr_reviews":0},"product_brand":[],"product_cat":[180,122],"product_tag":[],"class_list":{"0":"post-12269","1":"product","2":"type-product","3":"status-publish","4":"has-post-thumbnail","6":"product_cat-a-personnaliser","7":"product_cat-vetements-personnalises","8":"product_shipping_class-colissimo","9":"desktop-align-center","10":"tablet-align-left","11":"mobile-align-left","12":"fpd-variation-needed","14":"first","15":"outofstock","16":"shipping-taxable","17":"purchasable","18":"product-type-variable"},"yoast_head":"<!-- This site is optimized with the Yoast SEO plugin v27.3 - https:\/\/yoast.com\/product\/yoast-seo-wordpress\/ -->\n<title>T-shirt femme -<\/title>\n<meta name=\"robots\" content=\"index, follow, max-snippet:-1, max-image-preview:large, max-video-preview:-1\" \/>\n<link rel=\"canonical\" href=\"https:\/\/flor-dessins.fr\/?product=t-shirt-femme\" \/>\n<meta property=\"og:locale\" content=\"fr_FR\" \/>\n<meta property=\"og:type\" content=\"article\" \/>\n<meta property=\"og:title\" content=\"T-shirt femme -\" \/>\n<meta property=\"og:description\" content=\"Tee Shirt Femme  Pr\u00e9-commande du 16\/03\/26 au 23\/03\/26 \u00a0Exprime-toi avec style ! Envie d\u2019un tee shirt femme unique ? Optez pour la\u00a0personnalisation et affiche le message qui te ressemble. Ton tee-shirt devient une pi\u00e8ce vraiment \u00e0 ton image.  \u00a0Plusieurs couleurs au choix \u2013 c\u2019est toi la styliste ! Composition : - Col avec bord c\u00f4te 100% coton - Col rond - Bande de propret\u00e9 au col - Coupe ajust\u00e9e - Tubulaire Tailles disponibles : Du XS au 3XL N\u2019h\u00e9sitez pas \u00e0 consulter notre guide des tailles. Conseils d\u2019entretien : \u2013 Il est conseill\u00e9 pour pr\u00e9server le design de retourner votre textile. \u2013 Lavage \u00e0 la main (m\u00e9thode de lavage la plus douce) \u2013 En machine, optez pour un lavage \u00e0 30\u00b0C pour \u00e9viter toute d\u00e9formation. \u2013\u00a0PAS de s\u00e8che-linge. N\u2019oubliez pas de consulter l\u2019\u00e9tiquette de vos v\u00eatements, elle contient des instructions importantes.\" \/>\n<meta property=\"og:url\" content=\"https:\/\/flor-dessins.fr\/?product=t-shirt-femme\" \/>\n<meta property=\"article:modified_time\" content=\"2026-04-07T17:47:28+00:00\" \/>\n<meta property=\"og:image\" content=\"https:\/\/flor-dessins.fr\/wp-content\/uploads\/2026\/03\/IMG_0772-1.png\" \/>\n\t<meta property=\"og:image:width\" content=\"1244\" \/>\n\t<meta property=\"og:image:height\" content=\"1232\" \/>\n\t<meta property=\"og:image:type\" content=\"image\/png\" \/>\n<meta name=\"twitter:card\" content=\"summary_large_image\" \/>\n<meta name=\"twitter:label1\" content=\"Dur\u00e9e de lecture estim\u00e9e\" \/>\n\t<meta name=\"twitter:data1\" content=\"2 minutes\" \/>\n<script type=\"application\/ld+json\" class=\"yoast-schema-graph\">{\"@context\":\"https:\\\/\\\/schema.org\",\"@graph\":[{\"@type\":\"WebPage\",\"@id\":\"https:\\\/\\\/flor-dessins.fr\\\/?product=t-shirt-femme\",\"url\":\"https:\\\/\\\/flor-dessins.fr\\\/?product=t-shirt-femme\",\"name\":\"T-shirt femme -\",\"isPartOf\":{\"@id\":\"https:\\\/\\\/flor-dessins.fr\\\/#website\"},\"primaryImageOfPage\":{\"@id\":\"https:\\\/\\\/flor-dessins.fr\\\/?product=t-shirt-femme#primaryimage\"},\"image\":{\"@id\":\"https:\\\/\\\/flor-dessins.fr\\\/?product=t-shirt-femme#primaryimage\"},\"thumbnailUrl\":\"https:\\\/\\\/flor-dessins.fr\\\/wp-content\\\/uploads\\\/2026\\\/03\\\/IMG_0772-1.png\",\"datePublished\":\"2026-03-13T16:11:56+00:00\",\"dateModified\":\"2026-04-07T17:47:28+00:00\",\"breadcrumb\":{\"@id\":\"https:\\\/\\\/flor-dessins.fr\\\/?product=t-shirt-femme#breadcrumb\"},\"inLanguage\":\"fr-FR\",\"potentialAction\":[{\"@type\":\"ReadAction\",\"target\":[\"https:\\\/\\\/flor-dessins.fr\\\/?product=t-shirt-femme\"]}]},{\"@type\":\"ImageObject\",\"inLanguage\":\"fr-FR\",\"@id\":\"https:\\\/\\\/flor-dessins.fr\\\/?product=t-shirt-femme#primaryimage\",\"url\":\"https:\\\/\\\/flor-dessins.fr\\\/wp-content\\\/uploads\\\/2026\\\/03\\\/IMG_0772-1.png\",\"contentUrl\":\"https:\\\/\\\/flor-dessins.fr\\\/wp-content\\\/uploads\\\/2026\\\/03\\\/IMG_0772-1.png\",\"width\":1244,\"height\":1232},{\"@type\":\"BreadcrumbList\",\"@id\":\"https:\\\/\\\/flor-dessins.fr\\\/?product=t-shirt-femme#breadcrumb\",\"itemListElement\":[{\"@type\":\"ListItem\",\"position\":1,\"name\":\"Accueil\",\"item\":\"https:\\\/\\\/flor-dessins.fr\\\/\"},{\"@type\":\"ListItem\",\"position\":2,\"name\":\"Boutique\",\"item\":\"https:\\\/\\\/flor-dessins.fr\\\/?page_id=5\"},{\"@type\":\"ListItem\",\"position\":3,\"name\":\"T-shirt femme\"}]},{\"@type\":\"WebSite\",\"@id\":\"https:\\\/\\\/flor-dessins.fr\\\/#website\",\"url\":\"https:\\\/\\\/flor-dessins.fr\\\/\",\"name\":\"\",\"description\":\"LA COULEUR DE VOS SOUVENIRS\",\"potentialAction\":[{\"@type\":\"SearchAction\",\"target\":{\"@type\":\"EntryPoint\",\"urlTemplate\":\"https:\\\/\\\/flor-dessins.fr\\\/?s={search_term_string}\"},\"query-input\":{\"@type\":\"PropertyValueSpecification\",\"valueRequired\":true,\"valueName\":\"search_term_string\"}}],\"inLanguage\":\"fr-FR\"}]}<\/script>\n<!-- \/ Yoast SEO plugin. -->","yoast_head_json":{"title":"T-shirt femme -","robots":{"index":"index","follow":"follow","max-snippet":"max-snippet:-1","max-image-preview":"max-image-preview:large","max-video-preview":"max-video-preview:-1"},"canonical":"https:\/\/flor-dessins.fr\/?product=t-shirt-femme","og_locale":"fr_FR","og_type":"article","og_title":"T-shirt femme -","og_description":"Tee Shirt Femme  Pr\u00e9-commande du 16\/03\/26 au 23\/03\/26 \u00a0Exprime-toi avec style ! Envie d\u2019un tee shirt femme unique ? Optez pour la\u00a0personnalisation et affiche le message qui te ressemble. Ton tee-shirt devient une pi\u00e8ce vraiment \u00e0 ton image.  \u00a0Plusieurs couleurs au choix \u2013 c\u2019est toi la styliste ! Composition : - Col avec bord c\u00f4te 100% coton - Col rond - Bande de propret\u00e9 au col - Coupe ajust\u00e9e - Tubulaire Tailles disponibles : Du XS au 3XL N\u2019h\u00e9sitez pas \u00e0 consulter notre guide des tailles. Conseils d\u2019entretien : \u2013 Il est conseill\u00e9 pour pr\u00e9server le design de retourner votre textile. \u2013 Lavage \u00e0 la main (m\u00e9thode de lavage la plus douce) \u2013 En machine, optez pour un lavage \u00e0 30\u00b0C pour \u00e9viter toute d\u00e9formation. \u2013\u00a0PAS de s\u00e8che-linge. N\u2019oubliez pas de consulter l\u2019\u00e9tiquette de vos v\u00eatements, elle contient des instructions importantes.","og_url":"https:\/\/flor-dessins.fr\/?product=t-shirt-femme","article_modified_time":"2026-04-07T17:47:28+00:00","og_image":[{"width":1244,"height":1232,"url":"https:\/\/flor-dessins.fr\/wp-content\/uploads\/2026\/03\/IMG_0772-1.png","type":"image\/png"}],"twitter_card":"summary_large_image","twitter_misc":{"Dur\u00e9e de lecture estim\u00e9e":"2 minutes"},"schema":{"@context":"https:\/\/schema.org","@graph":[{"@type":"WebPage","@id":"https:\/\/flor-dessins.fr\/?product=t-shirt-femme","url":"https:\/\/flor-dessins.fr\/?product=t-shirt-femme","name":"T-shirt femme -","isPartOf":{"@id":"https:\/\/flor-dessins.fr\/#website"},"primaryImageOfPage":{"@id":"https:\/\/flor-dessins.fr\/?product=t-shirt-femme#primaryimage"},"image":{"@id":"https:\/\/flor-dessins.fr\/?product=t-shirt-femme#primaryimage"},"thumbnailUrl":"https:\/\/flor-dessins.fr\/wp-content\/uploads\/2026\/03\/IMG_0772-1.png","datePublished":"2026-03-13T16:11:56+00:00","dateModified":"2026-04-07T17:47:28+00:00","breadcrumb":{"@id":"https:\/\/flor-dessins.fr\/?product=t-shirt-femme#breadcrumb"},"inLanguage":"fr-FR","potentialAction":[{"@type":"ReadAction","target":["https:\/\/flor-dessins.fr\/?product=t-shirt-femme"]}]},{"@type":"ImageObject","inLanguage":"fr-FR","@id":"https:\/\/flor-dessins.fr\/?product=t-shirt-femme#primaryimage","url":"https:\/\/flor-dessins.fr\/wp-content\/uploads\/2026\/03\/IMG_0772-1.png","contentUrl":"https:\/\/flor-dessins.fr\/wp-content\/uploads\/2026\/03\/IMG_0772-1.png","width":1244,"height":1232},{"@type":"BreadcrumbList","@id":"https:\/\/flor-dessins.fr\/?product=t-shirt-femme#breadcrumb","itemListElement":[{"@type":"ListItem","position":1,"name":"Accueil","item":"https:\/\/flor-dessins.fr\/"},{"@type":"ListItem","position":2,"name":"Boutique","item":"https:\/\/flor-dessins.fr\/?page_id=5"},{"@type":"ListItem","position":3,"name":"T-shirt femme"}]},{"@type":"WebSite","@id":"https:\/\/flor-dessins.fr\/#website","url":"https:\/\/flor-dessins.fr\/","name":"","description":"LA COULEUR DE VOS SOUVENIRS","potentialAction":[{"@type":"SearchAction","target":{"@type":"EntryPoint","urlTemplate":"https:\/\/flor-dessins.fr\/?s={search_term_string}"},"query-input":{"@type":"PropertyValueSpecification","valueRequired":true,"valueName":"search_term_string"}}],"inLanguage":"fr-FR"}]}},"jetpack_sharing_enabled":true,"_links":{"self":[{"href":"https:\/\/flor-dessins.fr\/index.php?rest_route=\/wp\/v2\/product\/12269","targetHints":{"allow":["GET"]}}],"collection":[{"href":"https:\/\/flor-dessins.fr\/index.php?rest_route=\/wp\/v2\/product"}],"about":[{"href":"https:\/\/flor-dessins.fr\/index.php?rest_route=\/wp\/v2\/types\/product"}],"wp:featuredmedia":[{"embeddable":true,"href":"https:\/\/flor-dessins.fr\/index.php?rest_route=\/wp\/v2\/media\/12347"}],"wp:attachment":[{"href":"https:\/\/flor-dessins.fr\/index.php?rest_route=%2Fwp%2Fv2%2Fmedia&parent=12269"}],"wp:term":[{"taxonomy":"product_brand","embeddable":true,"href":"https:\/\/flor-dessins.fr\/index.php?rest_route=%2Fwp%2Fv2%2Fproduct_brand&post=12269"},{"taxonomy":"product_cat","embeddable":true,"href":"https:\/\/flor-dessins.fr\/index.php?rest_route=%2Fwp%2Fv2%2Fproduct_cat&post=12269"},{"taxonomy":"product_tag","embeddable":true,"href":"https:\/\/flor-dessins.fr\/index.php?rest_route=%2Fwp%2Fv2%2Fproduct_tag&post=12269"}],"curies":[{"name":"wp","href":"https:\/\/api.w.org\/{rel}","templated":true}]}}