{"id":375,"date":"2023-08-06T14:34:30","date_gmt":"2023-08-06T14:34:30","guid":{"rendered":"https:\/\/flor-dessins.fr\/?post_type=product&#038;p=375"},"modified":"2026-04-07T11:06:24","modified_gmt":"2026-04-07T11:06:24","slug":"illustration-numerique-realiste","status":"publish","type":"product","link":"https:\/\/flor-dessins.fr\/?product=illustration-numerique-realiste","title":{"rendered":"Illustration : REALISTE BY FLOR"},"content":{"rendered":"<p><strong>Une illustration r\u00e9aliste est une repr\u00e9sentation qui<br \/>\ns&rsquo;efforce de ressembler autant que possible \u00e0 ce que nous percevons en r\u00e9alit\u00e9<br \/>\nen termes de d\u00e9tails, de couleurs, de textures et de proportions.<\/strong><\/p>\n<p><strong>Vous avez la possibilit\u00e9 de faire seulement la t\u00eate de votre<br \/>\nanimal ou alors \u00e9galement son corps.<\/strong><\/p>\n<p><strong>Disponible en version avec ou sans fond.<\/strong><\/p>\n<p><strong>Pour la version sans fond merci de pr\u00e9ciser la couleur souhait\u00e9e ainsi que le code couleur de cette derni\u00e8re.<\/strong><\/p>\n","protected":false},"excerpt":{"rendered":"<p><strong>Une illustration r\u00e9aliste vise \u00e0 recr\u00e9er avec pr\u00e9cision ce que nous percevons dans la r\u00e9alit\u00e9, en mettant l&rsquo;accent sur les d\u00e9tails, les couleurs, les textures et les proportions.<\/strong><\/p>\n<p><strong>Vous avez le choix entre une illustration de la t\u00eate de votre animal ou une illustration du corps entier, selon vos pr\u00e9f\u00e9rences.<\/strong><\/p>\n<p><strong>Nous proposons \u00e9galement deux options de fond : avec ou sans fond. Si vous optez pour l&rsquo;illustration sans fond, veuillez nous indiquer la couleur souhait\u00e9e ainsi que le code couleur correspondant.<\/strong><\/p>\n<p><strong>Pour cette cat\u00e9gorie d\u2019illustration, il est essentiel de nous fournir une photo de votre animal avec une luminosit\u00e9 optimale et une qualit\u00e9 exceptionnelle. Si la photo ne satisfait pas \u00e0 ces exigences, FLOR vous contactera pour obtenir une image de meilleure qualit\u00e9.<\/strong><\/p>\n<p><strong><\/strong><\/p>\n<p><strong>Pour la version sans fond merci de pr\u00e9ciser la couleur souhait\u00e9e ainsi que le code couleur de cette derni\u00e8re.<\/strong><\/p>\n<p><span><strong><br \/>\nIMPORTANT : Envoyez nous vos photos par mail \u00e0 l&rsquo;adresse suivante : contact@flor-dessins.fr (merci d&rsquo;indiquer votre num\u00e9ro de commande)<br \/>\n<\/strong><\/span><\/p>\n","protected":false},"featured_media":5956,"template":"","meta":{"_monsterinsights_skip_tracking":false,"_monsterinsights_sitenote_active":false,"_monsterinsights_sitenote_note":"","_monsterinsights_sitenote_category":0,"site-sidebar-layout":"no-sidebar","site-content-layout":"page-builder","ast-site-content-layout":"full-width-container","site-content-style":"unboxed","site-sidebar-style":"unboxed","ast-global-header-display":"","ast-banner-title-visibility":"","ast-main-header-display":"","ast-hfb-above-header-display":"","ast-hfb-below-header-display":"","ast-hfb-mobile-header-display":"","site-post-title":"disabled","ast-breadcrumbs-content":"","ast-featured-img":"disabled","footer-sml-layout":"","ast-disable-related-posts":"","theme-transparent-header-meta":"default","adv-header-id-meta":"","stick-header-meta":"","header-above-stick-meta":"","header-main-stick-meta":"","header-below-stick-meta":"","astra-migrate-meta-layouts":"set","ast-page-background-enabled":"default","ast-page-background-meta":{"desktop":{"background-color":"var(--ast-global-color-4)","background-image":"","background-repeat":"repeat","background-position":"center center","background-size":"auto","background-attachment":"scroll","background-type":"","background-media":"","overlay-type":"","overlay-color":"","overlay-opacity":"","overlay-gradient":""},"tablet":{"background-color":"","background-image":"","background-repeat":"repeat","background-position":"center center","background-size":"auto","background-attachment":"scroll","background-type":"","background-media":"","overlay-type":"","overlay-color":"","overlay-opacity":"","overlay-gradient":""},"mobile":{"background-color":"","background-image":"","background-repeat":"repeat","background-position":"center center","background-size":"auto","background-attachment":"scroll","background-type":"","background-media":"","overlay-type":"","overlay-color":"","overlay-opacity":"","overlay-gradient":""}},"ast-content-background-meta":{"desktop":{"background-color":"var(--ast-global-color-5)","background-image":"","background-repeat":"repeat","background-position":"center center","background-size":"auto","background-attachment":"scroll","background-type":"","background-media":"","overlay-type":"","overlay-color":"","overlay-opacity":"","overlay-gradient":""},"tablet":{"background-color":"var(--ast-global-color-5)","background-image":"","background-repeat":"repeat","background-position":"center center","background-size":"auto","background-attachment":"scroll","background-type":"","background-media":"","overlay-type":"","overlay-color":"","overlay-opacity":"","overlay-gradient":""},"mobile":{"background-color":"var(--ast-global-color-5)","background-image":"","background-repeat":"repeat","background-position":"center center","background-size":"auto","background-attachment":"scroll","background-type":"","background-media":"","overlay-type":"","overlay-color":"","overlay-opacity":"","overlay-gradient":""}},"_glsr_average":5,"_glsr_ranking":3.75,"_glsr_reviews":2},"product_brand":[],"product_cat":[204,23],"product_tag":[43,44,48],"class_list":{"0":"post-375","1":"product","2":"type-product","3":"status-publish","4":"has-post-thumbnail","6":"product_cat-illustration-numerique","7":"product_cat-illustrations-numerique","8":"product_tag-illustration","9":"product_tag-numerique","10":"product_tag-realiste","11":"product_shipping_class-numerique","12":"desktop-align-center","13":"tablet-align-left","14":"mobile-align-left","15":"fpd-variation-needed","17":"first","18":"instock","19":"shipping-taxable","20":"purchasable","21":"product-type-variable"},"yoast_head":"<!-- This site is optimized with the Yoast SEO plugin v27.3 - https:\/\/yoast.com\/product\/yoast-seo-wordpress\/ -->\n<title>Illustration : REALISTE BY FLOR -<\/title>\n<meta name=\"description\" content=\"Une illustration r\u00e9aliste vise \u00e0 recr\u00e9er avec pr\u00e9cision ce que nous percevons dans la r\u00e9alit\u00e9, en mettant l&#039;accent sur les d\u00e9tails, les couleurs, les textures et les proportions.Vous avez le choix entre une illustration de la t\u00eate de votre animal ou une illustration du corps entier, selon vos pr\u00e9f\u00e9rences.Nous proposons \u00e9galement deux options de fond : avec ou sans fond. Si vous optez pour l&#039;illustration sans fond, veuillez nous indiquer la couleur souhait\u00e9e ainsi que le code couleur correspondant.Pour cette cat\u00e9gorie d\u2019illustration, il est essentiel de nous fournir une photo de votre animal avec une luminosit\u00e9 optimale et une qualit\u00e9 exceptionnelle. Si la photo ne satisfait pas \u00e0 ces exigences, FLOR vous contactera pour obtenir une image de meilleure qualit\u00e9.IMPORTANT : Envoyez nous vos photos par mail \u00e0 l&#039;adresse suivante : contact@flor-dessins.fr (merci d&#039;indiquer votre num\u00e9ro de commande)\" \/>\n<meta name=\"robots\" content=\"index, follow, max-snippet:-1, max-image-preview:large, max-video-preview:-1\" \/>\n<link rel=\"canonical\" href=\"https:\/\/flor-dessins.fr\/?product=illustration-numerique-realiste\" \/>\n<meta property=\"og:locale\" content=\"fr_FR\" \/>\n<meta property=\"og:type\" content=\"article\" \/>\n<meta property=\"og:title\" content=\"Illustration : REALISTE BY FLOR -\" \/>\n<meta property=\"og:description\" content=\"Une illustration r\u00e9aliste vise \u00e0 recr\u00e9er avec pr\u00e9cision ce que nous percevons dans la r\u00e9alit\u00e9, en mettant l&#039;accent sur les d\u00e9tails, les couleurs, les textures et les proportions.Vous avez le choix entre une illustration de la t\u00eate de votre animal ou une illustration du corps entier, selon vos pr\u00e9f\u00e9rences.Nous proposons \u00e9galement deux options de fond : avec ou sans fond. Si vous optez pour l&#039;illustration sans fond, veuillez nous indiquer la couleur souhait\u00e9e ainsi que le code couleur correspondant.Pour cette cat\u00e9gorie d\u2019illustration, il est essentiel de nous fournir une photo de votre animal avec une luminosit\u00e9 optimale et une qualit\u00e9 exceptionnelle. Si la photo ne satisfait pas \u00e0 ces exigences, FLOR vous contactera pour obtenir une image de meilleure qualit\u00e9.IMPORTANT : Envoyez nous vos photos par mail \u00e0 l&#039;adresse suivante : contact@flor-dessins.fr (merci d&#039;indiquer votre num\u00e9ro de commande)\" \/>\n<meta property=\"og:url\" content=\"https:\/\/flor-dessins.fr\/?product=illustration-numerique-realiste\" \/>\n<meta property=\"article:modified_time\" content=\"2026-04-07T11:06:24+00:00\" \/>\n<meta property=\"og:image\" content=\"https:\/\/flor-dessins.fr\/wp-content\/uploads\/2023\/08\/IMG_2327-1080x1080.png\" \/>\n\t<meta property=\"og:image:width\" content=\"1080\" \/>\n\t<meta property=\"og:image:height\" content=\"1080\" \/>\n\t<meta property=\"og:image:type\" content=\"image\/png\" \/>\n<meta name=\"twitter:card\" content=\"summary_large_image\" \/>\n<meta name=\"twitter:label1\" content=\"Dur\u00e9e de lecture estim\u00e9e\" \/>\n\t<meta name=\"twitter:data1\" content=\"1 minute\" \/>\n<script type=\"application\/ld+json\" class=\"yoast-schema-graph\">{\"@context\":\"https:\\\/\\\/schema.org\",\"@graph\":[{\"@type\":\"WebPage\",\"@id\":\"https:\\\/\\\/flor-dessins.fr\\\/?product=illustration-numerique-realiste\",\"url\":\"https:\\\/\\\/flor-dessins.fr\\\/?product=illustration-numerique-realiste\",\"name\":\"Illustration : REALISTE BY FLOR -\",\"isPartOf\":{\"@id\":\"https:\\\/\\\/flor-dessins.fr\\\/#website\"},\"primaryImageOfPage\":{\"@id\":\"https:\\\/\\\/flor-dessins.fr\\\/?product=illustration-numerique-realiste#primaryimage\"},\"image\":{\"@id\":\"https:\\\/\\\/flor-dessins.fr\\\/?product=illustration-numerique-realiste#primaryimage\"},\"thumbnailUrl\":\"https:\\\/\\\/flor-dessins.fr\\\/wp-content\\\/uploads\\\/2023\\\/08\\\/IMG_2327.png\",\"datePublished\":\"2023-08-06T14:34:30+00:00\",\"dateModified\":\"2026-04-07T11:06:24+00:00\",\"description\":\"Une illustration r\u00e9aliste vise \u00e0 recr\u00e9er avec pr\u00e9cision ce que nous percevons dans la r\u00e9alit\u00e9, en mettant l'accent sur les d\u00e9tails, les couleurs, les textures et les proportions.Vous avez le choix entre une illustration de la t\u00eate de votre animal ou une illustration du corps entier, selon vos pr\u00e9f\u00e9rences.Nous proposons \u00e9galement deux options de fond : avec ou sans fond. Si vous optez pour l'illustration sans fond, veuillez nous indiquer la couleur souhait\u00e9e ainsi que le code couleur correspondant.Pour cette cat\u00e9gorie d\u2019illustration, il est essentiel de nous fournir une photo de votre animal avec une luminosit\u00e9 optimale et une qualit\u00e9 exceptionnelle. Si la photo ne satisfait pas \u00e0 ces exigences, FLOR vous contactera pour obtenir une image de meilleure qualit\u00e9.IMPORTANT : Envoyez nous vos photos par mail \u00e0 l'adresse suivante : contact@flor-dessins.fr (merci d'indiquer votre num\u00e9ro de commande)\",\"breadcrumb\":{\"@id\":\"https:\\\/\\\/flor-dessins.fr\\\/?product=illustration-numerique-realiste#breadcrumb\"},\"inLanguage\":\"fr-FR\",\"potentialAction\":[{\"@type\":\"ReadAction\",\"target\":[\"https:\\\/\\\/flor-dessins.fr\\\/?product=illustration-numerique-realiste\"]}]},{\"@type\":\"ImageObject\",\"inLanguage\":\"fr-FR\",\"@id\":\"https:\\\/\\\/flor-dessins.fr\\\/?product=illustration-numerique-realiste#primaryimage\",\"url\":\"https:\\\/\\\/flor-dessins.fr\\\/wp-content\\\/uploads\\\/2023\\\/08\\\/IMG_2327.png\",\"contentUrl\":\"https:\\\/\\\/flor-dessins.fr\\\/wp-content\\\/uploads\\\/2023\\\/08\\\/IMG_2327.png\",\"width\":5000,\"height\":5000},{\"@type\":\"BreadcrumbList\",\"@id\":\"https:\\\/\\\/flor-dessins.fr\\\/?product=illustration-numerique-realiste#breadcrumb\",\"itemListElement\":[{\"@type\":\"ListItem\",\"position\":1,\"name\":\"Accueil\",\"item\":\"https:\\\/\\\/flor-dessins.fr\\\/\"},{\"@type\":\"ListItem\",\"position\":2,\"name\":\"Boutique\",\"item\":\"https:\\\/\\\/flor-dessins.fr\\\/?page_id=5\"},{\"@type\":\"ListItem\",\"position\":3,\"name\":\"Illustration : REALISTE BY FLOR\"}]},{\"@type\":\"WebSite\",\"@id\":\"https:\\\/\\\/flor-dessins.fr\\\/#website\",\"url\":\"https:\\\/\\\/flor-dessins.fr\\\/\",\"name\":\"\",\"description\":\"LA COULEUR DE VOS SOUVENIRS\",\"potentialAction\":[{\"@type\":\"SearchAction\",\"target\":{\"@type\":\"EntryPoint\",\"urlTemplate\":\"https:\\\/\\\/flor-dessins.fr\\\/?s={search_term_string}\"},\"query-input\":{\"@type\":\"PropertyValueSpecification\",\"valueRequired\":true,\"valueName\":\"search_term_string\"}}],\"inLanguage\":\"fr-FR\"}]}<\/script>\n<!-- \/ Yoast SEO plugin. -->","yoast_head_json":{"title":"Illustration : REALISTE BY FLOR -","description":"Une illustration r\u00e9aliste vise \u00e0 recr\u00e9er avec pr\u00e9cision ce que nous percevons dans la r\u00e9alit\u00e9, en mettant l'accent sur les d\u00e9tails, les couleurs, les textures et les proportions.Vous avez le choix entre une illustration de la t\u00eate de votre animal ou une illustration du corps entier, selon vos pr\u00e9f\u00e9rences.Nous proposons \u00e9galement deux options de fond : avec ou sans fond. Si vous optez pour l'illustration sans fond, veuillez nous indiquer la couleur souhait\u00e9e ainsi que le code couleur correspondant.Pour cette cat\u00e9gorie d\u2019illustration, il est essentiel de nous fournir une photo de votre animal avec une luminosit\u00e9 optimale et une qualit\u00e9 exceptionnelle. Si la photo ne satisfait pas \u00e0 ces exigences, FLOR vous contactera pour obtenir une image de meilleure qualit\u00e9.IMPORTANT : Envoyez nous vos photos par mail \u00e0 l'adresse suivante : contact@flor-dessins.fr (merci d'indiquer votre num\u00e9ro de commande)","robots":{"index":"index","follow":"follow","max-snippet":"max-snippet:-1","max-image-preview":"max-image-preview:large","max-video-preview":"max-video-preview:-1"},"canonical":"https:\/\/flor-dessins.fr\/?product=illustration-numerique-realiste","og_locale":"fr_FR","og_type":"article","og_title":"Illustration : REALISTE BY FLOR -","og_description":"Une illustration r\u00e9aliste vise \u00e0 recr\u00e9er avec pr\u00e9cision ce que nous percevons dans la r\u00e9alit\u00e9, en mettant l'accent sur les d\u00e9tails, les couleurs, les textures et les proportions.Vous avez le choix entre une illustration de la t\u00eate de votre animal ou une illustration du corps entier, selon vos pr\u00e9f\u00e9rences.Nous proposons \u00e9galement deux options de fond : avec ou sans fond. Si vous optez pour l'illustration sans fond, veuillez nous indiquer la couleur souhait\u00e9e ainsi que le code couleur correspondant.Pour cette cat\u00e9gorie d\u2019illustration, il est essentiel de nous fournir une photo de votre animal avec une luminosit\u00e9 optimale et une qualit\u00e9 exceptionnelle. Si la photo ne satisfait pas \u00e0 ces exigences, FLOR vous contactera pour obtenir une image de meilleure qualit\u00e9.IMPORTANT : Envoyez nous vos photos par mail \u00e0 l'adresse suivante : contact@flor-dessins.fr (merci d'indiquer votre num\u00e9ro de commande)","og_url":"https:\/\/flor-dessins.fr\/?product=illustration-numerique-realiste","article_modified_time":"2026-04-07T11:06:24+00:00","og_image":[{"width":1080,"height":1080,"url":"https:\/\/flor-dessins.fr\/wp-content\/uploads\/2023\/08\/IMG_2327-1080x1080.png","type":"image\/png"}],"twitter_card":"summary_large_image","twitter_misc":{"Dur\u00e9e de lecture estim\u00e9e":"1 minute"},"schema":{"@context":"https:\/\/schema.org","@graph":[{"@type":"WebPage","@id":"https:\/\/flor-dessins.fr\/?product=illustration-numerique-realiste","url":"https:\/\/flor-dessins.fr\/?product=illustration-numerique-realiste","name":"Illustration : REALISTE BY FLOR -","isPartOf":{"@id":"https:\/\/flor-dessins.fr\/#website"},"primaryImageOfPage":{"@id":"https:\/\/flor-dessins.fr\/?product=illustration-numerique-realiste#primaryimage"},"image":{"@id":"https:\/\/flor-dessins.fr\/?product=illustration-numerique-realiste#primaryimage"},"thumbnailUrl":"https:\/\/flor-dessins.fr\/wp-content\/uploads\/2023\/08\/IMG_2327.png","datePublished":"2023-08-06T14:34:30+00:00","dateModified":"2026-04-07T11:06:24+00:00","description":"Une illustration r\u00e9aliste vise \u00e0 recr\u00e9er avec pr\u00e9cision ce que nous percevons dans la r\u00e9alit\u00e9, en mettant l'accent sur les d\u00e9tails, les couleurs, les textures et les proportions.Vous avez le choix entre une illustration de la t\u00eate de votre animal ou une illustration du corps entier, selon vos pr\u00e9f\u00e9rences.Nous proposons \u00e9galement deux options de fond : avec ou sans fond. Si vous optez pour l'illustration sans fond, veuillez nous indiquer la couleur souhait\u00e9e ainsi que le code couleur correspondant.Pour cette cat\u00e9gorie d\u2019illustration, il est essentiel de nous fournir une photo de votre animal avec une luminosit\u00e9 optimale et une qualit\u00e9 exceptionnelle. Si la photo ne satisfait pas \u00e0 ces exigences, FLOR vous contactera pour obtenir une image de meilleure qualit\u00e9.IMPORTANT : Envoyez nous vos photos par mail \u00e0 l'adresse suivante : contact@flor-dessins.fr (merci d'indiquer votre num\u00e9ro de commande)","breadcrumb":{"@id":"https:\/\/flor-dessins.fr\/?product=illustration-numerique-realiste#breadcrumb"},"inLanguage":"fr-FR","potentialAction":[{"@type":"ReadAction","target":["https:\/\/flor-dessins.fr\/?product=illustration-numerique-realiste"]}]},{"@type":"ImageObject","inLanguage":"fr-FR","@id":"https:\/\/flor-dessins.fr\/?product=illustration-numerique-realiste#primaryimage","url":"https:\/\/flor-dessins.fr\/wp-content\/uploads\/2023\/08\/IMG_2327.png","contentUrl":"https:\/\/flor-dessins.fr\/wp-content\/uploads\/2023\/08\/IMG_2327.png","width":5000,"height":5000},{"@type":"BreadcrumbList","@id":"https:\/\/flor-dessins.fr\/?product=illustration-numerique-realiste#breadcrumb","itemListElement":[{"@type":"ListItem","position":1,"name":"Accueil","item":"https:\/\/flor-dessins.fr\/"},{"@type":"ListItem","position":2,"name":"Boutique","item":"https:\/\/flor-dessins.fr\/?page_id=5"},{"@type":"ListItem","position":3,"name":"Illustration : REALISTE BY FLOR"}]},{"@type":"WebSite","@id":"https:\/\/flor-dessins.fr\/#website","url":"https:\/\/flor-dessins.fr\/","name":"","description":"LA COULEUR DE VOS SOUVENIRS","potentialAction":[{"@type":"SearchAction","target":{"@type":"EntryPoint","urlTemplate":"https:\/\/flor-dessins.fr\/?s={search_term_string}"},"query-input":{"@type":"PropertyValueSpecification","valueRequired":true,"valueName":"search_term_string"}}],"inLanguage":"fr-FR"}]}},"jetpack_sharing_enabled":true,"_links":{"self":[{"href":"https:\/\/flor-dessins.fr\/index.php?rest_route=\/wp\/v2\/product\/375","targetHints":{"allow":["GET"]}}],"collection":[{"href":"https:\/\/flor-dessins.fr\/index.php?rest_route=\/wp\/v2\/product"}],"about":[{"href":"https:\/\/flor-dessins.fr\/index.php?rest_route=\/wp\/v2\/types\/product"}],"wp:featuredmedia":[{"embeddable":true,"href":"https:\/\/flor-dessins.fr\/index.php?rest_route=\/wp\/v2\/media\/5956"}],"wp:attachment":[{"href":"https:\/\/flor-dessins.fr\/index.php?rest_route=%2Fwp%2Fv2%2Fmedia&parent=375"}],"wp:term":[{"taxonomy":"product_brand","embeddable":true,"href":"https:\/\/flor-dessins.fr\/index.php?rest_route=%2Fwp%2Fv2%2Fproduct_brand&post=375"},{"taxonomy":"product_cat","embeddable":true,"href":"https:\/\/flor-dessins.fr\/index.php?rest_route=%2Fwp%2Fv2%2Fproduct_cat&post=375"},{"taxonomy":"product_tag","embeddable":true,"href":"https:\/\/flor-dessins.fr\/index.php?rest_route=%2Fwp%2Fv2%2Fproduct_tag&post=375"}],"curies":[{"name":"wp","href":"https:\/\/api.w.org\/{rel}","templated":true}]}}