{"id":4738,"date":"2024-08-06T11:05:00","date_gmt":"2024-08-06T11:05:00","guid":{"rendered":"https:\/\/flor-dessins.fr\/?post_type=product&#038;p=4738"},"modified":"2026-04-07T17:51:37","modified_gmt":"2026-04-07T17:51:37","slug":"vanity-personnalise","status":"publish","type":"product","link":"https:\/\/flor-dessins.fr\/?product=vanity-personnalise","title":{"rendered":"Vanity coton"},"content":{"rendered":"<p class=\"\" data-start=\"83\" data-end=\"144\"><strong data-start=\"83\" data-end=\"144\">IMPORTANT : <em>PRE COMMANDE DU 11\/07 au 25\/07 &#8211; expedition\u00a0 courant aout <\/em>.<\/strong><strong data-start=\"83\" data-end=\"144\">. Merci de votre compr\u00e9hension. Pour toute demande de personnalisation unique, merci de remplir ce formulaire pour obtenir un devis personnalis\u00e9 : <a style=\"font-size: 16px;background-color: #ffffff\" href=\"https:\/\/flor-dessins.fr\/?page_id=6457\">https:\/\/flor-dessins.fr\/?page_id=6457<\/a><\/strong><\/p>\n<p class=\"\" data-start=\"357\" data-end=\"615\"><strong>Apportez une touche unique \u00e0 votre quotidien avec notre vanity personnalis\u00e9, mettant \u00e0 l\u2019honneur le v\u00e9ritable roi ou la reine de votre foyer : votre animal de compagnie&#8230; ou tout autre inspiration de votre choix !<br \/>\nLaissez libre cours \u00e0 votre imagination <\/strong>\u2728<\/p>\n<p class=\"\" data-start=\"617\" data-end=\"781\"><strong data-start=\"617\" data-end=\"668\">Si vous choisissez l\u2019option illustration line :<\/strong><strong>Il vous suffit de t\u00e9l\u00e9charger la photo de votre choix au moment de la validation du panier et le tour est jou\u00e9 !<\/strong><\/p>\n<p data-start=\"617\" data-end=\"781\"><strong>Dimensions : 23x16x14cm &#8211; capacit\u00e9 5L.<\/strong><\/p>\n","protected":false},"excerpt":{"rendered":"<p class=\"\" data-start=\"83\" data-end=\"144\"><strong data-start=\"83\" data-end=\"144\">IMPORTANT : <em>PRE COMMANDE DU 11\/07 au 25\/07 &#8211; expedition\u00a0 courant aout <\/em>.<\/strong><strong data-start=\"83\" data-end=\"144\">. Merci de votre compr\u00e9hension. Pour toute demande de personnalisation unique, merci de remplir ce formulaire pour obtenir un devis personnalis\u00e9 : <a style=\"font-size: 16px;background-color: #ffffff\" href=\"https:\/\/flor-dessins.fr\/?page_id=6457\">https:\/\/flor-dessins.fr\/?page_id=6457<\/a><\/strong><\/p>\n<p class=\"\" data-start=\"357\" data-end=\"615\"><strong>Apportez une touche unique \u00e0 votre quotidien avec notre vanity personnalis\u00e9, mettant \u00e0 l\u2019honneur le v\u00e9ritable roi ou la reine de votre foyer : votre animal de compagnie&#8230; ou tout autre inspiration de votre choix !<br \/>\nLaissez libre cours \u00e0 votre imagination <\/strong>\u2728<\/p>\n<p class=\"\" data-start=\"617\" data-end=\"781\"><strong data-start=\"617\" data-end=\"668\">Si vous choisissez l\u2019option illustration line :<\/strong><strong>Il vous suffit de t\u00e9l\u00e9charger la photo de votre choix au moment de la validation du panier et le tour est jou\u00e9 !<\/strong><\/p>\n<p data-start=\"617\" data-end=\"781\"><strong>Dimensions : 23x16x14cm &#8211; capacit\u00e9 5L.<\/strong><\/p>\n","protected":false},"featured_media":4745,"template":"","meta":{"_monsterinsights_skip_tracking":false,"_monsterinsights_sitenote_active":false,"_monsterinsights_sitenote_note":"","_monsterinsights_sitenote_category":0,"site-sidebar-layout":"default","site-content-layout":"","ast-site-content-layout":"default","site-content-style":"default","site-sidebar-style":"default","ast-global-header-display":"","ast-banner-title-visibility":"","ast-main-header-display":"","ast-hfb-above-header-display":"","ast-hfb-below-header-display":"","ast-hfb-mobile-header-display":"","site-post-title":"","ast-breadcrumbs-content":"","ast-featured-img":"","footer-sml-layout":"","ast-disable-related-posts":"","theme-transparent-header-meta":"default","adv-header-id-meta":"","stick-header-meta":"","header-above-stick-meta":"","header-main-stick-meta":"","header-below-stick-meta":"","astra-migrate-meta-layouts":"set","ast-page-background-enabled":"default","ast-page-background-meta":{"desktop":{"background-color":"var(--ast-global-color-4)","background-image":"","background-repeat":"repeat","background-position":"center center","background-size":"auto","background-attachment":"scroll","background-type":"","background-media":"","overlay-type":"","overlay-color":"","overlay-opacity":"","overlay-gradient":""},"tablet":{"background-color":"","background-image":"","background-repeat":"repeat","background-position":"center center","background-size":"auto","background-attachment":"scroll","background-type":"","background-media":"","overlay-type":"","overlay-color":"","overlay-opacity":"","overlay-gradient":""},"mobile":{"background-color":"","background-image":"","background-repeat":"repeat","background-position":"center center","background-size":"auto","background-attachment":"scroll","background-type":"","background-media":"","overlay-type":"","overlay-color":"","overlay-opacity":"","overlay-gradient":""}},"ast-content-background-meta":{"desktop":{"background-color":"var(--ast-global-color-5)","background-image":"","background-repeat":"repeat","background-position":"center center","background-size":"auto","background-attachment":"scroll","background-type":"","background-media":"","overlay-type":"","overlay-color":"","overlay-opacity":"","overlay-gradient":""},"tablet":{"background-color":"var(--ast-global-color-5)","background-image":"","background-repeat":"repeat","background-position":"center center","background-size":"auto","background-attachment":"scroll","background-type":"","background-media":"","overlay-type":"","overlay-color":"","overlay-opacity":"","overlay-gradient":""},"mobile":{"background-color":"var(--ast-global-color-5)","background-image":"","background-repeat":"repeat","background-position":"center center","background-size":"auto","background-attachment":"scroll","background-type":"","background-media":"","overlay-type":"","overlay-color":"","overlay-opacity":"","overlay-gradient":""}},"_glsr_average":5,"_glsr_ranking":3.6363636363636,"_glsr_reviews":1},"product_brand":[],"product_cat":[15],"product_tag":[86],"class_list":{"0":"post-4738","1":"product","2":"type-product","3":"status-publish","4":"has-post-thumbnail","6":"product_cat-uncategorized","7":"product_tag-pochette","8":"product_shipping_class-colissimo","9":"desktop-align-center","10":"tablet-align-left","11":"mobile-align-left","12":"fpd-variation-needed","14":"first","15":"outofstock","16":"shipping-taxable","17":"purchasable","18":"product-type-variable"},"yoast_head":"<!-- This site is optimized with the Yoast SEO plugin v27.3 - https:\/\/yoast.com\/product\/yoast-seo-wordpress\/ -->\n<title>Vanity coton -<\/title>\n<meta name=\"description\" content=\"IMPORTANT : pr\u00e9commande du 27\/04 au 11\/05. Les commandes seront exp\u00e9di\u00e9es fin mai. Merci de votre compr\u00e9hension. Pour toute demande de personnalisation unique, merci de remplir ce formulaire pour obtenir un devis personnalis\u00e9 : https:\/\/flor-dessins.fr\/?page_id=6457Apportez une touche unique \u00e0 votre quotidien avec notre vanity personnalis\u00e9, mettant \u00e0 l\u2019honneur le v\u00e9ritable roi ou la reine de votre foyer : votre animal de compagnie... ou tout autre inspiration de votre choix !Laissez libre cours \u00e0 votre imagination \u2728Si vous choisissez l\u2019option illustration line :Il vous suffit de t\u00e9l\u00e9charger la photo de votre choix au moment de la validation du panier et le tour est jou\u00e9 !Dimensions : 23x16x14cm - capacit\u00e9 5L.\" \/>\n<meta name=\"robots\" content=\"index, follow, max-snippet:-1, max-image-preview:large, max-video-preview:-1\" \/>\n<link rel=\"canonical\" href=\"https:\/\/flor-dessins.fr\/?product=vanity-personnalise\" \/>\n<meta property=\"og:locale\" content=\"fr_FR\" \/>\n<meta property=\"og:type\" content=\"article\" \/>\n<meta property=\"og:title\" content=\"Vanity coton -\" \/>\n<meta property=\"og:description\" content=\"IMPORTANT : pr\u00e9commande du 27\/04 au 11\/05. Les commandes seront exp\u00e9di\u00e9es fin mai. Merci de votre compr\u00e9hension. Pour toute demande de personnalisation unique, merci de remplir ce formulaire pour obtenir un devis personnalis\u00e9 : https:\/\/flor-dessins.fr\/?page_id=6457Apportez une touche unique \u00e0 votre quotidien avec notre vanity personnalis\u00e9, mettant \u00e0 l\u2019honneur le v\u00e9ritable roi ou la reine de votre foyer : votre animal de compagnie... ou tout autre inspiration de votre choix !Laissez libre cours \u00e0 votre imagination \u2728Si vous choisissez l\u2019option illustration line :Il vous suffit de t\u00e9l\u00e9charger la photo de votre choix au moment de la validation du panier et le tour est jou\u00e9 !Dimensions : 23x16x14cm - capacit\u00e9 5L.\" \/>\n<meta property=\"og:url\" content=\"https:\/\/flor-dessins.fr\/?product=vanity-personnalise\" \/>\n<meta property=\"article:modified_time\" content=\"2026-04-07T17:51:37+00:00\" \/>\n<meta property=\"og:image\" content=\"https:\/\/flor-dessins.fr\/wp-content\/uploads\/2024\/08\/img_2280.jpeg\" \/>\n\t<meta property=\"og:image:width\" content=\"580\" \/>\n\t<meta property=\"og:image:height\" content=\"580\" \/>\n\t<meta property=\"og:image:type\" content=\"image\/jpeg\" \/>\n<meta name=\"twitter:card\" content=\"summary_large_image\" \/>\n<meta name=\"twitter:label1\" content=\"Dur\u00e9e de lecture estim\u00e9e\" \/>\n\t<meta name=\"twitter:data1\" content=\"1 minute\" \/>\n<script type=\"application\/ld+json\" class=\"yoast-schema-graph\">{\"@context\":\"https:\\\/\\\/schema.org\",\"@graph\":[{\"@type\":\"WebPage\",\"@id\":\"https:\\\/\\\/flor-dessins.fr\\\/?product=vanity-personnalise\",\"url\":\"https:\\\/\\\/flor-dessins.fr\\\/?product=vanity-personnalise\",\"name\":\"Vanity coton -\",\"isPartOf\":{\"@id\":\"https:\\\/\\\/flor-dessins.fr\\\/#website\"},\"primaryImageOfPage\":{\"@id\":\"https:\\\/\\\/flor-dessins.fr\\\/?product=vanity-personnalise#primaryimage\"},\"image\":{\"@id\":\"https:\\\/\\\/flor-dessins.fr\\\/?product=vanity-personnalise#primaryimage\"},\"thumbnailUrl\":\"https:\\\/\\\/flor-dessins.fr\\\/wp-content\\\/uploads\\\/2024\\\/08\\\/img_2280.jpeg\",\"datePublished\":\"2024-08-06T11:05:00+00:00\",\"dateModified\":\"2026-04-07T17:51:37+00:00\",\"description\":\"IMPORTANT : pr\u00e9commande du 27\\\/04 au 11\\\/05. Les commandes seront exp\u00e9di\u00e9es fin mai. Merci de votre compr\u00e9hension. Pour toute demande de personnalisation unique, merci de remplir ce formulaire pour obtenir un devis personnalis\u00e9 : https:\\\/\\\/flor-dessins.fr\\\/?page_id=6457Apportez une touche unique \u00e0 votre quotidien avec notre vanity personnalis\u00e9, mettant \u00e0 l\u2019honneur le v\u00e9ritable roi ou la reine de votre foyer : votre animal de compagnie... ou tout autre inspiration de votre choix !Laissez libre cours \u00e0 votre imagination \u2728Si vous choisissez l\u2019option illustration line :Il vous suffit de t\u00e9l\u00e9charger la photo de votre choix au moment de la validation du panier et le tour est jou\u00e9 !Dimensions : 23x16x14cm - capacit\u00e9 5L.\",\"breadcrumb\":{\"@id\":\"https:\\\/\\\/flor-dessins.fr\\\/?product=vanity-personnalise#breadcrumb\"},\"inLanguage\":\"fr-FR\",\"potentialAction\":[{\"@type\":\"ReadAction\",\"target\":[\"https:\\\/\\\/flor-dessins.fr\\\/?product=vanity-personnalise\"]}]},{\"@type\":\"ImageObject\",\"inLanguage\":\"fr-FR\",\"@id\":\"https:\\\/\\\/flor-dessins.fr\\\/?product=vanity-personnalise#primaryimage\",\"url\":\"https:\\\/\\\/flor-dessins.fr\\\/wp-content\\\/uploads\\\/2024\\\/08\\\/img_2280.jpeg\",\"contentUrl\":\"https:\\\/\\\/flor-dessins.fr\\\/wp-content\\\/uploads\\\/2024\\\/08\\\/img_2280.jpeg\",\"width\":580,\"height\":580},{\"@type\":\"BreadcrumbList\",\"@id\":\"https:\\\/\\\/flor-dessins.fr\\\/?product=vanity-personnalise#breadcrumb\",\"itemListElement\":[{\"@type\":\"ListItem\",\"position\":1,\"name\":\"Accueil\",\"item\":\"https:\\\/\\\/flor-dessins.fr\\\/\"},{\"@type\":\"ListItem\",\"position\":2,\"name\":\"Boutique\",\"item\":\"https:\\\/\\\/flor-dessins.fr\\\/?page_id=5\"},{\"@type\":\"ListItem\",\"position\":3,\"name\":\"Vanity coton\"}]},{\"@type\":\"WebSite\",\"@id\":\"https:\\\/\\\/flor-dessins.fr\\\/#website\",\"url\":\"https:\\\/\\\/flor-dessins.fr\\\/\",\"name\":\"\",\"description\":\"LA COULEUR DE VOS SOUVENIRS\",\"potentialAction\":[{\"@type\":\"SearchAction\",\"target\":{\"@type\":\"EntryPoint\",\"urlTemplate\":\"https:\\\/\\\/flor-dessins.fr\\\/?s={search_term_string}\"},\"query-input\":{\"@type\":\"PropertyValueSpecification\",\"valueRequired\":true,\"valueName\":\"search_term_string\"}}],\"inLanguage\":\"fr-FR\"}]}<\/script>\n<!-- \/ Yoast SEO plugin. -->","yoast_head_json":{"title":"Vanity coton -","description":"IMPORTANT : pr\u00e9commande du 27\/04 au 11\/05. Les commandes seront exp\u00e9di\u00e9es fin mai. Merci de votre compr\u00e9hension. Pour toute demande de personnalisation unique, merci de remplir ce formulaire pour obtenir un devis personnalis\u00e9 : https:\/\/flor-dessins.fr\/?page_id=6457Apportez une touche unique \u00e0 votre quotidien avec notre vanity personnalis\u00e9, mettant \u00e0 l\u2019honneur le v\u00e9ritable roi ou la reine de votre foyer : votre animal de compagnie... ou tout autre inspiration de votre choix !Laissez libre cours \u00e0 votre imagination \u2728Si vous choisissez l\u2019option illustration line :Il vous suffit de t\u00e9l\u00e9charger la photo de votre choix au moment de la validation du panier et le tour est jou\u00e9 !Dimensions : 23x16x14cm - capacit\u00e9 5L.","robots":{"index":"index","follow":"follow","max-snippet":"max-snippet:-1","max-image-preview":"max-image-preview:large","max-video-preview":"max-video-preview:-1"},"canonical":"https:\/\/flor-dessins.fr\/?product=vanity-personnalise","og_locale":"fr_FR","og_type":"article","og_title":"Vanity coton -","og_description":"IMPORTANT : pr\u00e9commande du 27\/04 au 11\/05. Les commandes seront exp\u00e9di\u00e9es fin mai. Merci de votre compr\u00e9hension. Pour toute demande de personnalisation unique, merci de remplir ce formulaire pour obtenir un devis personnalis\u00e9 : https:\/\/flor-dessins.fr\/?page_id=6457Apportez une touche unique \u00e0 votre quotidien avec notre vanity personnalis\u00e9, mettant \u00e0 l\u2019honneur le v\u00e9ritable roi ou la reine de votre foyer : votre animal de compagnie... ou tout autre inspiration de votre choix !Laissez libre cours \u00e0 votre imagination \u2728Si vous choisissez l\u2019option illustration line :Il vous suffit de t\u00e9l\u00e9charger la photo de votre choix au moment de la validation du panier et le tour est jou\u00e9 !Dimensions : 23x16x14cm - capacit\u00e9 5L.","og_url":"https:\/\/flor-dessins.fr\/?product=vanity-personnalise","article_modified_time":"2026-04-07T17:51:37+00:00","og_image":[{"width":580,"height":580,"url":"https:\/\/flor-dessins.fr\/wp-content\/uploads\/2024\/08\/img_2280.jpeg","type":"image\/jpeg"}],"twitter_card":"summary_large_image","twitter_misc":{"Dur\u00e9e de lecture estim\u00e9e":"1 minute"},"schema":{"@context":"https:\/\/schema.org","@graph":[{"@type":"WebPage","@id":"https:\/\/flor-dessins.fr\/?product=vanity-personnalise","url":"https:\/\/flor-dessins.fr\/?product=vanity-personnalise","name":"Vanity coton -","isPartOf":{"@id":"https:\/\/flor-dessins.fr\/#website"},"primaryImageOfPage":{"@id":"https:\/\/flor-dessins.fr\/?product=vanity-personnalise#primaryimage"},"image":{"@id":"https:\/\/flor-dessins.fr\/?product=vanity-personnalise#primaryimage"},"thumbnailUrl":"https:\/\/flor-dessins.fr\/wp-content\/uploads\/2024\/08\/img_2280.jpeg","datePublished":"2024-08-06T11:05:00+00:00","dateModified":"2026-04-07T17:51:37+00:00","description":"IMPORTANT : pr\u00e9commande du 27\/04 au 11\/05. Les commandes seront exp\u00e9di\u00e9es fin mai. Merci de votre compr\u00e9hension. Pour toute demande de personnalisation unique, merci de remplir ce formulaire pour obtenir un devis personnalis\u00e9 : https:\/\/flor-dessins.fr\/?page_id=6457Apportez une touche unique \u00e0 votre quotidien avec notre vanity personnalis\u00e9, mettant \u00e0 l\u2019honneur le v\u00e9ritable roi ou la reine de votre foyer : votre animal de compagnie... ou tout autre inspiration de votre choix !Laissez libre cours \u00e0 votre imagination \u2728Si vous choisissez l\u2019option illustration line :Il vous suffit de t\u00e9l\u00e9charger la photo de votre choix au moment de la validation du panier et le tour est jou\u00e9 !Dimensions : 23x16x14cm - capacit\u00e9 5L.","breadcrumb":{"@id":"https:\/\/flor-dessins.fr\/?product=vanity-personnalise#breadcrumb"},"inLanguage":"fr-FR","potentialAction":[{"@type":"ReadAction","target":["https:\/\/flor-dessins.fr\/?product=vanity-personnalise"]}]},{"@type":"ImageObject","inLanguage":"fr-FR","@id":"https:\/\/flor-dessins.fr\/?product=vanity-personnalise#primaryimage","url":"https:\/\/flor-dessins.fr\/wp-content\/uploads\/2024\/08\/img_2280.jpeg","contentUrl":"https:\/\/flor-dessins.fr\/wp-content\/uploads\/2024\/08\/img_2280.jpeg","width":580,"height":580},{"@type":"BreadcrumbList","@id":"https:\/\/flor-dessins.fr\/?product=vanity-personnalise#breadcrumb","itemListElement":[{"@type":"ListItem","position":1,"name":"Accueil","item":"https:\/\/flor-dessins.fr\/"},{"@type":"ListItem","position":2,"name":"Boutique","item":"https:\/\/flor-dessins.fr\/?page_id=5"},{"@type":"ListItem","position":3,"name":"Vanity coton"}]},{"@type":"WebSite","@id":"https:\/\/flor-dessins.fr\/#website","url":"https:\/\/flor-dessins.fr\/","name":"","description":"LA COULEUR DE VOS SOUVENIRS","potentialAction":[{"@type":"SearchAction","target":{"@type":"EntryPoint","urlTemplate":"https:\/\/flor-dessins.fr\/?s={search_term_string}"},"query-input":{"@type":"PropertyValueSpecification","valueRequired":true,"valueName":"search_term_string"}}],"inLanguage":"fr-FR"}]}},"jetpack_sharing_enabled":true,"_links":{"self":[{"href":"https:\/\/flor-dessins.fr\/index.php?rest_route=\/wp\/v2\/product\/4738","targetHints":{"allow":["GET"]}}],"collection":[{"href":"https:\/\/flor-dessins.fr\/index.php?rest_route=\/wp\/v2\/product"}],"about":[{"href":"https:\/\/flor-dessins.fr\/index.php?rest_route=\/wp\/v2\/types\/product"}],"wp:featuredmedia":[{"embeddable":true,"href":"https:\/\/flor-dessins.fr\/index.php?rest_route=\/wp\/v2\/media\/4745"}],"wp:attachment":[{"href":"https:\/\/flor-dessins.fr\/index.php?rest_route=%2Fwp%2Fv2%2Fmedia&parent=4738"}],"wp:term":[{"taxonomy":"product_brand","embeddable":true,"href":"https:\/\/flor-dessins.fr\/index.php?rest_route=%2Fwp%2Fv2%2Fproduct_brand&post=4738"},{"taxonomy":"product_cat","embeddable":true,"href":"https:\/\/flor-dessins.fr\/index.php?rest_route=%2Fwp%2Fv2%2Fproduct_cat&post=4738"},{"taxonomy":"product_tag","embeddable":true,"href":"https:\/\/flor-dessins.fr\/index.php?rest_route=%2Fwp%2Fv2%2Fproduct_tag&post=4738"}],"curies":[{"name":"wp","href":"https:\/\/api.w.org\/{rel}","templated":true}]}}