{"id":4795,"date":"2024-09-25T10:35:18","date_gmt":"2024-09-25T10:35:18","guid":{"rendered":"https:\/\/flor-dessins.fr\/?post_type=product&#038;p=4795"},"modified":"2026-04-07T17:51:50","modified_gmt":"2026-04-07T17:51:50","slug":"sweat-out-dog-therapy-2-2","status":"publish","type":"product","link":"https:\/\/flor-dessins.fr\/?product=sweat-out-dog-therapy-2-2","title":{"rendered":"VESTE IMPERM\u00c9ABLE OUTDOG THERAPY HOMME"},"content":{"rendered":"<p><strong data-start=\"107\" data-end=\"169\">IMPORTANT : <em>PRE COMMANDE DU 11\/07 au 25\/07 &#8211; expedition\u00a0 courant aout <\/em>.<\/strong><strong data-start=\"107\" data-end=\"169\">. Merci de votre compr\u00e9hension. Pour toute demande de personnalisation unique, merci de remplir ce formulaire pour obtenir un devis personnalis\u00e9 : <a style=\"font-size: 16px;background-color: #ffffff\" href=\"https:\/\/flor-dessins.fr\/?page_id=6457\">https:\/\/flor-dessins.fr\/?page_id=6457<\/a><\/strong><\/p>\n<p><strong>N\u2019h\u00e9sitez pas \u00e0 consulter notre guide des tailles.<\/strong><\/p>\n<p><strong>Chez Flor, nous reconnaissons l\u2019importance de vos compagnons \u00e0 quatre pattes. C\u2019est pourquoi cette ann\u00e9e, nous avons d\u00e9cid\u00e9 de vous proposer plusieurs textile avec la phrase OUT\u2019DOG THERAPY.<\/strong><\/p>\n<p><strong>Pourquoi Out\u2019dog therapy?<\/strong><\/p>\n<p><strong>Dans la symphonie de nos existences, nos chiens \u00e9mergent telles des th\u00e9rapies vivantes. Au-del\u00e0 de leur don d\u2019amour et de joie, ils \u00e9veillent en nous une soif ardente d\u2019exploration, de nouveaux horizons \u00e0 arpenter, que ce soit dans les replis montagneux, les \u00e9tendues champ\u00eatres ou les myst\u00e8res forestiers.<\/strong><\/p>\n<p><strong>Aux c\u00f4t\u00e9s de nos fid\u00e8les compagnons, le temps suspend son vol, et dans l\u2019\u00e9treinte du moment pr\u00e9sent, les tourments s\u2019\u00e9vanouissent comme des brumes au lever du jour. En leur pr\u00e9sence, la qui\u00e9tude r\u00e8gne, offrant un refuge paisible o\u00f9 nos \u00e2mes trouvent refuge.<\/strong><\/p>\n<p><strong>Au travers de cette gamme, nous avons voulu faire un clin d\u2019\u0153il \u00e0 nos compagnons de vie qui nous ont \u00e0 100% am\u00e9lior\u00e9 la vie.<\/strong><\/p>\n<p><span style=\"font-size: 16px\"><strong>Composition : <\/strong><\/span><\/p>\n<p><strong><span style=\"font-family: Nunito;font-size: 14px;font-style: normal;font-weight: 400;letter-spacing: normal;text-align: justify;text-indent: 0px;text-transform: none;text-decoration: none;float: none\">96% polyester &#8211; 4% \u00e9lasthanne<\/span><br \/>\n<span style=\"font-family: Nunito;font-size: 14px;font-style: normal;font-weight: 400;letter-spacing: normal;text-align: justify;text-indent: 0px;text-transform: none;text-decoration: none;float: none\">2 couches<\/span><br \/>\n<span style=\"font-family: Nunito;font-size: 14px;font-style: normal;font-weight: 400;letter-spacing: normal;text-align: justify;text-indent: 0px;text-transform: none;text-decoration: none;float: none\">2 poches cot\u00e9 zipp\u00e9es<\/span><br \/>\n<span style=\"font-family: Nunito;font-size: 14px;font-style: normal;font-weight: 400;letter-spacing: normal;text-align: justify;text-indent: 0px;text-transform: none;text-decoration: none;float: none\">Zip SBS<\/span><\/strong><\/p>\n<p><strong>Tailles disponibles HOMME du S au 2XL en trois couleurs.<\/strong><\/p>\n<p><strong>N\u2019h\u00e9sitez pas \u00e0 consulter notre guide des tailles.<\/strong><\/p>\n<p><strong>Conseils d\u2019entretien :<br \/>\n\u2013 Il est conseill\u00e9 pour pr\u00e9server le design de retourner votre textile.<br \/>\n\u2013 Lavage \u00e0 la main (m\u00e9thode de lavage la plus douce)<br \/>\n\u2013 PAS de s\u00e8che-linge.<\/strong><\/p>\n","protected":false},"excerpt":{"rendered":"<p><strong data-start=\"107\" data-end=\"169\">IMPORTANT : <em>PRE COMMANDE DU 11\/07 au 25\/07 &#8211; expedition\u00a0 courant aout <\/em>.<\/strong><strong data-start=\"107\" data-end=\"169\">. Merci de votre compr\u00e9hension. Pour toute demande de personnalisation unique, merci de remplir ce formulaire pour obtenir un devis personnalis\u00e9 : <a style=\"font-size: 16px;background-color: #ffffff\" href=\"https:\/\/flor-dessins.fr\/?page_id=6457\">https:\/\/flor-dessins.fr\/?page_id=6457<\/a><\/strong><\/p>\n<p><strong>N\u2019h\u00e9sitez pas \u00e0 consulter notre guide des tailles.<\/strong><\/p>\n<p><strong>Chez Flor, nous reconnaissons l\u2019importance de vos compagnons \u00e0 quatre pattes. C\u2019est pourquoi cette ann\u00e9e, nous avons d\u00e9cid\u00e9 de vous proposer plusieurs textile avec la phrase OUT\u2019DOG THERAPY.<\/strong><\/p>\n<p><strong>Pourquoi Out\u2019dog therapy?<\/strong><\/p>\n<p><strong>Dans la symphonie de nos existences, nos chiens \u00e9mergent telles des th\u00e9rapies vivantes. Au-del\u00e0 de leur don d\u2019amour et de joie, ils \u00e9veillent en nous une soif ardente d\u2019exploration, de nouveaux horizons \u00e0 arpenter, que ce soit dans les replis montagneux, les \u00e9tendues champ\u00eatres ou les myst\u00e8res forestiers.<\/strong><\/p>\n<p><strong>Aux c\u00f4t\u00e9s de nos fid\u00e8les compagnons, le temps suspend son vol, et dans l\u2019\u00e9treinte du moment pr\u00e9sent, les tourments s\u2019\u00e9vanouissent comme des brumes au lever du jour. En leur pr\u00e9sence, la qui\u00e9tude r\u00e8gne, offrant un refuge paisible o\u00f9 nos \u00e2mes trouvent refuge.<\/strong><\/p>\n<p><strong>Au travers de cette gamme, nous avons voulu faire un clin d\u2019\u0153il \u00e0 nos compagnons de vie qui nous ont \u00e0 100% am\u00e9lior\u00e9 la vie.<\/strong><\/p>\n<p><span style=\"font-size: 16px\"><strong>Composition : <\/strong><\/span><\/p>\n<p><strong><span style=\"font-family: Nunito;font-size: 14px;font-style: normal;font-weight: 400;letter-spacing: normal;text-align: justify;text-indent: 0px;text-transform: none;text-decoration: none;float: none\">96% polyester \u2013 4% \u00e9lasthanne<\/span><br \/>\n<span style=\"font-family: Nunito;font-size: 14px;font-style: normal;font-weight: 400;letter-spacing: normal;text-align: justify;text-indent: 0px;text-transform: none;text-decoration: none;float: none\">2 couches<\/span><br \/>\n<span style=\"font-family: Nunito;font-size: 14px;font-style: normal;font-weight: 400;letter-spacing: normal;text-align: justify;text-indent: 0px;text-transform: none;text-decoration: none;float: none\">2 poches cot\u00e9 zipp\u00e9es<\/span><br \/>\n<span style=\"font-family: Nunito;font-size: 14px;font-style: normal;font-weight: 400;letter-spacing: normal;text-align: justify;text-indent: 0px;text-transform: none;text-decoration: none;float: none\">Zip SBS<\/span><\/strong><\/p>\n<p><strong>Tailles disponibles FEMME du S au 2XL en trois couleurs.<\/strong><\/p>\n<p><strong>N\u2019h\u00e9sitez pas \u00e0 consulter notre guide des tailles.<\/strong><\/p>\n<p><strong>Conseils d\u2019entretien :<br \/>\n\u2013 Il est conseill\u00e9 pour pr\u00e9server le design de retourner votre textile.<br \/>\n\u2013 Lavage \u00e0 la main (m\u00e9thode de lavage la plus douce)<br \/>\n\u2013 En machine, optez pour un lavage \u00e0 30 degr\u00e9s (ou 40\u00b0C maximum) pour \u00e9viter toute d\u00e9formation.<br \/>\nN\u2019oubliez pas de consulter l\u2019\u00e9tiquette de vos v\u00eatements, elle contient des instructions importantes.<br \/>\n\u2013 PAS de s\u00e8che-linge.<\/strong><\/p>\n","protected":false},"featured_media":4815,"template":"","meta":{"_monsterinsights_skip_tracking":false,"_monsterinsights_sitenote_active":false,"_monsterinsights_sitenote_note":"","_monsterinsights_sitenote_category":0,"site-sidebar-layout":"default","site-content-layout":"","ast-site-content-layout":"default","site-content-style":"default","site-sidebar-style":"default","ast-global-header-display":"","ast-banner-title-visibility":"","ast-main-header-display":"","ast-hfb-above-header-display":"","ast-hfb-below-header-display":"","ast-hfb-mobile-header-display":"","site-post-title":"","ast-breadcrumbs-content":"","ast-featured-img":"","footer-sml-layout":"","ast-disable-related-posts":"","theme-transparent-header-meta":"default","adv-header-id-meta":"","stick-header-meta":"","header-above-stick-meta":"","header-main-stick-meta":"","header-below-stick-meta":"","astra-migrate-meta-layouts":"set","ast-page-background-enabled":"default","ast-page-background-meta":{"desktop":{"background-color":"var(--ast-global-color-4)","background-image":"","background-repeat":"repeat","background-position":"center center","background-size":"auto","background-attachment":"scroll","background-type":"","background-media":"","overlay-type":"","overlay-color":"","overlay-opacity":"","overlay-gradient":""},"tablet":{"background-color":"","background-image":"","background-repeat":"repeat","background-position":"center center","background-size":"auto","background-attachment":"scroll","background-type":"","background-media":"","overlay-type":"","overlay-color":"","overlay-opacity":"","overlay-gradient":""},"mobile":{"background-color":"","background-image":"","background-repeat":"repeat","background-position":"center center","background-size":"auto","background-attachment":"scroll","background-type":"","background-media":"","overlay-type":"","overlay-color":"","overlay-opacity":"","overlay-gradient":""}},"ast-content-background-meta":{"desktop":{"background-color":"var(--ast-global-color-5)","background-image":"","background-repeat":"repeat","background-position":"center center","background-size":"auto","background-attachment":"scroll","background-type":"","background-media":"","overlay-type":"","overlay-color":"","overlay-opacity":"","overlay-gradient":""},"tablet":{"background-color":"var(--ast-global-color-5)","background-image":"","background-repeat":"repeat","background-position":"center center","background-size":"auto","background-attachment":"scroll","background-type":"","background-media":"","overlay-type":"","overlay-color":"","overlay-opacity":"","overlay-gradient":""},"mobile":{"background-color":"var(--ast-global-color-5)","background-image":"","background-repeat":"repeat","background-position":"center center","background-size":"auto","background-attachment":"scroll","background-type":"","background-media":"","overlay-type":"","overlay-color":"","overlay-opacity":"","overlay-gradient":""}},"_glsr_average":5,"_glsr_ranking":3.6363636363636,"_glsr_reviews":1},"product_brand":[],"product_cat":[148,42,145,167],"product_tag":[],"class_list":{"0":"post-4795","1":"product","2":"type-product","3":"status-publish","4":"has-post-thumbnail","6":"product_cat-gamme-outdog-les-collections","7":"product_cat-gamme-outdog","8":"product_cat-les-collections","9":"product_cat-veste-outdog","10":"product_shipping_class-colissimo","11":"desktop-align-center","12":"tablet-align-left","13":"mobile-align-left","14":"fpd-variation-needed","16":"first","17":"outofstock","18":"shipping-taxable","19":"purchasable","20":"product-type-variable"},"yoast_head":"<!-- This site is optimized with the Yoast SEO plugin v27.3 - https:\/\/yoast.com\/product\/yoast-seo-wordpress\/ -->\n<title>VESTE IMPERM\u00c9ABLE OUTDOG THERAPY HOMME -<\/title>\n<meta name=\"robots\" content=\"index, follow, max-snippet:-1, max-image-preview:large, max-video-preview:-1\" \/>\n<link rel=\"canonical\" href=\"https:\/\/flor-dessins.fr\/?product=sweat-out-dog-therapy-2-2\" \/>\n<meta property=\"og:locale\" content=\"fr_FR\" \/>\n<meta property=\"og:type\" content=\"article\" \/>\n<meta property=\"og:title\" content=\"VESTE IMPERM\u00c9ABLE OUTDOG THERAPY HOMME -\" \/>\n<meta property=\"og:description\" content=\"IMPORTANT : PRE COMMANDE DU 11\/07 au 25\/07 - expedition\u00a0 courant aout .. Merci de votre compr\u00e9hension. Pour toute demande de personnalisation unique, merci de remplir ce formulaire pour obtenir un devis personnalis\u00e9 : https:\/\/flor-dessins.fr\/?page_id=6457  N\u2019h\u00e9sitez pas \u00e0 consulter notre guide des tailles.  Chez Flor, nous reconnaissons l\u2019importance de vos compagnons \u00e0 quatre pattes. C\u2019est pourquoi cette ann\u00e9e, nous avons d\u00e9cid\u00e9 de vous proposer plusieurs textile avec la phrase OUT\u2019DOG THERAPY.  Pourquoi Out\u2019dog therapy?  Dans la symphonie de nos existences, nos chiens \u00e9mergent telles des th\u00e9rapies vivantes. Au-del\u00e0 de leur don d\u2019amour et de joie, ils \u00e9veillent en nous une soif ardente d\u2019exploration, de nouveaux horizons \u00e0 arpenter, que ce soit dans les replis montagneux, les \u00e9tendues champ\u00eatres ou les myst\u00e8res forestiers.  Aux c\u00f4t\u00e9s de nos fid\u00e8les compagnons, le temps suspend son vol, et dans l\u2019\u00e9treinte du moment pr\u00e9sent, les tourments s\u2019\u00e9vanouissent comme des brumes au lever du jour. En leur pr\u00e9sence, la qui\u00e9tude r\u00e8gne, offrant un refuge paisible o\u00f9 nos \u00e2mes trouvent refuge.  Au travers de cette gamme, nous avons voulu faire un clin d\u2019\u0153il \u00e0 nos compagnons de vie qui nous ont \u00e0 100% am\u00e9lior\u00e9 la vie.  Composition :   96% polyester \u2013 4% \u00e9lasthanne 2 couches 2 poches cot\u00e9 zipp\u00e9es Zip SBS  Tailles disponibles FEMME du S au 2XL en trois couleurs.  N\u2019h\u00e9sitez pas \u00e0 consulter notre guide des tailles.  Conseils d\u2019entretien : \u2013 Il est conseill\u00e9 pour pr\u00e9server le design de retourner votre textile. \u2013 Lavage \u00e0 la main (m\u00e9thode de lavage la plus douce) \u2013 En machine, optez pour un lavage \u00e0 30 degr\u00e9s (ou 40\u00b0C maximum) pour \u00e9viter toute d\u00e9formation. N\u2019oubliez pas de consulter l\u2019\u00e9tiquette de vos v\u00eatements, elle contient des instructions importantes. \u2013 PAS de s\u00e8che-linge.\" \/>\n<meta property=\"og:url\" content=\"https:\/\/flor-dessins.fr\/?product=sweat-out-dog-therapy-2-2\" \/>\n<meta property=\"article:modified_time\" content=\"2026-04-07T17:51:50+00:00\" \/>\n<meta property=\"og:image\" content=\"https:\/\/flor-dessins.fr\/wp-content\/uploads\/2024\/09\/img_3145.jpeg\" \/>\n\t<meta property=\"og:image:width\" content=\"580\" \/>\n\t<meta property=\"og:image:height\" content=\"580\" \/>\n\t<meta property=\"og:image:type\" content=\"image\/jpeg\" \/>\n<meta name=\"twitter:card\" content=\"summary_large_image\" \/>\n<meta name=\"twitter:label1\" content=\"Dur\u00e9e de lecture estim\u00e9e\" \/>\n\t<meta name=\"twitter:data1\" content=\"2 minutes\" \/>\n<script type=\"application\/ld+json\" class=\"yoast-schema-graph\">{\"@context\":\"https:\\\/\\\/schema.org\",\"@graph\":[{\"@type\":\"WebPage\",\"@id\":\"https:\\\/\\\/flor-dessins.fr\\\/?product=sweat-out-dog-therapy-2-2\",\"url\":\"https:\\\/\\\/flor-dessins.fr\\\/?product=sweat-out-dog-therapy-2-2\",\"name\":\"VESTE IMPERM\u00c9ABLE OUTDOG THERAPY HOMME -\",\"isPartOf\":{\"@id\":\"https:\\\/\\\/flor-dessins.fr\\\/#website\"},\"primaryImageOfPage\":{\"@id\":\"https:\\\/\\\/flor-dessins.fr\\\/?product=sweat-out-dog-therapy-2-2#primaryimage\"},\"image\":{\"@id\":\"https:\\\/\\\/flor-dessins.fr\\\/?product=sweat-out-dog-therapy-2-2#primaryimage\"},\"thumbnailUrl\":\"https:\\\/\\\/flor-dessins.fr\\\/wp-content\\\/uploads\\\/2024\\\/09\\\/img_3145.jpeg\",\"datePublished\":\"2024-09-25T10:35:18+00:00\",\"dateModified\":\"2026-04-07T17:51:50+00:00\",\"breadcrumb\":{\"@id\":\"https:\\\/\\\/flor-dessins.fr\\\/?product=sweat-out-dog-therapy-2-2#breadcrumb\"},\"inLanguage\":\"fr-FR\",\"potentialAction\":[{\"@type\":\"ReadAction\",\"target\":[\"https:\\\/\\\/flor-dessins.fr\\\/?product=sweat-out-dog-therapy-2-2\"]}]},{\"@type\":\"ImageObject\",\"inLanguage\":\"fr-FR\",\"@id\":\"https:\\\/\\\/flor-dessins.fr\\\/?product=sweat-out-dog-therapy-2-2#primaryimage\",\"url\":\"https:\\\/\\\/flor-dessins.fr\\\/wp-content\\\/uploads\\\/2024\\\/09\\\/img_3145.jpeg\",\"contentUrl\":\"https:\\\/\\\/flor-dessins.fr\\\/wp-content\\\/uploads\\\/2024\\\/09\\\/img_3145.jpeg\",\"width\":580,\"height\":580},{\"@type\":\"BreadcrumbList\",\"@id\":\"https:\\\/\\\/flor-dessins.fr\\\/?product=sweat-out-dog-therapy-2-2#breadcrumb\",\"itemListElement\":[{\"@type\":\"ListItem\",\"position\":1,\"name\":\"Accueil\",\"item\":\"https:\\\/\\\/flor-dessins.fr\\\/\"},{\"@type\":\"ListItem\",\"position\":2,\"name\":\"Boutique\",\"item\":\"https:\\\/\\\/flor-dessins.fr\\\/?page_id=5\"},{\"@type\":\"ListItem\",\"position\":3,\"name\":\"VESTE IMPERM\u00c9ABLE OUTDOG THERAPY HOMME\"}]},{\"@type\":\"WebSite\",\"@id\":\"https:\\\/\\\/flor-dessins.fr\\\/#website\",\"url\":\"https:\\\/\\\/flor-dessins.fr\\\/\",\"name\":\"\",\"description\":\"LA COULEUR DE VOS SOUVENIRS\",\"potentialAction\":[{\"@type\":\"SearchAction\",\"target\":{\"@type\":\"EntryPoint\",\"urlTemplate\":\"https:\\\/\\\/flor-dessins.fr\\\/?s={search_term_string}\"},\"query-input\":{\"@type\":\"PropertyValueSpecification\",\"valueRequired\":true,\"valueName\":\"search_term_string\"}}],\"inLanguage\":\"fr-FR\"}]}<\/script>\n<!-- \/ Yoast SEO plugin. -->","yoast_head_json":{"title":"VESTE IMPERM\u00c9ABLE OUTDOG THERAPY HOMME -","robots":{"index":"index","follow":"follow","max-snippet":"max-snippet:-1","max-image-preview":"max-image-preview:large","max-video-preview":"max-video-preview:-1"},"canonical":"https:\/\/flor-dessins.fr\/?product=sweat-out-dog-therapy-2-2","og_locale":"fr_FR","og_type":"article","og_title":"VESTE IMPERM\u00c9ABLE OUTDOG THERAPY HOMME -","og_description":"IMPORTANT : PRE COMMANDE DU 11\/07 au 25\/07 - expedition\u00a0 courant aout .. Merci de votre compr\u00e9hension. Pour toute demande de personnalisation unique, merci de remplir ce formulaire pour obtenir un devis personnalis\u00e9 : https:\/\/flor-dessins.fr\/?page_id=6457  N\u2019h\u00e9sitez pas \u00e0 consulter notre guide des tailles.  Chez Flor, nous reconnaissons l\u2019importance de vos compagnons \u00e0 quatre pattes. C\u2019est pourquoi cette ann\u00e9e, nous avons d\u00e9cid\u00e9 de vous proposer plusieurs textile avec la phrase OUT\u2019DOG THERAPY.  Pourquoi Out\u2019dog therapy?  Dans la symphonie de nos existences, nos chiens \u00e9mergent telles des th\u00e9rapies vivantes. Au-del\u00e0 de leur don d\u2019amour et de joie, ils \u00e9veillent en nous une soif ardente d\u2019exploration, de nouveaux horizons \u00e0 arpenter, que ce soit dans les replis montagneux, les \u00e9tendues champ\u00eatres ou les myst\u00e8res forestiers.  Aux c\u00f4t\u00e9s de nos fid\u00e8les compagnons, le temps suspend son vol, et dans l\u2019\u00e9treinte du moment pr\u00e9sent, les tourments s\u2019\u00e9vanouissent comme des brumes au lever du jour. En leur pr\u00e9sence, la qui\u00e9tude r\u00e8gne, offrant un refuge paisible o\u00f9 nos \u00e2mes trouvent refuge.  Au travers de cette gamme, nous avons voulu faire un clin d\u2019\u0153il \u00e0 nos compagnons de vie qui nous ont \u00e0 100% am\u00e9lior\u00e9 la vie.  Composition :   96% polyester \u2013 4% \u00e9lasthanne 2 couches 2 poches cot\u00e9 zipp\u00e9es Zip SBS  Tailles disponibles FEMME du S au 2XL en trois couleurs.  N\u2019h\u00e9sitez pas \u00e0 consulter notre guide des tailles.  Conseils d\u2019entretien : \u2013 Il est conseill\u00e9 pour pr\u00e9server le design de retourner votre textile. \u2013 Lavage \u00e0 la main (m\u00e9thode de lavage la plus douce) \u2013 En machine, optez pour un lavage \u00e0 30 degr\u00e9s (ou 40\u00b0C maximum) pour \u00e9viter toute d\u00e9formation. N\u2019oubliez pas de consulter l\u2019\u00e9tiquette de vos v\u00eatements, elle contient des instructions importantes. \u2013 PAS de s\u00e8che-linge.","og_url":"https:\/\/flor-dessins.fr\/?product=sweat-out-dog-therapy-2-2","article_modified_time":"2026-04-07T17:51:50+00:00","og_image":[{"width":580,"height":580,"url":"https:\/\/flor-dessins.fr\/wp-content\/uploads\/2024\/09\/img_3145.jpeg","type":"image\/jpeg"}],"twitter_card":"summary_large_image","twitter_misc":{"Dur\u00e9e de lecture estim\u00e9e":"2 minutes"},"schema":{"@context":"https:\/\/schema.org","@graph":[{"@type":"WebPage","@id":"https:\/\/flor-dessins.fr\/?product=sweat-out-dog-therapy-2-2","url":"https:\/\/flor-dessins.fr\/?product=sweat-out-dog-therapy-2-2","name":"VESTE IMPERM\u00c9ABLE OUTDOG THERAPY HOMME -","isPartOf":{"@id":"https:\/\/flor-dessins.fr\/#website"},"primaryImageOfPage":{"@id":"https:\/\/flor-dessins.fr\/?product=sweat-out-dog-therapy-2-2#primaryimage"},"image":{"@id":"https:\/\/flor-dessins.fr\/?product=sweat-out-dog-therapy-2-2#primaryimage"},"thumbnailUrl":"https:\/\/flor-dessins.fr\/wp-content\/uploads\/2024\/09\/img_3145.jpeg","datePublished":"2024-09-25T10:35:18+00:00","dateModified":"2026-04-07T17:51:50+00:00","breadcrumb":{"@id":"https:\/\/flor-dessins.fr\/?product=sweat-out-dog-therapy-2-2#breadcrumb"},"inLanguage":"fr-FR","potentialAction":[{"@type":"ReadAction","target":["https:\/\/flor-dessins.fr\/?product=sweat-out-dog-therapy-2-2"]}]},{"@type":"ImageObject","inLanguage":"fr-FR","@id":"https:\/\/flor-dessins.fr\/?product=sweat-out-dog-therapy-2-2#primaryimage","url":"https:\/\/flor-dessins.fr\/wp-content\/uploads\/2024\/09\/img_3145.jpeg","contentUrl":"https:\/\/flor-dessins.fr\/wp-content\/uploads\/2024\/09\/img_3145.jpeg","width":580,"height":580},{"@type":"BreadcrumbList","@id":"https:\/\/flor-dessins.fr\/?product=sweat-out-dog-therapy-2-2#breadcrumb","itemListElement":[{"@type":"ListItem","position":1,"name":"Accueil","item":"https:\/\/flor-dessins.fr\/"},{"@type":"ListItem","position":2,"name":"Boutique","item":"https:\/\/flor-dessins.fr\/?page_id=5"},{"@type":"ListItem","position":3,"name":"VESTE IMPERM\u00c9ABLE OUTDOG THERAPY HOMME"}]},{"@type":"WebSite","@id":"https:\/\/flor-dessins.fr\/#website","url":"https:\/\/flor-dessins.fr\/","name":"","description":"LA COULEUR DE VOS SOUVENIRS","potentialAction":[{"@type":"SearchAction","target":{"@type":"EntryPoint","urlTemplate":"https:\/\/flor-dessins.fr\/?s={search_term_string}"},"query-input":{"@type":"PropertyValueSpecification","valueRequired":true,"valueName":"search_term_string"}}],"inLanguage":"fr-FR"}]}},"jetpack_sharing_enabled":true,"_links":{"self":[{"href":"https:\/\/flor-dessins.fr\/index.php?rest_route=\/wp\/v2\/product\/4795","targetHints":{"allow":["GET"]}}],"collection":[{"href":"https:\/\/flor-dessins.fr\/index.php?rest_route=\/wp\/v2\/product"}],"about":[{"href":"https:\/\/flor-dessins.fr\/index.php?rest_route=\/wp\/v2\/types\/product"}],"wp:featuredmedia":[{"embeddable":true,"href":"https:\/\/flor-dessins.fr\/index.php?rest_route=\/wp\/v2\/media\/4815"}],"wp:attachment":[{"href":"https:\/\/flor-dessins.fr\/index.php?rest_route=%2Fwp%2Fv2%2Fmedia&parent=4795"}],"wp:term":[{"taxonomy":"product_brand","embeddable":true,"href":"https:\/\/flor-dessins.fr\/index.php?rest_route=%2Fwp%2Fv2%2Fproduct_brand&post=4795"},{"taxonomy":"product_cat","embeddable":true,"href":"https:\/\/flor-dessins.fr\/index.php?rest_route=%2Fwp%2Fv2%2Fproduct_cat&post=4795"},{"taxonomy":"product_tag","embeddable":true,"href":"https:\/\/flor-dessins.fr\/index.php?rest_route=%2Fwp%2Fv2%2Fproduct_tag&post=4795"}],"curies":[{"name":"wp","href":"https:\/\/api.w.org\/{rel}","templated":true}]}}