{"id":5076,"date":"2024-10-29T21:31:28","date_gmt":"2024-10-29T21:31:28","guid":{"rendered":"https:\/\/flor-dessins.fr\/?post_type=product&#038;p=5076"},"modified":"2026-04-07T17:42:33","modified_gmt":"2026-04-07T17:42:33","slug":"sweat-out-dog-therapy","status":"publish","type":"product","link":"https:\/\/flor-dessins.fr\/?product=sweat-out-dog-therapy","title":{"rendered":"SWEAT Mixte"},"content":{"rendered":"<p class=\"\" data-start=\"82\" data-end=\"127\"><strong data-start=\"82\" data-end=\"127\">Sweatshirt \u2013 L&rsquo;Essentiel Confort et Style &#8211; DESIGN SUR L&rsquo;AVANT EN GRAND FORMAT<br \/>\nIMPORTANT : <em>PRE COMMANDE DU 11\/07 au 25\/07 &#8211; expedition\u00a0 courant aout <\/em>.<\/strong><strong data-start=\"82\" data-end=\"127\">. Merci de votre compr\u00e9hension. Pour toute demande de personnalisation unique, merci de remplir ce formulaire pour obtenir un devis personnalis\u00e9 : <a style=\"font-size: 16px;background-color: #ffffff\" href=\"https:\/\/flor-dessins.fr\/?page_id=6457\">https:\/\/flor-dessins.fr\/?page_id=6457<\/a><br \/>\n<\/strong><\/p>\n<p class=\"\" data-start=\"129\" data-end=\"373\"><strong>Misez sur un basique intemporel avec notre sweatshirt ! Confortable, doux et parfaitement coup\u00e9, il est id\u00e9al pour un look cosy, tendance et facile \u00e0 porter au quotidien.<br \/>\nPersonnalisez votre style en choisissant parmi nos diff\u00e9rents designs :<\/strong><\/p>\n<p class=\"\" data-start=\"129\" data-end=\"373\">\ud83c\udf38 <strong data-start=\"378\" data-end=\"388\">FLOWER<\/strong><strong> \u2013 Un brin de fra\u00eecheur et de po\u00e9sie dans votre tenue.<br \/>\n<\/strong>\u2600\ufe0f <strong data-start=\"448\" data-end=\"458\">SUMMER<\/strong><strong> \u2013 L\u2019\u00e9nergie solaire pour un look rayonnant.<br \/>\n<\/strong>\ud83c\udf49 <strong data-start=\"508\" data-end=\"528\">SALADE DE FRUITS<\/strong><strong> \u2013 Des couleurs vives pour booster votre humeur.<br \/>\n<\/strong>\ud83d\udc3e <strong data-start=\"582\" data-end=\"600\">OUTDOG THERAPY<\/strong><strong> \u2013 La nature et la libert\u00e9 au centre de votre style.<br \/>\n<\/strong>\ud83d\udcdd <strong data-start=\"658\" data-end=\"668\">PHRASE<\/strong><strong> \u2013 Envie d\u2019originalit\u00e9 ? Faites imprimer la phrase de votre choix pour un sweat qui vous ressemble vraiment !<\/strong><\/p>\n<p class=\"\" data-start=\"129\" data-end=\"373\"><strong><br \/>\nCoupe moderne, confort au top et designs uniques : le sweatshirt parfait \u00e0 adopter toute l\u2019ann\u00e9e !<\/strong><\/p>\n<p><strong>\u00a0<\/strong><\/p>\n","protected":false},"excerpt":{"rendered":"<p class=\"\" data-start=\"82\" data-end=\"127\"><strong data-start=\"82\" data-end=\"127\">Sweatshirt \u2013 L&rsquo;Essentiel Confort et Style &#8211; DESIGN SUR L&rsquo;AVANT EN GRAND FORMAT<br \/>\nIMPORTANT : <em>PRE COMMANDE DU 11\/07 au 25\/07 &#8211; expedition\u00a0 courant aout <\/em>.<\/strong><strong data-start=\"82\" data-end=\"127\">. Merci de votre compr\u00e9hension. Pour toute demande de personnalisation unique, merci de remplir ce formulaire pour obtenir un devis personnalis\u00e9 : <a style=\"font-size: 16px;background-color: #ffffff\" href=\"https:\/\/flor-dessins.fr\/?page_id=6457\">https:\/\/flor-dessins.fr\/?page_id=6457<\/a><br \/>\n<\/strong><\/p>\n<p class=\"\" data-start=\"129\" data-end=\"373\"><strong>Misez sur un basique intemporel avec notre sweatshirt ! Confortable, doux et parfaitement coup\u00e9, il est id\u00e9al pour un look cosy, tendance et facile \u00e0 porter au quotidien.<br \/>\nPersonnalisez votre style en choisissant parmi nos diff\u00e9rents designs :<\/strong><\/p>\n<p class=\"\" data-start=\"129\" data-end=\"373\">\ud83c\udf38 <strong data-start=\"378\" data-end=\"388\">FLOWER<\/strong><strong> \u2013 Un brin de fra\u00eecheur et de po\u00e9sie dans votre tenue.<br \/>\n<\/strong>\u2600\ufe0f <strong data-start=\"448\" data-end=\"458\">SUMMER<\/strong><strong> \u2013 L\u2019\u00e9nergie solaire pour un look rayonnant.<br \/>\n<\/strong>\ud83c\udf49 <strong data-start=\"508\" data-end=\"528\">SALADE DE FRUITS<\/strong><strong> \u2013 Des couleurs vives pour booster votre humeur.<br \/>\n<\/strong>\ud83d\udc3e <strong data-start=\"582\" data-end=\"600\">OUTDOG THERAPY<\/strong><strong> \u2013 La nature et la libert\u00e9 au centre de votre style.<br \/>\n<\/strong>\ud83d\udcdd <strong data-start=\"658\" data-end=\"668\">PHRASE<\/strong><strong> \u2013 Envie d\u2019originalit\u00e9 ? Faites imprimer la phrase de votre choix pour un sweat qui vous ressemble vraiment !<br \/>\nCoupe moderne, confort au top et designs uniques : le sweatshirt parfait \u00e0 adopter toute l\u2019ann\u00e9e !<\/strong><\/p>\n","protected":false},"featured_media":5100,"template":"","meta":{"_monsterinsights_skip_tracking":false,"_monsterinsights_sitenote_active":false,"_monsterinsights_sitenote_note":"","_monsterinsights_sitenote_category":0,"site-sidebar-layout":"default","site-content-layout":"","ast-site-content-layout":"default","site-content-style":"default","site-sidebar-style":"default","ast-global-header-display":"","ast-banner-title-visibility":"","ast-main-header-display":"","ast-hfb-above-header-display":"","ast-hfb-below-header-display":"","ast-hfb-mobile-header-display":"","site-post-title":"","ast-breadcrumbs-content":"","ast-featured-img":"","footer-sml-layout":"","ast-disable-related-posts":"","theme-transparent-header-meta":"default","adv-header-id-meta":"","stick-header-meta":"","header-above-stick-meta":"","header-main-stick-meta":"","header-below-stick-meta":"","astra-migrate-meta-layouts":"set","ast-page-background-enabled":"default","ast-page-background-meta":{"desktop":{"background-color":"var(--ast-global-color-4)","background-image":"","background-repeat":"repeat","background-position":"center center","background-size":"auto","background-attachment":"scroll","background-type":"","background-media":"","overlay-type":"","overlay-color":"","overlay-opacity":"","overlay-gradient":""},"tablet":{"background-color":"","background-image":"","background-repeat":"repeat","background-position":"center center","background-size":"auto","background-attachment":"scroll","background-type":"","background-media":"","overlay-type":"","overlay-color":"","overlay-opacity":"","overlay-gradient":""},"mobile":{"background-color":"","background-image":"","background-repeat":"repeat","background-position":"center center","background-size":"auto","background-attachment":"scroll","background-type":"","background-media":"","overlay-type":"","overlay-color":"","overlay-opacity":"","overlay-gradient":""}},"ast-content-background-meta":{"desktop":{"background-color":"var(--ast-global-color-5)","background-image":"","background-repeat":"repeat","background-position":"center center","background-size":"auto","background-attachment":"scroll","background-type":"","background-media":"","overlay-type":"","overlay-color":"","overlay-opacity":"","overlay-gradient":""},"tablet":{"background-color":"var(--ast-global-color-5)","background-image":"","background-repeat":"repeat","background-position":"center center","background-size":"auto","background-attachment":"scroll","background-type":"","background-media":"","overlay-type":"","overlay-color":"","overlay-opacity":"","overlay-gradient":""},"mobile":{"background-color":"var(--ast-global-color-5)","background-image":"","background-repeat":"repeat","background-position":"center center","background-size":"auto","background-attachment":"scroll","background-type":"","background-media":"","overlay-type":"","overlay-color":"","overlay-opacity":"","overlay-gradient":""}},"_glsr_average":0,"_glsr_ranking":0,"_glsr_reviews":0},"product_brand":[],"product_cat":[148,145,163],"product_tag":[],"class_list":{"0":"post-5076","1":"product","2":"type-product","3":"status-publish","4":"has-post-thumbnail","6":"product_cat-gamme-outdog-les-collections","7":"product_cat-les-collections","8":"product_cat-sweat-outdog","9":"product_shipping_class-colissimo","10":"desktop-align-center","11":"tablet-align-left","12":"mobile-align-left","13":"fpd-variation-needed","15":"first","16":"outofstock","17":"shipping-taxable","18":"purchasable","19":"product-type-variable"},"yoast_head":"<!-- This site is optimized with the Yoast SEO plugin v27.3 - https:\/\/yoast.com\/product\/yoast-seo-wordpress\/ -->\n<title>SWEAT Mixte -<\/title>\n<meta name=\"description\" content=\"Sweatshirt \u2013 L&#039;Essentiel Confort et Style - DESIGN SUR L&#039;AVANT EN GRAND FORMATIMPORTANT : pr\u00e9commande du 27\/04 au 11\/05. Les commandes seront exp\u00e9di\u00e9es fin mai. Merci de votre compr\u00e9hension.\u00a0Pour toute demande de personnalisation unique, merci de remplir ce formulaire pour obtenir un devis personnalis\u00e9 : https:\/\/flor-dessins.fr\/?page_id=6457Misez sur un basique intemporel avec notre sweatshirt ! Confortable, doux et parfaitement coup\u00e9, il est id\u00e9al pour un look cosy, tendance et facile \u00e0 porter au quotidien.Personnalisez votre style en choisissant parmi nos diff\u00e9rents designs :\ud83c\udf38 FLOWER \u2013 Un brin de fra\u00eecheur et de po\u00e9sie dans votre tenue.\u2600\ufe0f SUMMER \u2013 L\u2019\u00e9nergie solaire pour un look rayonnant.\ud83c\udf49 SALADE DE FRUITS \u2013 Des couleurs vives pour booster votre humeur.\ud83d\udc3e OUTDOG THERAPY \u2013 La nature et la libert\u00e9 au centre de votre style.\ud83d\udcdd PHRASE \u2013 Envie d\u2019originalit\u00e9 ? Faites imprimer la phrase de votre choix pour un sweat qui vous ressemble vraiment !Coupe moderne, confort au top et designs uniques : le sweatshirt parfait \u00e0 adopter toute l\u2019ann\u00e9e !\" \/>\n<meta name=\"robots\" content=\"index, follow, max-snippet:-1, max-image-preview:large, max-video-preview:-1\" \/>\n<link rel=\"canonical\" href=\"https:\/\/flor-dessins.fr\/?product=sweat-out-dog-therapy\" \/>\n<meta property=\"og:locale\" content=\"fr_FR\" \/>\n<meta property=\"og:type\" content=\"article\" \/>\n<meta property=\"og:title\" content=\"SWEAT Mixte -\" \/>\n<meta property=\"og:description\" content=\"Sweatshirt \u2013 L&#039;Essentiel Confort et Style - DESIGN SUR L&#039;AVANT EN GRAND FORMATIMPORTANT : pr\u00e9commande du 27\/04 au 11\/05. Les commandes seront exp\u00e9di\u00e9es fin mai. Merci de votre compr\u00e9hension.\u00a0Pour toute demande de personnalisation unique, merci de remplir ce formulaire pour obtenir un devis personnalis\u00e9 : https:\/\/flor-dessins.fr\/?page_id=6457Misez sur un basique intemporel avec notre sweatshirt ! Confortable, doux et parfaitement coup\u00e9, il est id\u00e9al pour un look cosy, tendance et facile \u00e0 porter au quotidien.Personnalisez votre style en choisissant parmi nos diff\u00e9rents designs :\ud83c\udf38 FLOWER \u2013 Un brin de fra\u00eecheur et de po\u00e9sie dans votre tenue.\u2600\ufe0f SUMMER \u2013 L\u2019\u00e9nergie solaire pour un look rayonnant.\ud83c\udf49 SALADE DE FRUITS \u2013 Des couleurs vives pour booster votre humeur.\ud83d\udc3e OUTDOG THERAPY \u2013 La nature et la libert\u00e9 au centre de votre style.\ud83d\udcdd PHRASE \u2013 Envie d\u2019originalit\u00e9 ? Faites imprimer la phrase de votre choix pour un sweat qui vous ressemble vraiment !Coupe moderne, confort au top et designs uniques : le sweatshirt parfait \u00e0 adopter toute l\u2019ann\u00e9e !\" \/>\n<meta property=\"og:url\" content=\"https:\/\/flor-dessins.fr\/?product=sweat-out-dog-therapy\" \/>\n<meta property=\"article:modified_time\" content=\"2026-04-07T17:42:33+00:00\" \/>\n<meta property=\"og:image\" content=\"https:\/\/flor-dessins.fr\/wp-content\/uploads\/2024\/10\/img_3770.jpeg\" \/>\n\t<meta property=\"og:image:width\" content=\"1125\" \/>\n\t<meta property=\"og:image:height\" content=\"1115\" \/>\n\t<meta property=\"og:image:type\" content=\"image\/jpeg\" \/>\n<meta name=\"twitter:card\" content=\"summary_large_image\" \/>\n<meta name=\"twitter:label1\" content=\"Dur\u00e9e de lecture estim\u00e9e\" \/>\n\t<meta name=\"twitter:data1\" content=\"2 minutes\" \/>\n<script type=\"application\/ld+json\" class=\"yoast-schema-graph\">{\"@context\":\"https:\\\/\\\/schema.org\",\"@graph\":[{\"@type\":\"WebPage\",\"@id\":\"https:\\\/\\\/flor-dessins.fr\\\/?product=sweat-out-dog-therapy\",\"url\":\"https:\\\/\\\/flor-dessins.fr\\\/?product=sweat-out-dog-therapy\",\"name\":\"SWEAT Mixte -\",\"isPartOf\":{\"@id\":\"https:\\\/\\\/flor-dessins.fr\\\/#website\"},\"primaryImageOfPage\":{\"@id\":\"https:\\\/\\\/flor-dessins.fr\\\/?product=sweat-out-dog-therapy#primaryimage\"},\"image\":{\"@id\":\"https:\\\/\\\/flor-dessins.fr\\\/?product=sweat-out-dog-therapy#primaryimage\"},\"thumbnailUrl\":\"https:\\\/\\\/flor-dessins.fr\\\/wp-content\\\/uploads\\\/2024\\\/10\\\/img_3770.jpeg\",\"datePublished\":\"2024-10-29T21:31:28+00:00\",\"dateModified\":\"2026-04-07T17:42:33+00:00\",\"description\":\"Sweatshirt \u2013 L'Essentiel Confort et Style - DESIGN SUR L'AVANT EN GRAND FORMATIMPORTANT : pr\u00e9commande du 27\\\/04 au 11\\\/05. Les commandes seront exp\u00e9di\u00e9es fin mai. Merci de votre compr\u00e9hension.\u00a0Pour toute demande de personnalisation unique, merci de remplir ce formulaire pour obtenir un devis personnalis\u00e9 : https:\\\/\\\/flor-dessins.fr\\\/?page_id=6457Misez sur un basique intemporel avec notre sweatshirt ! Confortable, doux et parfaitement coup\u00e9, il est id\u00e9al pour un look cosy, tendance et facile \u00e0 porter au quotidien.Personnalisez votre style en choisissant parmi nos diff\u00e9rents designs :\ud83c\udf38 FLOWER \u2013 Un brin de fra\u00eecheur et de po\u00e9sie dans votre tenue.\u2600\ufe0f SUMMER \u2013 L\u2019\u00e9nergie solaire pour un look rayonnant.\ud83c\udf49 SALADE DE FRUITS \u2013 Des couleurs vives pour booster votre humeur.\ud83d\udc3e OUTDOG THERAPY \u2013 La nature et la libert\u00e9 au centre de votre style.\ud83d\udcdd PHRASE \u2013 Envie d\u2019originalit\u00e9 ? Faites imprimer la phrase de votre choix pour un sweat qui vous ressemble vraiment !Coupe moderne, confort au top et designs uniques : le sweatshirt parfait \u00e0 adopter toute l\u2019ann\u00e9e !\",\"breadcrumb\":{\"@id\":\"https:\\\/\\\/flor-dessins.fr\\\/?product=sweat-out-dog-therapy#breadcrumb\"},\"inLanguage\":\"fr-FR\",\"potentialAction\":[{\"@type\":\"ReadAction\",\"target\":[\"https:\\\/\\\/flor-dessins.fr\\\/?product=sweat-out-dog-therapy\"]}]},{\"@type\":\"ImageObject\",\"inLanguage\":\"fr-FR\",\"@id\":\"https:\\\/\\\/flor-dessins.fr\\\/?product=sweat-out-dog-therapy#primaryimage\",\"url\":\"https:\\\/\\\/flor-dessins.fr\\\/wp-content\\\/uploads\\\/2024\\\/10\\\/img_3770.jpeg\",\"contentUrl\":\"https:\\\/\\\/flor-dessins.fr\\\/wp-content\\\/uploads\\\/2024\\\/10\\\/img_3770.jpeg\",\"width\":1125,\"height\":1115},{\"@type\":\"BreadcrumbList\",\"@id\":\"https:\\\/\\\/flor-dessins.fr\\\/?product=sweat-out-dog-therapy#breadcrumb\",\"itemListElement\":[{\"@type\":\"ListItem\",\"position\":1,\"name\":\"Accueil\",\"item\":\"https:\\\/\\\/flor-dessins.fr\\\/\"},{\"@type\":\"ListItem\",\"position\":2,\"name\":\"Boutique\",\"item\":\"https:\\\/\\\/flor-dessins.fr\\\/?page_id=5\"},{\"@type\":\"ListItem\",\"position\":3,\"name\":\"SWEAT Mixte\"}]},{\"@type\":\"WebSite\",\"@id\":\"https:\\\/\\\/flor-dessins.fr\\\/#website\",\"url\":\"https:\\\/\\\/flor-dessins.fr\\\/\",\"name\":\"\",\"description\":\"LA COULEUR DE VOS SOUVENIRS\",\"potentialAction\":[{\"@type\":\"SearchAction\",\"target\":{\"@type\":\"EntryPoint\",\"urlTemplate\":\"https:\\\/\\\/flor-dessins.fr\\\/?s={search_term_string}\"},\"query-input\":{\"@type\":\"PropertyValueSpecification\",\"valueRequired\":true,\"valueName\":\"search_term_string\"}}],\"inLanguage\":\"fr-FR\"}]}<\/script>\n<!-- \/ Yoast SEO plugin. -->","yoast_head_json":{"title":"SWEAT Mixte -","description":"Sweatshirt \u2013 L'Essentiel Confort et Style - DESIGN SUR L'AVANT EN GRAND FORMATIMPORTANT : pr\u00e9commande du 27\/04 au 11\/05. Les commandes seront exp\u00e9di\u00e9es fin mai. Merci de votre compr\u00e9hension.\u00a0Pour toute demande de personnalisation unique, merci de remplir ce formulaire pour obtenir un devis personnalis\u00e9 : https:\/\/flor-dessins.fr\/?page_id=6457Misez sur un basique intemporel avec notre sweatshirt ! Confortable, doux et parfaitement coup\u00e9, il est id\u00e9al pour un look cosy, tendance et facile \u00e0 porter au quotidien.Personnalisez votre style en choisissant parmi nos diff\u00e9rents designs :\ud83c\udf38 FLOWER \u2013 Un brin de fra\u00eecheur et de po\u00e9sie dans votre tenue.\u2600\ufe0f SUMMER \u2013 L\u2019\u00e9nergie solaire pour un look rayonnant.\ud83c\udf49 SALADE DE FRUITS \u2013 Des couleurs vives pour booster votre humeur.\ud83d\udc3e OUTDOG THERAPY \u2013 La nature et la libert\u00e9 au centre de votre style.\ud83d\udcdd PHRASE \u2013 Envie d\u2019originalit\u00e9 ? Faites imprimer la phrase de votre choix pour un sweat qui vous ressemble vraiment !Coupe moderne, confort au top et designs uniques : le sweatshirt parfait \u00e0 adopter toute l\u2019ann\u00e9e !","robots":{"index":"index","follow":"follow","max-snippet":"max-snippet:-1","max-image-preview":"max-image-preview:large","max-video-preview":"max-video-preview:-1"},"canonical":"https:\/\/flor-dessins.fr\/?product=sweat-out-dog-therapy","og_locale":"fr_FR","og_type":"article","og_title":"SWEAT Mixte -","og_description":"Sweatshirt \u2013 L'Essentiel Confort et Style - DESIGN SUR L'AVANT EN GRAND FORMATIMPORTANT : pr\u00e9commande du 27\/04 au 11\/05. Les commandes seront exp\u00e9di\u00e9es fin mai. Merci de votre compr\u00e9hension.\u00a0Pour toute demande de personnalisation unique, merci de remplir ce formulaire pour obtenir un devis personnalis\u00e9 : https:\/\/flor-dessins.fr\/?page_id=6457Misez sur un basique intemporel avec notre sweatshirt ! Confortable, doux et parfaitement coup\u00e9, il est id\u00e9al pour un look cosy, tendance et facile \u00e0 porter au quotidien.Personnalisez votre style en choisissant parmi nos diff\u00e9rents designs :\ud83c\udf38 FLOWER \u2013 Un brin de fra\u00eecheur et de po\u00e9sie dans votre tenue.\u2600\ufe0f SUMMER \u2013 L\u2019\u00e9nergie solaire pour un look rayonnant.\ud83c\udf49 SALADE DE FRUITS \u2013 Des couleurs vives pour booster votre humeur.\ud83d\udc3e OUTDOG THERAPY \u2013 La nature et la libert\u00e9 au centre de votre style.\ud83d\udcdd PHRASE \u2013 Envie d\u2019originalit\u00e9 ? Faites imprimer la phrase de votre choix pour un sweat qui vous ressemble vraiment !Coupe moderne, confort au top et designs uniques : le sweatshirt parfait \u00e0 adopter toute l\u2019ann\u00e9e !","og_url":"https:\/\/flor-dessins.fr\/?product=sweat-out-dog-therapy","article_modified_time":"2026-04-07T17:42:33+00:00","og_image":[{"width":1125,"height":1115,"url":"https:\/\/flor-dessins.fr\/wp-content\/uploads\/2024\/10\/img_3770.jpeg","type":"image\/jpeg"}],"twitter_card":"summary_large_image","twitter_misc":{"Dur\u00e9e de lecture estim\u00e9e":"2 minutes"},"schema":{"@context":"https:\/\/schema.org","@graph":[{"@type":"WebPage","@id":"https:\/\/flor-dessins.fr\/?product=sweat-out-dog-therapy","url":"https:\/\/flor-dessins.fr\/?product=sweat-out-dog-therapy","name":"SWEAT Mixte -","isPartOf":{"@id":"https:\/\/flor-dessins.fr\/#website"},"primaryImageOfPage":{"@id":"https:\/\/flor-dessins.fr\/?product=sweat-out-dog-therapy#primaryimage"},"image":{"@id":"https:\/\/flor-dessins.fr\/?product=sweat-out-dog-therapy#primaryimage"},"thumbnailUrl":"https:\/\/flor-dessins.fr\/wp-content\/uploads\/2024\/10\/img_3770.jpeg","datePublished":"2024-10-29T21:31:28+00:00","dateModified":"2026-04-07T17:42:33+00:00","description":"Sweatshirt \u2013 L'Essentiel Confort et Style - DESIGN SUR L'AVANT EN GRAND FORMATIMPORTANT : pr\u00e9commande du 27\/04 au 11\/05. Les commandes seront exp\u00e9di\u00e9es fin mai. Merci de votre compr\u00e9hension.\u00a0Pour toute demande de personnalisation unique, merci de remplir ce formulaire pour obtenir un devis personnalis\u00e9 : https:\/\/flor-dessins.fr\/?page_id=6457Misez sur un basique intemporel avec notre sweatshirt ! Confortable, doux et parfaitement coup\u00e9, il est id\u00e9al pour un look cosy, tendance et facile \u00e0 porter au quotidien.Personnalisez votre style en choisissant parmi nos diff\u00e9rents designs :\ud83c\udf38 FLOWER \u2013 Un brin de fra\u00eecheur et de po\u00e9sie dans votre tenue.\u2600\ufe0f SUMMER \u2013 L\u2019\u00e9nergie solaire pour un look rayonnant.\ud83c\udf49 SALADE DE FRUITS \u2013 Des couleurs vives pour booster votre humeur.\ud83d\udc3e OUTDOG THERAPY \u2013 La nature et la libert\u00e9 au centre de votre style.\ud83d\udcdd PHRASE \u2013 Envie d\u2019originalit\u00e9 ? Faites imprimer la phrase de votre choix pour un sweat qui vous ressemble vraiment !Coupe moderne, confort au top et designs uniques : le sweatshirt parfait \u00e0 adopter toute l\u2019ann\u00e9e !","breadcrumb":{"@id":"https:\/\/flor-dessins.fr\/?product=sweat-out-dog-therapy#breadcrumb"},"inLanguage":"fr-FR","potentialAction":[{"@type":"ReadAction","target":["https:\/\/flor-dessins.fr\/?product=sweat-out-dog-therapy"]}]},{"@type":"ImageObject","inLanguage":"fr-FR","@id":"https:\/\/flor-dessins.fr\/?product=sweat-out-dog-therapy#primaryimage","url":"https:\/\/flor-dessins.fr\/wp-content\/uploads\/2024\/10\/img_3770.jpeg","contentUrl":"https:\/\/flor-dessins.fr\/wp-content\/uploads\/2024\/10\/img_3770.jpeg","width":1125,"height":1115},{"@type":"BreadcrumbList","@id":"https:\/\/flor-dessins.fr\/?product=sweat-out-dog-therapy#breadcrumb","itemListElement":[{"@type":"ListItem","position":1,"name":"Accueil","item":"https:\/\/flor-dessins.fr\/"},{"@type":"ListItem","position":2,"name":"Boutique","item":"https:\/\/flor-dessins.fr\/?page_id=5"},{"@type":"ListItem","position":3,"name":"SWEAT Mixte"}]},{"@type":"WebSite","@id":"https:\/\/flor-dessins.fr\/#website","url":"https:\/\/flor-dessins.fr\/","name":"","description":"LA COULEUR DE VOS SOUVENIRS","potentialAction":[{"@type":"SearchAction","target":{"@type":"EntryPoint","urlTemplate":"https:\/\/flor-dessins.fr\/?s={search_term_string}"},"query-input":{"@type":"PropertyValueSpecification","valueRequired":true,"valueName":"search_term_string"}}],"inLanguage":"fr-FR"}]}},"jetpack_sharing_enabled":true,"_links":{"self":[{"href":"https:\/\/flor-dessins.fr\/index.php?rest_route=\/wp\/v2\/product\/5076","targetHints":{"allow":["GET"]}}],"collection":[{"href":"https:\/\/flor-dessins.fr\/index.php?rest_route=\/wp\/v2\/product"}],"about":[{"href":"https:\/\/flor-dessins.fr\/index.php?rest_route=\/wp\/v2\/types\/product"}],"wp:featuredmedia":[{"embeddable":true,"href":"https:\/\/flor-dessins.fr\/index.php?rest_route=\/wp\/v2\/media\/5100"}],"wp:attachment":[{"href":"https:\/\/flor-dessins.fr\/index.php?rest_route=%2Fwp%2Fv2%2Fmedia&parent=5076"}],"wp:term":[{"taxonomy":"product_brand","embeddable":true,"href":"https:\/\/flor-dessins.fr\/index.php?rest_route=%2Fwp%2Fv2%2Fproduct_brand&post=5076"},{"taxonomy":"product_cat","embeddable":true,"href":"https:\/\/flor-dessins.fr\/index.php?rest_route=%2Fwp%2Fv2%2Fproduct_cat&post=5076"},{"taxonomy":"product_tag","embeddable":true,"href":"https:\/\/flor-dessins.fr\/index.php?rest_route=%2Fwp%2Fv2%2Fproduct_tag&post=5076"}],"curies":[{"name":"wp","href":"https:\/\/api.w.org\/{rel}","templated":true}]}}