{"id":6129,"date":"2025-04-20T13:06:09","date_gmt":"2025-04-20T13:06:09","guid":{"rendered":"https:\/\/flor-dessins.fr\/?post_type=product&#038;p=6129"},"modified":"2026-04-07T17:47:56","modified_gmt":"2026-04-07T17:47:56","slug":"t-shirt-mixte","status":"publish","type":"product","link":"https:\/\/flor-dessins.fr\/?product=t-shirt-mixte","title":{"rendered":"T-Shirt Mixte"},"content":{"rendered":"<p class=\"\" data-start=\"107\" data-end=\"169\"><strong data-start=\"107\" data-end=\"169\">T-shirt Mixte \u2013 Personnalisation Entreprise ou Particulier<br \/>\nIMPORTANT : <em>PRE COMMANDE DU 11\/07 au 25\/07 &#8211; expedition\u00a0 courant aout <\/em>.<\/strong><strong data-start=\"107\" data-end=\"169\">. Merci de votre compr\u00e9hension. Pour toute demande de personnalisation unique, merci de remplir ce formulaire pour obtenir un devis personnalis\u00e9 : <a style=\"font-size: 16px;background-color: #ffffff\" href=\"https:\/\/flor-dessins.fr\/?page_id=6457\">https:\/\/flor-dessins.fr\/?page_id=6457<\/a><br \/>\n<\/strong><\/p>\n<p class=\"\" data-start=\"171\" data-end=\"270\"><strong>Notre T-shirt mixte, \u00e0 la coupe confortable et moderne, est con\u00e7u exclusivement pour accueillir :<\/strong><\/p>\n<ul data-start=\"272\" data-end=\"438\">\n<li class=\"\" data-start=\"272\" data-end=\"356\">\n<p class=\"\" data-start=\"274\" data-end=\"356\"><strong data-start=\"274\" data-end=\"285\">Un logo<\/strong><\/p>\n<\/li>\n<li class=\"\" data-start=\"357\" data-end=\"438\">\n<p class=\"\" data-start=\"359\" data-end=\"438\"><strong data-start=\"359\" data-end=\"373\">Une phrase<\/strong><\/p>\n<\/li>\n<\/ul>\n<p class=\"\" data-start=\"440\" data-end=\"632\">\ud83c\udfa8<strong> Design sobre et \u00e9pur\u00e9 pour mettre en valeur votre cr\u00e9ation<br \/>\n<\/strong>\ud83d\udc55<strong> Coupe mixte adapt\u00e9e \u00e0 toutes les morphologies<br \/>\n<\/strong>\ud83d\udd8b\ufe0f<strong> Personnalisation simple et cibl\u00e9e pour un rendu unique et professionnel<\/strong><\/p>\n<p class=\"\" data-start=\"634\" data-end=\"732\"><strong>Exprimez l&rsquo;identit\u00e9 de votre entreprise ou votre personnalit\u00e9 \u00e0 travers un T-shirt \u00e0 votre image !<\/strong><\/p>\n","protected":false},"excerpt":{"rendered":"<p class=\"\" data-start=\"107\" data-end=\"169\"><strong data-start=\"107\" data-end=\"169\">T-shirt Mixte \u2013 Personnalisation Entreprise ou Particulier<br \/>\nIMPORTANT : <em>PRE COMMANDE DU 11\/07 au 25\/07 &#8211; expedition\u00a0 courant aout <\/em>.<\/strong><strong data-start=\"107\" data-end=\"169\">. Merci de votre compr\u00e9hension. Pour toute demande de personnalisation unique, merci de remplir ce formulaire pour obtenir un devis personnalis\u00e9 : <a style=\"font-size: 16px;background-color: #ffffff\" href=\"https:\/\/flor-dessins.fr\/?page_id=6457\">https:\/\/flor-dessins.fr\/?page_id=6457<\/a><br \/>\n<\/strong><\/p>\n<p class=\"\" data-start=\"171\" data-end=\"270\"><strong>Notre T-shirt mixte, \u00e0 la coupe confortable et moderne, est con\u00e7u exclusivement pour accueillir :<\/strong><\/p>\n<ul data-start=\"272\" data-end=\"438\">\n<li class=\"\" data-start=\"272\" data-end=\"356\">\n<p class=\"\" data-start=\"274\" data-end=\"356\"><strong data-start=\"274\" data-end=\"285\">Un logo<\/strong><\/p>\n<\/li>\n<li class=\"\" data-start=\"357\" data-end=\"438\">\n<p class=\"\" data-start=\"359\" data-end=\"438\"><strong data-start=\"359\" data-end=\"373\">Une phrase<\/strong><\/p>\n<\/li>\n<\/ul>\n<p class=\"\" data-start=\"440\" data-end=\"632\">\ud83c\udfa8<strong> Design sobre et \u00e9pur\u00e9 pour mettre en valeur votre cr\u00e9ation<br \/>\n<\/strong>\ud83d\udc55<strong> Coupe mixte adapt\u00e9e \u00e0 toutes les morphologies<br \/>\n<\/strong>\ud83d\udd8b\ufe0f<strong> Personnalisation simple et cibl\u00e9e pour un rendu unique et professionnel<\/strong><\/p>\n<p class=\"\" data-start=\"634\" data-end=\"732\"><strong>Exprimez l&rsquo;identit\u00e9 de votre entreprise ou votre personnalit\u00e9 \u00e0 travers un T-shirt \u00e0 votre image !<\/strong><\/p>\n","protected":false},"featured_media":6134,"template":"","meta":{"_monsterinsights_skip_tracking":false,"_monsterinsights_sitenote_active":false,"_monsterinsights_sitenote_note":"","_monsterinsights_sitenote_category":0,"site-sidebar-layout":"default","site-content-layout":"","ast-site-content-layout":"default","site-content-style":"default","site-sidebar-style":"default","ast-global-header-display":"","ast-banner-title-visibility":"","ast-main-header-display":"","ast-hfb-above-header-display":"","ast-hfb-below-header-display":"","ast-hfb-mobile-header-display":"","site-post-title":"","ast-breadcrumbs-content":"","ast-featured-img":"","footer-sml-layout":"","ast-disable-related-posts":"","theme-transparent-header-meta":"default","adv-header-id-meta":"","stick-header-meta":"","header-above-stick-meta":"","header-main-stick-meta":"","header-below-stick-meta":"","astra-migrate-meta-layouts":"set","ast-page-background-enabled":"default","ast-page-background-meta":{"desktop":{"background-color":"var(--ast-global-color-4)","background-image":"","background-repeat":"repeat","background-position":"center center","background-size":"auto","background-attachment":"scroll","background-type":"","background-media":"","overlay-type":"","overlay-color":"","overlay-opacity":"","overlay-gradient":""},"tablet":{"background-color":"","background-image":"","background-repeat":"repeat","background-position":"center center","background-size":"auto","background-attachment":"scroll","background-type":"","background-media":"","overlay-type":"","overlay-color":"","overlay-opacity":"","overlay-gradient":""},"mobile":{"background-color":"","background-image":"","background-repeat":"repeat","background-position":"center center","background-size":"auto","background-attachment":"scroll","background-type":"","background-media":"","overlay-type":"","overlay-color":"","overlay-opacity":"","overlay-gradient":""}},"ast-content-background-meta":{"desktop":{"background-color":"var(--ast-global-color-5)","background-image":"","background-repeat":"repeat","background-position":"center center","background-size":"auto","background-attachment":"scroll","background-type":"","background-media":"","overlay-type":"","overlay-color":"","overlay-opacity":"","overlay-gradient":""},"tablet":{"background-color":"var(--ast-global-color-5)","background-image":"","background-repeat":"repeat","background-position":"center center","background-size":"auto","background-attachment":"scroll","background-type":"","background-media":"","overlay-type":"","overlay-color":"","overlay-opacity":"","overlay-gradient":""},"mobile":{"background-color":"var(--ast-global-color-5)","background-image":"","background-repeat":"repeat","background-position":"center center","background-size":"auto","background-attachment":"scroll","background-type":"","background-media":"","overlay-type":"","overlay-color":"","overlay-opacity":"","overlay-gradient":""}},"_glsr_average":0,"_glsr_ranking":0,"_glsr_reviews":0},"product_brand":[],"product_cat":[154,148,145,155,165],"product_tag":[],"class_list":{"0":"post-6129","1":"product","2":"type-product","3":"status-publish","4":"has-post-thumbnail","6":"product_cat-flower","7":"product_cat-gamme-outdog-les-collections","8":"product_cat-les-collections","9":"product_cat-salade-de-fruits","10":"product_cat-t-shirt-outdog","11":"product_shipping_class-colissimo","12":"desktop-align-center","13":"tablet-align-left","14":"mobile-align-left","15":"fpd-variation-needed","17":"first","18":"outofstock","19":"shipping-taxable","20":"purchasable","21":"product-type-variable"},"yoast_head":"<!-- This site is optimized with the Yoast SEO plugin v27.3 - https:\/\/yoast.com\/product\/yoast-seo-wordpress\/ -->\n<title>T-Shirt Mixte -<\/title>\n<meta name=\"description\" content=\"T-shirt Mixte \u2013 Personnalisation Entreprise ou ParticulierIMPORTANT : pr\u00e9commande du 27\/04 au 11\/05. Les commandes seront exp\u00e9di\u00e9es fin mai. Merci de votre compr\u00e9hension.\u00a0Pour toute demande de personnalisation unique, merci de remplir ce formulaire pour obtenir un devis personnalis\u00e9 : https:\/\/flor-dessins.fr\/?page_id=6457Notre T-shirt mixte, \u00e0 la coupe confortable et moderne, est con\u00e7u exclusivement pour accueillir :Un logo\u00a0Une phrase\u00a0\ud83c\udfa8 Design sobre et \u00e9pur\u00e9 pour mettre en valeur votre cr\u00e9ation\ud83d\udc55 Coupe mixte adapt\u00e9e \u00e0 toutes les morphologies\ud83d\udd8b\ufe0f Personnalisation simple et cibl\u00e9e pour un rendu unique et professionnelExprimez l&#039;identit\u00e9 de votre entreprise ou votre personnalit\u00e9 \u00e0 travers un T-shirt \u00e0 votre image !\" \/>\n<meta name=\"robots\" content=\"index, follow, max-snippet:-1, max-image-preview:large, max-video-preview:-1\" \/>\n<link rel=\"canonical\" href=\"https:\/\/flor-dessins.fr\/?product=t-shirt-mixte\" \/>\n<meta property=\"og:locale\" content=\"fr_FR\" \/>\n<meta property=\"og:type\" content=\"article\" \/>\n<meta property=\"og:title\" content=\"T-Shirt Mixte -\" \/>\n<meta property=\"og:description\" content=\"T-shirt Mixte \u2013 Personnalisation Entreprise ou ParticulierIMPORTANT : pr\u00e9commande du 27\/04 au 11\/05. Les commandes seront exp\u00e9di\u00e9es fin mai. Merci de votre compr\u00e9hension.\u00a0Pour toute demande de personnalisation unique, merci de remplir ce formulaire pour obtenir un devis personnalis\u00e9 : https:\/\/flor-dessins.fr\/?page_id=6457Notre T-shirt mixte, \u00e0 la coupe confortable et moderne, est con\u00e7u exclusivement pour accueillir :Un logo\u00a0Une phrase\u00a0\ud83c\udfa8 Design sobre et \u00e9pur\u00e9 pour mettre en valeur votre cr\u00e9ation\ud83d\udc55 Coupe mixte adapt\u00e9e \u00e0 toutes les morphologies\ud83d\udd8b\ufe0f Personnalisation simple et cibl\u00e9e pour un rendu unique et professionnelExprimez l&#039;identit\u00e9 de votre entreprise ou votre personnalit\u00e9 \u00e0 travers un T-shirt \u00e0 votre image !\" \/>\n<meta property=\"og:url\" content=\"https:\/\/flor-dessins.fr\/?product=t-shirt-mixte\" \/>\n<meta property=\"article:modified_time\" content=\"2026-04-07T17:47:56+00:00\" \/>\n<meta property=\"og:image\" content=\"https:\/\/flor-dessins.fr\/wp-content\/uploads\/2025\/04\/Mixte-marron.webp\" \/>\n\t<meta property=\"og:image:width\" content=\"580\" \/>\n\t<meta property=\"og:image:height\" content=\"580\" \/>\n\t<meta property=\"og:image:type\" content=\"image\/webp\" \/>\n<meta name=\"twitter:card\" content=\"summary_large_image\" \/>\n<meta name=\"twitter:label1\" content=\"Dur\u00e9e de lecture estim\u00e9e\" \/>\n\t<meta name=\"twitter:data1\" content=\"1 minute\" \/>\n<script type=\"application\/ld+json\" class=\"yoast-schema-graph\">{\"@context\":\"https:\\\/\\\/schema.org\",\"@graph\":[{\"@type\":\"WebPage\",\"@id\":\"https:\\\/\\\/flor-dessins.fr\\\/?product=t-shirt-mixte\",\"url\":\"https:\\\/\\\/flor-dessins.fr\\\/?product=t-shirt-mixte\",\"name\":\"T-Shirt Mixte -\",\"isPartOf\":{\"@id\":\"https:\\\/\\\/flor-dessins.fr\\\/#website\"},\"primaryImageOfPage\":{\"@id\":\"https:\\\/\\\/flor-dessins.fr\\\/?product=t-shirt-mixte#primaryimage\"},\"image\":{\"@id\":\"https:\\\/\\\/flor-dessins.fr\\\/?product=t-shirt-mixte#primaryimage\"},\"thumbnailUrl\":\"https:\\\/\\\/flor-dessins.fr\\\/wp-content\\\/uploads\\\/2025\\\/04\\\/Mixte-marron.webp\",\"datePublished\":\"2025-04-20T13:06:09+00:00\",\"dateModified\":\"2026-04-07T17:47:56+00:00\",\"description\":\"T-shirt Mixte \u2013 Personnalisation Entreprise ou ParticulierIMPORTANT : pr\u00e9commande du 27\\\/04 au 11\\\/05. Les commandes seront exp\u00e9di\u00e9es fin mai. Merci de votre compr\u00e9hension.\u00a0Pour toute demande de personnalisation unique, merci de remplir ce formulaire pour obtenir un devis personnalis\u00e9 : https:\\\/\\\/flor-dessins.fr\\\/?page_id=6457Notre T-shirt mixte, \u00e0 la coupe confortable et moderne, est con\u00e7u exclusivement pour accueillir :Un logo\u00a0Une phrase\u00a0\ud83c\udfa8 Design sobre et \u00e9pur\u00e9 pour mettre en valeur votre cr\u00e9ation\ud83d\udc55 Coupe mixte adapt\u00e9e \u00e0 toutes les morphologies\ud83d\udd8b\ufe0f Personnalisation simple et cibl\u00e9e pour un rendu unique et professionnelExprimez l'identit\u00e9 de votre entreprise ou votre personnalit\u00e9 \u00e0 travers un T-shirt \u00e0 votre image !\",\"breadcrumb\":{\"@id\":\"https:\\\/\\\/flor-dessins.fr\\\/?product=t-shirt-mixte#breadcrumb\"},\"inLanguage\":\"fr-FR\",\"potentialAction\":[{\"@type\":\"ReadAction\",\"target\":[\"https:\\\/\\\/flor-dessins.fr\\\/?product=t-shirt-mixte\"]}]},{\"@type\":\"ImageObject\",\"inLanguage\":\"fr-FR\",\"@id\":\"https:\\\/\\\/flor-dessins.fr\\\/?product=t-shirt-mixte#primaryimage\",\"url\":\"https:\\\/\\\/flor-dessins.fr\\\/wp-content\\\/uploads\\\/2025\\\/04\\\/Mixte-marron.webp\",\"contentUrl\":\"https:\\\/\\\/flor-dessins.fr\\\/wp-content\\\/uploads\\\/2025\\\/04\\\/Mixte-marron.webp\",\"width\":580,\"height\":580},{\"@type\":\"BreadcrumbList\",\"@id\":\"https:\\\/\\\/flor-dessins.fr\\\/?product=t-shirt-mixte#breadcrumb\",\"itemListElement\":[{\"@type\":\"ListItem\",\"position\":1,\"name\":\"Accueil\",\"item\":\"https:\\\/\\\/flor-dessins.fr\\\/\"},{\"@type\":\"ListItem\",\"position\":2,\"name\":\"Boutique\",\"item\":\"https:\\\/\\\/flor-dessins.fr\\\/?page_id=5\"},{\"@type\":\"ListItem\",\"position\":3,\"name\":\"T-Shirt Mixte\"}]},{\"@type\":\"WebSite\",\"@id\":\"https:\\\/\\\/flor-dessins.fr\\\/#website\",\"url\":\"https:\\\/\\\/flor-dessins.fr\\\/\",\"name\":\"\",\"description\":\"LA COULEUR DE VOS SOUVENIRS\",\"potentialAction\":[{\"@type\":\"SearchAction\",\"target\":{\"@type\":\"EntryPoint\",\"urlTemplate\":\"https:\\\/\\\/flor-dessins.fr\\\/?s={search_term_string}\"},\"query-input\":{\"@type\":\"PropertyValueSpecification\",\"valueRequired\":true,\"valueName\":\"search_term_string\"}}],\"inLanguage\":\"fr-FR\"}]}<\/script>\n<!-- \/ Yoast SEO plugin. -->","yoast_head_json":{"title":"T-Shirt Mixte -","description":"T-shirt Mixte \u2013 Personnalisation Entreprise ou ParticulierIMPORTANT : pr\u00e9commande du 27\/04 au 11\/05. Les commandes seront exp\u00e9di\u00e9es fin mai. Merci de votre compr\u00e9hension.\u00a0Pour toute demande de personnalisation unique, merci de remplir ce formulaire pour obtenir un devis personnalis\u00e9 : https:\/\/flor-dessins.fr\/?page_id=6457Notre T-shirt mixte, \u00e0 la coupe confortable et moderne, est con\u00e7u exclusivement pour accueillir :Un logo\u00a0Une phrase\u00a0\ud83c\udfa8 Design sobre et \u00e9pur\u00e9 pour mettre en valeur votre cr\u00e9ation\ud83d\udc55 Coupe mixte adapt\u00e9e \u00e0 toutes les morphologies\ud83d\udd8b\ufe0f Personnalisation simple et cibl\u00e9e pour un rendu unique et professionnelExprimez l'identit\u00e9 de votre entreprise ou votre personnalit\u00e9 \u00e0 travers un T-shirt \u00e0 votre image !","robots":{"index":"index","follow":"follow","max-snippet":"max-snippet:-1","max-image-preview":"max-image-preview:large","max-video-preview":"max-video-preview:-1"},"canonical":"https:\/\/flor-dessins.fr\/?product=t-shirt-mixte","og_locale":"fr_FR","og_type":"article","og_title":"T-Shirt Mixte -","og_description":"T-shirt Mixte \u2013 Personnalisation Entreprise ou ParticulierIMPORTANT : pr\u00e9commande du 27\/04 au 11\/05. Les commandes seront exp\u00e9di\u00e9es fin mai. Merci de votre compr\u00e9hension.\u00a0Pour toute demande de personnalisation unique, merci de remplir ce formulaire pour obtenir un devis personnalis\u00e9 : https:\/\/flor-dessins.fr\/?page_id=6457Notre T-shirt mixte, \u00e0 la coupe confortable et moderne, est con\u00e7u exclusivement pour accueillir :Un logo\u00a0Une phrase\u00a0\ud83c\udfa8 Design sobre et \u00e9pur\u00e9 pour mettre en valeur votre cr\u00e9ation\ud83d\udc55 Coupe mixte adapt\u00e9e \u00e0 toutes les morphologies\ud83d\udd8b\ufe0f Personnalisation simple et cibl\u00e9e pour un rendu unique et professionnelExprimez l'identit\u00e9 de votre entreprise ou votre personnalit\u00e9 \u00e0 travers un T-shirt \u00e0 votre image !","og_url":"https:\/\/flor-dessins.fr\/?product=t-shirt-mixte","article_modified_time":"2026-04-07T17:47:56+00:00","og_image":[{"width":580,"height":580,"url":"https:\/\/flor-dessins.fr\/wp-content\/uploads\/2025\/04\/Mixte-marron.webp","type":"image\/webp"}],"twitter_card":"summary_large_image","twitter_misc":{"Dur\u00e9e de lecture estim\u00e9e":"1 minute"},"schema":{"@context":"https:\/\/schema.org","@graph":[{"@type":"WebPage","@id":"https:\/\/flor-dessins.fr\/?product=t-shirt-mixte","url":"https:\/\/flor-dessins.fr\/?product=t-shirt-mixte","name":"T-Shirt Mixte -","isPartOf":{"@id":"https:\/\/flor-dessins.fr\/#website"},"primaryImageOfPage":{"@id":"https:\/\/flor-dessins.fr\/?product=t-shirt-mixte#primaryimage"},"image":{"@id":"https:\/\/flor-dessins.fr\/?product=t-shirt-mixte#primaryimage"},"thumbnailUrl":"https:\/\/flor-dessins.fr\/wp-content\/uploads\/2025\/04\/Mixte-marron.webp","datePublished":"2025-04-20T13:06:09+00:00","dateModified":"2026-04-07T17:47:56+00:00","description":"T-shirt Mixte \u2013 Personnalisation Entreprise ou ParticulierIMPORTANT : pr\u00e9commande du 27\/04 au 11\/05. Les commandes seront exp\u00e9di\u00e9es fin mai. Merci de votre compr\u00e9hension.\u00a0Pour toute demande de personnalisation unique, merci de remplir ce formulaire pour obtenir un devis personnalis\u00e9 : https:\/\/flor-dessins.fr\/?page_id=6457Notre T-shirt mixte, \u00e0 la coupe confortable et moderne, est con\u00e7u exclusivement pour accueillir :Un logo\u00a0Une phrase\u00a0\ud83c\udfa8 Design sobre et \u00e9pur\u00e9 pour mettre en valeur votre cr\u00e9ation\ud83d\udc55 Coupe mixte adapt\u00e9e \u00e0 toutes les morphologies\ud83d\udd8b\ufe0f Personnalisation simple et cibl\u00e9e pour un rendu unique et professionnelExprimez l'identit\u00e9 de votre entreprise ou votre personnalit\u00e9 \u00e0 travers un T-shirt \u00e0 votre image !","breadcrumb":{"@id":"https:\/\/flor-dessins.fr\/?product=t-shirt-mixte#breadcrumb"},"inLanguage":"fr-FR","potentialAction":[{"@type":"ReadAction","target":["https:\/\/flor-dessins.fr\/?product=t-shirt-mixte"]}]},{"@type":"ImageObject","inLanguage":"fr-FR","@id":"https:\/\/flor-dessins.fr\/?product=t-shirt-mixte#primaryimage","url":"https:\/\/flor-dessins.fr\/wp-content\/uploads\/2025\/04\/Mixte-marron.webp","contentUrl":"https:\/\/flor-dessins.fr\/wp-content\/uploads\/2025\/04\/Mixte-marron.webp","width":580,"height":580},{"@type":"BreadcrumbList","@id":"https:\/\/flor-dessins.fr\/?product=t-shirt-mixte#breadcrumb","itemListElement":[{"@type":"ListItem","position":1,"name":"Accueil","item":"https:\/\/flor-dessins.fr\/"},{"@type":"ListItem","position":2,"name":"Boutique","item":"https:\/\/flor-dessins.fr\/?page_id=5"},{"@type":"ListItem","position":3,"name":"T-Shirt Mixte"}]},{"@type":"WebSite","@id":"https:\/\/flor-dessins.fr\/#website","url":"https:\/\/flor-dessins.fr\/","name":"","description":"LA COULEUR DE VOS SOUVENIRS","potentialAction":[{"@type":"SearchAction","target":{"@type":"EntryPoint","urlTemplate":"https:\/\/flor-dessins.fr\/?s={search_term_string}"},"query-input":{"@type":"PropertyValueSpecification","valueRequired":true,"valueName":"search_term_string"}}],"inLanguage":"fr-FR"}]}},"jetpack_sharing_enabled":true,"_links":{"self":[{"href":"https:\/\/flor-dessins.fr\/index.php?rest_route=\/wp\/v2\/product\/6129","targetHints":{"allow":["GET"]}}],"collection":[{"href":"https:\/\/flor-dessins.fr\/index.php?rest_route=\/wp\/v2\/product"}],"about":[{"href":"https:\/\/flor-dessins.fr\/index.php?rest_route=\/wp\/v2\/types\/product"}],"wp:featuredmedia":[{"embeddable":true,"href":"https:\/\/flor-dessins.fr\/index.php?rest_route=\/wp\/v2\/media\/6134"}],"wp:attachment":[{"href":"https:\/\/flor-dessins.fr\/index.php?rest_route=%2Fwp%2Fv2%2Fmedia&parent=6129"}],"wp:term":[{"taxonomy":"product_brand","embeddable":true,"href":"https:\/\/flor-dessins.fr\/index.php?rest_route=%2Fwp%2Fv2%2Fproduct_brand&post=6129"},{"taxonomy":"product_cat","embeddable":true,"href":"https:\/\/flor-dessins.fr\/index.php?rest_route=%2Fwp%2Fv2%2Fproduct_cat&post=6129"},{"taxonomy":"product_tag","embeddable":true,"href":"https:\/\/flor-dessins.fr\/index.php?rest_route=%2Fwp%2Fv2%2Fproduct_tag&post=6129"}],"curies":[{"name":"wp","href":"https:\/\/api.w.org\/{rel}","templated":true}]}}