{"id":6163,"date":"2025-04-20T13:11:47","date_gmt":"2025-04-20T13:11:47","guid":{"rendered":"https:\/\/flor-dessins.fr\/?post_type=product&#038;p=6163"},"modified":"2026-04-07T11:05:54","modified_gmt":"2026-04-07T11:05:54","slug":"grand-sac-shopping","status":"publish","type":"product","link":"https:\/\/flor-dessins.fr\/?product=grand-sac-shopping","title":{"rendered":"Grand sac shopping"},"content":{"rendered":"<p class=\"\" data-start=\"79\" data-end=\"134\"><strong data-start=\"79\" data-end=\"134\">Grand Sac Shopping \u2013 Style &amp; Praticit\u00e9 au Quotidien<\/strong><\/p>\n<p><strong data-start=\"107\" data-end=\"169\">IMPORTANT : <em>PRE COMMANDE DU 11\/07 au 25\/07 &#8211; expedition\u00a0 courant aout <\/em>. Merci de votre compr\u00e9hension. Pour toute demande de personnalisation unique, merci de remplir ce formulaire pour obtenir un devis personnalis\u00e9 : <a style=\"font-size: 16px;background-color: #ffffff\" href=\"https:\/\/flor-dessins.fr\/?page_id=6457\">https:\/\/flor-dessins.fr\/?page_id=6457<\/a><\/strong><\/p>\n<p>&nbsp;<\/p>\n<p class=\"\" data-start=\"136\" data-end=\"385\">Emportez tout ce dont vous avez besoin avec \u00e9l\u00e9gance gr\u00e2ce \u00e0 notre grand sac shopping ! Spacieux, l\u00e9ger et r\u00e9sistant, il est parfait pour vos courses, vos sorties \u00e0 la plage ou vos escapades du week-end.<br data-start=\"339\" data-end=\"342\" \/>Choisissez le design qui vous ressemble :<\/p>\n<p class=\"\" data-start=\"387\" data-end=\"710\">\ud83c\udf38 <strong data-start=\"390\" data-end=\"400\">FLOWER<\/strong> \u2013 Un souffle fleuri pour une touche de fra\u00eecheur au quotidien.<br data-start=\"463\" data-end=\"466\" \/>\u2600\ufe0f <strong data-start=\"469\" data-end=\"479\">SUMMER<\/strong> \u2013 L&rsquo;esprit estival dans un sac color\u00e9 et lumineux.<br data-start=\"530\" data-end=\"533\" \/>\ud83c\udf49 <strong data-start=\"536\" data-end=\"556\">SALADE DE FRUITS<\/strong> \u2013 Une explosion de couleurs vitamin\u00e9es pour une bonne humeur assur\u00e9e.<br data-start=\"626\" data-end=\"629\" \/>\ud83d\udc3e <strong data-start=\"632\" data-end=\"650\">OUTDOG THERAPY<\/strong> \u2013 Pour les amoureux de nature et de balades en plein air.<\/p>\n<p class=\"\" data-start=\"712\" data-end=\"792\">Pratique, styl\u00e9 et unique : votre sac vous accompagne partout avec originalit\u00e9 !<\/p>\n<p>Composition : 100% coton canvas<br \/>\nTailles : 47x40x17cm &#8211; capacit\u00e9 : 31L<br \/>\nCompartiment principal zipp\u00e9. 2 poches int\u00e9rieures. Peut \u00eatre port\u00e9 \u00e0 la main ou \u00e0 l&rsquo;\u00e9paule.<\/p>\n","protected":false},"excerpt":{"rendered":"<p class=\"\" data-start=\"79\" data-end=\"134\"><strong data-start=\"79\" data-end=\"134\">Grand Sac Shopping \u2013 Style &amp; Praticit\u00e9 au Quotidien<\/strong><\/p>\n<p><strong data-start=\"107\" data-end=\"169\">IMPORTANT : <em>PRE COMMANDE DU 11\/07 au 25\/07 &#8211; expedition\u00a0 courant aout <\/em>. Merci de votre compr\u00e9hension. Pour toute demande de personnalisation unique, merci de remplir ce formulaire pour obtenir un devis personnalis\u00e9 : <a style=\"font-size: 16px;background-color: #ffffff\" href=\"https:\/\/flor-dessins.fr\/?page_id=6457\">https:\/\/flor-dessins.fr\/?page_id=6457<\/a><\/strong><\/p>\n<p>&nbsp;<\/p>\n<p class=\"\" data-start=\"136\" data-end=\"385\">Emportez tout ce dont vous avez besoin avec \u00e9l\u00e9gance gr\u00e2ce \u00e0 notre grand sac shopping ! Spacieux, l\u00e9ger et r\u00e9sistant, il est parfait pour vos courses, vos sorties \u00e0 la plage ou vos escapades du week-end.<br data-start=\"339\" data-end=\"342\" \/>Choisissez le design qui vous ressemble :<\/p>\n<p class=\"\" data-start=\"387\" data-end=\"710\">\ud83c\udf38 <strong data-start=\"390\" data-end=\"400\">FLOWER<\/strong> \u2013 Un souffle fleuri pour une touche de fra\u00eecheur au quotidien.<br data-start=\"463\" data-end=\"466\" \/>\u2600\ufe0f <strong data-start=\"469\" data-end=\"479\">SUMMER<\/strong> \u2013 L&rsquo;esprit estival dans un sac color\u00e9 et lumineux.<br data-start=\"530\" data-end=\"533\" \/>\ud83c\udf49 <strong data-start=\"536\" data-end=\"556\">SALADE DE FRUITS<\/strong> \u2013 Une explosion de couleurs vitamin\u00e9es pour une bonne humeur assur\u00e9e.<br data-start=\"626\" data-end=\"629\" \/>\ud83d\udc3e <strong data-start=\"632\" data-end=\"650\">OUTDOG THERAPY<\/strong> \u2013 Pour les amoureux de nature et de balades en plein air.<\/p>\n<p class=\"\" data-start=\"712\" data-end=\"792\">Pratique, styl\u00e9 et unique : votre sac vous accompagne partout avec originalit\u00e9 !<\/p>\n<p>Composition : 100% coton canvas<br \/>\nTailles : 47x40x17cm &#8211; capacit\u00e9 : 31L<br \/>\nCompartiment principal zipp\u00e9. 2 poches int\u00e9rieures. Peut \u00eatre port\u00e9 \u00e0 la main ou \u00e0 l&rsquo;\u00e9paule.<\/p>\n","protected":false},"featured_media":7388,"template":"","meta":{"_monsterinsights_skip_tracking":false,"_monsterinsights_sitenote_active":false,"_monsterinsights_sitenote_note":"","_monsterinsights_sitenote_category":0,"site-sidebar-layout":"default","site-content-layout":"","ast-site-content-layout":"default","site-content-style":"default","site-sidebar-style":"default","ast-global-header-display":"","ast-banner-title-visibility":"","ast-main-header-display":"","ast-hfb-above-header-display":"","ast-hfb-below-header-display":"","ast-hfb-mobile-header-display":"","site-post-title":"","ast-breadcrumbs-content":"","ast-featured-img":"","footer-sml-layout":"","ast-disable-related-posts":"","theme-transparent-header-meta":"default","adv-header-id-meta":"","stick-header-meta":"","header-above-stick-meta":"","header-main-stick-meta":"","header-below-stick-meta":"","astra-migrate-meta-layouts":"set","ast-page-background-enabled":"default","ast-page-background-meta":{"desktop":{"background-color":"var(--ast-global-color-4)","background-image":"","background-repeat":"repeat","background-position":"center center","background-size":"auto","background-attachment":"scroll","background-type":"","background-media":"","overlay-type":"","overlay-color":"","overlay-opacity":"","overlay-gradient":""},"tablet":{"background-color":"","background-image":"","background-repeat":"repeat","background-position":"center center","background-size":"auto","background-attachment":"scroll","background-type":"","background-media":"","overlay-type":"","overlay-color":"","overlay-opacity":"","overlay-gradient":""},"mobile":{"background-color":"","background-image":"","background-repeat":"repeat","background-position":"center center","background-size":"auto","background-attachment":"scroll","background-type":"","background-media":"","overlay-type":"","overlay-color":"","overlay-opacity":"","overlay-gradient":""}},"ast-content-background-meta":{"desktop":{"background-color":"var(--ast-global-color-5)","background-image":"","background-repeat":"repeat","background-position":"center center","background-size":"auto","background-attachment":"scroll","background-type":"","background-media":"","overlay-type":"","overlay-color":"","overlay-opacity":"","overlay-gradient":""},"tablet":{"background-color":"var(--ast-global-color-5)","background-image":"","background-repeat":"repeat","background-position":"center center","background-size":"auto","background-attachment":"scroll","background-type":"","background-media":"","overlay-type":"","overlay-color":"","overlay-opacity":"","overlay-gradient":""},"mobile":{"background-color":"var(--ast-global-color-5)","background-image":"","background-repeat":"repeat","background-position":"center center","background-size":"auto","background-attachment":"scroll","background-type":"","background-media":"","overlay-type":"","overlay-color":"","overlay-opacity":"","overlay-gradient":""}},"_glsr_average":0,"_glsr_ranking":0,"_glsr_reviews":0},"product_brand":[],"product_cat":[145,155],"product_tag":[],"class_list":{"0":"post-6163","1":"product","2":"type-product","3":"status-publish","4":"has-post-thumbnail","6":"product_cat-les-collections","7":"product_cat-salade-de-fruits","8":"product_shipping_class-colissimo","9":"desktop-align-center","10":"tablet-align-left","11":"mobile-align-left","12":"fpd-variation-needed","14":"first","15":"outofstock","16":"shipping-taxable","17":"purchasable","18":"product-type-variable"},"yoast_head":"<!-- This site is optimized with the Yoast SEO plugin v27.3 - https:\/\/yoast.com\/product\/yoast-seo-wordpress\/ -->\n<title>Grand sac shopping -<\/title>\n<meta name=\"description\" content=\"Grand Sac Shopping \u2013 Style &amp; Praticit\u00e9 au QuotidienIMPORTANT : pr\u00e9commande du 27\/04 au 11\/05. Les commandes seront exp\u00e9di\u00e9es fin mai. Merci de votre compr\u00e9hension.\u00a0Pour toute demande de personnalisation unique, merci de remplir ce formulaire pour obtenir un devis personnalis\u00e9 : https:\/\/flor-dessins.fr\/?page_id=6457Emportez tout ce dont vous avez besoin avec \u00e9l\u00e9gance gr\u00e2ce \u00e0 notre grand sac shopping ! Spacieux, l\u00e9ger et r\u00e9sistant, il est parfait pour vos courses, vos sorties \u00e0 la plage ou vos escapades du week-end.Choisissez le design qui vous ressemble :\ud83c\udf38 FLOWER \u2013 Un souffle fleuri pour une touche de fra\u00eecheur au quotidien.\u2600\ufe0f SUMMER \u2013 L&#039;esprit estival dans un sac color\u00e9 et lumineux.\ud83c\udf49 SALADE DE FRUITS \u2013 Une explosion de couleurs vitamin\u00e9es pour une bonne humeur assur\u00e9e.\ud83d\udc3e OUTDOG THERAPY \u2013 Pour les amoureux de nature et de balades en plein air.Pratique, styl\u00e9 et unique : votre sac vous accompagne partout avec originalit\u00e9 !Composition : 100% coton canvasTailles : 47x40x17cm - capacit\u00e9 : 31LCompartiment principal zipp\u00e9. 2 poches int\u00e9rieures. Peut \u00eatre port\u00e9 \u00e0 la main ou \u00e0 l&#039;\u00e9paule.\" \/>\n<meta name=\"robots\" content=\"index, follow, max-snippet:-1, max-image-preview:large, max-video-preview:-1\" \/>\n<link rel=\"canonical\" href=\"https:\/\/flor-dessins.fr\/?product=grand-sac-shopping\" \/>\n<meta property=\"og:locale\" content=\"fr_FR\" \/>\n<meta property=\"og:type\" content=\"article\" \/>\n<meta property=\"og:title\" content=\"Grand sac shopping -\" \/>\n<meta property=\"og:description\" content=\"Grand Sac Shopping \u2013 Style &amp; Praticit\u00e9 au QuotidienIMPORTANT : pr\u00e9commande du 27\/04 au 11\/05. Les commandes seront exp\u00e9di\u00e9es fin mai. Merci de votre compr\u00e9hension.\u00a0Pour toute demande de personnalisation unique, merci de remplir ce formulaire pour obtenir un devis personnalis\u00e9 : https:\/\/flor-dessins.fr\/?page_id=6457Emportez tout ce dont vous avez besoin avec \u00e9l\u00e9gance gr\u00e2ce \u00e0 notre grand sac shopping ! Spacieux, l\u00e9ger et r\u00e9sistant, il est parfait pour vos courses, vos sorties \u00e0 la plage ou vos escapades du week-end.Choisissez le design qui vous ressemble :\ud83c\udf38 FLOWER \u2013 Un souffle fleuri pour une touche de fra\u00eecheur au quotidien.\u2600\ufe0f SUMMER \u2013 L&#039;esprit estival dans un sac color\u00e9 et lumineux.\ud83c\udf49 SALADE DE FRUITS \u2013 Une explosion de couleurs vitamin\u00e9es pour une bonne humeur assur\u00e9e.\ud83d\udc3e OUTDOG THERAPY \u2013 Pour les amoureux de nature et de balades en plein air.Pratique, styl\u00e9 et unique : votre sac vous accompagne partout avec originalit\u00e9 !Composition : 100% coton canvasTailles : 47x40x17cm - capacit\u00e9 : 31LCompartiment principal zipp\u00e9. 2 poches int\u00e9rieures. Peut \u00eatre port\u00e9 \u00e0 la main ou \u00e0 l&#039;\u00e9paule.\" \/>\n<meta property=\"og:url\" content=\"https:\/\/flor-dessins.fr\/?product=grand-sac-shopping\" \/>\n<meta property=\"article:modified_time\" content=\"2026-04-07T11:05:54+00:00\" \/>\n<meta property=\"og:image\" content=\"https:\/\/flor-dessins.fr\/wp-content\/uploads\/2025\/04\/7.png\" \/>\n\t<meta property=\"og:image:width\" content=\"1080\" \/>\n\t<meta property=\"og:image:height\" content=\"1080\" \/>\n\t<meta property=\"og:image:type\" content=\"image\/png\" \/>\n<meta name=\"twitter:card\" content=\"summary_large_image\" \/>\n<meta name=\"twitter:label1\" content=\"Dur\u00e9e de lecture estim\u00e9e\" \/>\n\t<meta name=\"twitter:data1\" content=\"2 minutes\" \/>\n<script type=\"application\/ld+json\" class=\"yoast-schema-graph\">{\"@context\":\"https:\\\/\\\/schema.org\",\"@graph\":[{\"@type\":\"WebPage\",\"@id\":\"https:\\\/\\\/flor-dessins.fr\\\/?product=grand-sac-shopping\",\"url\":\"https:\\\/\\\/flor-dessins.fr\\\/?product=grand-sac-shopping\",\"name\":\"Grand sac shopping -\",\"isPartOf\":{\"@id\":\"https:\\\/\\\/flor-dessins.fr\\\/#website\"},\"primaryImageOfPage\":{\"@id\":\"https:\\\/\\\/flor-dessins.fr\\\/?product=grand-sac-shopping#primaryimage\"},\"image\":{\"@id\":\"https:\\\/\\\/flor-dessins.fr\\\/?product=grand-sac-shopping#primaryimage\"},\"thumbnailUrl\":\"https:\\\/\\\/flor-dessins.fr\\\/wp-content\\\/uploads\\\/2025\\\/04\\\/7.png\",\"datePublished\":\"2025-04-20T13:11:47+00:00\",\"dateModified\":\"2026-04-07T11:05:54+00:00\",\"description\":\"Grand Sac Shopping \u2013 Style & Praticit\u00e9 au QuotidienIMPORTANT : pr\u00e9commande du 27\\\/04 au 11\\\/05. Les commandes seront exp\u00e9di\u00e9es fin mai. Merci de votre compr\u00e9hension.\u00a0Pour toute demande de personnalisation unique, merci de remplir ce formulaire pour obtenir un devis personnalis\u00e9 : https:\\\/\\\/flor-dessins.fr\\\/?page_id=6457Emportez tout ce dont vous avez besoin avec \u00e9l\u00e9gance gr\u00e2ce \u00e0 notre grand sac shopping ! Spacieux, l\u00e9ger et r\u00e9sistant, il est parfait pour vos courses, vos sorties \u00e0 la plage ou vos escapades du week-end.Choisissez le design qui vous ressemble :\ud83c\udf38 FLOWER \u2013 Un souffle fleuri pour une touche de fra\u00eecheur au quotidien.\u2600\ufe0f SUMMER \u2013 L'esprit estival dans un sac color\u00e9 et lumineux.\ud83c\udf49 SALADE DE FRUITS \u2013 Une explosion de couleurs vitamin\u00e9es pour une bonne humeur assur\u00e9e.\ud83d\udc3e OUTDOG THERAPY \u2013 Pour les amoureux de nature et de balades en plein air.Pratique, styl\u00e9 et unique : votre sac vous accompagne partout avec originalit\u00e9 !Composition : 100% coton canvasTailles : 47x40x17cm - capacit\u00e9 : 31LCompartiment principal zipp\u00e9. 2 poches int\u00e9rieures. Peut \u00eatre port\u00e9 \u00e0 la main ou \u00e0 l'\u00e9paule.\",\"breadcrumb\":{\"@id\":\"https:\\\/\\\/flor-dessins.fr\\\/?product=grand-sac-shopping#breadcrumb\"},\"inLanguage\":\"fr-FR\",\"potentialAction\":[{\"@type\":\"ReadAction\",\"target\":[\"https:\\\/\\\/flor-dessins.fr\\\/?product=grand-sac-shopping\"]}]},{\"@type\":\"ImageObject\",\"inLanguage\":\"fr-FR\",\"@id\":\"https:\\\/\\\/flor-dessins.fr\\\/?product=grand-sac-shopping#primaryimage\",\"url\":\"https:\\\/\\\/flor-dessins.fr\\\/wp-content\\\/uploads\\\/2025\\\/04\\\/7.png\",\"contentUrl\":\"https:\\\/\\\/flor-dessins.fr\\\/wp-content\\\/uploads\\\/2025\\\/04\\\/7.png\",\"width\":1080,\"height\":1080},{\"@type\":\"BreadcrumbList\",\"@id\":\"https:\\\/\\\/flor-dessins.fr\\\/?product=grand-sac-shopping#breadcrumb\",\"itemListElement\":[{\"@type\":\"ListItem\",\"position\":1,\"name\":\"Accueil\",\"item\":\"https:\\\/\\\/flor-dessins.fr\\\/\"},{\"@type\":\"ListItem\",\"position\":2,\"name\":\"Boutique\",\"item\":\"https:\\\/\\\/flor-dessins.fr\\\/?page_id=5\"},{\"@type\":\"ListItem\",\"position\":3,\"name\":\"Grand sac shopping\"}]},{\"@type\":\"WebSite\",\"@id\":\"https:\\\/\\\/flor-dessins.fr\\\/#website\",\"url\":\"https:\\\/\\\/flor-dessins.fr\\\/\",\"name\":\"\",\"description\":\"LA COULEUR DE VOS SOUVENIRS\",\"potentialAction\":[{\"@type\":\"SearchAction\",\"target\":{\"@type\":\"EntryPoint\",\"urlTemplate\":\"https:\\\/\\\/flor-dessins.fr\\\/?s={search_term_string}\"},\"query-input\":{\"@type\":\"PropertyValueSpecification\",\"valueRequired\":true,\"valueName\":\"search_term_string\"}}],\"inLanguage\":\"fr-FR\"}]}<\/script>\n<!-- \/ Yoast SEO plugin. -->","yoast_head_json":{"title":"Grand sac shopping -","description":"Grand Sac Shopping \u2013 Style & Praticit\u00e9 au QuotidienIMPORTANT : pr\u00e9commande du 27\/04 au 11\/05. Les commandes seront exp\u00e9di\u00e9es fin mai. Merci de votre compr\u00e9hension.\u00a0Pour toute demande de personnalisation unique, merci de remplir ce formulaire pour obtenir un devis personnalis\u00e9 : https:\/\/flor-dessins.fr\/?page_id=6457Emportez tout ce dont vous avez besoin avec \u00e9l\u00e9gance gr\u00e2ce \u00e0 notre grand sac shopping ! Spacieux, l\u00e9ger et r\u00e9sistant, il est parfait pour vos courses, vos sorties \u00e0 la plage ou vos escapades du week-end.Choisissez le design qui vous ressemble :\ud83c\udf38 FLOWER \u2013 Un souffle fleuri pour une touche de fra\u00eecheur au quotidien.\u2600\ufe0f SUMMER \u2013 L'esprit estival dans un sac color\u00e9 et lumineux.\ud83c\udf49 SALADE DE FRUITS \u2013 Une explosion de couleurs vitamin\u00e9es pour une bonne humeur assur\u00e9e.\ud83d\udc3e OUTDOG THERAPY \u2013 Pour les amoureux de nature et de balades en plein air.Pratique, styl\u00e9 et unique : votre sac vous accompagne partout avec originalit\u00e9 !Composition : 100% coton canvasTailles : 47x40x17cm - capacit\u00e9 : 31LCompartiment principal zipp\u00e9. 2 poches int\u00e9rieures. Peut \u00eatre port\u00e9 \u00e0 la main ou \u00e0 l'\u00e9paule.","robots":{"index":"index","follow":"follow","max-snippet":"max-snippet:-1","max-image-preview":"max-image-preview:large","max-video-preview":"max-video-preview:-1"},"canonical":"https:\/\/flor-dessins.fr\/?product=grand-sac-shopping","og_locale":"fr_FR","og_type":"article","og_title":"Grand sac shopping -","og_description":"Grand Sac Shopping \u2013 Style & Praticit\u00e9 au QuotidienIMPORTANT : pr\u00e9commande du 27\/04 au 11\/05. Les commandes seront exp\u00e9di\u00e9es fin mai. Merci de votre compr\u00e9hension.\u00a0Pour toute demande de personnalisation unique, merci de remplir ce formulaire pour obtenir un devis personnalis\u00e9 : https:\/\/flor-dessins.fr\/?page_id=6457Emportez tout ce dont vous avez besoin avec \u00e9l\u00e9gance gr\u00e2ce \u00e0 notre grand sac shopping ! Spacieux, l\u00e9ger et r\u00e9sistant, il est parfait pour vos courses, vos sorties \u00e0 la plage ou vos escapades du week-end.Choisissez le design qui vous ressemble :\ud83c\udf38 FLOWER \u2013 Un souffle fleuri pour une touche de fra\u00eecheur au quotidien.\u2600\ufe0f SUMMER \u2013 L'esprit estival dans un sac color\u00e9 et lumineux.\ud83c\udf49 SALADE DE FRUITS \u2013 Une explosion de couleurs vitamin\u00e9es pour une bonne humeur assur\u00e9e.\ud83d\udc3e OUTDOG THERAPY \u2013 Pour les amoureux de nature et de balades en plein air.Pratique, styl\u00e9 et unique : votre sac vous accompagne partout avec originalit\u00e9 !Composition : 100% coton canvasTailles : 47x40x17cm - capacit\u00e9 : 31LCompartiment principal zipp\u00e9. 2 poches int\u00e9rieures. Peut \u00eatre port\u00e9 \u00e0 la main ou \u00e0 l'\u00e9paule.","og_url":"https:\/\/flor-dessins.fr\/?product=grand-sac-shopping","article_modified_time":"2026-04-07T11:05:54+00:00","og_image":[{"width":1080,"height":1080,"url":"https:\/\/flor-dessins.fr\/wp-content\/uploads\/2025\/04\/7.png","type":"image\/png"}],"twitter_card":"summary_large_image","twitter_misc":{"Dur\u00e9e de lecture estim\u00e9e":"2 minutes"},"schema":{"@context":"https:\/\/schema.org","@graph":[{"@type":"WebPage","@id":"https:\/\/flor-dessins.fr\/?product=grand-sac-shopping","url":"https:\/\/flor-dessins.fr\/?product=grand-sac-shopping","name":"Grand sac shopping -","isPartOf":{"@id":"https:\/\/flor-dessins.fr\/#website"},"primaryImageOfPage":{"@id":"https:\/\/flor-dessins.fr\/?product=grand-sac-shopping#primaryimage"},"image":{"@id":"https:\/\/flor-dessins.fr\/?product=grand-sac-shopping#primaryimage"},"thumbnailUrl":"https:\/\/flor-dessins.fr\/wp-content\/uploads\/2025\/04\/7.png","datePublished":"2025-04-20T13:11:47+00:00","dateModified":"2026-04-07T11:05:54+00:00","description":"Grand Sac Shopping \u2013 Style & Praticit\u00e9 au QuotidienIMPORTANT : pr\u00e9commande du 27\/04 au 11\/05. Les commandes seront exp\u00e9di\u00e9es fin mai. Merci de votre compr\u00e9hension.\u00a0Pour toute demande de personnalisation unique, merci de remplir ce formulaire pour obtenir un devis personnalis\u00e9 : https:\/\/flor-dessins.fr\/?page_id=6457Emportez tout ce dont vous avez besoin avec \u00e9l\u00e9gance gr\u00e2ce \u00e0 notre grand sac shopping ! Spacieux, l\u00e9ger et r\u00e9sistant, il est parfait pour vos courses, vos sorties \u00e0 la plage ou vos escapades du week-end.Choisissez le design qui vous ressemble :\ud83c\udf38 FLOWER \u2013 Un souffle fleuri pour une touche de fra\u00eecheur au quotidien.\u2600\ufe0f SUMMER \u2013 L'esprit estival dans un sac color\u00e9 et lumineux.\ud83c\udf49 SALADE DE FRUITS \u2013 Une explosion de couleurs vitamin\u00e9es pour une bonne humeur assur\u00e9e.\ud83d\udc3e OUTDOG THERAPY \u2013 Pour les amoureux de nature et de balades en plein air.Pratique, styl\u00e9 et unique : votre sac vous accompagne partout avec originalit\u00e9 !Composition : 100% coton canvasTailles : 47x40x17cm - capacit\u00e9 : 31LCompartiment principal zipp\u00e9. 2 poches int\u00e9rieures. Peut \u00eatre port\u00e9 \u00e0 la main ou \u00e0 l'\u00e9paule.","breadcrumb":{"@id":"https:\/\/flor-dessins.fr\/?product=grand-sac-shopping#breadcrumb"},"inLanguage":"fr-FR","potentialAction":[{"@type":"ReadAction","target":["https:\/\/flor-dessins.fr\/?product=grand-sac-shopping"]}]},{"@type":"ImageObject","inLanguage":"fr-FR","@id":"https:\/\/flor-dessins.fr\/?product=grand-sac-shopping#primaryimage","url":"https:\/\/flor-dessins.fr\/wp-content\/uploads\/2025\/04\/7.png","contentUrl":"https:\/\/flor-dessins.fr\/wp-content\/uploads\/2025\/04\/7.png","width":1080,"height":1080},{"@type":"BreadcrumbList","@id":"https:\/\/flor-dessins.fr\/?product=grand-sac-shopping#breadcrumb","itemListElement":[{"@type":"ListItem","position":1,"name":"Accueil","item":"https:\/\/flor-dessins.fr\/"},{"@type":"ListItem","position":2,"name":"Boutique","item":"https:\/\/flor-dessins.fr\/?page_id=5"},{"@type":"ListItem","position":3,"name":"Grand sac shopping"}]},{"@type":"WebSite","@id":"https:\/\/flor-dessins.fr\/#website","url":"https:\/\/flor-dessins.fr\/","name":"","description":"LA COULEUR DE VOS SOUVENIRS","potentialAction":[{"@type":"SearchAction","target":{"@type":"EntryPoint","urlTemplate":"https:\/\/flor-dessins.fr\/?s={search_term_string}"},"query-input":{"@type":"PropertyValueSpecification","valueRequired":true,"valueName":"search_term_string"}}],"inLanguage":"fr-FR"}]}},"jetpack_sharing_enabled":true,"_links":{"self":[{"href":"https:\/\/flor-dessins.fr\/index.php?rest_route=\/wp\/v2\/product\/6163","targetHints":{"allow":["GET"]}}],"collection":[{"href":"https:\/\/flor-dessins.fr\/index.php?rest_route=\/wp\/v2\/product"}],"about":[{"href":"https:\/\/flor-dessins.fr\/index.php?rest_route=\/wp\/v2\/types\/product"}],"wp:featuredmedia":[{"embeddable":true,"href":"https:\/\/flor-dessins.fr\/index.php?rest_route=\/wp\/v2\/media\/7388"}],"wp:attachment":[{"href":"https:\/\/flor-dessins.fr\/index.php?rest_route=%2Fwp%2Fv2%2Fmedia&parent=6163"}],"wp:term":[{"taxonomy":"product_brand","embeddable":true,"href":"https:\/\/flor-dessins.fr\/index.php?rest_route=%2Fwp%2Fv2%2Fproduct_brand&post=6163"},{"taxonomy":"product_cat","embeddable":true,"href":"https:\/\/flor-dessins.fr\/index.php?rest_route=%2Fwp%2Fv2%2Fproduct_cat&post=6163"},{"taxonomy":"product_tag","embeddable":true,"href":"https:\/\/flor-dessins.fr\/index.php?rest_route=%2Fwp%2Fv2%2Fproduct_tag&post=6163"}],"curies":[{"name":"wp","href":"https:\/\/api.w.org\/{rel}","templated":true}]}}