{"id":6179,"date":"2025-04-20T13:24:14","date_gmt":"2025-04-20T13:24:14","guid":{"rendered":"https:\/\/flor-dessins.fr\/?post_type=product&#038;p=6179"},"modified":"2026-04-07T17:49:11","modified_gmt":"2026-04-07T17:49:11","slug":"tshirt-salade-de-fruits","status":"publish","type":"product","link":"https:\/\/flor-dessins.fr\/?product=tshirt-salade-de-fruits","title":{"rendered":"TSHIRT SALADE DE FRUITS"},"content":{"rendered":"<p class=\"\" data-start=\"120\" data-end=\"181\"><strong data-start=\"120\" data-end=\"181\">T-shirt Femme Oversize \u2013 Libert\u00e9, Confort et Style Assur\u00e9<br \/>\nIMPORTANT : \u00a0<em>PRE COMMANDE DU 11\/07 au 25\/07 &#8211; expedition\u00a0 courant aout <\/em><\/strong><strong data-start=\"120\" data-end=\"181\">. Merci de votre compr\u00e9hension. Pour toute demande de personnalisation unique, merci de remplir ce formulaire pour obtenir un devis personnalis\u00e9 : <a style=\"font-size: 16px;background-color: #ffffff\" href=\"https:\/\/flor-dessins.fr\/?page_id=6457\">https:\/\/flor-dessins.fr\/?page_id=6457<\/a><br \/>\n<\/strong><\/p>\n<p class=\"\" data-start=\"183\" data-end=\"427\"><strong>Adoptez un look tendance et d\u00e9contract\u00e9 avec notre T-shirt oversize pour femme ! Sa coupe ample ultra confortable est parfaite pour un style casual chic au quotidien.<br \/>\nAffichez votre personnalit\u00e9 en choisissant parmi nos designs inspirants :<\/strong><\/p>\n<p class=\"\" data-start=\"429\" data-end=\"797\">\ud83c\udf49 <strong data-start=\"564\" data-end=\"584\">SALADE DE FRUITS<\/strong><strong> \u2013 Des couleurs fra\u00eeches pour un look p\u00e9tillant.<br \/>\nCoupe moderne, confort absolu et designs exclusifs : le T-shirt oversize qu\u2019on adore porter partout !<\/strong><\/p>\n<p><strong>Composition : 100\u00a0 % coton bio.<\/strong><\/p>\n","protected":false},"excerpt":{"rendered":"<p class=\"\" data-start=\"120\" data-end=\"181\"><strong data-start=\"120\" data-end=\"181\">T-shirt Femme Oversize \u2013 Libert\u00e9, Confort et Style Assur\u00e9<br \/>\nIMPORTANT : \u00a0<em>PRE COMMANDE DU 11\/07 au 25\/07 &#8211; expedition\u00a0 courant aout <\/em><\/strong><strong data-start=\"120\" data-end=\"181\">. Merci de votre compr\u00e9hension. Pour toute demande de personnalisation unique, merci de remplir ce formulaire pour obtenir un devis personnalis\u00e9 : <a style=\"font-size: 16px;background-color: #ffffff\" href=\"https:\/\/flor-dessins.fr\/?page_id=6457\">https:\/\/flor-dessins.fr\/?page_id=6457<\/a><br \/>\n<\/strong><\/p>\n<p class=\"\" data-start=\"183\" data-end=\"427\"><strong>Adoptez un look tendance et d\u00e9contract\u00e9 avec notre T-shirt oversize pour femme ! Sa coupe ample ultra confortable est parfaite pour un style casual chic au quotidien.<br \/>\nAffichez votre personnalit\u00e9 en choisissant parmi nos designs inspirants :<\/strong><\/p>\n<p class=\"\" data-start=\"429\" data-end=\"797\">\ud83c\udf49 <strong data-start=\"564\" data-end=\"584\">SALADE DE FRUITS<\/strong><strong> \u2013 Des couleurs fra\u00eeches pour un look p\u00e9tillant.<br \/>\nCoupe moderne, confort absolu et designs exclusifs : le T-shirt oversize qu\u2019on adore porter partout !<\/strong><\/p>\n<p><strong>Composition : 100\u00a0 % coton bio.<\/strong><\/p>\n","protected":false},"featured_media":6187,"template":"","meta":{"_monsterinsights_skip_tracking":false,"_monsterinsights_sitenote_active":false,"_monsterinsights_sitenote_note":"","_monsterinsights_sitenote_category":0,"site-sidebar-layout":"default","site-content-layout":"","ast-site-content-layout":"default","site-content-style":"default","site-sidebar-style":"default","ast-global-header-display":"","ast-banner-title-visibility":"","ast-main-header-display":"","ast-hfb-above-header-display":"","ast-hfb-below-header-display":"","ast-hfb-mobile-header-display":"","site-post-title":"","ast-breadcrumbs-content":"","ast-featured-img":"","footer-sml-layout":"","ast-disable-related-posts":"","theme-transparent-header-meta":"default","adv-header-id-meta":"","stick-header-meta":"","header-above-stick-meta":"","header-main-stick-meta":"","header-below-stick-meta":"","astra-migrate-meta-layouts":"set","ast-page-background-enabled":"default","ast-page-background-meta":{"desktop":{"background-color":"var(--ast-global-color-4)","background-image":"","background-repeat":"repeat","background-position":"center center","background-size":"auto","background-attachment":"scroll","background-type":"","background-media":"","overlay-type":"","overlay-color":"","overlay-opacity":"","overlay-gradient":""},"tablet":{"background-color":"","background-image":"","background-repeat":"repeat","background-position":"center center","background-size":"auto","background-attachment":"scroll","background-type":"","background-media":"","overlay-type":"","overlay-color":"","overlay-opacity":"","overlay-gradient":""},"mobile":{"background-color":"","background-image":"","background-repeat":"repeat","background-position":"center center","background-size":"auto","background-attachment":"scroll","background-type":"","background-media":"","overlay-type":"","overlay-color":"","overlay-opacity":"","overlay-gradient":""}},"ast-content-background-meta":{"desktop":{"background-color":"var(--ast-global-color-5)","background-image":"","background-repeat":"repeat","background-position":"center center","background-size":"auto","background-attachment":"scroll","background-type":"","background-media":"","overlay-type":"","overlay-color":"","overlay-opacity":"","overlay-gradient":""},"tablet":{"background-color":"var(--ast-global-color-5)","background-image":"","background-repeat":"repeat","background-position":"center center","background-size":"auto","background-attachment":"scroll","background-type":"","background-media":"","overlay-type":"","overlay-color":"","overlay-opacity":"","overlay-gradient":""},"mobile":{"background-color":"var(--ast-global-color-5)","background-image":"","background-repeat":"repeat","background-position":"center center","background-size":"auto","background-attachment":"scroll","background-type":"","background-media":"","overlay-type":"","overlay-color":"","overlay-opacity":"","overlay-gradient":""}},"_glsr_average":0,"_glsr_ranking":0,"_glsr_reviews":0},"product_brand":[],"product_cat":[145,155],"product_tag":[],"class_list":{"0":"post-6179","1":"product","2":"type-product","3":"status-publish","4":"has-post-thumbnail","6":"product_cat-les-collections","7":"product_cat-salade-de-fruits","8":"product_shipping_class-colissimo","9":"desktop-align-center","10":"tablet-align-left","11":"mobile-align-left","12":"fpd-variation-needed","14":"first","15":"outofstock","16":"shipping-taxable","17":"purchasable","18":"product-type-variable"},"yoast_head":"<!-- This site is optimized with the Yoast SEO plugin v27.3 - https:\/\/yoast.com\/product\/yoast-seo-wordpress\/ -->\n<title>TSHIRT SALADE DE FRUITS -<\/title>\n<meta name=\"description\" content=\"T-shirt Femme Oversize \u2013 Libert\u00e9, Confort et Style Assur\u00e9IMPORTANT : pr\u00e9commande du 27\/04 au 11\/05. Les commandes seront exp\u00e9di\u00e9es fin mai. Merci de votre compr\u00e9hension.\u00a0Pour toute demande de personnalisation unique, merci de remplir ce formulaire pour obtenir un devis personnalis\u00e9 : https:\/\/flor-dessins.fr\/?page_id=6457Adoptez un look tendance et d\u00e9contract\u00e9 avec notre T-shirt oversize pour femme ! Sa coupe ample ultra confortable est parfaite pour un style casual chic au quotidien.Affichez votre personnalit\u00e9 en choisissant parmi nos designs inspirants :\ud83c\udf49 SALADE DE FRUITS \u2013 Des couleurs fra\u00eeches pour un look p\u00e9tillant.Coupe moderne, confort absolu et designs exclusifs : le T-shirt oversize qu\u2019on adore porter partout !Composition : 100\u00a0 % coton bio.\" \/>\n<meta name=\"robots\" content=\"index, follow, max-snippet:-1, max-image-preview:large, max-video-preview:-1\" \/>\n<link rel=\"canonical\" href=\"https:\/\/flor-dessins.fr\/?product=tshirt-salade-de-fruits\" \/>\n<meta property=\"og:locale\" content=\"fr_FR\" \/>\n<meta property=\"og:type\" content=\"article\" \/>\n<meta property=\"og:title\" content=\"TSHIRT SALADE DE FRUITS -\" \/>\n<meta property=\"og:description\" content=\"T-shirt Femme Oversize \u2013 Libert\u00e9, Confort et Style Assur\u00e9IMPORTANT : pr\u00e9commande du 27\/04 au 11\/05. Les commandes seront exp\u00e9di\u00e9es fin mai. Merci de votre compr\u00e9hension.\u00a0Pour toute demande de personnalisation unique, merci de remplir ce formulaire pour obtenir un devis personnalis\u00e9 : https:\/\/flor-dessins.fr\/?page_id=6457Adoptez un look tendance et d\u00e9contract\u00e9 avec notre T-shirt oversize pour femme ! Sa coupe ample ultra confortable est parfaite pour un style casual chic au quotidien.Affichez votre personnalit\u00e9 en choisissant parmi nos designs inspirants :\ud83c\udf49 SALADE DE FRUITS \u2013 Des couleurs fra\u00eeches pour un look p\u00e9tillant.Coupe moderne, confort absolu et designs exclusifs : le T-shirt oversize qu\u2019on adore porter partout !Composition : 100\u00a0 % coton bio.\" \/>\n<meta property=\"og:url\" content=\"https:\/\/flor-dessins.fr\/?product=tshirt-salade-de-fruits\" \/>\n<meta property=\"article:modified_time\" content=\"2026-04-07T17:49:11+00:00\" \/>\n<meta property=\"og:image\" content=\"https:\/\/flor-dessins.fr\/wp-content\/uploads\/2025\/04\/2-1080x1080.png\" \/>\n\t<meta property=\"og:image:width\" content=\"1080\" \/>\n\t<meta property=\"og:image:height\" content=\"1080\" \/>\n\t<meta property=\"og:image:type\" content=\"image\/png\" \/>\n<meta name=\"twitter:card\" content=\"summary_large_image\" \/>\n<meta name=\"twitter:label1\" content=\"Dur\u00e9e de lecture estim\u00e9e\" \/>\n\t<meta name=\"twitter:data1\" content=\"1 minute\" \/>\n<script type=\"application\/ld+json\" class=\"yoast-schema-graph\">{\"@context\":\"https:\\\/\\\/schema.org\",\"@graph\":[{\"@type\":\"WebPage\",\"@id\":\"https:\\\/\\\/flor-dessins.fr\\\/?product=tshirt-salade-de-fruits\",\"url\":\"https:\\\/\\\/flor-dessins.fr\\\/?product=tshirt-salade-de-fruits\",\"name\":\"TSHIRT SALADE DE FRUITS -\",\"isPartOf\":{\"@id\":\"https:\\\/\\\/flor-dessins.fr\\\/#website\"},\"primaryImageOfPage\":{\"@id\":\"https:\\\/\\\/flor-dessins.fr\\\/?product=tshirt-salade-de-fruits#primaryimage\"},\"image\":{\"@id\":\"https:\\\/\\\/flor-dessins.fr\\\/?product=tshirt-salade-de-fruits#primaryimage\"},\"thumbnailUrl\":\"https:\\\/\\\/flor-dessins.fr\\\/wp-content\\\/uploads\\\/2025\\\/04\\\/2-scaled.png\",\"datePublished\":\"2025-04-20T13:24:14+00:00\",\"dateModified\":\"2026-04-07T17:49:11+00:00\",\"description\":\"T-shirt Femme Oversize \u2013 Libert\u00e9, Confort et Style Assur\u00e9IMPORTANT : pr\u00e9commande du 27\\\/04 au 11\\\/05. Les commandes seront exp\u00e9di\u00e9es fin mai. Merci de votre compr\u00e9hension.\u00a0Pour toute demande de personnalisation unique, merci de remplir ce formulaire pour obtenir un devis personnalis\u00e9 : https:\\\/\\\/flor-dessins.fr\\\/?page_id=6457Adoptez un look tendance et d\u00e9contract\u00e9 avec notre T-shirt oversize pour femme ! Sa coupe ample ultra confortable est parfaite pour un style casual chic au quotidien.Affichez votre personnalit\u00e9 en choisissant parmi nos designs inspirants :\ud83c\udf49 SALADE DE FRUITS \u2013 Des couleurs fra\u00eeches pour un look p\u00e9tillant.Coupe moderne, confort absolu et designs exclusifs : le T-shirt oversize qu\u2019on adore porter partout !Composition : 100\u00a0 % coton bio.\",\"breadcrumb\":{\"@id\":\"https:\\\/\\\/flor-dessins.fr\\\/?product=tshirt-salade-de-fruits#breadcrumb\"},\"inLanguage\":\"fr-FR\",\"potentialAction\":[{\"@type\":\"ReadAction\",\"target\":[\"https:\\\/\\\/flor-dessins.fr\\\/?product=tshirt-salade-de-fruits\"]}]},{\"@type\":\"ImageObject\",\"inLanguage\":\"fr-FR\",\"@id\":\"https:\\\/\\\/flor-dessins.fr\\\/?product=tshirt-salade-de-fruits#primaryimage\",\"url\":\"https:\\\/\\\/flor-dessins.fr\\\/wp-content\\\/uploads\\\/2025\\\/04\\\/2-scaled.png\",\"contentUrl\":\"https:\\\/\\\/flor-dessins.fr\\\/wp-content\\\/uploads\\\/2025\\\/04\\\/2-scaled.png\",\"width\":2560,\"height\":2560},{\"@type\":\"BreadcrumbList\",\"@id\":\"https:\\\/\\\/flor-dessins.fr\\\/?product=tshirt-salade-de-fruits#breadcrumb\",\"itemListElement\":[{\"@type\":\"ListItem\",\"position\":1,\"name\":\"Accueil\",\"item\":\"https:\\\/\\\/flor-dessins.fr\\\/\"},{\"@type\":\"ListItem\",\"position\":2,\"name\":\"Boutique\",\"item\":\"https:\\\/\\\/flor-dessins.fr\\\/?page_id=5\"},{\"@type\":\"ListItem\",\"position\":3,\"name\":\"TSHIRT SALADE DE FRUITS\"}]},{\"@type\":\"WebSite\",\"@id\":\"https:\\\/\\\/flor-dessins.fr\\\/#website\",\"url\":\"https:\\\/\\\/flor-dessins.fr\\\/\",\"name\":\"\",\"description\":\"LA COULEUR DE VOS SOUVENIRS\",\"potentialAction\":[{\"@type\":\"SearchAction\",\"target\":{\"@type\":\"EntryPoint\",\"urlTemplate\":\"https:\\\/\\\/flor-dessins.fr\\\/?s={search_term_string}\"},\"query-input\":{\"@type\":\"PropertyValueSpecification\",\"valueRequired\":true,\"valueName\":\"search_term_string\"}}],\"inLanguage\":\"fr-FR\"}]}<\/script>\n<!-- \/ Yoast SEO plugin. -->","yoast_head_json":{"title":"TSHIRT SALADE DE FRUITS -","description":"T-shirt Femme Oversize \u2013 Libert\u00e9, Confort et Style Assur\u00e9IMPORTANT : pr\u00e9commande du 27\/04 au 11\/05. Les commandes seront exp\u00e9di\u00e9es fin mai. Merci de votre compr\u00e9hension.\u00a0Pour toute demande de personnalisation unique, merci de remplir ce formulaire pour obtenir un devis personnalis\u00e9 : https:\/\/flor-dessins.fr\/?page_id=6457Adoptez un look tendance et d\u00e9contract\u00e9 avec notre T-shirt oversize pour femme ! Sa coupe ample ultra confortable est parfaite pour un style casual chic au quotidien.Affichez votre personnalit\u00e9 en choisissant parmi nos designs inspirants :\ud83c\udf49 SALADE DE FRUITS \u2013 Des couleurs fra\u00eeches pour un look p\u00e9tillant.Coupe moderne, confort absolu et designs exclusifs : le T-shirt oversize qu\u2019on adore porter partout !Composition : 100\u00a0 % coton bio.","robots":{"index":"index","follow":"follow","max-snippet":"max-snippet:-1","max-image-preview":"max-image-preview:large","max-video-preview":"max-video-preview:-1"},"canonical":"https:\/\/flor-dessins.fr\/?product=tshirt-salade-de-fruits","og_locale":"fr_FR","og_type":"article","og_title":"TSHIRT SALADE DE FRUITS -","og_description":"T-shirt Femme Oversize \u2013 Libert\u00e9, Confort et Style Assur\u00e9IMPORTANT : pr\u00e9commande du 27\/04 au 11\/05. Les commandes seront exp\u00e9di\u00e9es fin mai. Merci de votre compr\u00e9hension.\u00a0Pour toute demande de personnalisation unique, merci de remplir ce formulaire pour obtenir un devis personnalis\u00e9 : https:\/\/flor-dessins.fr\/?page_id=6457Adoptez un look tendance et d\u00e9contract\u00e9 avec notre T-shirt oversize pour femme ! Sa coupe ample ultra confortable est parfaite pour un style casual chic au quotidien.Affichez votre personnalit\u00e9 en choisissant parmi nos designs inspirants :\ud83c\udf49 SALADE DE FRUITS \u2013 Des couleurs fra\u00eeches pour un look p\u00e9tillant.Coupe moderne, confort absolu et designs exclusifs : le T-shirt oversize qu\u2019on adore porter partout !Composition : 100\u00a0 % coton bio.","og_url":"https:\/\/flor-dessins.fr\/?product=tshirt-salade-de-fruits","article_modified_time":"2026-04-07T17:49:11+00:00","og_image":[{"width":1080,"height":1080,"url":"https:\/\/flor-dessins.fr\/wp-content\/uploads\/2025\/04\/2-1080x1080.png","type":"image\/png"}],"twitter_card":"summary_large_image","twitter_misc":{"Dur\u00e9e de lecture estim\u00e9e":"1 minute"},"schema":{"@context":"https:\/\/schema.org","@graph":[{"@type":"WebPage","@id":"https:\/\/flor-dessins.fr\/?product=tshirt-salade-de-fruits","url":"https:\/\/flor-dessins.fr\/?product=tshirt-salade-de-fruits","name":"TSHIRT SALADE DE FRUITS -","isPartOf":{"@id":"https:\/\/flor-dessins.fr\/#website"},"primaryImageOfPage":{"@id":"https:\/\/flor-dessins.fr\/?product=tshirt-salade-de-fruits#primaryimage"},"image":{"@id":"https:\/\/flor-dessins.fr\/?product=tshirt-salade-de-fruits#primaryimage"},"thumbnailUrl":"https:\/\/flor-dessins.fr\/wp-content\/uploads\/2025\/04\/2-scaled.png","datePublished":"2025-04-20T13:24:14+00:00","dateModified":"2026-04-07T17:49:11+00:00","description":"T-shirt Femme Oversize \u2013 Libert\u00e9, Confort et Style Assur\u00e9IMPORTANT : pr\u00e9commande du 27\/04 au 11\/05. Les commandes seront exp\u00e9di\u00e9es fin mai. Merci de votre compr\u00e9hension.\u00a0Pour toute demande de personnalisation unique, merci de remplir ce formulaire pour obtenir un devis personnalis\u00e9 : https:\/\/flor-dessins.fr\/?page_id=6457Adoptez un look tendance et d\u00e9contract\u00e9 avec notre T-shirt oversize pour femme ! Sa coupe ample ultra confortable est parfaite pour un style casual chic au quotidien.Affichez votre personnalit\u00e9 en choisissant parmi nos designs inspirants :\ud83c\udf49 SALADE DE FRUITS \u2013 Des couleurs fra\u00eeches pour un look p\u00e9tillant.Coupe moderne, confort absolu et designs exclusifs : le T-shirt oversize qu\u2019on adore porter partout !Composition : 100\u00a0 % coton bio.","breadcrumb":{"@id":"https:\/\/flor-dessins.fr\/?product=tshirt-salade-de-fruits#breadcrumb"},"inLanguage":"fr-FR","potentialAction":[{"@type":"ReadAction","target":["https:\/\/flor-dessins.fr\/?product=tshirt-salade-de-fruits"]}]},{"@type":"ImageObject","inLanguage":"fr-FR","@id":"https:\/\/flor-dessins.fr\/?product=tshirt-salade-de-fruits#primaryimage","url":"https:\/\/flor-dessins.fr\/wp-content\/uploads\/2025\/04\/2-scaled.png","contentUrl":"https:\/\/flor-dessins.fr\/wp-content\/uploads\/2025\/04\/2-scaled.png","width":2560,"height":2560},{"@type":"BreadcrumbList","@id":"https:\/\/flor-dessins.fr\/?product=tshirt-salade-de-fruits#breadcrumb","itemListElement":[{"@type":"ListItem","position":1,"name":"Accueil","item":"https:\/\/flor-dessins.fr\/"},{"@type":"ListItem","position":2,"name":"Boutique","item":"https:\/\/flor-dessins.fr\/?page_id=5"},{"@type":"ListItem","position":3,"name":"TSHIRT SALADE DE FRUITS"}]},{"@type":"WebSite","@id":"https:\/\/flor-dessins.fr\/#website","url":"https:\/\/flor-dessins.fr\/","name":"","description":"LA COULEUR DE VOS SOUVENIRS","potentialAction":[{"@type":"SearchAction","target":{"@type":"EntryPoint","urlTemplate":"https:\/\/flor-dessins.fr\/?s={search_term_string}"},"query-input":{"@type":"PropertyValueSpecification","valueRequired":true,"valueName":"search_term_string"}}],"inLanguage":"fr-FR"}]}},"jetpack_sharing_enabled":true,"_links":{"self":[{"href":"https:\/\/flor-dessins.fr\/index.php?rest_route=\/wp\/v2\/product\/6179","targetHints":{"allow":["GET"]}}],"collection":[{"href":"https:\/\/flor-dessins.fr\/index.php?rest_route=\/wp\/v2\/product"}],"about":[{"href":"https:\/\/flor-dessins.fr\/index.php?rest_route=\/wp\/v2\/types\/product"}],"wp:featuredmedia":[{"embeddable":true,"href":"https:\/\/flor-dessins.fr\/index.php?rest_route=\/wp\/v2\/media\/6187"}],"wp:attachment":[{"href":"https:\/\/flor-dessins.fr\/index.php?rest_route=%2Fwp%2Fv2%2Fmedia&parent=6179"}],"wp:term":[{"taxonomy":"product_brand","embeddable":true,"href":"https:\/\/flor-dessins.fr\/index.php?rest_route=%2Fwp%2Fv2%2Fproduct_brand&post=6179"},{"taxonomy":"product_cat","embeddable":true,"href":"https:\/\/flor-dessins.fr\/index.php?rest_route=%2Fwp%2Fv2%2Fproduct_cat&post=6179"},{"taxonomy":"product_tag","embeddable":true,"href":"https:\/\/flor-dessins.fr\/index.php?rest_route=%2Fwp%2Fv2%2Fproduct_tag&post=6179"}],"curies":[{"name":"wp","href":"https:\/\/api.w.org\/{rel}","templated":true}]}}