{"id":6190,"date":"2025-04-20T14:50:28","date_gmt":"2025-04-20T14:50:28","guid":{"rendered":"https:\/\/flor-dessins.fr\/?post_type=product&#038;p=6190"},"modified":"2026-04-07T10:57:05","modified_gmt":"2026-04-07T10:57:05","slug":"crop-top-summer","status":"publish","type":"product","link":"https:\/\/flor-dessins.fr\/?product=crop-top-summer","title":{"rendered":"CROP TOP SUMMER"},"content":{"rendered":"<h3 class=\"\" data-start=\"180\" data-end=\"225\"><strong data-start=\"184\" data-end=\"223\">Crop Top Femme \u2013 Design \u00ab\u00a0SUMMER\u00a0\u00bb<\/strong><\/h3>\n<p><strong data-start=\"107\" data-end=\"169\">IMPORTANT : <em>PRE COMMANDE DU 11\/07 au 25\/07 &#8211; expedition\u00a0 courant aout <\/em><\/strong><strong data-start=\"107\" data-end=\"169\">. Merci de votre compr\u00e9hension. Pour toute demande de personnalisation unique, merci de remplir ce formulaire pour obtenir un devis personnalis\u00e9 : <a style=\"font-size: 16px;background-color: #ffffff\" href=\"https:\/\/flor-dessins.fr\/?page_id=6457\">https:\/\/flor-dessins.fr\/?page_id=6457<\/a><\/strong><\/p>\n<p><strong>\u00a0<\/strong><\/p>\n<p class=\"\" data-start=\"226\" data-end=\"570\">\ud83c\udf1e <strong data-start=\"229\" data-end=\"256\">L&rsquo;\u00e9t\u00e9 \u00e0 fleur de peau !<\/strong><strong><br \/>\nAffichez votre mood ensoleill\u00e9 avec ce crop top disponible en plusieurs couleurs et orn\u00e9 du design <\/strong><strong data-start=\"358\" data-end=\"368\">SUMMER<\/strong><strong>. Coupe courte, mati\u00e8re douce et confortable, parfait pour des journ\u00e9es chill ou des soir\u00e9es entre amis. Portez l&rsquo;\u00e9t\u00e9, vibrez l&rsquo;\u00e9t\u00e9.<br \/>\n<\/strong>\ud83d\udc9b<strong> Disponible en plusieurs coloris pour matcher toutes vos vibes.<\/strong><\/p>\n<p class=\"\" data-start=\"572\" data-end=\"693\"><strong data-start=\"572\" data-end=\"589\">Composition :<\/strong><strong> 95% coton \/ 5% \u00e9lasthanne<br \/>\n(Grey : 85% coton \/ 10% viscose \/ 5% \u00e9lasthanne)<br \/>\n<\/strong><strong data-start=\"669\" data-end=\"683\">Grammage :<\/strong><strong> 180g\/m\u00b2<\/strong><\/p>\n<p class=\"\" data-start=\"695\" data-end=\"834\"><strong data-start=\"695\" data-end=\"720\">Tailles disponibles :<\/strong><strong> XS \u00e0 XL<br \/>\n<\/strong><strong data-start=\"739\" data-end=\"752\">Coloris :<\/strong><strong> noir, gris, rose ou bleu marine<br \/>\n<em data-start=\"782\" data-end=\"834\">N\u2019h\u00e9sitez pas \u00e0 consulter notre guide des tailles.<\/em><\/strong><\/p>\n<p class=\"\" data-start=\"836\" data-end=\"1199\"><strong data-start=\"836\" data-end=\"862\">Conseils d\u2019entretien :<\/strong><strong><br \/>\n\u2013 Il est conseill\u00e9 pour pr\u00e9server le design de retourner votre textile.<br \/>\n\u2013 Lavage \u00e0 la main (m\u00e9thode de lavage la plus douce)<br \/>\n\u2013 En machine, optez pour un lavage \u00e0 30\u00b0C pour \u00e9viter toute d\u00e9formation.<br \/>\n\u2013 <\/strong><strong data-start=\"1071\" data-end=\"1094\">PAS de s\u00e8che-linge.<\/strong><strong><br \/>\n<em data-start=\"1097\" data-end=\"1199\">N\u2019oubliez pas de consulter l\u2019\u00e9tiquette de vos v\u00eatements, elle contient des instructions importantes.<\/em><\/strong><\/p>\n<p><strong>\u00a0<\/strong><\/p>\n","protected":false},"excerpt":{"rendered":"<h3 class=\"\" data-start=\"180\" data-end=\"225\"><strong data-start=\"184\" data-end=\"223\">Crop Top Femme \u2013 Design \u00ab\u00a0SUMMER\u00a0\u00bb<\/strong><\/h3>\n<p><strong data-start=\"107\" data-end=\"169\">IMPORTANT : \u00a0<em>PRE COMMANDE DU 11\/07 au 25\/07 &#8211; expedition\u00a0 courant aout <\/em><\/strong><strong data-start=\"107\" data-end=\"169\">. Merci de votre compr\u00e9hension. Pour toute demande de personnalisation unique, merci de remplir ce formulaire pour obtenir un devis personnalis\u00e9 : <a style=\"font-size: 16px;background-color: #ffffff\" href=\"https:\/\/flor-dessins.fr\/?page_id=6457\">https:\/\/flor-dessins.fr\/?page_id=6457<\/a><\/strong><\/p>\n<p><strong>\u00a0<\/strong><\/p>\n<p class=\"\" data-start=\"226\" data-end=\"570\">\ud83c\udf1e <strong data-start=\"229\" data-end=\"256\">L&rsquo;\u00e9t\u00e9 \u00e0 fleur de peau !<\/strong><strong><br \/>\nAffichez votre mood ensoleill\u00e9 avec ce crop top disponible en plusieurs couleurs et orn\u00e9 du design <\/strong><strong data-start=\"358\" data-end=\"368\">SUMMER<\/strong><strong>. Coupe courte, mati\u00e8re douce et confortable, parfait pour des journ\u00e9es chill ou des soir\u00e9es entre amis. Portez l&rsquo;\u00e9t\u00e9, vibrez l&rsquo;\u00e9t\u00e9.<br \/>\n<\/strong>\ud83d\udc9b<strong> Disponible en plusieurs coloris pour matcher toutes vos vibes.<\/strong><\/p>\n<p class=\"\" data-start=\"572\" data-end=\"693\"><strong data-start=\"572\" data-end=\"589\">Composition :<\/strong><strong> 95% coton \/ 5% \u00e9lasthanne<br \/>\n(Grey : 85% coton \/ 10% viscose \/ 5% \u00e9lasthanne)<br \/>\n<\/strong><strong data-start=\"669\" data-end=\"683\">Grammage :<\/strong><strong> 180g\/m\u00b2<\/strong><\/p>\n<p class=\"\" data-start=\"695\" data-end=\"834\"><strong data-start=\"695\" data-end=\"720\">Tailles disponibles :<\/strong><strong> XS \u00e0 XL<br \/>\n<\/strong><strong data-start=\"739\" data-end=\"752\">Coloris :<\/strong><strong> noir, gris, rose ou bleu marine<br \/>\n<em data-start=\"782\" data-end=\"834\">N\u2019h\u00e9sitez pas \u00e0 consulter notre guide des tailles.<\/em><\/strong><\/p>\n<p class=\"\" data-start=\"836\" data-end=\"1199\"><strong data-start=\"836\" data-end=\"862\">Conseils d\u2019entretien :<\/strong><strong><br \/>\n\u2013 Il est conseill\u00e9 pour pr\u00e9server le design de retourner votre textile.<br \/>\n\u2013 Lavage \u00e0 la main (m\u00e9thode de lavage la plus douce)<br \/>\n\u2013 En machine, optez pour un lavage \u00e0 30\u00b0C pour \u00e9viter toute d\u00e9formation.<br \/>\n\u2013 <\/strong><strong data-start=\"1071\" data-end=\"1094\">PAS de s\u00e8che-linge.<\/strong><strong><br \/>\n<em data-start=\"1097\" data-end=\"1199\">N\u2019oubliez pas de consulter l\u2019\u00e9tiquette de vos v\u00eatements, elle contient des instructions importantes.<\/em><\/strong><\/p>\n","protected":false},"featured_media":6221,"template":"","meta":{"_monsterinsights_skip_tracking":false,"_monsterinsights_sitenote_active":false,"_monsterinsights_sitenote_note":"","_monsterinsights_sitenote_category":0,"site-sidebar-layout":"default","site-content-layout":"","ast-site-content-layout":"default","site-content-style":"default","site-sidebar-style":"default","ast-global-header-display":"","ast-banner-title-visibility":"","ast-main-header-display":"","ast-hfb-above-header-display":"","ast-hfb-below-header-display":"","ast-hfb-mobile-header-display":"","site-post-title":"","ast-breadcrumbs-content":"","ast-featured-img":"","footer-sml-layout":"","ast-disable-related-posts":"","theme-transparent-header-meta":"default","adv-header-id-meta":"","stick-header-meta":"","header-above-stick-meta":"","header-main-stick-meta":"","header-below-stick-meta":"","astra-migrate-meta-layouts":"set","ast-page-background-enabled":"default","ast-page-background-meta":{"desktop":{"background-color":"var(--ast-global-color-4)","background-image":"","background-repeat":"repeat","background-position":"center center","background-size":"auto","background-attachment":"scroll","background-type":"","background-media":"","overlay-type":"","overlay-color":"","overlay-opacity":"","overlay-gradient":""},"tablet":{"background-color":"","background-image":"","background-repeat":"repeat","background-position":"center center","background-size":"auto","background-attachment":"scroll","background-type":"","background-media":"","overlay-type":"","overlay-color":"","overlay-opacity":"","overlay-gradient":""},"mobile":{"background-color":"","background-image":"","background-repeat":"repeat","background-position":"center center","background-size":"auto","background-attachment":"scroll","background-type":"","background-media":"","overlay-type":"","overlay-color":"","overlay-opacity":"","overlay-gradient":""}},"ast-content-background-meta":{"desktop":{"background-color":"var(--ast-global-color-5)","background-image":"","background-repeat":"repeat","background-position":"center center","background-size":"auto","background-attachment":"scroll","background-type":"","background-media":"","overlay-type":"","overlay-color":"","overlay-opacity":"","overlay-gradient":""},"tablet":{"background-color":"var(--ast-global-color-5)","background-image":"","background-repeat":"repeat","background-position":"center center","background-size":"auto","background-attachment":"scroll","background-type":"","background-media":"","overlay-type":"","overlay-color":"","overlay-opacity":"","overlay-gradient":""},"mobile":{"background-color":"var(--ast-global-color-5)","background-image":"","background-repeat":"repeat","background-position":"center center","background-size":"auto","background-attachment":"scroll","background-type":"","background-media":"","overlay-type":"","overlay-color":"","overlay-opacity":"","overlay-gradient":""}},"_glsr_average":0,"_glsr_ranking":0,"_glsr_reviews":0},"product_brand":[],"product_cat":[200,154,145,198],"product_tag":[],"class_list":{"0":"post-6190","1":"product","2":"type-product","3":"status-publish","4":"has-post-thumbnail","6":"product_cat-crop-top-summer","7":"product_cat-flower","8":"product_cat-les-collections","9":"product_cat-summer","10":"product_shipping_class-colissimo","11":"desktop-align-center","12":"tablet-align-left","13":"mobile-align-left","14":"fpd-variation-needed","16":"first","17":"outofstock","18":"shipping-taxable","19":"purchasable","20":"product-type-variable"},"yoast_head":"<!-- This site is optimized with the Yoast SEO plugin v27.3 - https:\/\/yoast.com\/product\/yoast-seo-wordpress\/ -->\n<title>CROP TOP SUMMER -<\/title>\n<meta name=\"description\" content=\"Crop Top Femme \u2013 Design &quot;SUMMER&quot;IMPORTANT : pr\u00e9commande du 27\/04 au 11\/05. Les commandes seront exp\u00e9di\u00e9es fin mai. Merci de votre compr\u00e9hension.\u00a0Pour toute demande de personnalisation unique, merci de remplir ce formulaire pour obtenir un devis personnalis\u00e9 : https:\/\/flor-dessins.fr\/?page_id=6457 Merci de votre compr\u00e9hension.\ud83c\udf1e L&#039;\u00e9t\u00e9 \u00e0 fleur de peau !Affichez votre mood ensoleill\u00e9 avec ce crop top disponible en plusieurs couleurs et orn\u00e9 du design SUMMER. Coupe courte, mati\u00e8re douce et confortable, parfait pour des journ\u00e9es chill ou des soir\u00e9es entre amis. Portez l&#039;\u00e9t\u00e9, vibrez l&#039;\u00e9t\u00e9.\ud83d\udc9b Disponible en plusieurs coloris pour matcher toutes vos vibes.Composition : 95% coton \/ 5% \u00e9lasthanne(Grey : 85% coton \/ 10% viscose \/ 5% \u00e9lasthanne)Grammage : 180g\/m\u00b2Tailles disponibles : XS \u00e0 XL\u00a0Coloris : noir, gris, rose ou bleu marineN\u2019h\u00e9sitez pas \u00e0 consulter notre guide des tailles.Conseils d\u2019entretien :\u2013 Il est conseill\u00e9 pour pr\u00e9server le design de retourner votre textile.\u2013 Lavage \u00e0 la main (m\u00e9thode de lavage la plus douce)\u2013 En machine, optez pour un lavage \u00e0 30\u00b0C pour \u00e9viter toute d\u00e9formation.\u2013 PAS de s\u00e8che-linge.N\u2019oubliez pas de consulter l\u2019\u00e9tiquette de vos v\u00eatements, elle contient des instructions importantes.\" \/>\n<meta name=\"robots\" content=\"index, follow, max-snippet:-1, max-image-preview:large, max-video-preview:-1\" \/>\n<link rel=\"canonical\" href=\"https:\/\/flor-dessins.fr\/?product=crop-top-summer\" \/>\n<meta property=\"og:locale\" content=\"fr_FR\" \/>\n<meta property=\"og:type\" content=\"article\" \/>\n<meta property=\"og:title\" content=\"CROP TOP SUMMER -\" \/>\n<meta property=\"og:description\" content=\"Crop Top Femme \u2013 Design &quot;SUMMER&quot;IMPORTANT : pr\u00e9commande du 27\/04 au 11\/05. Les commandes seront exp\u00e9di\u00e9es fin mai. Merci de votre compr\u00e9hension.\u00a0Pour toute demande de personnalisation unique, merci de remplir ce formulaire pour obtenir un devis personnalis\u00e9 : https:\/\/flor-dessins.fr\/?page_id=6457 Merci de votre compr\u00e9hension.\ud83c\udf1e L&#039;\u00e9t\u00e9 \u00e0 fleur de peau !Affichez votre mood ensoleill\u00e9 avec ce crop top disponible en plusieurs couleurs et orn\u00e9 du design SUMMER. Coupe courte, mati\u00e8re douce et confortable, parfait pour des journ\u00e9es chill ou des soir\u00e9es entre amis. Portez l&#039;\u00e9t\u00e9, vibrez l&#039;\u00e9t\u00e9.\ud83d\udc9b Disponible en plusieurs coloris pour matcher toutes vos vibes.Composition : 95% coton \/ 5% \u00e9lasthanne(Grey : 85% coton \/ 10% viscose \/ 5% \u00e9lasthanne)Grammage : 180g\/m\u00b2Tailles disponibles : XS \u00e0 XL\u00a0Coloris : noir, gris, rose ou bleu marineN\u2019h\u00e9sitez pas \u00e0 consulter notre guide des tailles.Conseils d\u2019entretien :\u2013 Il est conseill\u00e9 pour pr\u00e9server le design de retourner votre textile.\u2013 Lavage \u00e0 la main (m\u00e9thode de lavage la plus douce)\u2013 En machine, optez pour un lavage \u00e0 30\u00b0C pour \u00e9viter toute d\u00e9formation.\u2013 PAS de s\u00e8che-linge.N\u2019oubliez pas de consulter l\u2019\u00e9tiquette de vos v\u00eatements, elle contient des instructions importantes.\" \/>\n<meta property=\"og:url\" content=\"https:\/\/flor-dessins.fr\/?product=crop-top-summer\" \/>\n<meta property=\"article:modified_time\" content=\"2026-04-07T10:57:05+00:00\" \/>\n<meta property=\"og:image\" content=\"https:\/\/flor-dessins.fr\/wp-content\/uploads\/2025\/04\/1-1.png\" \/>\n\t<meta property=\"og:image:width\" content=\"1080\" \/>\n\t<meta property=\"og:image:height\" content=\"1080\" \/>\n\t<meta property=\"og:image:type\" content=\"image\/png\" \/>\n<meta name=\"twitter:card\" content=\"summary_large_image\" \/>\n<meta name=\"twitter:label1\" content=\"Dur\u00e9e de lecture estim\u00e9e\" \/>\n\t<meta name=\"twitter:data1\" content=\"2 minutes\" \/>\n<script type=\"application\/ld+json\" class=\"yoast-schema-graph\">{\"@context\":\"https:\\\/\\\/schema.org\",\"@graph\":[{\"@type\":\"WebPage\",\"@id\":\"https:\\\/\\\/flor-dessins.fr\\\/?product=crop-top-summer\",\"url\":\"https:\\\/\\\/flor-dessins.fr\\\/?product=crop-top-summer\",\"name\":\"CROP TOP SUMMER -\",\"isPartOf\":{\"@id\":\"https:\\\/\\\/flor-dessins.fr\\\/#website\"},\"primaryImageOfPage\":{\"@id\":\"https:\\\/\\\/flor-dessins.fr\\\/?product=crop-top-summer#primaryimage\"},\"image\":{\"@id\":\"https:\\\/\\\/flor-dessins.fr\\\/?product=crop-top-summer#primaryimage\"},\"thumbnailUrl\":\"https:\\\/\\\/flor-dessins.fr\\\/wp-content\\\/uploads\\\/2025\\\/04\\\/1-1.png\",\"datePublished\":\"2025-04-20T14:50:28+00:00\",\"dateModified\":\"2026-04-07T10:57:05+00:00\",\"description\":\"Crop Top Femme \u2013 Design \\\"SUMMER\\\"IMPORTANT : pr\u00e9commande du 27\\\/04 au 11\\\/05. Les commandes seront exp\u00e9di\u00e9es fin mai. Merci de votre compr\u00e9hension.\u00a0Pour toute demande de personnalisation unique, merci de remplir ce formulaire pour obtenir un devis personnalis\u00e9 : https:\\\/\\\/flor-dessins.fr\\\/?page_id=6457 Merci de votre compr\u00e9hension.\ud83c\udf1e L'\u00e9t\u00e9 \u00e0 fleur de peau !Affichez votre mood ensoleill\u00e9 avec ce crop top disponible en plusieurs couleurs et orn\u00e9 du design SUMMER. Coupe courte, mati\u00e8re douce et confortable, parfait pour des journ\u00e9es chill ou des soir\u00e9es entre amis. Portez l'\u00e9t\u00e9, vibrez l'\u00e9t\u00e9.\ud83d\udc9b Disponible en plusieurs coloris pour matcher toutes vos vibes.Composition : 95% coton \\\/ 5% \u00e9lasthanne(Grey : 85% coton \\\/ 10% viscose \\\/ 5% \u00e9lasthanne)Grammage : 180g\\\/m\u00b2Tailles disponibles : XS \u00e0 XL\u00a0Coloris : noir, gris, rose ou bleu marineN\u2019h\u00e9sitez pas \u00e0 consulter notre guide des tailles.Conseils d\u2019entretien :\u2013 Il est conseill\u00e9 pour pr\u00e9server le design de retourner votre textile.\u2013 Lavage \u00e0 la main (m\u00e9thode de lavage la plus douce)\u2013 En machine, optez pour un lavage \u00e0 30\u00b0C pour \u00e9viter toute d\u00e9formation.\u2013 PAS de s\u00e8che-linge.N\u2019oubliez pas de consulter l\u2019\u00e9tiquette de vos v\u00eatements, elle contient des instructions importantes.\",\"breadcrumb\":{\"@id\":\"https:\\\/\\\/flor-dessins.fr\\\/?product=crop-top-summer#breadcrumb\"},\"inLanguage\":\"fr-FR\",\"potentialAction\":[{\"@type\":\"ReadAction\",\"target\":[\"https:\\\/\\\/flor-dessins.fr\\\/?product=crop-top-summer\"]}]},{\"@type\":\"ImageObject\",\"inLanguage\":\"fr-FR\",\"@id\":\"https:\\\/\\\/flor-dessins.fr\\\/?product=crop-top-summer#primaryimage\",\"url\":\"https:\\\/\\\/flor-dessins.fr\\\/wp-content\\\/uploads\\\/2025\\\/04\\\/1-1.png\",\"contentUrl\":\"https:\\\/\\\/flor-dessins.fr\\\/wp-content\\\/uploads\\\/2025\\\/04\\\/1-1.png\",\"width\":1080,\"height\":1080},{\"@type\":\"BreadcrumbList\",\"@id\":\"https:\\\/\\\/flor-dessins.fr\\\/?product=crop-top-summer#breadcrumb\",\"itemListElement\":[{\"@type\":\"ListItem\",\"position\":1,\"name\":\"Accueil\",\"item\":\"https:\\\/\\\/flor-dessins.fr\\\/\"},{\"@type\":\"ListItem\",\"position\":2,\"name\":\"Boutique\",\"item\":\"https:\\\/\\\/flor-dessins.fr\\\/?page_id=5\"},{\"@type\":\"ListItem\",\"position\":3,\"name\":\"CROP TOP SUMMER\"}]},{\"@type\":\"WebSite\",\"@id\":\"https:\\\/\\\/flor-dessins.fr\\\/#website\",\"url\":\"https:\\\/\\\/flor-dessins.fr\\\/\",\"name\":\"\",\"description\":\"LA COULEUR DE VOS SOUVENIRS\",\"potentialAction\":[{\"@type\":\"SearchAction\",\"target\":{\"@type\":\"EntryPoint\",\"urlTemplate\":\"https:\\\/\\\/flor-dessins.fr\\\/?s={search_term_string}\"},\"query-input\":{\"@type\":\"PropertyValueSpecification\",\"valueRequired\":true,\"valueName\":\"search_term_string\"}}],\"inLanguage\":\"fr-FR\"}]}<\/script>\n<!-- \/ Yoast SEO plugin. -->","yoast_head_json":{"title":"CROP TOP SUMMER -","description":"Crop Top Femme \u2013 Design \"SUMMER\"IMPORTANT : pr\u00e9commande du 27\/04 au 11\/05. Les commandes seront exp\u00e9di\u00e9es fin mai. Merci de votre compr\u00e9hension.\u00a0Pour toute demande de personnalisation unique, merci de remplir ce formulaire pour obtenir un devis personnalis\u00e9 : https:\/\/flor-dessins.fr\/?page_id=6457 Merci de votre compr\u00e9hension.\ud83c\udf1e L'\u00e9t\u00e9 \u00e0 fleur de peau !Affichez votre mood ensoleill\u00e9 avec ce crop top disponible en plusieurs couleurs et orn\u00e9 du design SUMMER. Coupe courte, mati\u00e8re douce et confortable, parfait pour des journ\u00e9es chill ou des soir\u00e9es entre amis. Portez l'\u00e9t\u00e9, vibrez l'\u00e9t\u00e9.\ud83d\udc9b Disponible en plusieurs coloris pour matcher toutes vos vibes.Composition : 95% coton \/ 5% \u00e9lasthanne(Grey : 85% coton \/ 10% viscose \/ 5% \u00e9lasthanne)Grammage : 180g\/m\u00b2Tailles disponibles : XS \u00e0 XL\u00a0Coloris : noir, gris, rose ou bleu marineN\u2019h\u00e9sitez pas \u00e0 consulter notre guide des tailles.Conseils d\u2019entretien :\u2013 Il est conseill\u00e9 pour pr\u00e9server le design de retourner votre textile.\u2013 Lavage \u00e0 la main (m\u00e9thode de lavage la plus douce)\u2013 En machine, optez pour un lavage \u00e0 30\u00b0C pour \u00e9viter toute d\u00e9formation.\u2013 PAS de s\u00e8che-linge.N\u2019oubliez pas de consulter l\u2019\u00e9tiquette de vos v\u00eatements, elle contient des instructions importantes.","robots":{"index":"index","follow":"follow","max-snippet":"max-snippet:-1","max-image-preview":"max-image-preview:large","max-video-preview":"max-video-preview:-1"},"canonical":"https:\/\/flor-dessins.fr\/?product=crop-top-summer","og_locale":"fr_FR","og_type":"article","og_title":"CROP TOP SUMMER -","og_description":"Crop Top Femme \u2013 Design \"SUMMER\"IMPORTANT : pr\u00e9commande du 27\/04 au 11\/05. Les commandes seront exp\u00e9di\u00e9es fin mai. Merci de votre compr\u00e9hension.\u00a0Pour toute demande de personnalisation unique, merci de remplir ce formulaire pour obtenir un devis personnalis\u00e9 : https:\/\/flor-dessins.fr\/?page_id=6457 Merci de votre compr\u00e9hension.\ud83c\udf1e L'\u00e9t\u00e9 \u00e0 fleur de peau !Affichez votre mood ensoleill\u00e9 avec ce crop top disponible en plusieurs couleurs et orn\u00e9 du design SUMMER. Coupe courte, mati\u00e8re douce et confortable, parfait pour des journ\u00e9es chill ou des soir\u00e9es entre amis. Portez l'\u00e9t\u00e9, vibrez l'\u00e9t\u00e9.\ud83d\udc9b Disponible en plusieurs coloris pour matcher toutes vos vibes.Composition : 95% coton \/ 5% \u00e9lasthanne(Grey : 85% coton \/ 10% viscose \/ 5% \u00e9lasthanne)Grammage : 180g\/m\u00b2Tailles disponibles : XS \u00e0 XL\u00a0Coloris : noir, gris, rose ou bleu marineN\u2019h\u00e9sitez pas \u00e0 consulter notre guide des tailles.Conseils d\u2019entretien :\u2013 Il est conseill\u00e9 pour pr\u00e9server le design de retourner votre textile.\u2013 Lavage \u00e0 la main (m\u00e9thode de lavage la plus douce)\u2013 En machine, optez pour un lavage \u00e0 30\u00b0C pour \u00e9viter toute d\u00e9formation.\u2013 PAS de s\u00e8che-linge.N\u2019oubliez pas de consulter l\u2019\u00e9tiquette de vos v\u00eatements, elle contient des instructions importantes.","og_url":"https:\/\/flor-dessins.fr\/?product=crop-top-summer","article_modified_time":"2026-04-07T10:57:05+00:00","og_image":[{"width":1080,"height":1080,"url":"https:\/\/flor-dessins.fr\/wp-content\/uploads\/2025\/04\/1-1.png","type":"image\/png"}],"twitter_card":"summary_large_image","twitter_misc":{"Dur\u00e9e de lecture estim\u00e9e":"2 minutes"},"schema":{"@context":"https:\/\/schema.org","@graph":[{"@type":"WebPage","@id":"https:\/\/flor-dessins.fr\/?product=crop-top-summer","url":"https:\/\/flor-dessins.fr\/?product=crop-top-summer","name":"CROP TOP SUMMER -","isPartOf":{"@id":"https:\/\/flor-dessins.fr\/#website"},"primaryImageOfPage":{"@id":"https:\/\/flor-dessins.fr\/?product=crop-top-summer#primaryimage"},"image":{"@id":"https:\/\/flor-dessins.fr\/?product=crop-top-summer#primaryimage"},"thumbnailUrl":"https:\/\/flor-dessins.fr\/wp-content\/uploads\/2025\/04\/1-1.png","datePublished":"2025-04-20T14:50:28+00:00","dateModified":"2026-04-07T10:57:05+00:00","description":"Crop Top Femme \u2013 Design \"SUMMER\"IMPORTANT : pr\u00e9commande du 27\/04 au 11\/05. Les commandes seront exp\u00e9di\u00e9es fin mai. Merci de votre compr\u00e9hension.\u00a0Pour toute demande de personnalisation unique, merci de remplir ce formulaire pour obtenir un devis personnalis\u00e9 : https:\/\/flor-dessins.fr\/?page_id=6457 Merci de votre compr\u00e9hension.\ud83c\udf1e L'\u00e9t\u00e9 \u00e0 fleur de peau !Affichez votre mood ensoleill\u00e9 avec ce crop top disponible en plusieurs couleurs et orn\u00e9 du design SUMMER. Coupe courte, mati\u00e8re douce et confortable, parfait pour des journ\u00e9es chill ou des soir\u00e9es entre amis. Portez l'\u00e9t\u00e9, vibrez l'\u00e9t\u00e9.\ud83d\udc9b Disponible en plusieurs coloris pour matcher toutes vos vibes.Composition : 95% coton \/ 5% \u00e9lasthanne(Grey : 85% coton \/ 10% viscose \/ 5% \u00e9lasthanne)Grammage : 180g\/m\u00b2Tailles disponibles : XS \u00e0 XL\u00a0Coloris : noir, gris, rose ou bleu marineN\u2019h\u00e9sitez pas \u00e0 consulter notre guide des tailles.Conseils d\u2019entretien :\u2013 Il est conseill\u00e9 pour pr\u00e9server le design de retourner votre textile.\u2013 Lavage \u00e0 la main (m\u00e9thode de lavage la plus douce)\u2013 En machine, optez pour un lavage \u00e0 30\u00b0C pour \u00e9viter toute d\u00e9formation.\u2013 PAS de s\u00e8che-linge.N\u2019oubliez pas de consulter l\u2019\u00e9tiquette de vos v\u00eatements, elle contient des instructions importantes.","breadcrumb":{"@id":"https:\/\/flor-dessins.fr\/?product=crop-top-summer#breadcrumb"},"inLanguage":"fr-FR","potentialAction":[{"@type":"ReadAction","target":["https:\/\/flor-dessins.fr\/?product=crop-top-summer"]}]},{"@type":"ImageObject","inLanguage":"fr-FR","@id":"https:\/\/flor-dessins.fr\/?product=crop-top-summer#primaryimage","url":"https:\/\/flor-dessins.fr\/wp-content\/uploads\/2025\/04\/1-1.png","contentUrl":"https:\/\/flor-dessins.fr\/wp-content\/uploads\/2025\/04\/1-1.png","width":1080,"height":1080},{"@type":"BreadcrumbList","@id":"https:\/\/flor-dessins.fr\/?product=crop-top-summer#breadcrumb","itemListElement":[{"@type":"ListItem","position":1,"name":"Accueil","item":"https:\/\/flor-dessins.fr\/"},{"@type":"ListItem","position":2,"name":"Boutique","item":"https:\/\/flor-dessins.fr\/?page_id=5"},{"@type":"ListItem","position":3,"name":"CROP TOP SUMMER"}]},{"@type":"WebSite","@id":"https:\/\/flor-dessins.fr\/#website","url":"https:\/\/flor-dessins.fr\/","name":"","description":"LA COULEUR DE VOS SOUVENIRS","potentialAction":[{"@type":"SearchAction","target":{"@type":"EntryPoint","urlTemplate":"https:\/\/flor-dessins.fr\/?s={search_term_string}"},"query-input":{"@type":"PropertyValueSpecification","valueRequired":true,"valueName":"search_term_string"}}],"inLanguage":"fr-FR"}]}},"jetpack_sharing_enabled":true,"_links":{"self":[{"href":"https:\/\/flor-dessins.fr\/index.php?rest_route=\/wp\/v2\/product\/6190","targetHints":{"allow":["GET"]}}],"collection":[{"href":"https:\/\/flor-dessins.fr\/index.php?rest_route=\/wp\/v2\/product"}],"about":[{"href":"https:\/\/flor-dessins.fr\/index.php?rest_route=\/wp\/v2\/types\/product"}],"wp:featuredmedia":[{"embeddable":true,"href":"https:\/\/flor-dessins.fr\/index.php?rest_route=\/wp\/v2\/media\/6221"}],"wp:attachment":[{"href":"https:\/\/flor-dessins.fr\/index.php?rest_route=%2Fwp%2Fv2%2Fmedia&parent=6190"}],"wp:term":[{"taxonomy":"product_brand","embeddable":true,"href":"https:\/\/flor-dessins.fr\/index.php?rest_route=%2Fwp%2Fv2%2Fproduct_brand&post=6190"},{"taxonomy":"product_cat","embeddable":true,"href":"https:\/\/flor-dessins.fr\/index.php?rest_route=%2Fwp%2Fv2%2Fproduct_cat&post=6190"},{"taxonomy":"product_tag","embeddable":true,"href":"https:\/\/flor-dessins.fr\/index.php?rest_route=%2Fwp%2Fv2%2Fproduct_tag&post=6190"}],"curies":[{"name":"wp","href":"https:\/\/api.w.org\/{rel}","templated":true}]}}