{"id":6226,"date":"2025-04-20T14:52:55","date_gmt":"2025-04-20T14:52:55","guid":{"rendered":"https:\/\/flor-dessins.fr\/?post_type=product&#038;p=6226"},"modified":"2026-04-07T10:56:53","modified_gmt":"2026-04-07T10:56:53","slug":"crop-top-salade-de-fruits","status":"publish","type":"product","link":"https:\/\/flor-dessins.fr\/?product=crop-top-salade-de-fruits","title":{"rendered":"CROP TOP SALADE DE FRUITS"},"content":{"rendered":"<h3 class=\"\" data-start=\"3624\" data-end=\"3679\"><strong data-start=\"3628\" data-end=\"3677\">Crop Top Femme \u2013 Design \u00ab\u00a0SALADE DE FRUITS\u00a0\u00bb<\/strong><\/h3>\n<p><strong data-start=\"107\" data-end=\"169\">IMPORTANT : <em>PRE COMMANDE DU 11\/07 au 25\/07 &#8211; expedition\u00a0 courant aout <\/em>. Merci de votre compr\u00e9hension. Pour toute demande de personnalisation unique, merci de remplir ce formulaire pour obtenir un devis personnalis\u00e9 : <a style=\"font-size: 16px;background-color: #ffffff\" href=\"https:\/\/flor-dessins.fr\/?page_id=6457\">https:\/\/flor-dessins.fr\/?page_id=6457<\/a><\/strong><\/p>\n<p>&nbsp;<\/p>\n<p class=\"\" data-start=\"3680\" data-end=\"3974\">\ud83c\udf53\ud83c\udf4a <strong data-start=\"3685\" data-end=\"3719\">Un vent de fra\u00eecheur fruit\u00e9e !<\/strong><br data-start=\"3719\" data-end=\"3722\" \/>Ce crop top p\u00e9tillant et fun affiche un design <strong data-start=\"3769\" data-end=\"3789\">SALADE DE FRUITS<\/strong> ultra color\u00e9 et vitamin\u00e9. \u00c0 porter sans mod\u00e9ration d\u00e8s que le soleil pointe le bout de son nez. Look juicy garanti !<br data-start=\"3906\" data-end=\"3909\" \/>\ud83c\udf08 Disponible en plusieurs coloris pour tous les go\u00fbts fruit\u00e9s.<\/p>\n<p class=\"\" data-start=\"3976\" data-end=\"4097\"><strong data-start=\"3976\" data-end=\"3993\">Composition :<\/strong> 95% coton \/ 5% \u00e9lasthanne<br data-start=\"4019\" data-end=\"4022\" \/>(Grey : 85% coton \/ 10% viscose \/ 5% \u00e9lasthanne)<br data-start=\"4070\" data-end=\"4073\" \/><strong data-start=\"4073\" data-end=\"4087\">Grammage :<\/strong> 180g\/m\u00b2<\/p>\n<p class=\"\" data-start=\"4099\" data-end=\"4238\"><strong data-start=\"4099\" data-end=\"4124\">Tailles disponibles :<\/strong> XS \u00e0 XL (femme)<br data-start=\"4140\" data-end=\"4143\" \/><strong data-start=\"4143\" data-end=\"4156\">Coloris :<\/strong> noir, rose, gris et bleu marine<br data-start=\"4183\" data-end=\"4186\" \/><em data-start=\"4186\" data-end=\"4238\">N\u2019h\u00e9sitez pas \u00e0 consulter notre guide des tailles.<\/em><\/p>\n<p class=\"\" data-start=\"4240\" data-end=\"4603\"><strong data-start=\"4240\" data-end=\"4266\">Conseils d\u2019entretien :<\/strong><br data-start=\"4266\" data-end=\"4269\" \/>\u2013 Il est conseill\u00e9 pour pr\u00e9server le design de retourner votre textile.<br data-start=\"4340\" data-end=\"4343\" \/>\u2013 Lavage \u00e0 la main (m\u00e9thode de lavage la plus douce)<br data-start=\"4395\" data-end=\"4398\" \/>\u2013 En machine, optez pour un lavage \u00e0 30\u00b0C pour \u00e9viter toute d\u00e9formation.<br data-start=\"4470\" data-end=\"4473\" \/>\u2013 <strong data-start=\"4475\" data-end=\"4498\">PAS de s\u00e8che-linge.<\/strong><br data-start=\"4498\" data-end=\"4501\" \/><em data-start=\"4501\" data-end=\"4603\">N\u2019oubliez pas de consulter l\u2019\u00e9tiquette de vos v\u00eatements, elle contient des instructions importantes.<\/em><\/p>\n<p><strong>\u00a0<\/strong><\/p>\n<p><strong>\u00a0<\/strong><\/p>\n","protected":false},"excerpt":{"rendered":"<h3 class=\"\" data-start=\"3624\" data-end=\"3679\"><strong data-start=\"3628\" data-end=\"3677\">Crop Top Femme \u2013 Design \u00ab\u00a0SALADE DE FRUITS\u00a0\u00bb<\/strong><\/h3>\n<p><strong data-start=\"107\" data-end=\"169\">IMPORTANT : <em>PRE COMMANDE DU 11\/07 au 25\/07 &#8211; expedition\u00a0 courant aout <\/em>. Merci de votre compr\u00e9hension. Pour toute demande de personnalisation unique, merci de remplir ce formulaire pour obtenir un devis personnalis\u00e9 : <a style=\"font-size: 16px;background-color: #ffffff\" href=\"https:\/\/flor-dessins.fr\/?page_id=6457\">https:\/\/flor-dessins.fr\/?page_id=6457<\/a><\/strong><\/p>\n<p>&nbsp;<\/p>\n<p class=\"\" data-start=\"3680\" data-end=\"3974\">\ud83c\udf53\ud83c\udf4a <strong data-start=\"3685\" data-end=\"3719\">Un vent de fra\u00eecheur fruit\u00e9e !<\/strong><br data-start=\"3719\" data-end=\"3722\" \/>Ce crop top p\u00e9tillant et fun affiche un design <strong data-start=\"3769\" data-end=\"3789\">SALADE DE FRUITS<\/strong> ultra color\u00e9 et vitamin\u00e9. \u00c0 porter sans mod\u00e9ration d\u00e8s que le soleil pointe le bout de son nez. Look juicy garanti !<br data-start=\"3906\" data-end=\"3909\" \/>\ud83c\udf08 Disponible en plusieurs coloris pour tous les go\u00fbts fruit\u00e9s.<\/p>\n<p class=\"\" data-start=\"3976\" data-end=\"4097\"><strong data-start=\"3976\" data-end=\"3993\">Composition :<\/strong> 95% coton \/ 5% \u00e9lasthanne<br data-start=\"4019\" data-end=\"4022\" \/>(Grey : 85% coton \/ 10% viscose \/ 5% \u00e9lasthanne)<br data-start=\"4070\" data-end=\"4073\" \/><strong data-start=\"4073\" data-end=\"4087\">Grammage :<\/strong> 180g\/m\u00b2<\/p>\n<p class=\"\" data-start=\"4099\" data-end=\"4238\"><strong data-start=\"4099\" data-end=\"4124\">Tailles disponibles :<\/strong> XS \u00e0 XL (femme)<br data-start=\"4140\" data-end=\"4143\" \/><strong data-start=\"4143\" data-end=\"4156\">Coloris :<\/strong> noir, rose, gris et bleu marine<br data-start=\"4183\" data-end=\"4186\" \/><em data-start=\"4186\" data-end=\"4238\">N\u2019h\u00e9sitez pas \u00e0 consulter notre guide des tailles.<\/em><\/p>\n<p class=\"\" data-start=\"4240\" data-end=\"4603\"><strong data-start=\"4240\" data-end=\"4266\">Conseils d\u2019entretien :<\/strong><br data-start=\"4266\" data-end=\"4269\" \/>\u2013 Il est conseill\u00e9 pour pr\u00e9server le design de retourner votre textile.<br data-start=\"4340\" data-end=\"4343\" \/>\u2013 Lavage \u00e0 la main (m\u00e9thode de lavage la plus douce)<br data-start=\"4395\" data-end=\"4398\" \/>\u2013 En machine, optez pour un lavage \u00e0 30\u00b0C pour \u00e9viter toute d\u00e9formation.<br data-start=\"4470\" data-end=\"4473\" \/>\u2013 <strong data-start=\"4475\" data-end=\"4498\">PAS de s\u00e8che-linge.<\/strong><br data-start=\"4498\" data-end=\"4501\" \/><em data-start=\"4501\" data-end=\"4603\">N\u2019oubliez pas de consulter l\u2019\u00e9tiquette de vos v\u00eatements, elle contient des instructions importantes.<\/em><\/p>\n","protected":false},"featured_media":6260,"template":"","meta":{"_monsterinsights_skip_tracking":false,"_monsterinsights_sitenote_active":false,"_monsterinsights_sitenote_note":"","_monsterinsights_sitenote_category":0,"site-sidebar-layout":"default","site-content-layout":"","ast-site-content-layout":"default","site-content-style":"default","site-sidebar-style":"default","ast-global-header-display":"","ast-banner-title-visibility":"","ast-main-header-display":"","ast-hfb-above-header-display":"","ast-hfb-below-header-display":"","ast-hfb-mobile-header-display":"","site-post-title":"","ast-breadcrumbs-content":"","ast-featured-img":"","footer-sml-layout":"","ast-disable-related-posts":"","theme-transparent-header-meta":"default","adv-header-id-meta":"","stick-header-meta":"","header-above-stick-meta":"","header-main-stick-meta":"","header-below-stick-meta":"","astra-migrate-meta-layouts":"set","ast-page-background-enabled":"default","ast-page-background-meta":{"desktop":{"background-color":"var(--ast-global-color-4)","background-image":"","background-repeat":"repeat","background-position":"center center","background-size":"auto","background-attachment":"scroll","background-type":"","background-media":"","overlay-type":"","overlay-color":"","overlay-opacity":"","overlay-gradient":""},"tablet":{"background-color":"","background-image":"","background-repeat":"repeat","background-position":"center center","background-size":"auto","background-attachment":"scroll","background-type":"","background-media":"","overlay-type":"","overlay-color":"","overlay-opacity":"","overlay-gradient":""},"mobile":{"background-color":"","background-image":"","background-repeat":"repeat","background-position":"center center","background-size":"auto","background-attachment":"scroll","background-type":"","background-media":"","overlay-type":"","overlay-color":"","overlay-opacity":"","overlay-gradient":""}},"ast-content-background-meta":{"desktop":{"background-color":"var(--ast-global-color-5)","background-image":"","background-repeat":"repeat","background-position":"center center","background-size":"auto","background-attachment":"scroll","background-type":"","background-media":"","overlay-type":"","overlay-color":"","overlay-opacity":"","overlay-gradient":""},"tablet":{"background-color":"var(--ast-global-color-5)","background-image":"","background-repeat":"repeat","background-position":"center center","background-size":"auto","background-attachment":"scroll","background-type":"","background-media":"","overlay-type":"","overlay-color":"","overlay-opacity":"","overlay-gradient":""},"mobile":{"background-color":"var(--ast-global-color-5)","background-image":"","background-repeat":"repeat","background-position":"center center","background-size":"auto","background-attachment":"scroll","background-type":"","background-media":"","overlay-type":"","overlay-color":"","overlay-opacity":"","overlay-gradient":""}},"_glsr_average":0,"_glsr_ranking":0,"_glsr_reviews":0},"product_brand":[],"product_cat":[145,155],"product_tag":[],"class_list":{"0":"post-6226","1":"product","2":"type-product","3":"status-publish","4":"has-post-thumbnail","6":"product_cat-les-collections","7":"product_cat-salade-de-fruits","8":"product_shipping_class-colissimo","9":"desktop-align-center","10":"tablet-align-left","11":"mobile-align-left","12":"fpd-variation-needed","14":"first","15":"outofstock","16":"shipping-taxable","17":"purchasable","18":"product-type-variable"},"yoast_head":"<!-- This site is optimized with the Yoast SEO plugin v27.3 - https:\/\/yoast.com\/product\/yoast-seo-wordpress\/ -->\n<title>CROP TOP SALADE DE FRUITS -<\/title>\n<meta name=\"description\" content=\"Crop Top Femme \u2013 Design &quot;SALADE DE FRUITS&quot;IMPORTANT : pr\u00e9commande du 27\/04 au 11\/05. Les commandes seront exp\u00e9di\u00e9es fin mai. Merci de votre compr\u00e9hension.\u00a0Pour toute demande de personnalisation unique, merci de remplir ce formulaire pour obtenir un devis personnalis\u00e9 : https:\/\/flor-dessins.fr\/?page_id=6457. Merci de votre compr\u00e9hension.\ud83c\udf53\ud83c\udf4a Un vent de fra\u00eecheur fruit\u00e9e !Ce crop top p\u00e9tillant et fun affiche un design SALADE DE FRUITS ultra color\u00e9 et vitamin\u00e9. \u00c0 porter sans mod\u00e9ration d\u00e8s que le soleil pointe le bout de son nez. Look juicy garanti !\ud83c\udf08 Disponible en plusieurs coloris pour tous les go\u00fbts fruit\u00e9s.Composition : 95% coton \/ 5% \u00e9lasthanne(Grey : 85% coton \/ 10% viscose \/ 5% \u00e9lasthanne)Grammage : 180g\/m\u00b2Tailles disponibles : XS \u00e0 XL (femme)Coloris : noir, rose, gris et bleu marineN\u2019h\u00e9sitez pas \u00e0 consulter notre guide des tailles.Conseils d\u2019entretien :\u2013 Il est conseill\u00e9 pour pr\u00e9server le design de retourner votre textile.\u2013 Lavage \u00e0 la main (m\u00e9thode de lavage la plus douce)\u2013 En machine, optez pour un lavage \u00e0 30\u00b0C pour \u00e9viter toute d\u00e9formation.\u2013 PAS de s\u00e8che-linge.N\u2019oubliez pas de consulter l\u2019\u00e9tiquette de vos v\u00eatements, elle contient des instructions importantes.\" \/>\n<meta name=\"robots\" content=\"index, follow, max-snippet:-1, max-image-preview:large, max-video-preview:-1\" \/>\n<link rel=\"canonical\" href=\"https:\/\/flor-dessins.fr\/?product=crop-top-salade-de-fruits\" \/>\n<meta property=\"og:locale\" content=\"fr_FR\" \/>\n<meta property=\"og:type\" content=\"article\" \/>\n<meta property=\"og:title\" content=\"CROP TOP SALADE DE FRUITS -\" \/>\n<meta property=\"og:description\" content=\"Crop Top Femme \u2013 Design &quot;SALADE DE FRUITS&quot;IMPORTANT : pr\u00e9commande du 27\/04 au 11\/05. Les commandes seront exp\u00e9di\u00e9es fin mai. Merci de votre compr\u00e9hension.\u00a0Pour toute demande de personnalisation unique, merci de remplir ce formulaire pour obtenir un devis personnalis\u00e9 : https:\/\/flor-dessins.fr\/?page_id=6457. Merci de votre compr\u00e9hension.\ud83c\udf53\ud83c\udf4a Un vent de fra\u00eecheur fruit\u00e9e !Ce crop top p\u00e9tillant et fun affiche un design SALADE DE FRUITS ultra color\u00e9 et vitamin\u00e9. \u00c0 porter sans mod\u00e9ration d\u00e8s que le soleil pointe le bout de son nez. Look juicy garanti !\ud83c\udf08 Disponible en plusieurs coloris pour tous les go\u00fbts fruit\u00e9s.Composition : 95% coton \/ 5% \u00e9lasthanne(Grey : 85% coton \/ 10% viscose \/ 5% \u00e9lasthanne)Grammage : 180g\/m\u00b2Tailles disponibles : XS \u00e0 XL (femme)Coloris : noir, rose, gris et bleu marineN\u2019h\u00e9sitez pas \u00e0 consulter notre guide des tailles.Conseils d\u2019entretien :\u2013 Il est conseill\u00e9 pour pr\u00e9server le design de retourner votre textile.\u2013 Lavage \u00e0 la main (m\u00e9thode de lavage la plus douce)\u2013 En machine, optez pour un lavage \u00e0 30\u00b0C pour \u00e9viter toute d\u00e9formation.\u2013 PAS de s\u00e8che-linge.N\u2019oubliez pas de consulter l\u2019\u00e9tiquette de vos v\u00eatements, elle contient des instructions importantes.\" \/>\n<meta property=\"og:url\" content=\"https:\/\/flor-dessins.fr\/?product=crop-top-salade-de-fruits\" \/>\n<meta property=\"article:modified_time\" content=\"2026-04-07T10:56:53+00:00\" \/>\n<meta property=\"og:image\" content=\"https:\/\/flor-dessins.fr\/wp-content\/uploads\/2025\/04\/5.png\" \/>\n\t<meta property=\"og:image:width\" content=\"1080\" \/>\n\t<meta property=\"og:image:height\" content=\"1080\" \/>\n\t<meta property=\"og:image:type\" content=\"image\/png\" \/>\n<meta name=\"twitter:card\" content=\"summary_large_image\" \/>\n<meta name=\"twitter:label1\" content=\"Dur\u00e9e de lecture estim\u00e9e\" \/>\n\t<meta name=\"twitter:data1\" content=\"2 minutes\" \/>\n<script type=\"application\/ld+json\" class=\"yoast-schema-graph\">{\"@context\":\"https:\\\/\\\/schema.org\",\"@graph\":[{\"@type\":\"WebPage\",\"@id\":\"https:\\\/\\\/flor-dessins.fr\\\/?product=crop-top-salade-de-fruits\",\"url\":\"https:\\\/\\\/flor-dessins.fr\\\/?product=crop-top-salade-de-fruits\",\"name\":\"CROP TOP SALADE DE FRUITS -\",\"isPartOf\":{\"@id\":\"https:\\\/\\\/flor-dessins.fr\\\/#website\"},\"primaryImageOfPage\":{\"@id\":\"https:\\\/\\\/flor-dessins.fr\\\/?product=crop-top-salade-de-fruits#primaryimage\"},\"image\":{\"@id\":\"https:\\\/\\\/flor-dessins.fr\\\/?product=crop-top-salade-de-fruits#primaryimage\"},\"thumbnailUrl\":\"https:\\\/\\\/flor-dessins.fr\\\/wp-content\\\/uploads\\\/2025\\\/04\\\/5.png\",\"datePublished\":\"2025-04-20T14:52:55+00:00\",\"dateModified\":\"2026-04-07T10:56:53+00:00\",\"description\":\"Crop Top Femme \u2013 Design \\\"SALADE DE FRUITS\\\"IMPORTANT : pr\u00e9commande du 27\\\/04 au 11\\\/05. Les commandes seront exp\u00e9di\u00e9es fin mai. Merci de votre compr\u00e9hension.\u00a0Pour toute demande de personnalisation unique, merci de remplir ce formulaire pour obtenir un devis personnalis\u00e9 : https:\\\/\\\/flor-dessins.fr\\\/?page_id=6457. Merci de votre compr\u00e9hension.\ud83c\udf53\ud83c\udf4a Un vent de fra\u00eecheur fruit\u00e9e !Ce crop top p\u00e9tillant et fun affiche un design SALADE DE FRUITS ultra color\u00e9 et vitamin\u00e9. \u00c0 porter sans mod\u00e9ration d\u00e8s que le soleil pointe le bout de son nez. Look juicy garanti !\ud83c\udf08 Disponible en plusieurs coloris pour tous les go\u00fbts fruit\u00e9s.Composition : 95% coton \\\/ 5% \u00e9lasthanne(Grey : 85% coton \\\/ 10% viscose \\\/ 5% \u00e9lasthanne)Grammage : 180g\\\/m\u00b2Tailles disponibles : XS \u00e0 XL (femme)Coloris : noir, rose, gris et bleu marineN\u2019h\u00e9sitez pas \u00e0 consulter notre guide des tailles.Conseils d\u2019entretien :\u2013 Il est conseill\u00e9 pour pr\u00e9server le design de retourner votre textile.\u2013 Lavage \u00e0 la main (m\u00e9thode de lavage la plus douce)\u2013 En machine, optez pour un lavage \u00e0 30\u00b0C pour \u00e9viter toute d\u00e9formation.\u2013 PAS de s\u00e8che-linge.N\u2019oubliez pas de consulter l\u2019\u00e9tiquette de vos v\u00eatements, elle contient des instructions importantes.\",\"breadcrumb\":{\"@id\":\"https:\\\/\\\/flor-dessins.fr\\\/?product=crop-top-salade-de-fruits#breadcrumb\"},\"inLanguage\":\"fr-FR\",\"potentialAction\":[{\"@type\":\"ReadAction\",\"target\":[\"https:\\\/\\\/flor-dessins.fr\\\/?product=crop-top-salade-de-fruits\"]}]},{\"@type\":\"ImageObject\",\"inLanguage\":\"fr-FR\",\"@id\":\"https:\\\/\\\/flor-dessins.fr\\\/?product=crop-top-salade-de-fruits#primaryimage\",\"url\":\"https:\\\/\\\/flor-dessins.fr\\\/wp-content\\\/uploads\\\/2025\\\/04\\\/5.png\",\"contentUrl\":\"https:\\\/\\\/flor-dessins.fr\\\/wp-content\\\/uploads\\\/2025\\\/04\\\/5.png\",\"width\":1080,\"height\":1080},{\"@type\":\"BreadcrumbList\",\"@id\":\"https:\\\/\\\/flor-dessins.fr\\\/?product=crop-top-salade-de-fruits#breadcrumb\",\"itemListElement\":[{\"@type\":\"ListItem\",\"position\":1,\"name\":\"Accueil\",\"item\":\"https:\\\/\\\/flor-dessins.fr\\\/\"},{\"@type\":\"ListItem\",\"position\":2,\"name\":\"Boutique\",\"item\":\"https:\\\/\\\/flor-dessins.fr\\\/?page_id=5\"},{\"@type\":\"ListItem\",\"position\":3,\"name\":\"CROP TOP SALADE DE FRUITS\"}]},{\"@type\":\"WebSite\",\"@id\":\"https:\\\/\\\/flor-dessins.fr\\\/#website\",\"url\":\"https:\\\/\\\/flor-dessins.fr\\\/\",\"name\":\"\",\"description\":\"LA COULEUR DE VOS SOUVENIRS\",\"potentialAction\":[{\"@type\":\"SearchAction\",\"target\":{\"@type\":\"EntryPoint\",\"urlTemplate\":\"https:\\\/\\\/flor-dessins.fr\\\/?s={search_term_string}\"},\"query-input\":{\"@type\":\"PropertyValueSpecification\",\"valueRequired\":true,\"valueName\":\"search_term_string\"}}],\"inLanguage\":\"fr-FR\"}]}<\/script>\n<!-- \/ Yoast SEO plugin. -->","yoast_head_json":{"title":"CROP TOP SALADE DE FRUITS -","description":"Crop Top Femme \u2013 Design \"SALADE DE FRUITS\"IMPORTANT : pr\u00e9commande du 27\/04 au 11\/05. Les commandes seront exp\u00e9di\u00e9es fin mai. Merci de votre compr\u00e9hension.\u00a0Pour toute demande de personnalisation unique, merci de remplir ce formulaire pour obtenir un devis personnalis\u00e9 : https:\/\/flor-dessins.fr\/?page_id=6457. Merci de votre compr\u00e9hension.\ud83c\udf53\ud83c\udf4a Un vent de fra\u00eecheur fruit\u00e9e !Ce crop top p\u00e9tillant et fun affiche un design SALADE DE FRUITS ultra color\u00e9 et vitamin\u00e9. \u00c0 porter sans mod\u00e9ration d\u00e8s que le soleil pointe le bout de son nez. Look juicy garanti !\ud83c\udf08 Disponible en plusieurs coloris pour tous les go\u00fbts fruit\u00e9s.Composition : 95% coton \/ 5% \u00e9lasthanne(Grey : 85% coton \/ 10% viscose \/ 5% \u00e9lasthanne)Grammage : 180g\/m\u00b2Tailles disponibles : XS \u00e0 XL (femme)Coloris : noir, rose, gris et bleu marineN\u2019h\u00e9sitez pas \u00e0 consulter notre guide des tailles.Conseils d\u2019entretien :\u2013 Il est conseill\u00e9 pour pr\u00e9server le design de retourner votre textile.\u2013 Lavage \u00e0 la main (m\u00e9thode de lavage la plus douce)\u2013 En machine, optez pour un lavage \u00e0 30\u00b0C pour \u00e9viter toute d\u00e9formation.\u2013 PAS de s\u00e8che-linge.N\u2019oubliez pas de consulter l\u2019\u00e9tiquette de vos v\u00eatements, elle contient des instructions importantes.","robots":{"index":"index","follow":"follow","max-snippet":"max-snippet:-1","max-image-preview":"max-image-preview:large","max-video-preview":"max-video-preview:-1"},"canonical":"https:\/\/flor-dessins.fr\/?product=crop-top-salade-de-fruits","og_locale":"fr_FR","og_type":"article","og_title":"CROP TOP SALADE DE FRUITS -","og_description":"Crop Top Femme \u2013 Design \"SALADE DE FRUITS\"IMPORTANT : pr\u00e9commande du 27\/04 au 11\/05. Les commandes seront exp\u00e9di\u00e9es fin mai. Merci de votre compr\u00e9hension.\u00a0Pour toute demande de personnalisation unique, merci de remplir ce formulaire pour obtenir un devis personnalis\u00e9 : https:\/\/flor-dessins.fr\/?page_id=6457. Merci de votre compr\u00e9hension.\ud83c\udf53\ud83c\udf4a Un vent de fra\u00eecheur fruit\u00e9e !Ce crop top p\u00e9tillant et fun affiche un design SALADE DE FRUITS ultra color\u00e9 et vitamin\u00e9. \u00c0 porter sans mod\u00e9ration d\u00e8s que le soleil pointe le bout de son nez. Look juicy garanti !\ud83c\udf08 Disponible en plusieurs coloris pour tous les go\u00fbts fruit\u00e9s.Composition : 95% coton \/ 5% \u00e9lasthanne(Grey : 85% coton \/ 10% viscose \/ 5% \u00e9lasthanne)Grammage : 180g\/m\u00b2Tailles disponibles : XS \u00e0 XL (femme)Coloris : noir, rose, gris et bleu marineN\u2019h\u00e9sitez pas \u00e0 consulter notre guide des tailles.Conseils d\u2019entretien :\u2013 Il est conseill\u00e9 pour pr\u00e9server le design de retourner votre textile.\u2013 Lavage \u00e0 la main (m\u00e9thode de lavage la plus douce)\u2013 En machine, optez pour un lavage \u00e0 30\u00b0C pour \u00e9viter toute d\u00e9formation.\u2013 PAS de s\u00e8che-linge.N\u2019oubliez pas de consulter l\u2019\u00e9tiquette de vos v\u00eatements, elle contient des instructions importantes.","og_url":"https:\/\/flor-dessins.fr\/?product=crop-top-salade-de-fruits","article_modified_time":"2026-04-07T10:56:53+00:00","og_image":[{"width":1080,"height":1080,"url":"https:\/\/flor-dessins.fr\/wp-content\/uploads\/2025\/04\/5.png","type":"image\/png"}],"twitter_card":"summary_large_image","twitter_misc":{"Dur\u00e9e de lecture estim\u00e9e":"2 minutes"},"schema":{"@context":"https:\/\/schema.org","@graph":[{"@type":"WebPage","@id":"https:\/\/flor-dessins.fr\/?product=crop-top-salade-de-fruits","url":"https:\/\/flor-dessins.fr\/?product=crop-top-salade-de-fruits","name":"CROP TOP SALADE DE FRUITS -","isPartOf":{"@id":"https:\/\/flor-dessins.fr\/#website"},"primaryImageOfPage":{"@id":"https:\/\/flor-dessins.fr\/?product=crop-top-salade-de-fruits#primaryimage"},"image":{"@id":"https:\/\/flor-dessins.fr\/?product=crop-top-salade-de-fruits#primaryimage"},"thumbnailUrl":"https:\/\/flor-dessins.fr\/wp-content\/uploads\/2025\/04\/5.png","datePublished":"2025-04-20T14:52:55+00:00","dateModified":"2026-04-07T10:56:53+00:00","description":"Crop Top Femme \u2013 Design \"SALADE DE FRUITS\"IMPORTANT : pr\u00e9commande du 27\/04 au 11\/05. Les commandes seront exp\u00e9di\u00e9es fin mai. Merci de votre compr\u00e9hension.\u00a0Pour toute demande de personnalisation unique, merci de remplir ce formulaire pour obtenir un devis personnalis\u00e9 : https:\/\/flor-dessins.fr\/?page_id=6457. Merci de votre compr\u00e9hension.\ud83c\udf53\ud83c\udf4a Un vent de fra\u00eecheur fruit\u00e9e !Ce crop top p\u00e9tillant et fun affiche un design SALADE DE FRUITS ultra color\u00e9 et vitamin\u00e9. \u00c0 porter sans mod\u00e9ration d\u00e8s que le soleil pointe le bout de son nez. Look juicy garanti !\ud83c\udf08 Disponible en plusieurs coloris pour tous les go\u00fbts fruit\u00e9s.Composition : 95% coton \/ 5% \u00e9lasthanne(Grey : 85% coton \/ 10% viscose \/ 5% \u00e9lasthanne)Grammage : 180g\/m\u00b2Tailles disponibles : XS \u00e0 XL (femme)Coloris : noir, rose, gris et bleu marineN\u2019h\u00e9sitez pas \u00e0 consulter notre guide des tailles.Conseils d\u2019entretien :\u2013 Il est conseill\u00e9 pour pr\u00e9server le design de retourner votre textile.\u2013 Lavage \u00e0 la main (m\u00e9thode de lavage la plus douce)\u2013 En machine, optez pour un lavage \u00e0 30\u00b0C pour \u00e9viter toute d\u00e9formation.\u2013 PAS de s\u00e8che-linge.N\u2019oubliez pas de consulter l\u2019\u00e9tiquette de vos v\u00eatements, elle contient des instructions importantes.","breadcrumb":{"@id":"https:\/\/flor-dessins.fr\/?product=crop-top-salade-de-fruits#breadcrumb"},"inLanguage":"fr-FR","potentialAction":[{"@type":"ReadAction","target":["https:\/\/flor-dessins.fr\/?product=crop-top-salade-de-fruits"]}]},{"@type":"ImageObject","inLanguage":"fr-FR","@id":"https:\/\/flor-dessins.fr\/?product=crop-top-salade-de-fruits#primaryimage","url":"https:\/\/flor-dessins.fr\/wp-content\/uploads\/2025\/04\/5.png","contentUrl":"https:\/\/flor-dessins.fr\/wp-content\/uploads\/2025\/04\/5.png","width":1080,"height":1080},{"@type":"BreadcrumbList","@id":"https:\/\/flor-dessins.fr\/?product=crop-top-salade-de-fruits#breadcrumb","itemListElement":[{"@type":"ListItem","position":1,"name":"Accueil","item":"https:\/\/flor-dessins.fr\/"},{"@type":"ListItem","position":2,"name":"Boutique","item":"https:\/\/flor-dessins.fr\/?page_id=5"},{"@type":"ListItem","position":3,"name":"CROP TOP SALADE DE FRUITS"}]},{"@type":"WebSite","@id":"https:\/\/flor-dessins.fr\/#website","url":"https:\/\/flor-dessins.fr\/","name":"","description":"LA COULEUR DE VOS SOUVENIRS","potentialAction":[{"@type":"SearchAction","target":{"@type":"EntryPoint","urlTemplate":"https:\/\/flor-dessins.fr\/?s={search_term_string}"},"query-input":{"@type":"PropertyValueSpecification","valueRequired":true,"valueName":"search_term_string"}}],"inLanguage":"fr-FR"}]}},"jetpack_sharing_enabled":true,"_links":{"self":[{"href":"https:\/\/flor-dessins.fr\/index.php?rest_route=\/wp\/v2\/product\/6226","targetHints":{"allow":["GET"]}}],"collection":[{"href":"https:\/\/flor-dessins.fr\/index.php?rest_route=\/wp\/v2\/product"}],"about":[{"href":"https:\/\/flor-dessins.fr\/index.php?rest_route=\/wp\/v2\/types\/product"}],"wp:featuredmedia":[{"embeddable":true,"href":"https:\/\/flor-dessins.fr\/index.php?rest_route=\/wp\/v2\/media\/6260"}],"wp:attachment":[{"href":"https:\/\/flor-dessins.fr\/index.php?rest_route=%2Fwp%2Fv2%2Fmedia&parent=6226"}],"wp:term":[{"taxonomy":"product_brand","embeddable":true,"href":"https:\/\/flor-dessins.fr\/index.php?rest_route=%2Fwp%2Fv2%2Fproduct_brand&post=6226"},{"taxonomy":"product_cat","embeddable":true,"href":"https:\/\/flor-dessins.fr\/index.php?rest_route=%2Fwp%2Fv2%2Fproduct_cat&post=6226"},{"taxonomy":"product_tag","embeddable":true,"href":"https:\/\/flor-dessins.fr\/index.php?rest_route=%2Fwp%2Fv2%2Fproduct_tag&post=6226"}],"curies":[{"name":"wp","href":"https:\/\/api.w.org\/{rel}","templated":true}]}}