{"id":6298,"date":"2025-04-20T15:01:10","date_gmt":"2025-04-20T15:01:10","guid":{"rendered":"https:\/\/flor-dessins.fr\/?post_type=product&#038;p=6298"},"modified":"2026-04-07T10:55:28","modified_gmt":"2026-04-07T10:55:28","slug":"crop-top-flower-flash","status":"publish","type":"product","link":"https:\/\/flor-dessins.fr\/?product=crop-top-flower-flash","title":{"rendered":"CROP TOP FLOWER FLASH"},"content":{"rendered":"<h3 class=\"\" data-start=\"2469\" data-end=\"2520\"><strong data-start=\"2473\" data-end=\"2518\">Crop Top Femme \u2013 Design \u00ab\u00a0FLOWER FLASH\u00a0\u00bb<\/strong><\/h3>\n<p><strong data-start=\"3501\" data-end=\"3617\">IMPORTANT : \u00a0<em>PRE COMMANDE DU 11\/07 au 25\/07 &#8211; expedition\u00a0 courant aout <\/em><\/strong><strong data-start=\"3501\" data-end=\"3617\">. Merci de votre compr\u00e9hension.<\/strong><strong data-start=\"146\" data-end=\"161\">\u00a0<\/strong><strong>Pour toute demande de personnalisation unique, merci de remplir ce formulaire pour obtenir un devis personnalis\u00e9 : <a style=\"font-size: 16px;background-color: #ffffff\" href=\"https:\/\/flor-dessins.fr\/?page_id=6457\">https:\/\/flor-dessins.fr\/?page_id=6457<\/a><\/strong><\/p>\n<p class=\"\" data-start=\"2521\" data-end=\"2870\">\u26a1 <strong data-start=\"2523\" data-end=\"2553\">Le floral version punchy !<\/strong><strong><br \/>\nUn crop top qui ne passe pas inaper\u00e7u avec son design <\/strong><strong data-start=\"2610\" data-end=\"2626\">FLOWER FLASH<\/strong><strong> : des fleurs, mais version \u00e9lectrique. Parfait pour celles qui aiment mixer f\u00e9minit\u00e9 et \u00e9nergie. Une pi\u00e8ce styl\u00e9e \u00e0 mixer avec un jean taille haute ou une jupe fluide.<br \/>\n<\/strong>\ud83d\udd25<strong> Plusieurs couleurs disponibles pour s\u2019adapter \u00e0 chaque personnalit\u00e9.<\/strong><\/p>\n<p class=\"\" data-start=\"2872\" data-end=\"2993\"><strong data-start=\"2872\" data-end=\"2889\">Composition :<\/strong><strong> 95% coton \/ 5% \u00e9lasthanne<br \/>\n(Grey : 85% coton \/ 10% viscose \/ 5% \u00e9lasthanne)<br \/>\n<\/strong><strong data-start=\"2969\" data-end=\"2983\">Grammage :<\/strong><strong> 180g\/m\u00b2<\/strong><\/p>\n<p class=\"\" data-start=\"2995\" data-end=\"3134\"><strong data-start=\"2995\" data-end=\"3020\">Tailles disponibles :<\/strong><strong> XS \u00e0 XL (femme)<br \/>\n<\/strong><strong data-start=\"3039\" data-end=\"3052\">Coloris :<\/strong><strong> noir, rose, gris et bleu marine<br \/>\n<em data-start=\"3082\" data-end=\"3134\">N\u2019h\u00e9sitez pas \u00e0 consulter notre guide des tailles.<\/em><\/strong><\/p>\n<p class=\"\" data-start=\"3136\" data-end=\"3499\"><strong data-start=\"3136\" data-end=\"3162\">Conseils d\u2019entretien :<\/strong><strong><br \/>\n\u2013 Il est conseill\u00e9 pour pr\u00e9server le design de retourner votre textile.<br \/>\n\u2013 Lavage \u00e0 la main (m\u00e9thode de lavage la plus douce)<br \/>\n\u2013 En machine, optez pour un lavage \u00e0 30\u00b0C pour \u00e9viter toute d\u00e9formation.<br \/>\n\u2013 <\/strong><strong data-start=\"3371\" data-end=\"3394\">PAS de s\u00e8che-linge.<\/strong><strong><br \/>\n<em data-start=\"3397\" data-end=\"3499\">N\u2019oubliez pas de consulter l\u2019\u00e9tiquette de vos v\u00eatements, elle contient des instructions importantes.<\/em><\/strong><\/p>\n<p><strong>\u00a0<\/strong><\/p>\n","protected":false},"excerpt":{"rendered":"<ul>\n<li style=\"list-style-type: none\"><\/li>\n<\/ul>\n<h3 class=\"\" data-start=\"2469\" data-end=\"2520\"><strong data-start=\"2473\" data-end=\"2518\">Crop Top Femme \u2013 Design \u00ab\u00a0FLOWER FLASH\u00a0\u00bb<\/strong><\/h3>\n<p><strong data-start=\"3501\" data-end=\"3617\">IMPORTANT : \u00a0<em>PRE COMMANDE DU 11\/07 au 25\/07 &#8211; expedition\u00a0 courant aout <\/em><\/strong><strong data-start=\"3501\" data-end=\"3617\">. Merci de votre compr\u00e9hension.<\/strong><strong data-start=\"146\" data-end=\"161\">\u00a0<\/strong><strong>Pour toute demande de personnalisation unique, merci de remplir ce formulaire pour obtenir un devis personnalis\u00e9 : <a style=\"font-size: 16px;background-color: #ffffff\" href=\"https:\/\/flor-dessins.fr\/?page_id=6457\">https:\/\/flor-dessins.fr\/?page_id=6457<\/a><\/strong><\/p>\n<p class=\"\" data-start=\"2521\" data-end=\"2870\">\u26a1 <strong data-start=\"2523\" data-end=\"2553\">Le floral version punchy !<\/strong><strong><br \/>\nUn crop top qui ne passe pas inaper\u00e7u avec son design <\/strong><strong data-start=\"2610\" data-end=\"2626\">FLOWER FLASH<\/strong><strong> : des fleurs, mais version \u00e9lectrique. Parfait pour celles qui aiment mixer f\u00e9minit\u00e9 et \u00e9nergie. Une pi\u00e8ce styl\u00e9e \u00e0 mixer avec un jean taille haute ou une jupe fluide.<br \/>\n<\/strong>\ud83d\udd25<strong> Plusieurs couleurs disponibles pour s\u2019adapter \u00e0 chaque personnalit\u00e9.<\/strong><\/p>\n<p class=\"\" data-start=\"2872\" data-end=\"2993\"><strong data-start=\"2872\" data-end=\"2889\">Composition :<\/strong><strong> 95% coton \/ 5% \u00e9lasthanne<br \/>\n(Grey : 85% coton \/ 10% viscose \/ 5% \u00e9lasthanne)<br \/>\n<\/strong><strong data-start=\"2969\" data-end=\"2983\">Grammage :<\/strong><strong> 180g\/m\u00b2<\/strong><\/p>\n<p class=\"\" data-start=\"2995\" data-end=\"3134\"><strong data-start=\"2995\" data-end=\"3020\">Tailles disponibles :<\/strong><strong> XS \u00e0 XL (femme)<br \/>\n<\/strong><strong data-start=\"3039\" data-end=\"3052\">Coloris :<\/strong><strong> noir, rose, gris et bleu marine<br \/>\n<em data-start=\"3082\" data-end=\"3134\">N\u2019h\u00e9sitez pas \u00e0 consulter notre guide des tailles.<\/em><\/strong><\/p>\n<p class=\"\" data-start=\"3136\" data-end=\"3499\"><strong data-start=\"3136\" data-end=\"3162\">Conseils d\u2019entretien :<\/strong><strong><br \/>\n\u2013 Il est conseill\u00e9 pour pr\u00e9server le design de retourner votre textile.<br \/>\n\u2013 Lavage \u00e0 la main (m\u00e9thode de lavage la plus douce)<br \/>\n\u2013 En machine, optez pour un lavage \u00e0 30\u00b0C pour \u00e9viter toute d\u00e9formation.<br \/>\n\u2013 <\/strong><strong data-start=\"3371\" data-end=\"3394\">PAS de s\u00e8che-linge.<\/strong><strong><br \/>\n<em data-start=\"3397\" data-end=\"3499\">N\u2019oubliez pas de consulter l\u2019\u00e9tiquette de vos v\u00eatements, elle contient des instructions importantes.<\/em><\/strong><\/p>\n<p><strong>\u00a0<\/strong><\/p>\n<p><strong>\u00a0<\/strong><\/p>\n","protected":false},"featured_media":6330,"template":"","meta":{"_monsterinsights_skip_tracking":false,"_monsterinsights_sitenote_active":false,"_monsterinsights_sitenote_note":"","_monsterinsights_sitenote_category":0,"site-sidebar-layout":"default","site-content-layout":"","ast-site-content-layout":"default","site-content-style":"default","site-sidebar-style":"default","ast-global-header-display":"","ast-banner-title-visibility":"","ast-main-header-display":"","ast-hfb-above-header-display":"","ast-hfb-below-header-display":"","ast-hfb-mobile-header-display":"","site-post-title":"","ast-breadcrumbs-content":"","ast-featured-img":"","footer-sml-layout":"","ast-disable-related-posts":"","theme-transparent-header-meta":"default","adv-header-id-meta":"","stick-header-meta":"","header-above-stick-meta":"","header-main-stick-meta":"","header-below-stick-meta":"","astra-migrate-meta-layouts":"set","ast-page-background-enabled":"default","ast-page-background-meta":{"desktop":{"background-color":"var(--ast-global-color-4)","background-image":"","background-repeat":"repeat","background-position":"center center","background-size":"auto","background-attachment":"scroll","background-type":"","background-media":"","overlay-type":"","overlay-color":"","overlay-opacity":"","overlay-gradient":""},"tablet":{"background-color":"","background-image":"","background-repeat":"repeat","background-position":"center center","background-size":"auto","background-attachment":"scroll","background-type":"","background-media":"","overlay-type":"","overlay-color":"","overlay-opacity":"","overlay-gradient":""},"mobile":{"background-color":"","background-image":"","background-repeat":"repeat","background-position":"center center","background-size":"auto","background-attachment":"scroll","background-type":"","background-media":"","overlay-type":"","overlay-color":"","overlay-opacity":"","overlay-gradient":""}},"ast-content-background-meta":{"desktop":{"background-color":"var(--ast-global-color-5)","background-image":"","background-repeat":"repeat","background-position":"center center","background-size":"auto","background-attachment":"scroll","background-type":"","background-media":"","overlay-type":"","overlay-color":"","overlay-opacity":"","overlay-gradient":""},"tablet":{"background-color":"var(--ast-global-color-5)","background-image":"","background-repeat":"repeat","background-position":"center center","background-size":"auto","background-attachment":"scroll","background-type":"","background-media":"","overlay-type":"","overlay-color":"","overlay-opacity":"","overlay-gradient":""},"mobile":{"background-color":"var(--ast-global-color-5)","background-image":"","background-repeat":"repeat","background-position":"center center","background-size":"auto","background-attachment":"scroll","background-type":"","background-media":"","overlay-type":"","overlay-color":"","overlay-opacity":"","overlay-gradient":""}},"_glsr_average":0,"_glsr_ranking":0,"_glsr_reviews":0},"product_brand":[],"product_cat":[187,154,186,145],"product_tag":[],"class_list":{"0":"post-6298","1":"product","2":"type-product","3":"status-publish","4":"has-post-thumbnail","6":"product_cat-crop-top-flower-flash","7":"product_cat-flower","8":"product_cat-flower-flash","9":"product_cat-les-collections","10":"product_shipping_class-colissimo","11":"desktop-align-center","12":"tablet-align-left","13":"mobile-align-left","14":"fpd-variation-needed","16":"first","17":"outofstock","18":"shipping-taxable","19":"purchasable","20":"product-type-variable"},"yoast_head":"<!-- This site is optimized with the Yoast SEO plugin v27.3 - https:\/\/yoast.com\/product\/yoast-seo-wordpress\/ -->\n<title>CROP TOP FLOWER FLASH -<\/title>\n<meta name=\"description\" content=\"Crop Top Femme \u2013 Design &quot;FLOWER FLASH&quot;IMPORTANT : IMPORTANT : pr\u00e9commande du 27\/04 au 11\/05. Les commandes seront exp\u00e9di\u00e9es fin mai. Merci de votre compr\u00e9hension.\u00a0Pour toute demande de personnalisation unique, merci de remplir ce formulaire pour obtenir un devis personnalis\u00e9 : https:\/\/flor-dessins.fr\/?page_id=6457\u26a1 Le floral version punchy !Un crop top qui ne passe pas inaper\u00e7u avec son design FLOWER FLASH : des fleurs, mais version \u00e9lectrique. Parfait pour celles qui aiment mixer f\u00e9minit\u00e9 et \u00e9nergie. Une pi\u00e8ce styl\u00e9e \u00e0 mixer avec un jean taille haute ou une jupe fluide.\ud83d\udd25 Plusieurs couleurs disponibles pour s\u2019adapter \u00e0 chaque personnalit\u00e9.Composition : 95% coton \/ 5% \u00e9lasthanne(Grey : 85% coton \/ 10% viscose \/ 5% \u00e9lasthanne)Grammage : 180g\/m\u00b2Tailles disponibles : XS \u00e0 XL (femme)Coloris : noir, rose, gris et bleu marine\u00a0N\u2019h\u00e9sitez pas \u00e0 consulter notre guide des tailles.Conseils d\u2019entretien :\u2013 Il est conseill\u00e9 pour pr\u00e9server le design de retourner votre textile.\u2013 Lavage \u00e0 la main (m\u00e9thode de lavage la plus douce)\u2013 En machine, optez pour un lavage \u00e0 30\u00b0C pour \u00e9viter toute d\u00e9formation.\u2013 PAS de s\u00e8che-linge.N\u2019oubliez pas de consulter l\u2019\u00e9tiquette de vos v\u00eatements, elle contient des instructions importantes.\" \/>\n<meta name=\"robots\" content=\"index, follow, max-snippet:-1, max-image-preview:large, max-video-preview:-1\" \/>\n<link rel=\"canonical\" href=\"https:\/\/flor-dessins.fr\/?product=crop-top-flower-flash\" \/>\n<meta property=\"og:locale\" content=\"fr_FR\" \/>\n<meta property=\"og:type\" content=\"article\" \/>\n<meta property=\"og:title\" content=\"CROP TOP FLOWER FLASH -\" \/>\n<meta property=\"og:description\" content=\"Crop Top Femme \u2013 Design &quot;FLOWER FLASH&quot;IMPORTANT : IMPORTANT : pr\u00e9commande du 27\/04 au 11\/05. Les commandes seront exp\u00e9di\u00e9es fin mai. Merci de votre compr\u00e9hension.\u00a0Pour toute demande de personnalisation unique, merci de remplir ce formulaire pour obtenir un devis personnalis\u00e9 : https:\/\/flor-dessins.fr\/?page_id=6457\u26a1 Le floral version punchy !Un crop top qui ne passe pas inaper\u00e7u avec son design FLOWER FLASH : des fleurs, mais version \u00e9lectrique. Parfait pour celles qui aiment mixer f\u00e9minit\u00e9 et \u00e9nergie. Une pi\u00e8ce styl\u00e9e \u00e0 mixer avec un jean taille haute ou une jupe fluide.\ud83d\udd25 Plusieurs couleurs disponibles pour s\u2019adapter \u00e0 chaque personnalit\u00e9.Composition : 95% coton \/ 5% \u00e9lasthanne(Grey : 85% coton \/ 10% viscose \/ 5% \u00e9lasthanne)Grammage : 180g\/m\u00b2Tailles disponibles : XS \u00e0 XL (femme)Coloris : noir, rose, gris et bleu marine\u00a0N\u2019h\u00e9sitez pas \u00e0 consulter notre guide des tailles.Conseils d\u2019entretien :\u2013 Il est conseill\u00e9 pour pr\u00e9server le design de retourner votre textile.\u2013 Lavage \u00e0 la main (m\u00e9thode de lavage la plus douce)\u2013 En machine, optez pour un lavage \u00e0 30\u00b0C pour \u00e9viter toute d\u00e9formation.\u2013 PAS de s\u00e8che-linge.N\u2019oubliez pas de consulter l\u2019\u00e9tiquette de vos v\u00eatements, elle contient des instructions importantes.\" \/>\n<meta property=\"og:url\" content=\"https:\/\/flor-dessins.fr\/?product=crop-top-flower-flash\" \/>\n<meta property=\"article:modified_time\" content=\"2026-04-07T10:55:28+00:00\" \/>\n<meta property=\"og:image\" content=\"https:\/\/flor-dessins.fr\/wp-content\/uploads\/2025\/04\/2-4.png\" \/>\n\t<meta property=\"og:image:width\" content=\"1080\" \/>\n\t<meta property=\"og:image:height\" content=\"1080\" \/>\n\t<meta property=\"og:image:type\" content=\"image\/png\" \/>\n<meta name=\"twitter:card\" content=\"summary_large_image\" \/>\n<meta name=\"twitter:label1\" content=\"Dur\u00e9e de lecture estim\u00e9e\" \/>\n\t<meta name=\"twitter:data1\" content=\"2 minutes\" \/>\n<script type=\"application\/ld+json\" class=\"yoast-schema-graph\">{\"@context\":\"https:\\\/\\\/schema.org\",\"@graph\":[{\"@type\":\"WebPage\",\"@id\":\"https:\\\/\\\/flor-dessins.fr\\\/?product=crop-top-flower-flash\",\"url\":\"https:\\\/\\\/flor-dessins.fr\\\/?product=crop-top-flower-flash\",\"name\":\"CROP TOP FLOWER FLASH -\",\"isPartOf\":{\"@id\":\"https:\\\/\\\/flor-dessins.fr\\\/#website\"},\"primaryImageOfPage\":{\"@id\":\"https:\\\/\\\/flor-dessins.fr\\\/?product=crop-top-flower-flash#primaryimage\"},\"image\":{\"@id\":\"https:\\\/\\\/flor-dessins.fr\\\/?product=crop-top-flower-flash#primaryimage\"},\"thumbnailUrl\":\"https:\\\/\\\/flor-dessins.fr\\\/wp-content\\\/uploads\\\/2025\\\/04\\\/2-4.png\",\"datePublished\":\"2025-04-20T15:01:10+00:00\",\"dateModified\":\"2026-04-07T10:55:28+00:00\",\"description\":\"Crop Top Femme \u2013 Design \\\"FLOWER FLASH\\\"IMPORTANT : IMPORTANT : pr\u00e9commande du 27\\\/04 au 11\\\/05. Les commandes seront exp\u00e9di\u00e9es fin mai. Merci de votre compr\u00e9hension.\u00a0Pour toute demande de personnalisation unique, merci de remplir ce formulaire pour obtenir un devis personnalis\u00e9 : https:\\\/\\\/flor-dessins.fr\\\/?page_id=6457\u26a1 Le floral version punchy !Un crop top qui ne passe pas inaper\u00e7u avec son design FLOWER FLASH : des fleurs, mais version \u00e9lectrique. Parfait pour celles qui aiment mixer f\u00e9minit\u00e9 et \u00e9nergie. Une pi\u00e8ce styl\u00e9e \u00e0 mixer avec un jean taille haute ou une jupe fluide.\ud83d\udd25 Plusieurs couleurs disponibles pour s\u2019adapter \u00e0 chaque personnalit\u00e9.Composition : 95% coton \\\/ 5% \u00e9lasthanne(Grey : 85% coton \\\/ 10% viscose \\\/ 5% \u00e9lasthanne)Grammage : 180g\\\/m\u00b2Tailles disponibles : XS \u00e0 XL (femme)Coloris : noir, rose, gris et bleu marine\u00a0N\u2019h\u00e9sitez pas \u00e0 consulter notre guide des tailles.Conseils d\u2019entretien :\u2013 Il est conseill\u00e9 pour pr\u00e9server le design de retourner votre textile.\u2013 Lavage \u00e0 la main (m\u00e9thode de lavage la plus douce)\u2013 En machine, optez pour un lavage \u00e0 30\u00b0C pour \u00e9viter toute d\u00e9formation.\u2013 PAS de s\u00e8che-linge.N\u2019oubliez pas de consulter l\u2019\u00e9tiquette de vos v\u00eatements, elle contient des instructions importantes.\",\"breadcrumb\":{\"@id\":\"https:\\\/\\\/flor-dessins.fr\\\/?product=crop-top-flower-flash#breadcrumb\"},\"inLanguage\":\"fr-FR\",\"potentialAction\":[{\"@type\":\"ReadAction\",\"target\":[\"https:\\\/\\\/flor-dessins.fr\\\/?product=crop-top-flower-flash\"]}]},{\"@type\":\"ImageObject\",\"inLanguage\":\"fr-FR\",\"@id\":\"https:\\\/\\\/flor-dessins.fr\\\/?product=crop-top-flower-flash#primaryimage\",\"url\":\"https:\\\/\\\/flor-dessins.fr\\\/wp-content\\\/uploads\\\/2025\\\/04\\\/2-4.png\",\"contentUrl\":\"https:\\\/\\\/flor-dessins.fr\\\/wp-content\\\/uploads\\\/2025\\\/04\\\/2-4.png\",\"width\":1080,\"height\":1080},{\"@type\":\"BreadcrumbList\",\"@id\":\"https:\\\/\\\/flor-dessins.fr\\\/?product=crop-top-flower-flash#breadcrumb\",\"itemListElement\":[{\"@type\":\"ListItem\",\"position\":1,\"name\":\"Accueil\",\"item\":\"https:\\\/\\\/flor-dessins.fr\\\/\"},{\"@type\":\"ListItem\",\"position\":2,\"name\":\"Boutique\",\"item\":\"https:\\\/\\\/flor-dessins.fr\\\/?page_id=5\"},{\"@type\":\"ListItem\",\"position\":3,\"name\":\"CROP TOP FLOWER FLASH\"}]},{\"@type\":\"WebSite\",\"@id\":\"https:\\\/\\\/flor-dessins.fr\\\/#website\",\"url\":\"https:\\\/\\\/flor-dessins.fr\\\/\",\"name\":\"\",\"description\":\"LA COULEUR DE VOS SOUVENIRS\",\"potentialAction\":[{\"@type\":\"SearchAction\",\"target\":{\"@type\":\"EntryPoint\",\"urlTemplate\":\"https:\\\/\\\/flor-dessins.fr\\\/?s={search_term_string}\"},\"query-input\":{\"@type\":\"PropertyValueSpecification\",\"valueRequired\":true,\"valueName\":\"search_term_string\"}}],\"inLanguage\":\"fr-FR\"}]}<\/script>\n<!-- \/ Yoast SEO plugin. -->","yoast_head_json":{"title":"CROP TOP FLOWER FLASH -","description":"Crop Top Femme \u2013 Design \"FLOWER FLASH\"IMPORTANT : IMPORTANT : pr\u00e9commande du 27\/04 au 11\/05. Les commandes seront exp\u00e9di\u00e9es fin mai. Merci de votre compr\u00e9hension.\u00a0Pour toute demande de personnalisation unique, merci de remplir ce formulaire pour obtenir un devis personnalis\u00e9 : https:\/\/flor-dessins.fr\/?page_id=6457\u26a1 Le floral version punchy !Un crop top qui ne passe pas inaper\u00e7u avec son design FLOWER FLASH : des fleurs, mais version \u00e9lectrique. Parfait pour celles qui aiment mixer f\u00e9minit\u00e9 et \u00e9nergie. Une pi\u00e8ce styl\u00e9e \u00e0 mixer avec un jean taille haute ou une jupe fluide.\ud83d\udd25 Plusieurs couleurs disponibles pour s\u2019adapter \u00e0 chaque personnalit\u00e9.Composition : 95% coton \/ 5% \u00e9lasthanne(Grey : 85% coton \/ 10% viscose \/ 5% \u00e9lasthanne)Grammage : 180g\/m\u00b2Tailles disponibles : XS \u00e0 XL (femme)Coloris : noir, rose, gris et bleu marine\u00a0N\u2019h\u00e9sitez pas \u00e0 consulter notre guide des tailles.Conseils d\u2019entretien :\u2013 Il est conseill\u00e9 pour pr\u00e9server le design de retourner votre textile.\u2013 Lavage \u00e0 la main (m\u00e9thode de lavage la plus douce)\u2013 En machine, optez pour un lavage \u00e0 30\u00b0C pour \u00e9viter toute d\u00e9formation.\u2013 PAS de s\u00e8che-linge.N\u2019oubliez pas de consulter l\u2019\u00e9tiquette de vos v\u00eatements, elle contient des instructions importantes.","robots":{"index":"index","follow":"follow","max-snippet":"max-snippet:-1","max-image-preview":"max-image-preview:large","max-video-preview":"max-video-preview:-1"},"canonical":"https:\/\/flor-dessins.fr\/?product=crop-top-flower-flash","og_locale":"fr_FR","og_type":"article","og_title":"CROP TOP FLOWER FLASH -","og_description":"Crop Top Femme \u2013 Design \"FLOWER FLASH\"IMPORTANT : IMPORTANT : pr\u00e9commande du 27\/04 au 11\/05. Les commandes seront exp\u00e9di\u00e9es fin mai. Merci de votre compr\u00e9hension.\u00a0Pour toute demande de personnalisation unique, merci de remplir ce formulaire pour obtenir un devis personnalis\u00e9 : https:\/\/flor-dessins.fr\/?page_id=6457\u26a1 Le floral version punchy !Un crop top qui ne passe pas inaper\u00e7u avec son design FLOWER FLASH : des fleurs, mais version \u00e9lectrique. Parfait pour celles qui aiment mixer f\u00e9minit\u00e9 et \u00e9nergie. Une pi\u00e8ce styl\u00e9e \u00e0 mixer avec un jean taille haute ou une jupe fluide.\ud83d\udd25 Plusieurs couleurs disponibles pour s\u2019adapter \u00e0 chaque personnalit\u00e9.Composition : 95% coton \/ 5% \u00e9lasthanne(Grey : 85% coton \/ 10% viscose \/ 5% \u00e9lasthanne)Grammage : 180g\/m\u00b2Tailles disponibles : XS \u00e0 XL (femme)Coloris : noir, rose, gris et bleu marine\u00a0N\u2019h\u00e9sitez pas \u00e0 consulter notre guide des tailles.Conseils d\u2019entretien :\u2013 Il est conseill\u00e9 pour pr\u00e9server le design de retourner votre textile.\u2013 Lavage \u00e0 la main (m\u00e9thode de lavage la plus douce)\u2013 En machine, optez pour un lavage \u00e0 30\u00b0C pour \u00e9viter toute d\u00e9formation.\u2013 PAS de s\u00e8che-linge.N\u2019oubliez pas de consulter l\u2019\u00e9tiquette de vos v\u00eatements, elle contient des instructions importantes.","og_url":"https:\/\/flor-dessins.fr\/?product=crop-top-flower-flash","article_modified_time":"2026-04-07T10:55:28+00:00","og_image":[{"width":1080,"height":1080,"url":"https:\/\/flor-dessins.fr\/wp-content\/uploads\/2025\/04\/2-4.png","type":"image\/png"}],"twitter_card":"summary_large_image","twitter_misc":{"Dur\u00e9e de lecture estim\u00e9e":"2 minutes"},"schema":{"@context":"https:\/\/schema.org","@graph":[{"@type":"WebPage","@id":"https:\/\/flor-dessins.fr\/?product=crop-top-flower-flash","url":"https:\/\/flor-dessins.fr\/?product=crop-top-flower-flash","name":"CROP TOP FLOWER FLASH -","isPartOf":{"@id":"https:\/\/flor-dessins.fr\/#website"},"primaryImageOfPage":{"@id":"https:\/\/flor-dessins.fr\/?product=crop-top-flower-flash#primaryimage"},"image":{"@id":"https:\/\/flor-dessins.fr\/?product=crop-top-flower-flash#primaryimage"},"thumbnailUrl":"https:\/\/flor-dessins.fr\/wp-content\/uploads\/2025\/04\/2-4.png","datePublished":"2025-04-20T15:01:10+00:00","dateModified":"2026-04-07T10:55:28+00:00","description":"Crop Top Femme \u2013 Design \"FLOWER FLASH\"IMPORTANT : IMPORTANT : pr\u00e9commande du 27\/04 au 11\/05. Les commandes seront exp\u00e9di\u00e9es fin mai. Merci de votre compr\u00e9hension.\u00a0Pour toute demande de personnalisation unique, merci de remplir ce formulaire pour obtenir un devis personnalis\u00e9 : https:\/\/flor-dessins.fr\/?page_id=6457\u26a1 Le floral version punchy !Un crop top qui ne passe pas inaper\u00e7u avec son design FLOWER FLASH : des fleurs, mais version \u00e9lectrique. Parfait pour celles qui aiment mixer f\u00e9minit\u00e9 et \u00e9nergie. Une pi\u00e8ce styl\u00e9e \u00e0 mixer avec un jean taille haute ou une jupe fluide.\ud83d\udd25 Plusieurs couleurs disponibles pour s\u2019adapter \u00e0 chaque personnalit\u00e9.Composition : 95% coton \/ 5% \u00e9lasthanne(Grey : 85% coton \/ 10% viscose \/ 5% \u00e9lasthanne)Grammage : 180g\/m\u00b2Tailles disponibles : XS \u00e0 XL (femme)Coloris : noir, rose, gris et bleu marine\u00a0N\u2019h\u00e9sitez pas \u00e0 consulter notre guide des tailles.Conseils d\u2019entretien :\u2013 Il est conseill\u00e9 pour pr\u00e9server le design de retourner votre textile.\u2013 Lavage \u00e0 la main (m\u00e9thode de lavage la plus douce)\u2013 En machine, optez pour un lavage \u00e0 30\u00b0C pour \u00e9viter toute d\u00e9formation.\u2013 PAS de s\u00e8che-linge.N\u2019oubliez pas de consulter l\u2019\u00e9tiquette de vos v\u00eatements, elle contient des instructions importantes.","breadcrumb":{"@id":"https:\/\/flor-dessins.fr\/?product=crop-top-flower-flash#breadcrumb"},"inLanguage":"fr-FR","potentialAction":[{"@type":"ReadAction","target":["https:\/\/flor-dessins.fr\/?product=crop-top-flower-flash"]}]},{"@type":"ImageObject","inLanguage":"fr-FR","@id":"https:\/\/flor-dessins.fr\/?product=crop-top-flower-flash#primaryimage","url":"https:\/\/flor-dessins.fr\/wp-content\/uploads\/2025\/04\/2-4.png","contentUrl":"https:\/\/flor-dessins.fr\/wp-content\/uploads\/2025\/04\/2-4.png","width":1080,"height":1080},{"@type":"BreadcrumbList","@id":"https:\/\/flor-dessins.fr\/?product=crop-top-flower-flash#breadcrumb","itemListElement":[{"@type":"ListItem","position":1,"name":"Accueil","item":"https:\/\/flor-dessins.fr\/"},{"@type":"ListItem","position":2,"name":"Boutique","item":"https:\/\/flor-dessins.fr\/?page_id=5"},{"@type":"ListItem","position":3,"name":"CROP TOP FLOWER FLASH"}]},{"@type":"WebSite","@id":"https:\/\/flor-dessins.fr\/#website","url":"https:\/\/flor-dessins.fr\/","name":"","description":"LA COULEUR DE VOS SOUVENIRS","potentialAction":[{"@type":"SearchAction","target":{"@type":"EntryPoint","urlTemplate":"https:\/\/flor-dessins.fr\/?s={search_term_string}"},"query-input":{"@type":"PropertyValueSpecification","valueRequired":true,"valueName":"search_term_string"}}],"inLanguage":"fr-FR"}]}},"jetpack_sharing_enabled":true,"_links":{"self":[{"href":"https:\/\/flor-dessins.fr\/index.php?rest_route=\/wp\/v2\/product\/6298","targetHints":{"allow":["GET"]}}],"collection":[{"href":"https:\/\/flor-dessins.fr\/index.php?rest_route=\/wp\/v2\/product"}],"about":[{"href":"https:\/\/flor-dessins.fr\/index.php?rest_route=\/wp\/v2\/types\/product"}],"wp:featuredmedia":[{"embeddable":true,"href":"https:\/\/flor-dessins.fr\/index.php?rest_route=\/wp\/v2\/media\/6330"}],"wp:attachment":[{"href":"https:\/\/flor-dessins.fr\/index.php?rest_route=%2Fwp%2Fv2%2Fmedia&parent=6298"}],"wp:term":[{"taxonomy":"product_brand","embeddable":true,"href":"https:\/\/flor-dessins.fr\/index.php?rest_route=%2Fwp%2Fv2%2Fproduct_brand&post=6298"},{"taxonomy":"product_cat","embeddable":true,"href":"https:\/\/flor-dessins.fr\/index.php?rest_route=%2Fwp%2Fv2%2Fproduct_cat&post=6298"},{"taxonomy":"product_tag","embeddable":true,"href":"https:\/\/flor-dessins.fr\/index.php?rest_route=%2Fwp%2Fv2%2Fproduct_tag&post=6298"}],"curies":[{"name":"wp","href":"https:\/\/api.w.org\/{rel}","templated":true}]}}