{"id":6370,"date":"2025-04-20T15:09:44","date_gmt":"2025-04-20T15:09:44","guid":{"rendered":"https:\/\/flor-dessins.fr\/?post_type=product&#038;p=6370"},"modified":"2026-04-07T10:54:52","modified_gmt":"2026-04-07T10:54:52","slug":"crop-outdog-therapy-multicolor-flash","status":"publish","type":"product","link":"https:\/\/flor-dessins.fr\/?product=crop-outdog-therapy-multicolor-flash","title":{"rendered":"CROP OUTDOG THERAPY MULTICOLOR FLASH"},"content":{"rendered":"<p><span style=\"font-size: 1.7em;font-weight: 400\"><strong>CROP TOP OUT DOG THERAPY<br \/>\n<\/strong><\/span><strong data-start=\"107\" data-end=\"169\">IMPORTANT : \u00a0<em>PRE COMMANDE DU 11\/07 au 25\/07 &#8211; expedition\u00a0 courant aout <\/em><\/strong><strong data-start=\"107\" data-end=\"169\">. Merci de votre compr\u00e9hension. Pour toute demande de personnalisation unique, merci de remplir ce formulaire pour obtenir un devis personnalis\u00e9 : <a style=\"font-size: 16px;background-color: #ffffff\" href=\"https:\/\/flor-dessins.fr\/?page_id=6457\">https:\/\/flor-dessins.fr\/?page_id=6457<\/a><\/strong><\/p>\n<p><strong>\u00a0<\/strong><\/p>\n<div class=\"elementor-element elementor-element-9d988d4 elementor-widget elementor-widget-wl-single-product-short-description\" data-id=\"9d988d4\" data-element_type=\"widget\" data-widget_type=\"wl-single-product-short-description.default\">\n<div class=\"elementor-widget-container\">\n<div class=\"woocommerce-product-details__short-description\">\n<p><strong>Chez Flor, nous reconnaissons l\u2019importance de vos compagnons \u00e0 quatre pattes. C\u2019est pourquoi cette ann\u00e9e, nous avons d\u00e9cid\u00e9 de vous proposer plusieurs textile avec la phrase OUT\u2019DOG THERAPY.<\/strong><\/p>\n<p><strong>Pourquoi Out\u2019dog therapy?<\/strong><\/p>\n<p><strong>Quoi de mieux qu\u2019un bol d\u2019air frais en \u00a0pleine nature avec son meilleur ami \u00e0 4 pattes?<\/strong><\/p>\n<p><strong>Composition : 95% coton \u2013 5% elasthanne (Grey : 85% coton \/ 10% viscose \/ 5% \u00e9lasthanne)<br \/>\nGrammage : 180g\/m2<\/strong><\/p>\n<p><strong>Tailles disponibles : XS \u00e0 XL (femme)<br \/>\nCouleurs disponibles : noir, rose, gris et bleu marine<\/strong><\/p>\n<p><strong>N\u2019h\u00e9sitez pas \u00e0 consulter notre guide des tailles.<\/strong><\/p>\n<p><strong>Conseils d\u2019entretien :<br \/>\n\u2013 Il est conseill\u00e9 pour pr\u00e9server le design de retourner votre textile.<br \/>\n\u2013 Lavage \u00e0 la main (m\u00e9thode de lavage la plus douce)<br \/>\n\u2013 En machine, optez pour un lavage \u00e0 30 degr\u00e9s (ou 40\u00b0C maximum) pour \u00e9viter toute d\u00e9formation.<br \/>\nN\u2019oubliez pas de consulter l\u2019\u00e9tiquette de vos v\u00eatements, elle contient des instructions importantes.<br \/>\n\u2013 PAS de s\u00e8che-linge.<\/strong><\/p>\n<\/div>\n<\/div>\n<\/div>\n<p><strong>\u00a0<\/strong><\/p>\n","protected":false},"excerpt":{"rendered":"<p><span style=\"font-size: 1.7em;font-weight: 400\"><strong>CROP TOP OUT DOG THERAPY<br \/>\n<\/strong><\/span><strong data-start=\"107\" data-end=\"169\">IMPORTANT : \u00a0<em>PRE COMMANDE DU 11\/07 au 25\/07 &#8211; expedition\u00a0 courant aout <\/em><\/strong><strong data-start=\"107\" data-end=\"169\">. Merci de votre compr\u00e9hension. Pour toute demande de personnalisation unique, merci de remplir ce formulaire pour obtenir un devis personnalis\u00e9 : <a style=\"font-size: 16px;background-color: #ffffff\" href=\"https:\/\/flor-dessins.fr\/?page_id=6457\">https:\/\/flor-dessins.fr\/?page_id=6457<\/a><\/strong><\/p>\n<p><strong>\u00a0<\/strong><\/p>\n<div class=\"elementor-element elementor-element-9d988d4 elementor-widget elementor-widget-wl-single-product-short-description\" data-id=\"9d988d4\" data-element_type=\"widget\" data-widget_type=\"wl-single-product-short-description.default\">\n<div class=\"elementor-widget-container\">\n<div class=\"woocommerce-product-details__short-description\">\n<p><strong>Chez Flor, nous reconnaissons l\u2019importance de vos compagnons \u00e0 quatre pattes. C\u2019est pourquoi cette ann\u00e9e, nous avons d\u00e9cid\u00e9 de vous proposer plusieurs textile avec la phrase OUT\u2019DOG THERAPY.<\/strong><\/p>\n<p><strong>Pourquoi Out\u2019dog therapy?<\/strong><\/p>\n<p><strong>Quoi de mieux qu\u2019un bol d\u2019air frais en \u00a0pleine nature avec son meilleur ami \u00e0 4 pattes?<\/strong><\/p>\n<p><strong>Composition : 95% coton \u2013 5% elasthanne (Grey : 85% coton \/ 10% viscose \/ 5% \u00e9lasthanne)<br \/>\nGrammage : 180g\/m2<\/strong><\/p>\n<p><strong>Tailles disponibles : XS \u00e0 XL (femme)<br \/>\nCouleurs disponibles : noir, rose, gris et bleu marine<\/strong><\/p>\n<p><strong>N\u2019h\u00e9sitez pas \u00e0 consulter notre guide des tailles.<\/strong><\/p>\n<p><strong>Conseils d\u2019entretien :<br \/>\n\u2013 Il est conseill\u00e9 pour pr\u00e9server le design de retourner votre textile.<br \/>\n\u2013 Lavage \u00e0 la main (m\u00e9thode de lavage la plus douce)<br \/>\n\u2013 En machine, optez pour un lavage \u00e0 30 degr\u00e9s (ou 40\u00b0C maximum) pour \u00e9viter toute d\u00e9formation.<br \/>\nN\u2019oubliez pas de consulter l\u2019\u00e9tiquette de vos v\u00eatements, elle contient des instructions importantes.<br \/>\n\u2013 PAS de s\u00e8che-linge.<\/strong><\/p>\n<\/div>\n<\/div>\n<\/div>\n<p><strong>\u00a0<\/strong><\/p>\n","protected":false},"featured_media":6451,"template":"","meta":{"_monsterinsights_skip_tracking":false,"_monsterinsights_sitenote_active":false,"_monsterinsights_sitenote_note":"","_monsterinsights_sitenote_category":0,"site-sidebar-layout":"default","site-content-layout":"","ast-site-content-layout":"default","site-content-style":"default","site-sidebar-style":"default","ast-global-header-display":"","ast-banner-title-visibility":"","ast-main-header-display":"","ast-hfb-above-header-display":"","ast-hfb-below-header-display":"","ast-hfb-mobile-header-display":"","site-post-title":"","ast-breadcrumbs-content":"","ast-featured-img":"","footer-sml-layout":"","ast-disable-related-posts":"","theme-transparent-header-meta":"default","adv-header-id-meta":"","stick-header-meta":"","header-above-stick-meta":"","header-main-stick-meta":"","header-below-stick-meta":"","astra-migrate-meta-layouts":"set","ast-page-background-enabled":"default","ast-page-background-meta":{"desktop":{"background-color":"var(--ast-global-color-4)","background-image":"","background-repeat":"repeat","background-position":"center center","background-size":"auto","background-attachment":"scroll","background-type":"","background-media":"","overlay-type":"","overlay-color":"","overlay-opacity":"","overlay-gradient":""},"tablet":{"background-color":"","background-image":"","background-repeat":"repeat","background-position":"center center","background-size":"auto","background-attachment":"scroll","background-type":"","background-media":"","overlay-type":"","overlay-color":"","overlay-opacity":"","overlay-gradient":""},"mobile":{"background-color":"","background-image":"","background-repeat":"repeat","background-position":"center center","background-size":"auto","background-attachment":"scroll","background-type":"","background-media":"","overlay-type":"","overlay-color":"","overlay-opacity":"","overlay-gradient":""}},"ast-content-background-meta":{"desktop":{"background-color":"var(--ast-global-color-5)","background-image":"","background-repeat":"repeat","background-position":"center center","background-size":"auto","background-attachment":"scroll","background-type":"","background-media":"","overlay-type":"","overlay-color":"","overlay-opacity":"","overlay-gradient":""},"tablet":{"background-color":"var(--ast-global-color-5)","background-image":"","background-repeat":"repeat","background-position":"center center","background-size":"auto","background-attachment":"scroll","background-type":"","background-media":"","overlay-type":"","overlay-color":"","overlay-opacity":"","overlay-gradient":""},"mobile":{"background-color":"var(--ast-global-color-5)","background-image":"","background-repeat":"repeat","background-position":"center center","background-size":"auto","background-attachment":"scroll","background-type":"","background-media":"","overlay-type":"","overlay-color":"","overlay-opacity":"","overlay-gradient":""}},"_glsr_average":0,"_glsr_ranking":0,"_glsr_reviews":0},"product_brand":[],"product_cat":[164,117,148,42,145],"product_tag":[],"class_list":{"0":"post-6370","1":"product","2":"type-product","3":"status-publish","4":"has-post-thumbnail","6":"product_cat-crop-top-outdog-gamme-outdog-les-collections","7":"product_cat-crop-top-outdog","8":"product_cat-gamme-outdog-les-collections","9":"product_cat-gamme-outdog","10":"product_cat-les-collections","11":"product_shipping_class-colissimo","12":"desktop-align-center","13":"tablet-align-left","14":"mobile-align-left","15":"fpd-variation-needed","17":"first","18":"outofstock","19":"shipping-taxable","20":"purchasable","21":"product-type-variable"},"yoast_head":"<!-- This site is optimized with the Yoast SEO plugin v27.3 - https:\/\/yoast.com\/product\/yoast-seo-wordpress\/ -->\n<title>CROP OUTDOG THERAPY MULTICOLOR FLASH -<\/title>\n<meta name=\"description\" content=\"CROP TOP OUT DOG THERAPYIMPORTANT : pr\u00e9commande du 27\/04 au 11\/05. Les commandes seront exp\u00e9di\u00e9es fin mai. Merci de votre compr\u00e9hension.Chez Flor, nous reconnaissons l\u2019importance de vos compagnons \u00e0 quatre pattes. C\u2019est pourquoi cette ann\u00e9e, nous avons d\u00e9cid\u00e9 de vous proposer plusieurs textile avec la phrase OUT\u2019DOG THERAPY.Pourquoi Out\u2019dog therapy?Quoi de mieux qu\u2019un bol d\u2019air frais en \u00a0pleine nature avec son meilleur ami \u00e0 4 pattes?Composition : 95% coton \u2013 5% elasthanne (Grey : 85% coton \/ 10% viscose \/ 5% \u00e9lasthanne)Grammage : 180g\/m2Tailles disponibles : XS \u00e0 XL (femme)Couleurs disponibles : noir, rose, gris et bleu marineN\u2019h\u00e9sitez pas \u00e0 consulter notre guide des tailles.Conseils d\u2019entretien :\u2013 Il est conseill\u00e9 pour pr\u00e9server le design de retourner votre textile.\u2013 Lavage \u00e0 la main (m\u00e9thode de lavage la plus douce)\u2013 En machine, optez pour un lavage \u00e0 30 degr\u00e9s (ou 40\u00b0C maximum) pour \u00e9viter toute d\u00e9formation.N\u2019oubliez pas de consulter l\u2019\u00e9tiquette de vos v\u00eatements, elle contient des instructions importantes.\u2013 PAS de s\u00e8che-linge.\u00a0\" \/>\n<meta name=\"robots\" content=\"index, follow, max-snippet:-1, max-image-preview:large, max-video-preview:-1\" \/>\n<link rel=\"canonical\" href=\"https:\/\/flor-dessins.fr\/?product=crop-outdog-therapy-multicolor-flash\" \/>\n<meta property=\"og:locale\" content=\"fr_FR\" \/>\n<meta property=\"og:type\" content=\"article\" \/>\n<meta property=\"og:title\" content=\"CROP OUTDOG THERAPY MULTICOLOR FLASH -\" \/>\n<meta property=\"og:description\" content=\"CROP TOP OUT DOG THERAPYIMPORTANT : pr\u00e9commande du 27\/04 au 11\/05. Les commandes seront exp\u00e9di\u00e9es fin mai. Merci de votre compr\u00e9hension.Chez Flor, nous reconnaissons l\u2019importance de vos compagnons \u00e0 quatre pattes. C\u2019est pourquoi cette ann\u00e9e, nous avons d\u00e9cid\u00e9 de vous proposer plusieurs textile avec la phrase OUT\u2019DOG THERAPY.Pourquoi Out\u2019dog therapy?Quoi de mieux qu\u2019un bol d\u2019air frais en \u00a0pleine nature avec son meilleur ami \u00e0 4 pattes?Composition : 95% coton \u2013 5% elasthanne (Grey : 85% coton \/ 10% viscose \/ 5% \u00e9lasthanne)Grammage : 180g\/m2Tailles disponibles : XS \u00e0 XL (femme)Couleurs disponibles : noir, rose, gris et bleu marineN\u2019h\u00e9sitez pas \u00e0 consulter notre guide des tailles.Conseils d\u2019entretien :\u2013 Il est conseill\u00e9 pour pr\u00e9server le design de retourner votre textile.\u2013 Lavage \u00e0 la main (m\u00e9thode de lavage la plus douce)\u2013 En machine, optez pour un lavage \u00e0 30 degr\u00e9s (ou 40\u00b0C maximum) pour \u00e9viter toute d\u00e9formation.N\u2019oubliez pas de consulter l\u2019\u00e9tiquette de vos v\u00eatements, elle contient des instructions importantes.\u2013 PAS de s\u00e8che-linge.\u00a0\" \/>\n<meta property=\"og:url\" content=\"https:\/\/flor-dessins.fr\/?product=crop-outdog-therapy-multicolor-flash\" \/>\n<meta property=\"article:modified_time\" content=\"2026-04-07T10:54:52+00:00\" \/>\n<meta property=\"og:image\" content=\"https:\/\/flor-dessins.fr\/wp-content\/uploads\/2025\/04\/1-8.png\" \/>\n\t<meta property=\"og:image:width\" content=\"1080\" \/>\n\t<meta property=\"og:image:height\" content=\"1080\" \/>\n\t<meta property=\"og:image:type\" content=\"image\/png\" \/>\n<meta name=\"twitter:card\" content=\"summary_large_image\" \/>\n<meta name=\"twitter:label1\" content=\"Dur\u00e9e de lecture estim\u00e9e\" \/>\n\t<meta name=\"twitter:data1\" content=\"2 minutes\" \/>\n<script type=\"application\/ld+json\" class=\"yoast-schema-graph\">{\"@context\":\"https:\\\/\\\/schema.org\",\"@graph\":[{\"@type\":\"WebPage\",\"@id\":\"https:\\\/\\\/flor-dessins.fr\\\/?product=crop-outdog-therapy-multicolor-flash\",\"url\":\"https:\\\/\\\/flor-dessins.fr\\\/?product=crop-outdog-therapy-multicolor-flash\",\"name\":\"CROP OUTDOG THERAPY MULTICOLOR FLASH -\",\"isPartOf\":{\"@id\":\"https:\\\/\\\/flor-dessins.fr\\\/#website\"},\"primaryImageOfPage\":{\"@id\":\"https:\\\/\\\/flor-dessins.fr\\\/?product=crop-outdog-therapy-multicolor-flash#primaryimage\"},\"image\":{\"@id\":\"https:\\\/\\\/flor-dessins.fr\\\/?product=crop-outdog-therapy-multicolor-flash#primaryimage\"},\"thumbnailUrl\":\"https:\\\/\\\/flor-dessins.fr\\\/wp-content\\\/uploads\\\/2025\\\/04\\\/1-8.png\",\"datePublished\":\"2025-04-20T15:09:44+00:00\",\"dateModified\":\"2026-04-07T10:54:52+00:00\",\"description\":\"CROP TOP OUT DOG THERAPYIMPORTANT : pr\u00e9commande du 27\\\/04 au 11\\\/05. Les commandes seront exp\u00e9di\u00e9es fin mai. Merci de votre compr\u00e9hension.Chez Flor, nous reconnaissons l\u2019importance de vos compagnons \u00e0 quatre pattes. C\u2019est pourquoi cette ann\u00e9e, nous avons d\u00e9cid\u00e9 de vous proposer plusieurs textile avec la phrase OUT\u2019DOG THERAPY.Pourquoi Out\u2019dog therapy?Quoi de mieux qu\u2019un bol d\u2019air frais en \u00a0pleine nature avec son meilleur ami \u00e0 4 pattes?Composition : 95% coton \u2013 5% elasthanne (Grey : 85% coton \\\/ 10% viscose \\\/ 5% \u00e9lasthanne)Grammage : 180g\\\/m2Tailles disponibles : XS \u00e0 XL (femme)Couleurs disponibles : noir, rose, gris et bleu marineN\u2019h\u00e9sitez pas \u00e0 consulter notre guide des tailles.Conseils d\u2019entretien :\u2013 Il est conseill\u00e9 pour pr\u00e9server le design de retourner votre textile.\u2013 Lavage \u00e0 la main (m\u00e9thode de lavage la plus douce)\u2013 En machine, optez pour un lavage \u00e0 30 degr\u00e9s (ou 40\u00b0C maximum) pour \u00e9viter toute d\u00e9formation.N\u2019oubliez pas de consulter l\u2019\u00e9tiquette de vos v\u00eatements, elle contient des instructions importantes.\u2013 PAS de s\u00e8che-linge.\u00a0\",\"breadcrumb\":{\"@id\":\"https:\\\/\\\/flor-dessins.fr\\\/?product=crop-outdog-therapy-multicolor-flash#breadcrumb\"},\"inLanguage\":\"fr-FR\",\"potentialAction\":[{\"@type\":\"ReadAction\",\"target\":[\"https:\\\/\\\/flor-dessins.fr\\\/?product=crop-outdog-therapy-multicolor-flash\"]}]},{\"@type\":\"ImageObject\",\"inLanguage\":\"fr-FR\",\"@id\":\"https:\\\/\\\/flor-dessins.fr\\\/?product=crop-outdog-therapy-multicolor-flash#primaryimage\",\"url\":\"https:\\\/\\\/flor-dessins.fr\\\/wp-content\\\/uploads\\\/2025\\\/04\\\/1-8.png\",\"contentUrl\":\"https:\\\/\\\/flor-dessins.fr\\\/wp-content\\\/uploads\\\/2025\\\/04\\\/1-8.png\",\"width\":1080,\"height\":1080},{\"@type\":\"BreadcrumbList\",\"@id\":\"https:\\\/\\\/flor-dessins.fr\\\/?product=crop-outdog-therapy-multicolor-flash#breadcrumb\",\"itemListElement\":[{\"@type\":\"ListItem\",\"position\":1,\"name\":\"Accueil\",\"item\":\"https:\\\/\\\/flor-dessins.fr\\\/\"},{\"@type\":\"ListItem\",\"position\":2,\"name\":\"Boutique\",\"item\":\"https:\\\/\\\/flor-dessins.fr\\\/?page_id=5\"},{\"@type\":\"ListItem\",\"position\":3,\"name\":\"CROP OUTDOG THERAPY MULTICOLOR FLASH\"}]},{\"@type\":\"WebSite\",\"@id\":\"https:\\\/\\\/flor-dessins.fr\\\/#website\",\"url\":\"https:\\\/\\\/flor-dessins.fr\\\/\",\"name\":\"\",\"description\":\"LA COULEUR DE VOS SOUVENIRS\",\"potentialAction\":[{\"@type\":\"SearchAction\",\"target\":{\"@type\":\"EntryPoint\",\"urlTemplate\":\"https:\\\/\\\/flor-dessins.fr\\\/?s={search_term_string}\"},\"query-input\":{\"@type\":\"PropertyValueSpecification\",\"valueRequired\":true,\"valueName\":\"search_term_string\"}}],\"inLanguage\":\"fr-FR\"}]}<\/script>\n<!-- \/ Yoast SEO plugin. -->","yoast_head_json":{"title":"CROP OUTDOG THERAPY MULTICOLOR FLASH -","description":"CROP TOP OUT DOG THERAPYIMPORTANT : pr\u00e9commande du 27\/04 au 11\/05. Les commandes seront exp\u00e9di\u00e9es fin mai. Merci de votre compr\u00e9hension.Chez Flor, nous reconnaissons l\u2019importance de vos compagnons \u00e0 quatre pattes. C\u2019est pourquoi cette ann\u00e9e, nous avons d\u00e9cid\u00e9 de vous proposer plusieurs textile avec la phrase OUT\u2019DOG THERAPY.Pourquoi Out\u2019dog therapy?Quoi de mieux qu\u2019un bol d\u2019air frais en \u00a0pleine nature avec son meilleur ami \u00e0 4 pattes?Composition : 95% coton \u2013 5% elasthanne (Grey : 85% coton \/ 10% viscose \/ 5% \u00e9lasthanne)Grammage : 180g\/m2Tailles disponibles : XS \u00e0 XL (femme)Couleurs disponibles : noir, rose, gris et bleu marineN\u2019h\u00e9sitez pas \u00e0 consulter notre guide des tailles.Conseils d\u2019entretien :\u2013 Il est conseill\u00e9 pour pr\u00e9server le design de retourner votre textile.\u2013 Lavage \u00e0 la main (m\u00e9thode de lavage la plus douce)\u2013 En machine, optez pour un lavage \u00e0 30 degr\u00e9s (ou 40\u00b0C maximum) pour \u00e9viter toute d\u00e9formation.N\u2019oubliez pas de consulter l\u2019\u00e9tiquette de vos v\u00eatements, elle contient des instructions importantes.\u2013 PAS de s\u00e8che-linge.\u00a0","robots":{"index":"index","follow":"follow","max-snippet":"max-snippet:-1","max-image-preview":"max-image-preview:large","max-video-preview":"max-video-preview:-1"},"canonical":"https:\/\/flor-dessins.fr\/?product=crop-outdog-therapy-multicolor-flash","og_locale":"fr_FR","og_type":"article","og_title":"CROP OUTDOG THERAPY MULTICOLOR FLASH -","og_description":"CROP TOP OUT DOG THERAPYIMPORTANT : pr\u00e9commande du 27\/04 au 11\/05. Les commandes seront exp\u00e9di\u00e9es fin mai. Merci de votre compr\u00e9hension.Chez Flor, nous reconnaissons l\u2019importance de vos compagnons \u00e0 quatre pattes. C\u2019est pourquoi cette ann\u00e9e, nous avons d\u00e9cid\u00e9 de vous proposer plusieurs textile avec la phrase OUT\u2019DOG THERAPY.Pourquoi Out\u2019dog therapy?Quoi de mieux qu\u2019un bol d\u2019air frais en \u00a0pleine nature avec son meilleur ami \u00e0 4 pattes?Composition : 95% coton \u2013 5% elasthanne (Grey : 85% coton \/ 10% viscose \/ 5% \u00e9lasthanne)Grammage : 180g\/m2Tailles disponibles : XS \u00e0 XL (femme)Couleurs disponibles : noir, rose, gris et bleu marineN\u2019h\u00e9sitez pas \u00e0 consulter notre guide des tailles.Conseils d\u2019entretien :\u2013 Il est conseill\u00e9 pour pr\u00e9server le design de retourner votre textile.\u2013 Lavage \u00e0 la main (m\u00e9thode de lavage la plus douce)\u2013 En machine, optez pour un lavage \u00e0 30 degr\u00e9s (ou 40\u00b0C maximum) pour \u00e9viter toute d\u00e9formation.N\u2019oubliez pas de consulter l\u2019\u00e9tiquette de vos v\u00eatements, elle contient des instructions importantes.\u2013 PAS de s\u00e8che-linge.\u00a0","og_url":"https:\/\/flor-dessins.fr\/?product=crop-outdog-therapy-multicolor-flash","article_modified_time":"2026-04-07T10:54:52+00:00","og_image":[{"width":1080,"height":1080,"url":"https:\/\/flor-dessins.fr\/wp-content\/uploads\/2025\/04\/1-8.png","type":"image\/png"}],"twitter_card":"summary_large_image","twitter_misc":{"Dur\u00e9e de lecture estim\u00e9e":"2 minutes"},"schema":{"@context":"https:\/\/schema.org","@graph":[{"@type":"WebPage","@id":"https:\/\/flor-dessins.fr\/?product=crop-outdog-therapy-multicolor-flash","url":"https:\/\/flor-dessins.fr\/?product=crop-outdog-therapy-multicolor-flash","name":"CROP OUTDOG THERAPY MULTICOLOR FLASH -","isPartOf":{"@id":"https:\/\/flor-dessins.fr\/#website"},"primaryImageOfPage":{"@id":"https:\/\/flor-dessins.fr\/?product=crop-outdog-therapy-multicolor-flash#primaryimage"},"image":{"@id":"https:\/\/flor-dessins.fr\/?product=crop-outdog-therapy-multicolor-flash#primaryimage"},"thumbnailUrl":"https:\/\/flor-dessins.fr\/wp-content\/uploads\/2025\/04\/1-8.png","datePublished":"2025-04-20T15:09:44+00:00","dateModified":"2026-04-07T10:54:52+00:00","description":"CROP TOP OUT DOG THERAPYIMPORTANT : pr\u00e9commande du 27\/04 au 11\/05. Les commandes seront exp\u00e9di\u00e9es fin mai. Merci de votre compr\u00e9hension.Chez Flor, nous reconnaissons l\u2019importance de vos compagnons \u00e0 quatre pattes. C\u2019est pourquoi cette ann\u00e9e, nous avons d\u00e9cid\u00e9 de vous proposer plusieurs textile avec la phrase OUT\u2019DOG THERAPY.Pourquoi Out\u2019dog therapy?Quoi de mieux qu\u2019un bol d\u2019air frais en \u00a0pleine nature avec son meilleur ami \u00e0 4 pattes?Composition : 95% coton \u2013 5% elasthanne (Grey : 85% coton \/ 10% viscose \/ 5% \u00e9lasthanne)Grammage : 180g\/m2Tailles disponibles : XS \u00e0 XL (femme)Couleurs disponibles : noir, rose, gris et bleu marineN\u2019h\u00e9sitez pas \u00e0 consulter notre guide des tailles.Conseils d\u2019entretien :\u2013 Il est conseill\u00e9 pour pr\u00e9server le design de retourner votre textile.\u2013 Lavage \u00e0 la main (m\u00e9thode de lavage la plus douce)\u2013 En machine, optez pour un lavage \u00e0 30 degr\u00e9s (ou 40\u00b0C maximum) pour \u00e9viter toute d\u00e9formation.N\u2019oubliez pas de consulter l\u2019\u00e9tiquette de vos v\u00eatements, elle contient des instructions importantes.\u2013 PAS de s\u00e8che-linge.\u00a0","breadcrumb":{"@id":"https:\/\/flor-dessins.fr\/?product=crop-outdog-therapy-multicolor-flash#breadcrumb"},"inLanguage":"fr-FR","potentialAction":[{"@type":"ReadAction","target":["https:\/\/flor-dessins.fr\/?product=crop-outdog-therapy-multicolor-flash"]}]},{"@type":"ImageObject","inLanguage":"fr-FR","@id":"https:\/\/flor-dessins.fr\/?product=crop-outdog-therapy-multicolor-flash#primaryimage","url":"https:\/\/flor-dessins.fr\/wp-content\/uploads\/2025\/04\/1-8.png","contentUrl":"https:\/\/flor-dessins.fr\/wp-content\/uploads\/2025\/04\/1-8.png","width":1080,"height":1080},{"@type":"BreadcrumbList","@id":"https:\/\/flor-dessins.fr\/?product=crop-outdog-therapy-multicolor-flash#breadcrumb","itemListElement":[{"@type":"ListItem","position":1,"name":"Accueil","item":"https:\/\/flor-dessins.fr\/"},{"@type":"ListItem","position":2,"name":"Boutique","item":"https:\/\/flor-dessins.fr\/?page_id=5"},{"@type":"ListItem","position":3,"name":"CROP OUTDOG THERAPY MULTICOLOR FLASH"}]},{"@type":"WebSite","@id":"https:\/\/flor-dessins.fr\/#website","url":"https:\/\/flor-dessins.fr\/","name":"","description":"LA COULEUR DE VOS SOUVENIRS","potentialAction":[{"@type":"SearchAction","target":{"@type":"EntryPoint","urlTemplate":"https:\/\/flor-dessins.fr\/?s={search_term_string}"},"query-input":{"@type":"PropertyValueSpecification","valueRequired":true,"valueName":"search_term_string"}}],"inLanguage":"fr-FR"}]}},"jetpack_sharing_enabled":true,"_links":{"self":[{"href":"https:\/\/flor-dessins.fr\/index.php?rest_route=\/wp\/v2\/product\/6370","targetHints":{"allow":["GET"]}}],"collection":[{"href":"https:\/\/flor-dessins.fr\/index.php?rest_route=\/wp\/v2\/product"}],"about":[{"href":"https:\/\/flor-dessins.fr\/index.php?rest_route=\/wp\/v2\/types\/product"}],"wp:featuredmedia":[{"embeddable":true,"href":"https:\/\/flor-dessins.fr\/index.php?rest_route=\/wp\/v2\/media\/6451"}],"wp:attachment":[{"href":"https:\/\/flor-dessins.fr\/index.php?rest_route=%2Fwp%2Fv2%2Fmedia&parent=6370"}],"wp:term":[{"taxonomy":"product_brand","embeddable":true,"href":"https:\/\/flor-dessins.fr\/index.php?rest_route=%2Fwp%2Fv2%2Fproduct_brand&post=6370"},{"taxonomy":"product_cat","embeddable":true,"href":"https:\/\/flor-dessins.fr\/index.php?rest_route=%2Fwp%2Fv2%2Fproduct_cat&post=6370"},{"taxonomy":"product_tag","embeddable":true,"href":"https:\/\/flor-dessins.fr\/index.php?rest_route=%2Fwp%2Fv2%2Fproduct_tag&post=6370"}],"curies":[{"name":"wp","href":"https:\/\/api.w.org\/{rel}","templated":true}]}}