{"id":7194,"date":"2025-04-26T18:03:16","date_gmt":"2025-04-26T18:03:16","guid":{"rendered":"https:\/\/flor-dessins.fr\/?post_type=product&#038;p=7194"},"modified":"2026-04-07T17:43:09","modified_gmt":"2026-04-07T17:43:09","slug":"sweat-outdog-therapy-enfant-multicolor-flash","status":"publish","type":"product","link":"https:\/\/flor-dessins.fr\/?product=sweat-outdog-therapy-enfant-multicolor-flash","title":{"rendered":"SWEAT OUTDOG THERAPY ENFANT MULTICOLOR"},"content":{"rendered":"<p><strong data-start=\"107\" data-end=\"169\">IMPORTANT : \u00a0<em>PRE COMMANDE DU 11\/07 au 25\/07 &#8211; expedition\u00a0 courant aout <\/em><\/strong><strong data-start=\"107\" data-end=\"169\">. Merci de votre compr\u00e9hension. Pour toute demande de personnalisation unique, merci de remplir ce formulaire pour obtenir un devis personnalis\u00e9 : <a style=\"font-size: 16px;background-color: #ffffff\" href=\"https:\/\/flor-dessins.fr\/?page_id=6457\">https:\/\/flor-dessins.fr\/?page_id=6457<\/a><\/strong><\/p>\n<p><strong>Parce que les enfants aussi ont le droit \u00e0 leurs moments OUTDOG THERAPY, nous avons d\u00e9cid\u00e9 de vous offrir la possibilit\u00e9 de commander les sweats pour vos enfants.<\/strong><\/p>\n<p><strong>Test\u00e9 et approuv\u00e9 par la belle Nora, vos enfants adoreront le c\u00f4t\u00e9 tout doux de l&rsquo;int\u00e9rieur du sweat qui lui apporte un agr\u00e9able confort.<\/strong><\/p>\n<p><strong>Disponible en 3 couleurs<\/strong><\/p>\n<p><strong>Et en plusieurs taille<\/strong><\/p>\n<p><strong>Conseils d\u2019entretien :<br \/>\n\u2013 Il est conseill\u00e9 pour pr\u00e9server le design de retourner votre textile.<br \/>\n\u2013 Lavage \u00e0 la main (m\u00e9thode de lavage la plus douce)<br \/>\n\u2013 En machine, optez pour un lavage \u00e0 30 degr\u00e9s (ou 40\u00b0C maximum) pour \u00e9viter toute d\u00e9formation.<br \/>\nN\u2019oubliez pas de consulter l\u2019\u00e9tiquette de vos v\u00eatements, elle contient des instructions importantes.<br \/>\n\u2013 PAS de s\u00e8che-linge.<\/strong><\/p>\n","protected":false},"excerpt":{"rendered":"<p><strong data-start=\"107\" data-end=\"169\">IMPORTANT : \u00a0<em>PRE COMMANDE DU 11\/07 au 25\/07 &#8211; expedition\u00a0 courant aout <\/em><\/strong><strong data-start=\"107\" data-end=\"169\">. Merci de votre compr\u00e9hension. Pour toute demande de personnalisation unique, merci de remplir ce formulaire pour obtenir un devis personnalis\u00e9 : <a style=\"font-size: 16px;background-color: #ffffff\" href=\"https:\/\/flor-dessins.fr\/?page_id=6457\">https:\/\/flor-dessins.fr\/?page_id=6457<\/a><\/strong><\/p>\n<p><strong>Parce que les enfants aussi ont le droit \u00e0 leurs moments OUTDOG THERAPY, nous avons d\u00e9cid\u00e9 de vous offrir la possibilit\u00e9 de commander les sweats pour vos enfants.<\/strong><\/p>\n<p><strong>Test\u00e9 et approuv\u00e9 par la belle Nora, vos enfants adoreront le c\u00f4t\u00e9 tout doux de l&rsquo;int\u00e9rieur du sweat qui lui apporte un agr\u00e9able confort.<\/strong><\/p>\n<p><strong>Disponible en 3 couleurs<\/strong><\/p>\n<p><strong>Et en plusieurs taille<\/strong><\/p>\n<p><strong>Conseils d\u2019entretien :<br \/>\n\u2013 Il est conseill\u00e9 pour pr\u00e9server le design de retourner votre textile.<br \/>\n\u2013 Lavage \u00e0 la main (m\u00e9thode de lavage la plus douce)<br \/>\n\u2013 En machine, optez pour un lavage \u00e0 30 degr\u00e9s (ou 40\u00b0C maximum) pour \u00e9viter toute d\u00e9formation.<br \/>\nN\u2019oubliez pas de consulter l\u2019\u00e9tiquette de vos v\u00eatements, elle contient des instructions importantes.<br \/>\n\u2013 PAS de s\u00e8che-linge.<\/strong><\/p>\n","protected":false},"featured_media":7937,"template":"","meta":{"_monsterinsights_skip_tracking":false,"_monsterinsights_sitenote_active":false,"_monsterinsights_sitenote_note":"","_monsterinsights_sitenote_category":0,"site-sidebar-layout":"default","site-content-layout":"","ast-site-content-layout":"default","site-content-style":"default","site-sidebar-style":"default","ast-global-header-display":"","ast-banner-title-visibility":"","ast-main-header-display":"","ast-hfb-above-header-display":"","ast-hfb-below-header-display":"","ast-hfb-mobile-header-display":"","site-post-title":"","ast-breadcrumbs-content":"","ast-featured-img":"","footer-sml-layout":"","ast-disable-related-posts":"","theme-transparent-header-meta":"default","adv-header-id-meta":"","stick-header-meta":"","header-above-stick-meta":"","header-main-stick-meta":"","header-below-stick-meta":"","astra-migrate-meta-layouts":"set","ast-page-background-enabled":"default","ast-page-background-meta":{"desktop":{"background-color":"var(--ast-global-color-4)","background-image":"","background-repeat":"repeat","background-position":"center center","background-size":"auto","background-attachment":"scroll","background-type":"","background-media":"","overlay-type":"","overlay-color":"","overlay-opacity":"","overlay-gradient":""},"tablet":{"background-color":"","background-image":"","background-repeat":"repeat","background-position":"center center","background-size":"auto","background-attachment":"scroll","background-type":"","background-media":"","overlay-type":"","overlay-color":"","overlay-opacity":"","overlay-gradient":""},"mobile":{"background-color":"","background-image":"","background-repeat":"repeat","background-position":"center center","background-size":"auto","background-attachment":"scroll","background-type":"","background-media":"","overlay-type":"","overlay-color":"","overlay-opacity":"","overlay-gradient":""}},"ast-content-background-meta":{"desktop":{"background-color":"var(--ast-global-color-5)","background-image":"","background-repeat":"repeat","background-position":"center center","background-size":"auto","background-attachment":"scroll","background-type":"","background-media":"","overlay-type":"","overlay-color":"","overlay-opacity":"","overlay-gradient":""},"tablet":{"background-color":"var(--ast-global-color-5)","background-image":"","background-repeat":"repeat","background-position":"center center","background-size":"auto","background-attachment":"scroll","background-type":"","background-media":"","overlay-type":"","overlay-color":"","overlay-opacity":"","overlay-gradient":""},"mobile":{"background-color":"var(--ast-global-color-5)","background-image":"","background-repeat":"repeat","background-position":"center center","background-size":"auto","background-attachment":"scroll","background-type":"","background-media":"","overlay-type":"","overlay-color":"","overlay-opacity":"","overlay-gradient":""}},"_glsr_average":0,"_glsr_ranking":0,"_glsr_reviews":0},"product_brand":[],"product_cat":[42],"product_tag":[],"class_list":{"0":"post-7194","1":"product","2":"type-product","3":"status-publish","4":"has-post-thumbnail","6":"product_cat-gamme-outdog","7":"product_shipping_class-colissimo","8":"desktop-align-center","9":"tablet-align-left","10":"mobile-align-left","11":"fpd-variation-needed","13":"first","14":"outofstock","15":"shipping-taxable","16":"purchasable","17":"product-type-variable"},"yoast_head":"<!-- This site is optimized with the Yoast SEO plugin v27.3 - https:\/\/yoast.com\/product\/yoast-seo-wordpress\/ -->\n<title>SWEAT OUTDOG THERAPY ENFANT MULTICOLOR -<\/title>\n<meta name=\"description\" content=\"IMPORTANT : pr\u00e9commande du 27\/04 au 11\/05. Les commandes seront exp\u00e9di\u00e9es fin mai. Merci de votre compr\u00e9hension.\u00a0Pour toute demande de personnalisation unique, merci de remplir ce formulaire pour obtenir un devis personnalis\u00e9 : https:\/\/flor-dessins.fr\/?page_id=6457Parce que les enfants aussi ont le droit \u00e0 leurs moments OUTDOG THERAPY, nous avons d\u00e9cid\u00e9 de vous offrir la possibilit\u00e9 de commander les sweats pour vos enfants.Test\u00e9 et approuv\u00e9 par la belle Nora, vos enfants adoreront le c\u00f4t\u00e9 tout doux de l&#039;int\u00e9rieur du sweat qui lui apporte un agr\u00e9able confort.Disponible en 3 couleursEt en plusieurs tailleConseils d\u2019entretien :\u2013 Il est conseill\u00e9 pour pr\u00e9server le design de retourner votre textile.\u2013 Lavage \u00e0 la main (m\u00e9thode de lavage la plus douce)\u2013 En machine, optez pour un lavage \u00e0 30 degr\u00e9s (ou 40\u00b0C maximum) pour \u00e9viter toute d\u00e9formation.N\u2019oubliez pas de consulter l\u2019\u00e9tiquette de vos v\u00eatements, elle contient des instructions importantes.\u2013 PAS de s\u00e8che-linge.\" \/>\n<meta name=\"robots\" content=\"index, follow, max-snippet:-1, max-image-preview:large, max-video-preview:-1\" \/>\n<link rel=\"canonical\" href=\"https:\/\/flor-dessins.fr\/?product=sweat-outdog-therapy-enfant-multicolor-flash\" \/>\n<meta property=\"og:locale\" content=\"fr_FR\" \/>\n<meta property=\"og:type\" content=\"article\" \/>\n<meta property=\"og:title\" content=\"SWEAT OUTDOG THERAPY ENFANT MULTICOLOR -\" \/>\n<meta property=\"og:description\" content=\"IMPORTANT : pr\u00e9commande du 27\/04 au 11\/05. Les commandes seront exp\u00e9di\u00e9es fin mai. Merci de votre compr\u00e9hension.\u00a0Pour toute demande de personnalisation unique, merci de remplir ce formulaire pour obtenir un devis personnalis\u00e9 : https:\/\/flor-dessins.fr\/?page_id=6457Parce que les enfants aussi ont le droit \u00e0 leurs moments OUTDOG THERAPY, nous avons d\u00e9cid\u00e9 de vous offrir la possibilit\u00e9 de commander les sweats pour vos enfants.Test\u00e9 et approuv\u00e9 par la belle Nora, vos enfants adoreront le c\u00f4t\u00e9 tout doux de l&#039;int\u00e9rieur du sweat qui lui apporte un agr\u00e9able confort.Disponible en 3 couleursEt en plusieurs tailleConseils d\u2019entretien :\u2013 Il est conseill\u00e9 pour pr\u00e9server le design de retourner votre textile.\u2013 Lavage \u00e0 la main (m\u00e9thode de lavage la plus douce)\u2013 En machine, optez pour un lavage \u00e0 30 degr\u00e9s (ou 40\u00b0C maximum) pour \u00e9viter toute d\u00e9formation.N\u2019oubliez pas de consulter l\u2019\u00e9tiquette de vos v\u00eatements, elle contient des instructions importantes.\u2013 PAS de s\u00e8che-linge.\" \/>\n<meta property=\"og:url\" content=\"https:\/\/flor-dessins.fr\/?product=sweat-outdog-therapy-enfant-multicolor-flash\" \/>\n<meta property=\"article:modified_time\" content=\"2026-04-07T17:43:09+00:00\" \/>\n<meta property=\"og:image\" content=\"https:\/\/flor-dessins.fr\/wp-content\/uploads\/2025\/04\/4-27.png\" \/>\n\t<meta property=\"og:image:width\" content=\"1080\" \/>\n\t<meta property=\"og:image:height\" content=\"1080\" \/>\n\t<meta property=\"og:image:type\" content=\"image\/png\" \/>\n<meta name=\"twitter:card\" content=\"summary_large_image\" \/>\n<meta name=\"twitter:label1\" content=\"Dur\u00e9e de lecture estim\u00e9e\" \/>\n\t<meta name=\"twitter:data1\" content=\"1 minute\" \/>\n<script type=\"application\/ld+json\" class=\"yoast-schema-graph\">{\"@context\":\"https:\\\/\\\/schema.org\",\"@graph\":[{\"@type\":\"WebPage\",\"@id\":\"https:\\\/\\\/flor-dessins.fr\\\/?product=sweat-outdog-therapy-enfant-multicolor-flash\",\"url\":\"https:\\\/\\\/flor-dessins.fr\\\/?product=sweat-outdog-therapy-enfant-multicolor-flash\",\"name\":\"SWEAT OUTDOG THERAPY ENFANT MULTICOLOR -\",\"isPartOf\":{\"@id\":\"https:\\\/\\\/flor-dessins.fr\\\/#website\"},\"primaryImageOfPage\":{\"@id\":\"https:\\\/\\\/flor-dessins.fr\\\/?product=sweat-outdog-therapy-enfant-multicolor-flash#primaryimage\"},\"image\":{\"@id\":\"https:\\\/\\\/flor-dessins.fr\\\/?product=sweat-outdog-therapy-enfant-multicolor-flash#primaryimage\"},\"thumbnailUrl\":\"https:\\\/\\\/flor-dessins.fr\\\/wp-content\\\/uploads\\\/2025\\\/04\\\/4-27.png\",\"datePublished\":\"2025-04-26T18:03:16+00:00\",\"dateModified\":\"2026-04-07T17:43:09+00:00\",\"description\":\"IMPORTANT : pr\u00e9commande du 27\\\/04 au 11\\\/05. Les commandes seront exp\u00e9di\u00e9es fin mai. Merci de votre compr\u00e9hension.\u00a0Pour toute demande de personnalisation unique, merci de remplir ce formulaire pour obtenir un devis personnalis\u00e9 : https:\\\/\\\/flor-dessins.fr\\\/?page_id=6457Parce que les enfants aussi ont le droit \u00e0 leurs moments OUTDOG THERAPY, nous avons d\u00e9cid\u00e9 de vous offrir la possibilit\u00e9 de commander les sweats pour vos enfants.Test\u00e9 et approuv\u00e9 par la belle Nora, vos enfants adoreront le c\u00f4t\u00e9 tout doux de l'int\u00e9rieur du sweat qui lui apporte un agr\u00e9able confort.Disponible en 3 couleursEt en plusieurs tailleConseils d\u2019entretien :\u2013 Il est conseill\u00e9 pour pr\u00e9server le design de retourner votre textile.\u2013 Lavage \u00e0 la main (m\u00e9thode de lavage la plus douce)\u2013 En machine, optez pour un lavage \u00e0 30 degr\u00e9s (ou 40\u00b0C maximum) pour \u00e9viter toute d\u00e9formation.N\u2019oubliez pas de consulter l\u2019\u00e9tiquette de vos v\u00eatements, elle contient des instructions importantes.\u2013 PAS de s\u00e8che-linge.\",\"breadcrumb\":{\"@id\":\"https:\\\/\\\/flor-dessins.fr\\\/?product=sweat-outdog-therapy-enfant-multicolor-flash#breadcrumb\"},\"inLanguage\":\"fr-FR\",\"potentialAction\":[{\"@type\":\"ReadAction\",\"target\":[\"https:\\\/\\\/flor-dessins.fr\\\/?product=sweat-outdog-therapy-enfant-multicolor-flash\"]}]},{\"@type\":\"ImageObject\",\"inLanguage\":\"fr-FR\",\"@id\":\"https:\\\/\\\/flor-dessins.fr\\\/?product=sweat-outdog-therapy-enfant-multicolor-flash#primaryimage\",\"url\":\"https:\\\/\\\/flor-dessins.fr\\\/wp-content\\\/uploads\\\/2025\\\/04\\\/4-27.png\",\"contentUrl\":\"https:\\\/\\\/flor-dessins.fr\\\/wp-content\\\/uploads\\\/2025\\\/04\\\/4-27.png\",\"width\":1080,\"height\":1080},{\"@type\":\"BreadcrumbList\",\"@id\":\"https:\\\/\\\/flor-dessins.fr\\\/?product=sweat-outdog-therapy-enfant-multicolor-flash#breadcrumb\",\"itemListElement\":[{\"@type\":\"ListItem\",\"position\":1,\"name\":\"Accueil\",\"item\":\"https:\\\/\\\/flor-dessins.fr\\\/\"},{\"@type\":\"ListItem\",\"position\":2,\"name\":\"Boutique\",\"item\":\"https:\\\/\\\/flor-dessins.fr\\\/?page_id=5\"},{\"@type\":\"ListItem\",\"position\":3,\"name\":\"SWEAT OUTDOG THERAPY ENFANT MULTICOLOR\"}]},{\"@type\":\"WebSite\",\"@id\":\"https:\\\/\\\/flor-dessins.fr\\\/#website\",\"url\":\"https:\\\/\\\/flor-dessins.fr\\\/\",\"name\":\"\",\"description\":\"LA COULEUR DE VOS SOUVENIRS\",\"potentialAction\":[{\"@type\":\"SearchAction\",\"target\":{\"@type\":\"EntryPoint\",\"urlTemplate\":\"https:\\\/\\\/flor-dessins.fr\\\/?s={search_term_string}\"},\"query-input\":{\"@type\":\"PropertyValueSpecification\",\"valueRequired\":true,\"valueName\":\"search_term_string\"}}],\"inLanguage\":\"fr-FR\"}]}<\/script>\n<!-- \/ Yoast SEO plugin. -->","yoast_head_json":{"title":"SWEAT OUTDOG THERAPY ENFANT MULTICOLOR -","description":"IMPORTANT : pr\u00e9commande du 27\/04 au 11\/05. Les commandes seront exp\u00e9di\u00e9es fin mai. Merci de votre compr\u00e9hension.\u00a0Pour toute demande de personnalisation unique, merci de remplir ce formulaire pour obtenir un devis personnalis\u00e9 : https:\/\/flor-dessins.fr\/?page_id=6457Parce que les enfants aussi ont le droit \u00e0 leurs moments OUTDOG THERAPY, nous avons d\u00e9cid\u00e9 de vous offrir la possibilit\u00e9 de commander les sweats pour vos enfants.Test\u00e9 et approuv\u00e9 par la belle Nora, vos enfants adoreront le c\u00f4t\u00e9 tout doux de l'int\u00e9rieur du sweat qui lui apporte un agr\u00e9able confort.Disponible en 3 couleursEt en plusieurs tailleConseils d\u2019entretien :\u2013 Il est conseill\u00e9 pour pr\u00e9server le design de retourner votre textile.\u2013 Lavage \u00e0 la main (m\u00e9thode de lavage la plus douce)\u2013 En machine, optez pour un lavage \u00e0 30 degr\u00e9s (ou 40\u00b0C maximum) pour \u00e9viter toute d\u00e9formation.N\u2019oubliez pas de consulter l\u2019\u00e9tiquette de vos v\u00eatements, elle contient des instructions importantes.\u2013 PAS de s\u00e8che-linge.","robots":{"index":"index","follow":"follow","max-snippet":"max-snippet:-1","max-image-preview":"max-image-preview:large","max-video-preview":"max-video-preview:-1"},"canonical":"https:\/\/flor-dessins.fr\/?product=sweat-outdog-therapy-enfant-multicolor-flash","og_locale":"fr_FR","og_type":"article","og_title":"SWEAT OUTDOG THERAPY ENFANT MULTICOLOR -","og_description":"IMPORTANT : pr\u00e9commande du 27\/04 au 11\/05. Les commandes seront exp\u00e9di\u00e9es fin mai. Merci de votre compr\u00e9hension.\u00a0Pour toute demande de personnalisation unique, merci de remplir ce formulaire pour obtenir un devis personnalis\u00e9 : https:\/\/flor-dessins.fr\/?page_id=6457Parce que les enfants aussi ont le droit \u00e0 leurs moments OUTDOG THERAPY, nous avons d\u00e9cid\u00e9 de vous offrir la possibilit\u00e9 de commander les sweats pour vos enfants.Test\u00e9 et approuv\u00e9 par la belle Nora, vos enfants adoreront le c\u00f4t\u00e9 tout doux de l'int\u00e9rieur du sweat qui lui apporte un agr\u00e9able confort.Disponible en 3 couleursEt en plusieurs tailleConseils d\u2019entretien :\u2013 Il est conseill\u00e9 pour pr\u00e9server le design de retourner votre textile.\u2013 Lavage \u00e0 la main (m\u00e9thode de lavage la plus douce)\u2013 En machine, optez pour un lavage \u00e0 30 degr\u00e9s (ou 40\u00b0C maximum) pour \u00e9viter toute d\u00e9formation.N\u2019oubliez pas de consulter l\u2019\u00e9tiquette de vos v\u00eatements, elle contient des instructions importantes.\u2013 PAS de s\u00e8che-linge.","og_url":"https:\/\/flor-dessins.fr\/?product=sweat-outdog-therapy-enfant-multicolor-flash","article_modified_time":"2026-04-07T17:43:09+00:00","og_image":[{"width":1080,"height":1080,"url":"https:\/\/flor-dessins.fr\/wp-content\/uploads\/2025\/04\/4-27.png","type":"image\/png"}],"twitter_card":"summary_large_image","twitter_misc":{"Dur\u00e9e de lecture estim\u00e9e":"1 minute"},"schema":{"@context":"https:\/\/schema.org","@graph":[{"@type":"WebPage","@id":"https:\/\/flor-dessins.fr\/?product=sweat-outdog-therapy-enfant-multicolor-flash","url":"https:\/\/flor-dessins.fr\/?product=sweat-outdog-therapy-enfant-multicolor-flash","name":"SWEAT OUTDOG THERAPY ENFANT MULTICOLOR -","isPartOf":{"@id":"https:\/\/flor-dessins.fr\/#website"},"primaryImageOfPage":{"@id":"https:\/\/flor-dessins.fr\/?product=sweat-outdog-therapy-enfant-multicolor-flash#primaryimage"},"image":{"@id":"https:\/\/flor-dessins.fr\/?product=sweat-outdog-therapy-enfant-multicolor-flash#primaryimage"},"thumbnailUrl":"https:\/\/flor-dessins.fr\/wp-content\/uploads\/2025\/04\/4-27.png","datePublished":"2025-04-26T18:03:16+00:00","dateModified":"2026-04-07T17:43:09+00:00","description":"IMPORTANT : pr\u00e9commande du 27\/04 au 11\/05. Les commandes seront exp\u00e9di\u00e9es fin mai. Merci de votre compr\u00e9hension.\u00a0Pour toute demande de personnalisation unique, merci de remplir ce formulaire pour obtenir un devis personnalis\u00e9 : https:\/\/flor-dessins.fr\/?page_id=6457Parce que les enfants aussi ont le droit \u00e0 leurs moments OUTDOG THERAPY, nous avons d\u00e9cid\u00e9 de vous offrir la possibilit\u00e9 de commander les sweats pour vos enfants.Test\u00e9 et approuv\u00e9 par la belle Nora, vos enfants adoreront le c\u00f4t\u00e9 tout doux de l'int\u00e9rieur du sweat qui lui apporte un agr\u00e9able confort.Disponible en 3 couleursEt en plusieurs tailleConseils d\u2019entretien :\u2013 Il est conseill\u00e9 pour pr\u00e9server le design de retourner votre textile.\u2013 Lavage \u00e0 la main (m\u00e9thode de lavage la plus douce)\u2013 En machine, optez pour un lavage \u00e0 30 degr\u00e9s (ou 40\u00b0C maximum) pour \u00e9viter toute d\u00e9formation.N\u2019oubliez pas de consulter l\u2019\u00e9tiquette de vos v\u00eatements, elle contient des instructions importantes.\u2013 PAS de s\u00e8che-linge.","breadcrumb":{"@id":"https:\/\/flor-dessins.fr\/?product=sweat-outdog-therapy-enfant-multicolor-flash#breadcrumb"},"inLanguage":"fr-FR","potentialAction":[{"@type":"ReadAction","target":["https:\/\/flor-dessins.fr\/?product=sweat-outdog-therapy-enfant-multicolor-flash"]}]},{"@type":"ImageObject","inLanguage":"fr-FR","@id":"https:\/\/flor-dessins.fr\/?product=sweat-outdog-therapy-enfant-multicolor-flash#primaryimage","url":"https:\/\/flor-dessins.fr\/wp-content\/uploads\/2025\/04\/4-27.png","contentUrl":"https:\/\/flor-dessins.fr\/wp-content\/uploads\/2025\/04\/4-27.png","width":1080,"height":1080},{"@type":"BreadcrumbList","@id":"https:\/\/flor-dessins.fr\/?product=sweat-outdog-therapy-enfant-multicolor-flash#breadcrumb","itemListElement":[{"@type":"ListItem","position":1,"name":"Accueil","item":"https:\/\/flor-dessins.fr\/"},{"@type":"ListItem","position":2,"name":"Boutique","item":"https:\/\/flor-dessins.fr\/?page_id=5"},{"@type":"ListItem","position":3,"name":"SWEAT OUTDOG THERAPY ENFANT MULTICOLOR"}]},{"@type":"WebSite","@id":"https:\/\/flor-dessins.fr\/#website","url":"https:\/\/flor-dessins.fr\/","name":"","description":"LA COULEUR DE VOS SOUVENIRS","potentialAction":[{"@type":"SearchAction","target":{"@type":"EntryPoint","urlTemplate":"https:\/\/flor-dessins.fr\/?s={search_term_string}"},"query-input":{"@type":"PropertyValueSpecification","valueRequired":true,"valueName":"search_term_string"}}],"inLanguage":"fr-FR"}]}},"jetpack_sharing_enabled":true,"_links":{"self":[{"href":"https:\/\/flor-dessins.fr\/index.php?rest_route=\/wp\/v2\/product\/7194","targetHints":{"allow":["GET"]}}],"collection":[{"href":"https:\/\/flor-dessins.fr\/index.php?rest_route=\/wp\/v2\/product"}],"about":[{"href":"https:\/\/flor-dessins.fr\/index.php?rest_route=\/wp\/v2\/types\/product"}],"wp:featuredmedia":[{"embeddable":true,"href":"https:\/\/flor-dessins.fr\/index.php?rest_route=\/wp\/v2\/media\/7937"}],"wp:attachment":[{"href":"https:\/\/flor-dessins.fr\/index.php?rest_route=%2Fwp%2Fv2%2Fmedia&parent=7194"}],"wp:term":[{"taxonomy":"product_brand","embeddable":true,"href":"https:\/\/flor-dessins.fr\/index.php?rest_route=%2Fwp%2Fv2%2Fproduct_brand&post=7194"},{"taxonomy":"product_cat","embeddable":true,"href":"https:\/\/flor-dessins.fr\/index.php?rest_route=%2Fwp%2Fv2%2Fproduct_cat&post=7194"},{"taxonomy":"product_tag","embeddable":true,"href":"https:\/\/flor-dessins.fr\/index.php?rest_route=%2Fwp%2Fv2%2Fproduct_tag&post=7194"}],"curies":[{"name":"wp","href":"https:\/\/api.w.org\/{rel}","templated":true}]}}