{"id":7451,"date":"2025-04-27T13:01:09","date_gmt":"2025-04-27T13:01:09","guid":{"rendered":"https:\/\/flor-dessins.fr\/?post_type=product&#038;p=7451"},"modified":"2026-04-07T17:48:45","modified_gmt":"2026-04-07T17:48:45","slug":"t-shirt-col-v-summer","status":"publish","type":"product","link":"https:\/\/flor-dessins.fr\/?product=t-shirt-col-v-summer","title":{"rendered":"T-Shirt col V SUMMER"},"content":{"rendered":"<p class=\"\" data-start=\"144\" data-end=\"189\"><strong data-start=\"144\" data-end=\"189\">T-shirt Col V \u2013 Confort, Style et Libert\u00e9<br \/>\nIMPORTANT : \u00a0<em>PRE COMMANDE DU 11\/07 au 25\/07 &#8211; expedition\u00a0 courant aout <\/em><\/strong><strong data-start=\"144\" data-end=\"189\">. Merci de votre compr\u00e9hension. Pour toute demande de personnalisation unique, merci de remplir ce formulaire pour obtenir un devis personnalis\u00e9 : <a style=\"font-size: 16px;background-color: #ffffff\" href=\"https:\/\/flor-dessins.fr\/?page_id=6457\">https:\/\/flor-dessins.fr\/?page_id=6457<\/a><br \/>\n<\/strong><\/p>\n<p class=\"\" data-start=\"191\" data-end=\"426\"><strong>Craquez pour notre T-shirt col V, l\u2019indispensable du dressing ! Confortable, doux et bien coup\u00e9, il s&rsquo;adapte \u00e0 toutes vos envies : look d\u00e9contract\u00e9, chic ou sportif.<br \/>\nExprimez votre style en choisissant parmi nos designs originaux :<\/strong><\/p>\n<p class=\"\" data-start=\"428\" data-end=\"839\">\u2600\ufe0f <strong data-start=\"507\" data-end=\"517\">SUMMER<\/strong><strong> \u2013 L\u2019\u00e9nergie solaire pour illuminer vos journ\u00e9es.<\/strong><\/p>\n<p class=\"\" data-start=\"428\" data-end=\"839\"><strong>Disponible en plusieurs couleurs<br \/>\nComposition :100 % coton peign\u00e9 &#8211; certifi\u00e9 biologique ou biologique en conversion (ring-spun)<\/strong><\/p>\n","protected":false},"excerpt":{"rendered":"<p class=\"\" data-start=\"144\" data-end=\"189\"><strong data-start=\"144\" data-end=\"189\">T-shirt Col V \u2013 Confort, Style et Libert\u00e9<br \/>\nIMPORTANT : \u00a0<em>PRE COMMANDE DU 11\/07 au 25\/07 &#8211; expedition\u00a0 courant aout . <\/em><\/strong><strong data-start=\"144\" data-end=\"189\">Merci de votre compr\u00e9hension. Pour toute demande de personnalisation unique, merci de remplir ce formulaire pour obtenir un devis personnalis\u00e9 : <a style=\"font-size: 16px;background-color: #ffffff\" href=\"https:\/\/flor-dessins.fr\/?page_id=6457\">https:\/\/flor-dessins.fr\/?page_id=6457<\/a><br \/>\n<\/strong><\/p>\n<p class=\"\" data-start=\"191\" data-end=\"426\"><strong>Craquez pour notre T-shirt col V, l\u2019indispensable du dressing ! Confortable, doux et bien coup\u00e9, il s&rsquo;adapte \u00e0 toutes vos envies : look d\u00e9contract\u00e9, chic ou sportif.<br \/>\nExprimez votre style en choisissant parmi nos designs originaux :<\/strong><\/p>\n<p class=\"\" data-start=\"428\" data-end=\"839\">\u2600\ufe0f <strong data-start=\"507\" data-end=\"517\">SUMMER<\/strong><strong> \u2013 L\u2019\u00e9nergie solaire pour illuminer vos journ\u00e9es.<\/strong><\/p>\n<p class=\"\" data-start=\"428\" data-end=\"839\"><strong>Disponible en plusieurs couleurs<br \/>\nComposition :100 % coton peign\u00e9 &#8211; certifi\u00e9 biologique ou biologique en conversion (ring-spun)<\/strong><\/p>\n","protected":false},"featured_media":7470,"template":"","meta":{"_monsterinsights_skip_tracking":false,"_monsterinsights_sitenote_active":false,"_monsterinsights_sitenote_note":"","_monsterinsights_sitenote_category":0,"site-sidebar-layout":"default","site-content-layout":"","ast-site-content-layout":"default","site-content-style":"default","site-sidebar-style":"default","ast-global-header-display":"","ast-banner-title-visibility":"","ast-main-header-display":"","ast-hfb-above-header-display":"","ast-hfb-below-header-display":"","ast-hfb-mobile-header-display":"","site-post-title":"","ast-breadcrumbs-content":"","ast-featured-img":"","footer-sml-layout":"","ast-disable-related-posts":"","theme-transparent-header-meta":"default","adv-header-id-meta":"","stick-header-meta":"","header-above-stick-meta":"","header-main-stick-meta":"","header-below-stick-meta":"","astra-migrate-meta-layouts":"set","ast-page-background-enabled":"default","ast-page-background-meta":{"desktop":{"background-color":"var(--ast-global-color-4)","background-image":"","background-repeat":"repeat","background-position":"center center","background-size":"auto","background-attachment":"scroll","background-type":"","background-media":"","overlay-type":"","overlay-color":"","overlay-opacity":"","overlay-gradient":""},"tablet":{"background-color":"","background-image":"","background-repeat":"repeat","background-position":"center center","background-size":"auto","background-attachment":"scroll","background-type":"","background-media":"","overlay-type":"","overlay-color":"","overlay-opacity":"","overlay-gradient":""},"mobile":{"background-color":"","background-image":"","background-repeat":"repeat","background-position":"center center","background-size":"auto","background-attachment":"scroll","background-type":"","background-media":"","overlay-type":"","overlay-color":"","overlay-opacity":"","overlay-gradient":""}},"ast-content-background-meta":{"desktop":{"background-color":"var(--ast-global-color-5)","background-image":"","background-repeat":"repeat","background-position":"center center","background-size":"auto","background-attachment":"scroll","background-type":"","background-media":"","overlay-type":"","overlay-color":"","overlay-opacity":"","overlay-gradient":""},"tablet":{"background-color":"var(--ast-global-color-5)","background-image":"","background-repeat":"repeat","background-position":"center center","background-size":"auto","background-attachment":"scroll","background-type":"","background-media":"","overlay-type":"","overlay-color":"","overlay-opacity":"","overlay-gradient":""},"mobile":{"background-color":"var(--ast-global-color-5)","background-image":"","background-repeat":"repeat","background-position":"center center","background-size":"auto","background-attachment":"scroll","background-type":"","background-media":"","overlay-type":"","overlay-color":"","overlay-opacity":"","overlay-gradient":""}},"_glsr_average":0,"_glsr_ranking":0,"_glsr_reviews":0},"product_brand":[],"product_cat":[145,198,201,15],"product_tag":[],"class_list":{"0":"post-7451","1":"product","2":"type-product","3":"status-publish","4":"has-post-thumbnail","6":"product_cat-les-collections","7":"product_cat-summer","8":"product_cat-t-shirt-summer","9":"product_cat-uncategorized","10":"product_shipping_class-colissimo","11":"desktop-align-center","12":"tablet-align-left","13":"mobile-align-left","14":"fpd-variation-needed","16":"first","17":"outofstock","18":"shipping-taxable","19":"purchasable","20":"product-type-variable"},"yoast_head":"<!-- This site is optimized with the Yoast SEO plugin v27.3 - https:\/\/yoast.com\/product\/yoast-seo-wordpress\/ -->\n<title>T-Shirt col V SUMMER -<\/title>\n<meta name=\"description\" content=\"T-shirt Col V \u2013 Confort, Style et Libert\u00e9IMPORTANT : pr\u00e9commande du 27\/04 au 11\/05. Les commandes seront exp\u00e9di\u00e9es fin mai. Merci de votre compr\u00e9hension.\u00a0Pour toute demande de personnalisation unique, merci de remplir ce formulaire pour obtenir un devis personnalis\u00e9 : https:\/\/flor-dessins.fr\/?page_id=6457Craquez pour notre T-shirt col V, l\u2019indispensable du dressing ! Confortable, doux et bien coup\u00e9, il s&#039;adapte \u00e0 toutes vos envies : look d\u00e9contract\u00e9, chic ou sportif.Exprimez votre style en choisissant parmi nos designs originaux :\u2600\ufe0f SUMMER \u2013 L\u2019\u00e9nergie solaire pour illuminer vos journ\u00e9es. Disponible en plusieurs couleurs\u00a0Composition :100 % coton peign\u00e9 - certifi\u00e9 biologique ou biologique en conversion (ring-spun)\" \/>\n<meta name=\"robots\" content=\"index, follow, max-snippet:-1, max-image-preview:large, max-video-preview:-1\" \/>\n<link rel=\"canonical\" href=\"https:\/\/flor-dessins.fr\/?product=t-shirt-col-v-summer\" \/>\n<meta property=\"og:locale\" content=\"fr_FR\" \/>\n<meta property=\"og:type\" content=\"article\" \/>\n<meta property=\"og:title\" content=\"T-Shirt col V SUMMER -\" \/>\n<meta property=\"og:description\" content=\"T-shirt Col V \u2013 Confort, Style et Libert\u00e9IMPORTANT : pr\u00e9commande du 27\/04 au 11\/05. Les commandes seront exp\u00e9di\u00e9es fin mai. Merci de votre compr\u00e9hension.\u00a0Pour toute demande de personnalisation unique, merci de remplir ce formulaire pour obtenir un devis personnalis\u00e9 : https:\/\/flor-dessins.fr\/?page_id=6457Craquez pour notre T-shirt col V, l\u2019indispensable du dressing ! Confortable, doux et bien coup\u00e9, il s&#039;adapte \u00e0 toutes vos envies : look d\u00e9contract\u00e9, chic ou sportif.Exprimez votre style en choisissant parmi nos designs originaux :\u2600\ufe0f SUMMER \u2013 L\u2019\u00e9nergie solaire pour illuminer vos journ\u00e9es. Disponible en plusieurs couleurs\u00a0Composition :100 % coton peign\u00e9 - certifi\u00e9 biologique ou biologique en conversion (ring-spun)\" \/>\n<meta property=\"og:url\" content=\"https:\/\/flor-dessins.fr\/?product=t-shirt-col-v-summer\" \/>\n<meta property=\"article:modified_time\" content=\"2026-04-07T17:48:45+00:00\" \/>\n<meta property=\"og:image\" content=\"https:\/\/flor-dessins.fr\/wp-content\/uploads\/2025\/04\/1-22.png\" \/>\n\t<meta property=\"og:image:width\" content=\"1080\" \/>\n\t<meta property=\"og:image:height\" content=\"1080\" \/>\n\t<meta property=\"og:image:type\" content=\"image\/png\" \/>\n<meta name=\"twitter:card\" content=\"summary_large_image\" \/>\n<meta name=\"twitter:label1\" content=\"Dur\u00e9e de lecture estim\u00e9e\" \/>\n\t<meta name=\"twitter:data1\" content=\"1 minute\" \/>\n<script type=\"application\/ld+json\" class=\"yoast-schema-graph\">{\"@context\":\"https:\\\/\\\/schema.org\",\"@graph\":[{\"@type\":\"WebPage\",\"@id\":\"https:\\\/\\\/flor-dessins.fr\\\/?product=t-shirt-col-v-summer\",\"url\":\"https:\\\/\\\/flor-dessins.fr\\\/?product=t-shirt-col-v-summer\",\"name\":\"T-Shirt col V SUMMER -\",\"isPartOf\":{\"@id\":\"https:\\\/\\\/flor-dessins.fr\\\/#website\"},\"primaryImageOfPage\":{\"@id\":\"https:\\\/\\\/flor-dessins.fr\\\/?product=t-shirt-col-v-summer#primaryimage\"},\"image\":{\"@id\":\"https:\\\/\\\/flor-dessins.fr\\\/?product=t-shirt-col-v-summer#primaryimage\"},\"thumbnailUrl\":\"https:\\\/\\\/flor-dessins.fr\\\/wp-content\\\/uploads\\\/2025\\\/04\\\/1-22.png\",\"datePublished\":\"2025-04-27T13:01:09+00:00\",\"dateModified\":\"2026-04-07T17:48:45+00:00\",\"description\":\"T-shirt Col V \u2013 Confort, Style et Libert\u00e9IMPORTANT : pr\u00e9commande du 27\\\/04 au 11\\\/05. Les commandes seront exp\u00e9di\u00e9es fin mai. Merci de votre compr\u00e9hension.\u00a0Pour toute demande de personnalisation unique, merci de remplir ce formulaire pour obtenir un devis personnalis\u00e9 : https:\\\/\\\/flor-dessins.fr\\\/?page_id=6457Craquez pour notre T-shirt col V, l\u2019indispensable du dressing ! Confortable, doux et bien coup\u00e9, il s'adapte \u00e0 toutes vos envies : look d\u00e9contract\u00e9, chic ou sportif.Exprimez votre style en choisissant parmi nos designs originaux :\u2600\ufe0f SUMMER \u2013 L\u2019\u00e9nergie solaire pour illuminer vos journ\u00e9es. Disponible en plusieurs couleurs\u00a0Composition :100 % coton peign\u00e9 - certifi\u00e9 biologique ou biologique en conversion (ring-spun)\",\"breadcrumb\":{\"@id\":\"https:\\\/\\\/flor-dessins.fr\\\/?product=t-shirt-col-v-summer#breadcrumb\"},\"inLanguage\":\"fr-FR\",\"potentialAction\":[{\"@type\":\"ReadAction\",\"target\":[\"https:\\\/\\\/flor-dessins.fr\\\/?product=t-shirt-col-v-summer\"]}]},{\"@type\":\"ImageObject\",\"inLanguage\":\"fr-FR\",\"@id\":\"https:\\\/\\\/flor-dessins.fr\\\/?product=t-shirt-col-v-summer#primaryimage\",\"url\":\"https:\\\/\\\/flor-dessins.fr\\\/wp-content\\\/uploads\\\/2025\\\/04\\\/1-22.png\",\"contentUrl\":\"https:\\\/\\\/flor-dessins.fr\\\/wp-content\\\/uploads\\\/2025\\\/04\\\/1-22.png\",\"width\":1080,\"height\":1080},{\"@type\":\"BreadcrumbList\",\"@id\":\"https:\\\/\\\/flor-dessins.fr\\\/?product=t-shirt-col-v-summer#breadcrumb\",\"itemListElement\":[{\"@type\":\"ListItem\",\"position\":1,\"name\":\"Accueil\",\"item\":\"https:\\\/\\\/flor-dessins.fr\\\/\"},{\"@type\":\"ListItem\",\"position\":2,\"name\":\"Boutique\",\"item\":\"https:\\\/\\\/flor-dessins.fr\\\/?page_id=5\"},{\"@type\":\"ListItem\",\"position\":3,\"name\":\"T-Shirt col V SUMMER\"}]},{\"@type\":\"WebSite\",\"@id\":\"https:\\\/\\\/flor-dessins.fr\\\/#website\",\"url\":\"https:\\\/\\\/flor-dessins.fr\\\/\",\"name\":\"\",\"description\":\"LA COULEUR DE VOS SOUVENIRS\",\"potentialAction\":[{\"@type\":\"SearchAction\",\"target\":{\"@type\":\"EntryPoint\",\"urlTemplate\":\"https:\\\/\\\/flor-dessins.fr\\\/?s={search_term_string}\"},\"query-input\":{\"@type\":\"PropertyValueSpecification\",\"valueRequired\":true,\"valueName\":\"search_term_string\"}}],\"inLanguage\":\"fr-FR\"}]}<\/script>\n<!-- \/ Yoast SEO plugin. -->","yoast_head_json":{"title":"T-Shirt col V SUMMER -","description":"T-shirt Col V \u2013 Confort, Style et Libert\u00e9IMPORTANT : pr\u00e9commande du 27\/04 au 11\/05. Les commandes seront exp\u00e9di\u00e9es fin mai. Merci de votre compr\u00e9hension.\u00a0Pour toute demande de personnalisation unique, merci de remplir ce formulaire pour obtenir un devis personnalis\u00e9 : https:\/\/flor-dessins.fr\/?page_id=6457Craquez pour notre T-shirt col V, l\u2019indispensable du dressing ! Confortable, doux et bien coup\u00e9, il s'adapte \u00e0 toutes vos envies : look d\u00e9contract\u00e9, chic ou sportif.Exprimez votre style en choisissant parmi nos designs originaux :\u2600\ufe0f SUMMER \u2013 L\u2019\u00e9nergie solaire pour illuminer vos journ\u00e9es. Disponible en plusieurs couleurs\u00a0Composition :100 % coton peign\u00e9 - certifi\u00e9 biologique ou biologique en conversion (ring-spun)","robots":{"index":"index","follow":"follow","max-snippet":"max-snippet:-1","max-image-preview":"max-image-preview:large","max-video-preview":"max-video-preview:-1"},"canonical":"https:\/\/flor-dessins.fr\/?product=t-shirt-col-v-summer","og_locale":"fr_FR","og_type":"article","og_title":"T-Shirt col V SUMMER -","og_description":"T-shirt Col V \u2013 Confort, Style et Libert\u00e9IMPORTANT : pr\u00e9commande du 27\/04 au 11\/05. Les commandes seront exp\u00e9di\u00e9es fin mai. Merci de votre compr\u00e9hension.\u00a0Pour toute demande de personnalisation unique, merci de remplir ce formulaire pour obtenir un devis personnalis\u00e9 : https:\/\/flor-dessins.fr\/?page_id=6457Craquez pour notre T-shirt col V, l\u2019indispensable du dressing ! Confortable, doux et bien coup\u00e9, il s'adapte \u00e0 toutes vos envies : look d\u00e9contract\u00e9, chic ou sportif.Exprimez votre style en choisissant parmi nos designs originaux :\u2600\ufe0f SUMMER \u2013 L\u2019\u00e9nergie solaire pour illuminer vos journ\u00e9es. Disponible en plusieurs couleurs\u00a0Composition :100 % coton peign\u00e9 - certifi\u00e9 biologique ou biologique en conversion (ring-spun)","og_url":"https:\/\/flor-dessins.fr\/?product=t-shirt-col-v-summer","article_modified_time":"2026-04-07T17:48:45+00:00","og_image":[{"width":1080,"height":1080,"url":"https:\/\/flor-dessins.fr\/wp-content\/uploads\/2025\/04\/1-22.png","type":"image\/png"}],"twitter_card":"summary_large_image","twitter_misc":{"Dur\u00e9e de lecture estim\u00e9e":"1 minute"},"schema":{"@context":"https:\/\/schema.org","@graph":[{"@type":"WebPage","@id":"https:\/\/flor-dessins.fr\/?product=t-shirt-col-v-summer","url":"https:\/\/flor-dessins.fr\/?product=t-shirt-col-v-summer","name":"T-Shirt col V SUMMER -","isPartOf":{"@id":"https:\/\/flor-dessins.fr\/#website"},"primaryImageOfPage":{"@id":"https:\/\/flor-dessins.fr\/?product=t-shirt-col-v-summer#primaryimage"},"image":{"@id":"https:\/\/flor-dessins.fr\/?product=t-shirt-col-v-summer#primaryimage"},"thumbnailUrl":"https:\/\/flor-dessins.fr\/wp-content\/uploads\/2025\/04\/1-22.png","datePublished":"2025-04-27T13:01:09+00:00","dateModified":"2026-04-07T17:48:45+00:00","description":"T-shirt Col V \u2013 Confort, Style et Libert\u00e9IMPORTANT : pr\u00e9commande du 27\/04 au 11\/05. Les commandes seront exp\u00e9di\u00e9es fin mai. Merci de votre compr\u00e9hension.\u00a0Pour toute demande de personnalisation unique, merci de remplir ce formulaire pour obtenir un devis personnalis\u00e9 : https:\/\/flor-dessins.fr\/?page_id=6457Craquez pour notre T-shirt col V, l\u2019indispensable du dressing ! Confortable, doux et bien coup\u00e9, il s'adapte \u00e0 toutes vos envies : look d\u00e9contract\u00e9, chic ou sportif.Exprimez votre style en choisissant parmi nos designs originaux :\u2600\ufe0f SUMMER \u2013 L\u2019\u00e9nergie solaire pour illuminer vos journ\u00e9es. Disponible en plusieurs couleurs\u00a0Composition :100 % coton peign\u00e9 - certifi\u00e9 biologique ou biologique en conversion (ring-spun)","breadcrumb":{"@id":"https:\/\/flor-dessins.fr\/?product=t-shirt-col-v-summer#breadcrumb"},"inLanguage":"fr-FR","potentialAction":[{"@type":"ReadAction","target":["https:\/\/flor-dessins.fr\/?product=t-shirt-col-v-summer"]}]},{"@type":"ImageObject","inLanguage":"fr-FR","@id":"https:\/\/flor-dessins.fr\/?product=t-shirt-col-v-summer#primaryimage","url":"https:\/\/flor-dessins.fr\/wp-content\/uploads\/2025\/04\/1-22.png","contentUrl":"https:\/\/flor-dessins.fr\/wp-content\/uploads\/2025\/04\/1-22.png","width":1080,"height":1080},{"@type":"BreadcrumbList","@id":"https:\/\/flor-dessins.fr\/?product=t-shirt-col-v-summer#breadcrumb","itemListElement":[{"@type":"ListItem","position":1,"name":"Accueil","item":"https:\/\/flor-dessins.fr\/"},{"@type":"ListItem","position":2,"name":"Boutique","item":"https:\/\/flor-dessins.fr\/?page_id=5"},{"@type":"ListItem","position":3,"name":"T-Shirt col V SUMMER"}]},{"@type":"WebSite","@id":"https:\/\/flor-dessins.fr\/#website","url":"https:\/\/flor-dessins.fr\/","name":"","description":"LA COULEUR DE VOS SOUVENIRS","potentialAction":[{"@type":"SearchAction","target":{"@type":"EntryPoint","urlTemplate":"https:\/\/flor-dessins.fr\/?s={search_term_string}"},"query-input":{"@type":"PropertyValueSpecification","valueRequired":true,"valueName":"search_term_string"}}],"inLanguage":"fr-FR"}]}},"jetpack_sharing_enabled":true,"_links":{"self":[{"href":"https:\/\/flor-dessins.fr\/index.php?rest_route=\/wp\/v2\/product\/7451","targetHints":{"allow":["GET"]}}],"collection":[{"href":"https:\/\/flor-dessins.fr\/index.php?rest_route=\/wp\/v2\/product"}],"about":[{"href":"https:\/\/flor-dessins.fr\/index.php?rest_route=\/wp\/v2\/types\/product"}],"wp:featuredmedia":[{"embeddable":true,"href":"https:\/\/flor-dessins.fr\/index.php?rest_route=\/wp\/v2\/media\/7470"}],"wp:attachment":[{"href":"https:\/\/flor-dessins.fr\/index.php?rest_route=%2Fwp%2Fv2%2Fmedia&parent=7451"}],"wp:term":[{"taxonomy":"product_brand","embeddable":true,"href":"https:\/\/flor-dessins.fr\/index.php?rest_route=%2Fwp%2Fv2%2Fproduct_brand&post=7451"},{"taxonomy":"product_cat","embeddable":true,"href":"https:\/\/flor-dessins.fr\/index.php?rest_route=%2Fwp%2Fv2%2Fproduct_cat&post=7451"},{"taxonomy":"product_tag","embeddable":true,"href":"https:\/\/flor-dessins.fr\/index.php?rest_route=%2Fwp%2Fv2%2Fproduct_tag&post=7451"}],"curies":[{"name":"wp","href":"https:\/\/api.w.org\/{rel}","templated":true}]}}