{"id":7571,"date":"2025-04-27T14:14:53","date_gmt":"2025-04-27T14:14:53","guid":{"rendered":"https:\/\/flor-dessins.fr\/?post_type=product&#038;p=7571"},"modified":"2026-04-07T17:44:43","modified_gmt":"2026-04-07T17:44:43","slug":"t-shirt-colrond-flower-pastel","status":"publish","type":"product","link":"https:\/\/flor-dessins.fr\/?product=t-shirt-colrond-flower-pastel","title":{"rendered":"T-Shirt ColRond FLOWER PASTEL"},"content":{"rendered":"<p class=\"\" data-start=\"98\" data-end=\"149\"><strong data-start=\"98\" data-end=\"149\">T-shirt Col Rond \u2013 L&rsquo;Essentiel Confort et Style<br \/>\nIMPORTANT : \u00a0<em>PRE COMMANDE DU 11\/07 au 25\/07 &#8211; expedition\u00a0 courant aout <\/em><\/strong><strong data-start=\"98\" data-end=\"149\">\u00a0. Merci de votre compr\u00e9hension. Pour toute demande de personnalisation unique, merci de remplir ce formulaire pour obtenir un devis personnalis\u00e9 : <a style=\"font-size: 16px;background-color: #ffffff\" href=\"https:\/\/flor-dessins.fr\/?page_id=6457\">https:\/\/flor-dessins.fr\/?page_id=6457<\/a><br \/>\n<\/strong><\/p>\n<p class=\"\" data-start=\"151\" data-end=\"405\"><strong>Misez sur un basique intemporel avec notre T-shirt col rond ! Confortable, doux et parfaitement coup\u00e9, il est id\u00e9al pour un look simple, tendance et facile \u00e0 porter au quotidien.<br \/>\nPersonnalisez votre style en choisissant parmi nos diff\u00e9rents designs :<\/strong><\/p>\n<p class=\"\" data-start=\"407\" data-end=\"811\">\ud83c\udf38 <strong data-start=\"410\" data-end=\"420\">FLOWER<\/strong><strong> \u2013 Un brin de fra\u00eecheur et de po\u00e9sie dans votre tenue.<br \/>\nCoupe moderne, confort au top et designs uniques : le T-shirt col rond \u00e0 avoir absolument dans sa garde-robe !<\/strong><\/p>\n<p><strong>Composition : Coupe Longue jersey 100% coton \u2013 Grey : 90% coton 10% Viscose<br \/>\nGrammage : 140g\/m2<\/strong><\/p>\n<p><strong>Tailles disponibles : XS \u00e0 3XL\u00a0<\/strong><\/p>\n","protected":false},"excerpt":{"rendered":"<p class=\"\" data-start=\"98\" data-end=\"149\"><strong data-start=\"98\" data-end=\"149\">T-shirt Col Rond \u2013 L&rsquo;Essentiel Confort et Style<br \/>\nIMPORTANT : \u00a0<em>PRE COMMANDE DU 11\/07 au 25\/07 &#8211; expedition\u00a0 courant aout. <\/em><\/strong><strong data-start=\"98\" data-end=\"149\">\u00a0Merci de votre compr\u00e9hension. Pour toute demande de personnalisation unique, merci de remplir ce formulaire pour obtenir un devis personnalis\u00e9 : <a style=\"font-size: 16px;background-color: #ffffff\" href=\"https:\/\/flor-dessins.fr\/?page_id=6457\">https:\/\/flor-dessins.fr\/?page_id=6457<\/a><br \/>\n<\/strong><\/p>\n<p class=\"\" data-start=\"151\" data-end=\"405\"><strong>Misez sur un basique intemporel avec notre T-shirt col rond ! Confortable, doux et parfaitement coup\u00e9, il est id\u00e9al pour un look simple, tendance et facile \u00e0 porter au quotidien.<br \/>\nPersonnalisez votre style en choisissant parmi nos diff\u00e9rents designs :<\/strong><\/p>\n<p class=\"\" data-start=\"407\" data-end=\"811\">\ud83c\udf38 <strong data-start=\"410\" data-end=\"420\">FLOWER<\/strong><strong> \u2013 Un brin de fra\u00eecheur et de po\u00e9sie dans votre tenue.<br \/>\nCoupe moderne, confort au top et designs uniques : le T-shirt col rond \u00e0 avoir absolument dans sa garde-robe !<\/strong><\/p>\n<p><strong>Composition : Coupe Longue jersey 100% coton \u2013 Grey : 90% coton 10% Viscose<br \/>\nGrammage : 140g\/m2<\/strong><\/p>\n<p><strong>Tailles disponibles : XS \u00e0 3XL\u00a0<\/strong><\/p>\n","protected":false},"featured_media":7555,"template":"","meta":{"_monsterinsights_skip_tracking":false,"_monsterinsights_sitenote_active":false,"_monsterinsights_sitenote_note":"","_monsterinsights_sitenote_category":0,"site-sidebar-layout":"default","site-content-layout":"","ast-site-content-layout":"default","site-content-style":"default","site-sidebar-style":"default","ast-global-header-display":"","ast-banner-title-visibility":"","ast-main-header-display":"","ast-hfb-above-header-display":"","ast-hfb-below-header-display":"","ast-hfb-mobile-header-display":"","site-post-title":"","ast-breadcrumbs-content":"","ast-featured-img":"","footer-sml-layout":"","ast-disable-related-posts":"","theme-transparent-header-meta":"default","adv-header-id-meta":"","stick-header-meta":"","header-above-stick-meta":"","header-main-stick-meta":"","header-below-stick-meta":"","astra-migrate-meta-layouts":"set","ast-page-background-enabled":"default","ast-page-background-meta":{"desktop":{"background-color":"var(--ast-global-color-4)","background-image":"","background-repeat":"repeat","background-position":"center center","background-size":"auto","background-attachment":"scroll","background-type":"","background-media":"","overlay-type":"","overlay-color":"","overlay-opacity":"","overlay-gradient":""},"tablet":{"background-color":"","background-image":"","background-repeat":"repeat","background-position":"center center","background-size":"auto","background-attachment":"scroll","background-type":"","background-media":"","overlay-type":"","overlay-color":"","overlay-opacity":"","overlay-gradient":""},"mobile":{"background-color":"","background-image":"","background-repeat":"repeat","background-position":"center center","background-size":"auto","background-attachment":"scroll","background-type":"","background-media":"","overlay-type":"","overlay-color":"","overlay-opacity":"","overlay-gradient":""}},"ast-content-background-meta":{"desktop":{"background-color":"var(--ast-global-color-5)","background-image":"","background-repeat":"repeat","background-position":"center center","background-size":"auto","background-attachment":"scroll","background-type":"","background-media":"","overlay-type":"","overlay-color":"","overlay-opacity":"","overlay-gradient":""},"tablet":{"background-color":"var(--ast-global-color-5)","background-image":"","background-repeat":"repeat","background-position":"center center","background-size":"auto","background-attachment":"scroll","background-type":"","background-media":"","overlay-type":"","overlay-color":"","overlay-opacity":"","overlay-gradient":""},"mobile":{"background-color":"var(--ast-global-color-5)","background-image":"","background-repeat":"repeat","background-position":"center center","background-size":"auto","background-attachment":"scroll","background-type":"","background-media":"","overlay-type":"","overlay-color":"","overlay-opacity":"","overlay-gradient":""}},"_glsr_average":0,"_glsr_ranking":0,"_glsr_reviews":0},"product_brand":[],"product_cat":[154,192,145,196],"product_tag":[],"class_list":{"0":"post-7571","1":"product","2":"type-product","3":"status-publish","4":"has-post-thumbnail","6":"product_cat-flower","7":"product_cat-flower-pastel","8":"product_cat-les-collections","9":"product_cat-t-shirt-flower-pastel","10":"product_shipping_class-colissimo","11":"desktop-align-center","12":"tablet-align-left","13":"mobile-align-left","14":"fpd-variation-needed","16":"first","17":"outofstock","18":"shipping-taxable","19":"purchasable","20":"product-type-variable"},"yoast_head":"<!-- This site is optimized with the Yoast SEO plugin v27.3 - https:\/\/yoast.com\/product\/yoast-seo-wordpress\/ -->\n<title>T-Shirt ColRond FLOWER PASTEL -<\/title>\n<meta name=\"description\" content=\"T-shirt Col Rond \u2013 L&#039;Essentiel Confort et StyleIMPORTANT : pr\u00e9commande du 27\/04 au 11\/05. Les commandes seront exp\u00e9di\u00e9es fin mai. Merci de votre compr\u00e9hension.\u00a0Pour toute demande de personnalisation unique, merci de remplir ce formulaire pour obtenir un devis personnalis\u00e9 : https:\/\/flor-dessins.fr\/?page_id=6457Misez sur un basique intemporel avec notre T-shirt col rond ! Confortable, doux et parfaitement coup\u00e9, il est id\u00e9al pour un look simple, tendance et facile \u00e0 porter au quotidien.Personnalisez votre style en choisissant parmi nos diff\u00e9rents designs :\ud83c\udf38 FLOWER \u2013 Un brin de fra\u00eecheur et de po\u00e9sie dans votre tenue.Coupe moderne, confort au top et designs uniques : le T-shirt col rond \u00e0 avoir absolument dans sa garde-robe !Composition : Coupe Longue jersey 100% coton \u2013 Grey : 90% coton 10% ViscoseGrammage : 140g\/m2Tailles disponibles : XS \u00e0 3XL\u00a0\" \/>\n<meta name=\"robots\" content=\"index, follow, max-snippet:-1, max-image-preview:large, max-video-preview:-1\" \/>\n<link rel=\"canonical\" href=\"https:\/\/flor-dessins.fr\/?product=t-shirt-colrond-flower-pastel\" \/>\n<meta property=\"og:locale\" content=\"fr_FR\" \/>\n<meta property=\"og:type\" content=\"article\" \/>\n<meta property=\"og:title\" content=\"T-Shirt ColRond FLOWER PASTEL -\" \/>\n<meta property=\"og:description\" content=\"T-shirt Col Rond \u2013 L&#039;Essentiel Confort et StyleIMPORTANT : pr\u00e9commande du 27\/04 au 11\/05. Les commandes seront exp\u00e9di\u00e9es fin mai. Merci de votre compr\u00e9hension.\u00a0Pour toute demande de personnalisation unique, merci de remplir ce formulaire pour obtenir un devis personnalis\u00e9 : https:\/\/flor-dessins.fr\/?page_id=6457Misez sur un basique intemporel avec notre T-shirt col rond ! Confortable, doux et parfaitement coup\u00e9, il est id\u00e9al pour un look simple, tendance et facile \u00e0 porter au quotidien.Personnalisez votre style en choisissant parmi nos diff\u00e9rents designs :\ud83c\udf38 FLOWER \u2013 Un brin de fra\u00eecheur et de po\u00e9sie dans votre tenue.Coupe moderne, confort au top et designs uniques : le T-shirt col rond \u00e0 avoir absolument dans sa garde-robe !Composition : Coupe Longue jersey 100% coton \u2013 Grey : 90% coton 10% ViscoseGrammage : 140g\/m2Tailles disponibles : XS \u00e0 3XL\u00a0\" \/>\n<meta property=\"og:url\" content=\"https:\/\/flor-dessins.fr\/?product=t-shirt-colrond-flower-pastel\" \/>\n<meta property=\"article:modified_time\" content=\"2026-04-07T17:44:43+00:00\" \/>\n<meta property=\"og:image\" content=\"https:\/\/flor-dessins.fr\/wp-content\/uploads\/2025\/04\/1-25.png\" \/>\n\t<meta property=\"og:image:width\" content=\"1080\" \/>\n\t<meta property=\"og:image:height\" content=\"1080\" \/>\n\t<meta property=\"og:image:type\" content=\"image\/png\" \/>\n<meta name=\"twitter:card\" content=\"summary_large_image\" \/>\n<meta name=\"twitter:label1\" content=\"Dur\u00e9e de lecture estim\u00e9e\" \/>\n\t<meta name=\"twitter:data1\" content=\"1 minute\" \/>\n<script type=\"application\/ld+json\" class=\"yoast-schema-graph\">{\"@context\":\"https:\\\/\\\/schema.org\",\"@graph\":[{\"@type\":\"WebPage\",\"@id\":\"https:\\\/\\\/flor-dessins.fr\\\/?product=t-shirt-colrond-flower-pastel\",\"url\":\"https:\\\/\\\/flor-dessins.fr\\\/?product=t-shirt-colrond-flower-pastel\",\"name\":\"T-Shirt ColRond FLOWER PASTEL -\",\"isPartOf\":{\"@id\":\"https:\\\/\\\/flor-dessins.fr\\\/#website\"},\"primaryImageOfPage\":{\"@id\":\"https:\\\/\\\/flor-dessins.fr\\\/?product=t-shirt-colrond-flower-pastel#primaryimage\"},\"image\":{\"@id\":\"https:\\\/\\\/flor-dessins.fr\\\/?product=t-shirt-colrond-flower-pastel#primaryimage\"},\"thumbnailUrl\":\"https:\\\/\\\/flor-dessins.fr\\\/wp-content\\\/uploads\\\/2025\\\/04\\\/1-25.png\",\"datePublished\":\"2025-04-27T14:14:53+00:00\",\"dateModified\":\"2026-04-07T17:44:43+00:00\",\"description\":\"T-shirt Col Rond \u2013 L'Essentiel Confort et StyleIMPORTANT : pr\u00e9commande du 27\\\/04 au 11\\\/05. Les commandes seront exp\u00e9di\u00e9es fin mai. Merci de votre compr\u00e9hension.\u00a0Pour toute demande de personnalisation unique, merci de remplir ce formulaire pour obtenir un devis personnalis\u00e9 : https:\\\/\\\/flor-dessins.fr\\\/?page_id=6457Misez sur un basique intemporel avec notre T-shirt col rond ! Confortable, doux et parfaitement coup\u00e9, il est id\u00e9al pour un look simple, tendance et facile \u00e0 porter au quotidien.Personnalisez votre style en choisissant parmi nos diff\u00e9rents designs :\ud83c\udf38 FLOWER \u2013 Un brin de fra\u00eecheur et de po\u00e9sie dans votre tenue.Coupe moderne, confort au top et designs uniques : le T-shirt col rond \u00e0 avoir absolument dans sa garde-robe !Composition : Coupe Longue jersey 100% coton \u2013 Grey : 90% coton 10% ViscoseGrammage : 140g\\\/m2Tailles disponibles : XS \u00e0 3XL\u00a0\",\"breadcrumb\":{\"@id\":\"https:\\\/\\\/flor-dessins.fr\\\/?product=t-shirt-colrond-flower-pastel#breadcrumb\"},\"inLanguage\":\"fr-FR\",\"potentialAction\":[{\"@type\":\"ReadAction\",\"target\":[\"https:\\\/\\\/flor-dessins.fr\\\/?product=t-shirt-colrond-flower-pastel\"]}]},{\"@type\":\"ImageObject\",\"inLanguage\":\"fr-FR\",\"@id\":\"https:\\\/\\\/flor-dessins.fr\\\/?product=t-shirt-colrond-flower-pastel#primaryimage\",\"url\":\"https:\\\/\\\/flor-dessins.fr\\\/wp-content\\\/uploads\\\/2025\\\/04\\\/1-25.png\",\"contentUrl\":\"https:\\\/\\\/flor-dessins.fr\\\/wp-content\\\/uploads\\\/2025\\\/04\\\/1-25.png\",\"width\":1080,\"height\":1080},{\"@type\":\"BreadcrumbList\",\"@id\":\"https:\\\/\\\/flor-dessins.fr\\\/?product=t-shirt-colrond-flower-pastel#breadcrumb\",\"itemListElement\":[{\"@type\":\"ListItem\",\"position\":1,\"name\":\"Accueil\",\"item\":\"https:\\\/\\\/flor-dessins.fr\\\/\"},{\"@type\":\"ListItem\",\"position\":2,\"name\":\"Boutique\",\"item\":\"https:\\\/\\\/flor-dessins.fr\\\/?page_id=5\"},{\"@type\":\"ListItem\",\"position\":3,\"name\":\"T-Shirt ColRond FLOWER PASTEL\"}]},{\"@type\":\"WebSite\",\"@id\":\"https:\\\/\\\/flor-dessins.fr\\\/#website\",\"url\":\"https:\\\/\\\/flor-dessins.fr\\\/\",\"name\":\"\",\"description\":\"LA COULEUR DE VOS SOUVENIRS\",\"potentialAction\":[{\"@type\":\"SearchAction\",\"target\":{\"@type\":\"EntryPoint\",\"urlTemplate\":\"https:\\\/\\\/flor-dessins.fr\\\/?s={search_term_string}\"},\"query-input\":{\"@type\":\"PropertyValueSpecification\",\"valueRequired\":true,\"valueName\":\"search_term_string\"}}],\"inLanguage\":\"fr-FR\"}]}<\/script>\n<!-- \/ Yoast SEO plugin. -->","yoast_head_json":{"title":"T-Shirt ColRond FLOWER PASTEL -","description":"T-shirt Col Rond \u2013 L'Essentiel Confort et StyleIMPORTANT : pr\u00e9commande du 27\/04 au 11\/05. Les commandes seront exp\u00e9di\u00e9es fin mai. Merci de votre compr\u00e9hension.\u00a0Pour toute demande de personnalisation unique, merci de remplir ce formulaire pour obtenir un devis personnalis\u00e9 : https:\/\/flor-dessins.fr\/?page_id=6457Misez sur un basique intemporel avec notre T-shirt col rond ! Confortable, doux et parfaitement coup\u00e9, il est id\u00e9al pour un look simple, tendance et facile \u00e0 porter au quotidien.Personnalisez votre style en choisissant parmi nos diff\u00e9rents designs :\ud83c\udf38 FLOWER \u2013 Un brin de fra\u00eecheur et de po\u00e9sie dans votre tenue.Coupe moderne, confort au top et designs uniques : le T-shirt col rond \u00e0 avoir absolument dans sa garde-robe !Composition : Coupe Longue jersey 100% coton \u2013 Grey : 90% coton 10% ViscoseGrammage : 140g\/m2Tailles disponibles : XS \u00e0 3XL\u00a0","robots":{"index":"index","follow":"follow","max-snippet":"max-snippet:-1","max-image-preview":"max-image-preview:large","max-video-preview":"max-video-preview:-1"},"canonical":"https:\/\/flor-dessins.fr\/?product=t-shirt-colrond-flower-pastel","og_locale":"fr_FR","og_type":"article","og_title":"T-Shirt ColRond FLOWER PASTEL -","og_description":"T-shirt Col Rond \u2013 L'Essentiel Confort et StyleIMPORTANT : pr\u00e9commande du 27\/04 au 11\/05. Les commandes seront exp\u00e9di\u00e9es fin mai. Merci de votre compr\u00e9hension.\u00a0Pour toute demande de personnalisation unique, merci de remplir ce formulaire pour obtenir un devis personnalis\u00e9 : https:\/\/flor-dessins.fr\/?page_id=6457Misez sur un basique intemporel avec notre T-shirt col rond ! Confortable, doux et parfaitement coup\u00e9, il est id\u00e9al pour un look simple, tendance et facile \u00e0 porter au quotidien.Personnalisez votre style en choisissant parmi nos diff\u00e9rents designs :\ud83c\udf38 FLOWER \u2013 Un brin de fra\u00eecheur et de po\u00e9sie dans votre tenue.Coupe moderne, confort au top et designs uniques : le T-shirt col rond \u00e0 avoir absolument dans sa garde-robe !Composition : Coupe Longue jersey 100% coton \u2013 Grey : 90% coton 10% ViscoseGrammage : 140g\/m2Tailles disponibles : XS \u00e0 3XL\u00a0","og_url":"https:\/\/flor-dessins.fr\/?product=t-shirt-colrond-flower-pastel","article_modified_time":"2026-04-07T17:44:43+00:00","og_image":[{"width":1080,"height":1080,"url":"https:\/\/flor-dessins.fr\/wp-content\/uploads\/2025\/04\/1-25.png","type":"image\/png"}],"twitter_card":"summary_large_image","twitter_misc":{"Dur\u00e9e de lecture estim\u00e9e":"1 minute"},"schema":{"@context":"https:\/\/schema.org","@graph":[{"@type":"WebPage","@id":"https:\/\/flor-dessins.fr\/?product=t-shirt-colrond-flower-pastel","url":"https:\/\/flor-dessins.fr\/?product=t-shirt-colrond-flower-pastel","name":"T-Shirt ColRond FLOWER PASTEL -","isPartOf":{"@id":"https:\/\/flor-dessins.fr\/#website"},"primaryImageOfPage":{"@id":"https:\/\/flor-dessins.fr\/?product=t-shirt-colrond-flower-pastel#primaryimage"},"image":{"@id":"https:\/\/flor-dessins.fr\/?product=t-shirt-colrond-flower-pastel#primaryimage"},"thumbnailUrl":"https:\/\/flor-dessins.fr\/wp-content\/uploads\/2025\/04\/1-25.png","datePublished":"2025-04-27T14:14:53+00:00","dateModified":"2026-04-07T17:44:43+00:00","description":"T-shirt Col Rond \u2013 L'Essentiel Confort et StyleIMPORTANT : pr\u00e9commande du 27\/04 au 11\/05. Les commandes seront exp\u00e9di\u00e9es fin mai. Merci de votre compr\u00e9hension.\u00a0Pour toute demande de personnalisation unique, merci de remplir ce formulaire pour obtenir un devis personnalis\u00e9 : https:\/\/flor-dessins.fr\/?page_id=6457Misez sur un basique intemporel avec notre T-shirt col rond ! Confortable, doux et parfaitement coup\u00e9, il est id\u00e9al pour un look simple, tendance et facile \u00e0 porter au quotidien.Personnalisez votre style en choisissant parmi nos diff\u00e9rents designs :\ud83c\udf38 FLOWER \u2013 Un brin de fra\u00eecheur et de po\u00e9sie dans votre tenue.Coupe moderne, confort au top et designs uniques : le T-shirt col rond \u00e0 avoir absolument dans sa garde-robe !Composition : Coupe Longue jersey 100% coton \u2013 Grey : 90% coton 10% ViscoseGrammage : 140g\/m2Tailles disponibles : XS \u00e0 3XL\u00a0","breadcrumb":{"@id":"https:\/\/flor-dessins.fr\/?product=t-shirt-colrond-flower-pastel#breadcrumb"},"inLanguage":"fr-FR","potentialAction":[{"@type":"ReadAction","target":["https:\/\/flor-dessins.fr\/?product=t-shirt-colrond-flower-pastel"]}]},{"@type":"ImageObject","inLanguage":"fr-FR","@id":"https:\/\/flor-dessins.fr\/?product=t-shirt-colrond-flower-pastel#primaryimage","url":"https:\/\/flor-dessins.fr\/wp-content\/uploads\/2025\/04\/1-25.png","contentUrl":"https:\/\/flor-dessins.fr\/wp-content\/uploads\/2025\/04\/1-25.png","width":1080,"height":1080},{"@type":"BreadcrumbList","@id":"https:\/\/flor-dessins.fr\/?product=t-shirt-colrond-flower-pastel#breadcrumb","itemListElement":[{"@type":"ListItem","position":1,"name":"Accueil","item":"https:\/\/flor-dessins.fr\/"},{"@type":"ListItem","position":2,"name":"Boutique","item":"https:\/\/flor-dessins.fr\/?page_id=5"},{"@type":"ListItem","position":3,"name":"T-Shirt ColRond FLOWER PASTEL"}]},{"@type":"WebSite","@id":"https:\/\/flor-dessins.fr\/#website","url":"https:\/\/flor-dessins.fr\/","name":"","description":"LA COULEUR DE VOS SOUVENIRS","potentialAction":[{"@type":"SearchAction","target":{"@type":"EntryPoint","urlTemplate":"https:\/\/flor-dessins.fr\/?s={search_term_string}"},"query-input":{"@type":"PropertyValueSpecification","valueRequired":true,"valueName":"search_term_string"}}],"inLanguage":"fr-FR"}]}},"jetpack_sharing_enabled":true,"_links":{"self":[{"href":"https:\/\/flor-dessins.fr\/index.php?rest_route=\/wp\/v2\/product\/7571","targetHints":{"allow":["GET"]}}],"collection":[{"href":"https:\/\/flor-dessins.fr\/index.php?rest_route=\/wp\/v2\/product"}],"about":[{"href":"https:\/\/flor-dessins.fr\/index.php?rest_route=\/wp\/v2\/types\/product"}],"wp:featuredmedia":[{"embeddable":true,"href":"https:\/\/flor-dessins.fr\/index.php?rest_route=\/wp\/v2\/media\/7555"}],"wp:attachment":[{"href":"https:\/\/flor-dessins.fr\/index.php?rest_route=%2Fwp%2Fv2%2Fmedia&parent=7571"}],"wp:term":[{"taxonomy":"product_brand","embeddable":true,"href":"https:\/\/flor-dessins.fr\/index.php?rest_route=%2Fwp%2Fv2%2Fproduct_brand&post=7571"},{"taxonomy":"product_cat","embeddable":true,"href":"https:\/\/flor-dessins.fr\/index.php?rest_route=%2Fwp%2Fv2%2Fproduct_cat&post=7571"},{"taxonomy":"product_tag","embeddable":true,"href":"https:\/\/flor-dessins.fr\/index.php?rest_route=%2Fwp%2Fv2%2Fproduct_tag&post=7571"}],"curies":[{"name":"wp","href":"https:\/\/api.w.org\/{rel}","templated":true}]}}